{"id":13044,"date":"2022-01-14T14:17:34","date_gmt":"2022-01-14T06:17:34","guid":{"rendered":"https:\/\/seppeschina.com\/?post_type=product&#038;p=13044"},"modified":"2022-05-25T19:59:03","modified_gmt":"2022-05-25T11:59:03","slug":"porte-sectionnelle-de-garage","status":"publish","type":"product","link":"https:\/\/seppeschina.com\/fr\/product\/sectional-overhead-door\/","title":{"rendered":"Porte Sectionnelle de Garage"},"content":{"rendered":"<p>&nbsp;<\/p>\n<figure id=\"attachment_13046\" aria-describedby=\"caption-attachment-13046\" style=\"width: 750px\" class=\"wp-caption aligncenter\"><img loading=\"lazy\" decoding=\"async\" class=\"size-full wp-image-13046\" src=\"https:\/\/seppeschina.com\/wp-content\/uploads\/2022\/01\/2.jpg\" alt=\"\" width=\"750\" height=\"703\" srcset=\"https:\/\/seppeschina.com\/wp-content\/uploads\/2022\/01\/2.jpg 750w, https:\/\/seppeschina.com\/wp-content\/uploads\/2022\/01\/2-360x337.jpg 360w, https:\/\/seppeschina.com\/wp-content\/uploads\/2022\/01\/2-600x562.jpg 600w, https:\/\/seppeschina.com\/wp-content\/uploads\/2022\/01\/2-300x281.jpg 300w, https:\/\/seppeschina.com\/wp-content\/uploads\/2022\/01\/2-550x516.jpg 550w\" sizes=\"auto, (max-width: 750px) 100vw, 750px\" \/><figcaption id=\"caption-attachment-13046\" class=\"wp-caption-text\">Porte Sectionnelle de Garage<\/figcaption><\/figure>\n<h3 style=\"text-align: left;\"><strong>Description<\/strong><\/h3>\n<p>La porte sectionnelle <a href=\"https:\/\/seppeschina.com\/fr\/product-category\/portes-sectionnelles\/\"><strong>Porte Sectionnelle de Garage<\/strong><\/a> utilise des mat\u00e9riaux de haute qualit\u00e9 et poss\u00e8de un excellent effet d'isolation thermique. Le corps de la porte est constitu\u00e9 d'une double couche de t\u00f4le d'acier galvanis\u00e9, gaufr\u00e9e, remplie de mat\u00e9riaux ignifuges et isolants au centre. Elle se caract\u00e9rise par sa haute r\u00e9sistance, sa robustesse, ainsi que ses bonnes performances d'isolation thermique et acoustique. La surface est trait\u00e9e par pulv\u00e9risation de plastique pour une protection efficace contre la corrosion. De plus, elle dispose de performances anti-effraction fiables, \u00e9quip\u00e9e d'un dispositif anti-soul\u00e8vement, prot\u00e9geant efficacement vos biens.<\/p>\n<figure id=\"attachment_13048\" aria-describedby=\"caption-attachment-13048\" style=\"width: 750px\" class=\"wp-caption aligncenter\"><img loading=\"lazy\" decoding=\"async\" class=\"size-full wp-image-13048\" src=\"https:\/\/seppeschina.com\/wp-content\/uploads\/2022\/01\/2-1.jpg\" alt=\"\" width=\"750\" height=\"766\" srcset=\"https:\/\/seppeschina.com\/wp-content\/uploads\/2022\/01\/2-1.jpg 750w, https:\/\/seppeschina.com\/wp-content\/uploads\/2022\/01\/2-1-360x368.jpg 360w, https:\/\/seppeschina.com\/wp-content\/uploads\/2022\/01\/2-1-600x613.jpg 600w, https:\/\/seppeschina.com\/wp-content\/uploads\/2022\/01\/2-1-294x300.jpg 294w, https:\/\/seppeschina.com\/wp-content\/uploads\/2022\/01\/2-1-24x24.jpg 24w, https:\/\/seppeschina.com\/wp-content\/uploads\/2022\/01\/2-1-48x48.jpg 48w, https:\/\/seppeschina.com\/wp-content\/uploads\/2022\/01\/2-1-50x50.jpg 50w, https:\/\/seppeschina.com\/wp-content\/uploads\/2022\/01\/2-1-539x550.jpg 539w\" sizes=\"auto, (max-width: 750px) 100vw, 750px\" \/><figcaption id=\"caption-attachment-13048\" class=\"wp-caption-text\">Caract\u00e9ristiques de la porte sectionnelle industrielle<\/figcaption><\/figure>\n<h3 style=\"text-align: left;\">Cas de projets<\/h3>\n<figure id=\"attachment_13049\" aria-describedby=\"caption-attachment-13049\" style=\"width: 750px\" class=\"wp-caption aligncenter\"><img loading=\"lazy\" decoding=\"async\" class=\"size-full wp-image-13049\" src=\"https:\/\/seppeschina.com\/wp-content\/uploads\/2022\/01\/3.jpg\" alt=\"\" width=\"750\" height=\"772\" srcset=\"https:\/\/seppeschina.com\/wp-content\/uploads\/2022\/01\/3.jpg 750w, https:\/\/seppeschina.com\/wp-content\/uploads\/2022\/01\/3-360x371.jpg 360w, https:\/\/seppeschina.com\/wp-content\/uploads\/2022\/01\/3-600x618.jpg 600w, https:\/\/seppeschina.com\/wp-content\/uploads\/2022\/01\/3-291x300.jpg 291w, https:\/\/seppeschina.com\/wp-content\/uploads\/2022\/01\/3-24x24.jpg 24w, https:\/\/seppeschina.com\/wp-content\/uploads\/2022\/01\/3-48x48.jpg 48w, https:\/\/seppeschina.com\/wp-content\/uploads\/2022\/01\/3-50x50.jpg 50w, https:\/\/seppeschina.com\/wp-content\/uploads\/2022\/01\/3-534x550.jpg 534w\" sizes=\"auto, (max-width: 750px) 100vw, 750px\" \/><figcaption id=\"caption-attachment-13049\" class=\"wp-caption-text\">Porte Sectionnelle de Garage<br \/>Cas de projets<\/figcaption><\/figure>\n<h3 style=\"text-align: left;\"><strong>Caract\u00e9ristiques<\/strong><\/h3>\n<p><img loading=\"lazy\" decoding=\"async\" class=\"aligncenter size-full wp-image-12080\" src=\"https:\/\/seppeschina.com\/wp-content\/uploads\/2021\/01\/\u900f\u660e\u63d0\u5347\u95e8_04.jpg\" alt=\"\" width=\"600\" height=\"348\" srcset=\"https:\/\/seppeschina.com\/wp-content\/uploads\/2021\/01\/\u900f\u660e\u63d0\u5347\u95e8_04.jpg 600w, https:\/\/seppeschina.com\/wp-content\/uploads\/2021\/01\/\u900f\u660e\u63d0\u5347\u95e8_04-360x209.jpg 360w, https:\/\/seppeschina.com\/wp-content\/uploads\/2021\/01\/\u900f\u660e\u63d0\u5347\u95e8_04-300x174.jpg 300w, https:\/\/seppeschina.com\/wp-content\/uploads\/2021\/01\/\u900f\u660e\u63d0\u5347\u95e8_04-550x319.jpg 550w\" sizes=\"auto, (max-width: 600px) 100vw, 600px\" \/><\/p>\n<h3 style=\"text-align: left;\"><strong><b>D\u00e9tails<\/b><\/strong><\/h3>\n<p><img loading=\"lazy\" decoding=\"async\" class=\"aligncenter size-full wp-image-12081\" src=\"https:\/\/seppeschina.com\/wp-content\/uploads\/2021\/01\/\u900f\u660e\u63d0\u5347\u95e8_03.jpg\" alt=\"\" width=\"600\" height=\"634\" srcset=\"https:\/\/seppeschina.com\/wp-content\/uploads\/2021\/01\/\u900f\u660e\u63d0\u5347\u95e8_03.jpg 600w, https:\/\/seppeschina.com\/wp-content\/uploads\/2021\/01\/\u900f\u660e\u63d0\u5347\u95e8_03-360x380.jpg 360w, https:\/\/seppeschina.com\/wp-content\/uploads\/2021\/01\/\u900f\u660e\u63d0\u5347\u95e8_03-284x300.jpg 284w, https:\/\/seppeschina.com\/wp-content\/uploads\/2021\/01\/\u900f\u660e\u63d0\u5347\u95e8_03-24x24.jpg 24w, https:\/\/seppeschina.com\/wp-content\/uploads\/2021\/01\/\u900f\u660e\u63d0\u5347\u95e8_03-521x550.jpg 521w\" sizes=\"auto, (max-width: 600px) 100vw, 600px\" \/><\/p>\n<h3 style=\"text-align: left;\">Avantages<\/h3>\n<h3><span style=\"color: #3366ff;\"><strong><img loading=\"lazy\" decoding=\"async\" class=\"aligncenter size-full wp-image-13051\" src=\"https:\/\/seppeschina.com\/wp-content\/uploads\/2022\/01\/5.jpg\" alt=\"\" width=\"750\" height=\"825\" srcset=\"https:\/\/seppeschina.com\/wp-content\/uploads\/2022\/01\/5.jpg 750w, https:\/\/seppeschina.com\/wp-content\/uploads\/2022\/01\/5-360x396.jpg 360w, https:\/\/seppeschina.com\/wp-content\/uploads\/2022\/01\/5-600x660.jpg 600w, https:\/\/seppeschina.com\/wp-content\/uploads\/2022\/01\/5-273x300.jpg 273w, https:\/\/seppeschina.com\/wp-content\/uploads\/2022\/01\/5-500x550.jpg 500w\" sizes=\"auto, (max-width: 750px) 100vw, 750px\" \/><\/strong><\/span><\/h3>\n<h3>Certificat<\/h3>\n<p><img loading=\"lazy\" decoding=\"async\" class=\"aligncenter size-full wp-image-13052\" src=\"https:\/\/seppeschina.com\/wp-content\/uploads\/2022\/01\/7.jpg\" alt=\"\" width=\"750\" height=\"1527\" srcset=\"https:\/\/seppeschina.com\/wp-content\/uploads\/2022\/01\/7.jpg 750w, https:\/\/seppeschina.com\/wp-content\/uploads\/2022\/01\/7-360x733.jpg 360w, https:\/\/seppeschina.com\/wp-content\/uploads\/2022\/01\/7-600x1222.jpg 600w, https:\/\/seppeschina.com\/wp-content\/uploads\/2022\/01\/7-147x300.jpg 147w, https:\/\/seppeschina.com\/wp-content\/uploads\/2022\/01\/7-503x1024.jpg 503w, https:\/\/seppeschina.com\/wp-content\/uploads\/2022\/01\/7-270x550.jpg 270w\" sizes=\"auto, (max-width: 750px) 100vw, 750px\" \/><\/p>\n<h3>Pr\u00e9sentation de l'usine<\/h3>\n<p><img loading=\"lazy\" decoding=\"async\" class=\"aligncenter size-full wp-image-13054\" src=\"https:\/\/seppeschina.com\/wp-content\/uploads\/2022\/01\/\u5ba2\u6237\u597d\u8bc41.jpg\" alt=\"\" width=\"750\" height=\"728\" srcset=\"https:\/\/seppeschina.com\/wp-content\/uploads\/2022\/01\/\u5ba2\u6237\u597d\u8bc41.jpg 750w, https:\/\/seppeschina.com\/wp-content\/uploads\/2022\/01\/\u5ba2\u6237\u597d\u8bc41-360x349.jpg 360w, https:\/\/seppeschina.com\/wp-content\/uploads\/2022\/01\/\u5ba2\u6237\u597d\u8bc41-600x582.jpg 600w, https:\/\/seppeschina.com\/wp-content\/uploads\/2022\/01\/\u5ba2\u6237\u597d\u8bc41-300x291.jpg 300w, https:\/\/seppeschina.com\/wp-content\/uploads\/2022\/01\/\u5ba2\u6237\u597d\u8bc41-24x24.jpg 24w, https:\/\/seppeschina.com\/wp-content\/uploads\/2022\/01\/\u5ba2\u6237\u597d\u8bc41-48x48.jpg 48w, https:\/\/seppeschina.com\/wp-content\/uploads\/2022\/01\/\u5ba2\u6237\u597d\u8bc41-50x50.jpg 50w, https:\/\/seppeschina.com\/wp-content\/uploads\/2022\/01\/\u5ba2\u6237\u597d\u8bc41-550x534.jpg 550w\" sizes=\"auto, (max-width: 750px) 100vw, 750px\" \/><\/p>\n<h3>Clients<\/h3>\n<p>Ceci est une photo de clients espagnols, australiens, br\u00e9siliens, chiliens, etc., qui ont visit\u00e9 notre entreprise.<\/p>\n<p><img loading=\"lazy\" decoding=\"async\" class=\"aligncenter size-full wp-image-11605\" src=\"https:\/\/seppeschina.com\/wp-content\/uploads\/2021\/03\/seppes-door7.gif\" alt=\"\" width=\"600\" height=\"338\" \/><\/p>\n<p><img loading=\"lazy\" decoding=\"async\" class=\"aligncenter size-full wp-image-13050\" src=\"https:\/\/seppeschina.com\/wp-content\/uploads\/2022\/01\/\u4eba\u7269\u597d\u8bc4.jpg\" alt=\"\" width=\"750\" height=\"575\" srcset=\"https:\/\/seppeschina.com\/wp-content\/uploads\/2022\/01\/\u4eba\u7269\u597d\u8bc4.jpg 750w, https:\/\/seppeschina.com\/wp-content\/uploads\/2022\/01\/\u4eba\u7269\u597d\u8bc4-360x276.jpg 360w, https:\/\/seppeschina.com\/wp-content\/uploads\/2022\/01\/\u4eba\u7269\u597d\u8bc4-600x460.jpg 600w, https:\/\/seppeschina.com\/wp-content\/uploads\/2022\/01\/\u4eba\u7269\u597d\u8bc4-300x230.jpg 300w, https:\/\/seppeschina.com\/wp-content\/uploads\/2022\/01\/\u4eba\u7269\u597d\u8bc4-550x422.jpg 550w\" sizes=\"auto, (max-width: 750px) 100vw, 750px\" \/><\/p>\n<h3>Nos partenaires<\/h3>\n<p>Plus de 60 entreprises du Fortune 500 telles que\u00a0<a href=\"http:\/\/global.geely.com\/\">Geely<\/a>, Procter &amp; Gamble, Huawei, Bosch et Pfizer nous ont choisis.<\/p>\n<h3><img loading=\"lazy\" decoding=\"async\" class=\"aligncenter size-full wp-image-13053\" src=\"https:\/\/seppeschina.com\/wp-content\/uploads\/2022\/01\/9.jpg\" alt=\"\" width=\"750\" height=\"754\" srcset=\"https:\/\/seppeschina.com\/wp-content\/uploads\/2022\/01\/9.jpg 750w, https:\/\/seppeschina.com\/wp-content\/uploads\/2022\/01\/9-360x362.jpg 360w, https:\/\/seppeschina.com\/wp-content\/uploads\/2022\/01\/9-100x100.jpg 100w, https:\/\/seppeschina.com\/wp-content\/uploads\/2022\/01\/9-600x603.jpg 600w, https:\/\/seppeschina.com\/wp-content\/uploads\/2022\/01\/9-298x300.jpg 298w, https:\/\/seppeschina.com\/wp-content\/uploads\/2022\/01\/9-150x150.jpg 150w, https:\/\/seppeschina.com\/wp-content\/uploads\/2022\/01\/9-24x24.jpg 24w, https:\/\/seppeschina.com\/wp-content\/uploads\/2022\/01\/9-48x48.jpg 48w, https:\/\/seppeschina.com\/wp-content\/uploads\/2022\/01\/9-96x96.jpg 96w, https:\/\/seppeschina.com\/wp-content\/uploads\/2022\/01\/9-50x50.jpg 50w, https:\/\/seppeschina.com\/wp-content\/uploads\/2022\/01\/9-110x110.jpg 110w, https:\/\/seppeschina.com\/wp-content\/uploads\/2022\/01\/9-275x275.jpg 275w, https:\/\/seppeschina.com\/wp-content\/uploads\/2022\/01\/9-547x550.jpg 547w\" sizes=\"auto, (max-width: 750px) 100vw, 750px\" \/><\/h3>\n<p>&nbsp;<\/p>\n<h3>Livraison &amp; Emballage<\/h3>\n<p>Notre m\u00e9thode d'emballage est la caisse en bois, et les modes de transport comprennent le courrier express, l'avion et la mer.<\/p>\n<p><img loading=\"lazy\" decoding=\"async\" class=\"aligncenter wp-image-9880\" src=\"https:\/\/seppeschina.com\/wp-content\/uploads\/2019\/04\/shipping.jpg\" sizes=\"auto, (max-width: 600px) 100vw, 600px\" srcset=\"https:\/\/seppeschina.com\/wp-content\/uploads\/2019\/04\/shipping.jpg 750w, https:\/\/seppeschina.com\/wp-content\/uploads\/2019\/04\/shipping-150x150.jpg 150w, https:\/\/seppeschina.com\/wp-content\/uploads\/2019\/04\/shipping-300x300.jpg 300w, https:\/\/seppeschina.com\/wp-content\/uploads\/2019\/04\/shipping-360x360.jpg 360w, https:\/\/seppeschina.com\/wp-content\/uploads\/2019\/04\/shipping-600x600.jpg 600w, https:\/\/seppeschina.com\/wp-content\/uploads\/2019\/04\/shipping-100x100.jpg 100w, https:\/\/seppeschina.com\/wp-content\/uploads\/2019\/04\/shipping-24x24.jpg 24w, https:\/\/seppeschina.com\/wp-content\/uploads\/2019\/04\/shipping-48x48.jpg 48w, https:\/\/seppeschina.com\/wp-content\/uploads\/2019\/04\/shipping-96x96.jpg 96w, https:\/\/seppeschina.com\/wp-content\/uploads\/2019\/04\/shipping-364x364.jpg 364w, https:\/\/seppeschina.com\/wp-content\/uploads\/2019\/04\/shipping-50x50.jpg 50w, https:\/\/seppeschina.com\/wp-content\/uploads\/2019\/04\/shipping-110x110.jpg 110w, https:\/\/seppeschina.com\/wp-content\/uploads\/2019\/04\/shipping-275x275.jpg 275w, https:\/\/seppeschina.com\/wp-content\/uploads\/2019\/04\/shipping-480x480.jpg 480w, https:\/\/seppeschina.com\/wp-content\/uploads\/2019\/04\/shipping-550x550.jpg 550w\" alt=\"\" width=\"600\" height=\"600\" \/><\/p>\n<h3>FAQ<\/h3>\n<p><b><span style=\"color: #ff0000;\" data-spm-anchor-id=\"a2700.custom-template.0.i21.648233334W1G2v\">1. Q : Quel est le moteur de la porte sectionnelle industrielle ?<\/span><\/b><\/p>\n<p>R : Moteur AC, 0,45-0,65 kW, 220V, 50Hz.<\/p>\n<p><b><span style=\"color: #ff0000;\" data-spm-anchor-id=\"a2700.custom-template.0.i25.648233334W1G2v\">2. Q : Quel est le mat\u00e9riau de votre panneau sectionnel industriel ?<\/span><\/b><\/p>\n<p>R : Alliage d'aluminium \/ acier peint avec un mat\u00e9riau d'isolation thermique de 40 mm.<\/p>\n<p><b><span style=\"color: #ff0000;\" data-spm-anchor-id=\"a2700.custom-template.0.i27.648233334W1G2v\">3. Q : Dans quel type d'endroit la porte de garage sectionnelle peut-elle \u00eatre utilis\u00e9e ?<\/span><\/b><\/p>\n<p>R : Portes d'usine, garages, logistique et autres industries.<\/p>\n<p><b data-spm-anchor-id=\"a2700.custom-template.0.i170.64823333f5s6Dh\"><span style=\"color: #fe0000;\" data-spm-anchor-id=\"a2700.custom-template.0.i1.648233334W1G2v\">4. Q : La porte sectionnelle industrielle peut-elle \u00eatre personnalis\u00e9e avec une petite porte ?<\/span><\/b><\/p>\n<p>R : Oui, les petites portes et fen\u00eatres peuvent \u00eatre personnalis\u00e9es.<\/p>\n<p><span style=\"color: #ff0000;\"><b data-spm-anchor-id=\"a2700.custom-template.0.i31.648233334W1G2v\">5. Q : Combien de temps la porte de garage sectionnelle peut-elle \u00eatre utilis\u00e9e ?<\/b><\/span><\/p>\n<p>R : La dur\u00e9e de vie est d'environ 30 000 cycles.<\/p>\n<p><b><span style=\"color: #ff0000;\" data-spm-anchor-id=\"a2700.custom-template.0.i33.648233334W1G2v\">6. Q : La porte sectionnelle industrielle est-elle ignifuge ?<\/span><\/b><\/p>\n<p>R : Classe B2, s'\u00e9teint automatiquement dans les 10 secondes suivant l'\u00e9loignement de la source de feu.<\/p>\n\n<div class=\"wpcf7 no-js\" id=\"wpcf7-f1555-o1\" lang=\"en-US\" dir=\"ltr\" data-wpcf7-id=\"1555\">\n<div class=\"screen-reader-response\"><p role=\"status\" aria-live=\"polite\" aria-atomic=\"true\"><\/p> <ul><\/ul><\/div>\n<form action=\"\/fr\/wp-json\/wp\/v2\/product\/13044#wpcf7-f1555-o1\" method=\"post\" class=\"wpcf7-form init\" aria-label=\"Contact form\" novalidate=\"novalidate\" data-status=\"init\" data-trp-original-action=\"\/fr\/wp-json\/wp\/v2\/product\/13044#wpcf7-f1555-o1\">\n<fieldset class=\"hidden-fields-container\"><input type=\"hidden\" name=\"_wpcf7\" value=\"1555\" \/><input type=\"hidden\" name=\"_wpcf7_version\" value=\"6.1.4\" \/><input type=\"hidden\" name=\"_wpcf7_locale\" value=\"en_US\" \/><input type=\"hidden\" name=\"_wpcf7_unit_tag\" value=\"wpcf7-f1555-o1\" \/><input type=\"hidden\" name=\"_wpcf7_container_post\" value=\"0\" \/><input type=\"hidden\" name=\"_wpcf7_posted_data_hash\" value=\"\" \/><input type=\"hidden\" name=\"_wpcf7_recaptcha_response\" value=\"\" \/>\n<\/fieldset>\n<div class=\"hunkcf71\">\n\t<p class=\"cf7-title\" style=\"font-size:25px;\"><i class=\"fa fa-envelope-o\"><\/i> Nous r\u00e9pondrons \u00e0 votre e-mail sous peu !\n\t<\/p>\n\t<p><span class=\"wpcf7-form-control-wrap\" data-name=\"text-737\"><input size=\"40\" maxlength=\"400\" class=\"wpcf7-form-control wpcf7-text wpcf7-validates-as-required\" aria-required=\"true\" aria-invalid=\"false\" placeholder=\"Votre nom*\" value=\"\" type=\"text\" name=\"text-737\" \/><\/span>\n\t<\/p>\n\t<p><span class=\"wpcf7-form-control-wrap\" data-name=\"email-193\"><input size=\"40\" maxlength=\"400\" class=\"wpcf7-form-control wpcf7-email wpcf7-validates-as-required wpcf7-text wpcf7-validates-as-email\" aria-required=\"true\" aria-invalid=\"false\" placeholder=\"Adresse e-mail*\" value=\"\" type=\"email\" name=\"email-193\" \/><\/span>\n\t<\/p>\n\t<p><span class=\"wpcf7-form-control-wrap\" data-name=\"text-738\"><input size=\"40\" maxlength=\"400\" class=\"wpcf7-form-control wpcf7-text\" aria-invalid=\"false\" placeholder=\"Num\u00e9ro de t\u00e9l\u00e9phone\" value=\"\" type=\"text\" name=\"text-738\" \/><\/span>\n\t<\/p>\n\t<p><span class=\"wpcf7-form-control-wrap\" data-name=\"textarea-837\"><textarea cols=\"40\" rows=\"10\" maxlength=\"2000\" class=\"wpcf7-form-control wpcf7-textarea wpcf7-validates-as-required\" aria-required=\"true\" aria-invalid=\"false\" placeholder=\"D\u00e9crivez-nous vos besoins de mani\u00e8re aussi pr\u00e9cise que possible*\" name=\"textarea-837\"><\/textarea><\/span>\n\t<\/p>\n\t<p><input class=\"wpcf7-form-control wpcf7-submit has-spinner\" type=\"submit\" value=\"Envoyer\" \/>\n\t<\/p>\n<\/div><div class=\"wpcf7-response-output\" aria-hidden=\"true\"><\/div>\n<input type=\"hidden\" name=\"trp-form-language\" value=\"fr\"\/><\/form>\n<\/div>","protected":false},"excerpt":{"rendered":"<p>SEPPES Sectional Overhead Door has heat preservation, anti-theft, and windproof performance. It is used for the factory gate and has a clean appearance and comfortable use. This product is popular with many customers.<\/p>\n[video width=\"1280\" height=\"720\" mp4=\"https:\/\/seppeschina.com\/wp-content\/uploads\/2021\/01\/\u63d0\u5347\u95e810\u79d2.mp4\"][\/video]\n","protected":false},"featured_media":13047,"comment_status":"open","ping_status":"closed","template":"","meta":[],"product_brand":[],"product_cat":[254],"product_tag":[],"class_list":{"0":"post-13044","1":"product","2":"type-product","3":"status-publish","4":"has-post-thumbnail","6":"product_cat-sectional-door","9":"first","10":"instock","11":"shipping-taxable","12":"product-type-simple"},"yoast_head":"<!-- This site is optimized with the Yoast SEO plugin v25.3 - https:\/\/yoast.com\/wordpress\/plugins\/seo\/ -->\n<title>Sectional Overhead Door - High speed door<\/title>\n<meta name=\"description\" content=\"The Sectional Overhead Door body is made of double-layer galvanized steel plate, filled with fire-proof and heat-insulating materials.\" \/>\n<meta name=\"robots\" content=\"index, follow, max-snippet:-1, max-image-preview:large, max-video-preview:-1\" \/>\n<link rel=\"canonical\" href=\"https:\/\/seppeschina.com\/fr\/product\/porte-sectionnelle-de-garage\/\" \/>\n<meta property=\"og:locale\" content=\"fr_FR\" \/>\n<meta property=\"og:type\" content=\"article\" \/>\n<meta property=\"og:title\" content=\"Sectional Overhead Door - High speed door\" \/>\n<meta property=\"og:description\" content=\"The Sectional Overhead Door body is made of double-layer galvanized steel plate, filled with fire-proof and heat-insulating materials.\" \/>\n<meta property=\"og:url\" content=\"https:\/\/seppeschina.com\/fr\/product\/porte-sectionnelle-de-garage\/\" \/>\n<meta property=\"og:site_name\" content=\"High speed door\" \/>\n<meta property=\"article:publisher\" content=\"https:\/\/www.facebook.com\/Seppesdoor-101420388136000\/\" \/>\n<meta property=\"article:modified_time\" content=\"2022-05-25T11:59:03+00:00\" \/>\n<meta property=\"og:image\" content=\"https:\/\/seppeschina.com\/wp-content\/uploads\/2022\/01\/24.jpg\" \/>\n\t<meta property=\"og:image:width\" content=\"750\" \/>\n\t<meta property=\"og:image:height\" content=\"750\" \/>\n\t<meta property=\"og:image:type\" content=\"image\/jpeg\" \/>\n<meta name=\"twitter:card\" content=\"summary_large_image\" \/>\n<meta name=\"twitter:site\" content=\"@Stella93161069\" \/>\n<meta name=\"twitter:label1\" content=\"Dur\u00e9e de lecture estim\u00e9e\" \/>\n\t<meta name=\"twitter:data1\" content=\"4 minutes\" \/>\n<script type=\"application\/ld+json\" class=\"yoast-schema-graph\">{\"@context\":\"https:\/\/schema.org\",\"@graph\":[{\"@type\":\"WebPage\",\"@id\":\"https:\/\/seppeschina.com\/product\/sectional-overhead-door\/\",\"url\":\"https:\/\/seppeschina.com\/product\/sectional-overhead-door\/\",\"name\":\"Sectional Overhead Door - High speed door\",\"isPartOf\":{\"@id\":\"https:\/\/seppeschina.com\/#website\"},\"primaryImageOfPage\":{\"@id\":\"https:\/\/seppeschina.com\/product\/sectional-overhead-door\/#primaryimage\"},\"image\":{\"@id\":\"https:\/\/seppeschina.com\/product\/sectional-overhead-door\/#primaryimage\"},\"thumbnailUrl\":\"https:\/\/seppeschina.com\/wp-content\/uploads\/2022\/01\/24.jpg\",\"datePublished\":\"2022-01-14T06:17:34+00:00\",\"dateModified\":\"2022-05-25T11:59:03+00:00\",\"description\":\"The Sectional Overhead Door body is made of double-layer galvanized steel plate, filled with fire-proof and heat-insulating materials.\",\"breadcrumb\":{\"@id\":\"https:\/\/seppeschina.com\/product\/sectional-overhead-door\/#breadcrumb\"},\"inLanguage\":\"fr-FR\",\"potentialAction\":[{\"@type\":\"ReadAction\",\"target\":[\"https:\/\/seppeschina.com\/product\/sectional-overhead-door\/\"]}]},{\"@type\":\"ImageObject\",\"inLanguage\":\"fr-FR\",\"@id\":\"https:\/\/seppeschina.com\/product\/sectional-overhead-door\/#primaryimage\",\"url\":\"https:\/\/seppeschina.com\/wp-content\/uploads\/2022\/01\/24.jpg\",\"contentUrl\":\"https:\/\/seppeschina.com\/wp-content\/uploads\/2022\/01\/24.jpg\",\"width\":750,\"height\":750,\"caption\":\"sectional overhead door\"},{\"@type\":\"BreadcrumbList\",\"@id\":\"https:\/\/seppeschina.com\/product\/sectional-overhead-door\/#breadcrumb\",\"itemListElement\":[{\"@type\":\"ListItem\",\"position\":1,\"name\":\"Home\",\"item\":\"https:\/\/seppeschina.com\/\"},{\"@type\":\"ListItem\",\"position\":2,\"name\":\"Shop\",\"item\":\"https:\/\/seppeschina.com\/shop\/\"},{\"@type\":\"ListItem\",\"position\":3,\"name\":\"Sectional Overhead Door\"}]},{\"@type\":\"WebSite\",\"@id\":\"https:\/\/seppeschina.com\/#website\",\"url\":\"https:\/\/seppeschina.com\/\",\"name\":\"SEPPES Door Industry\",\"description\":\"China&#039;s Leading High Speed Door Manufacturer\",\"potentialAction\":[{\"@type\":\"SearchAction\",\"target\":{\"@type\":\"EntryPoint\",\"urlTemplate\":\"https:\/\/seppeschina.com\/?s={search_term_string}\"},\"query-input\":{\"@type\":\"PropertyValueSpecification\",\"valueRequired\":true,\"valueName\":\"search_term_string\"}}],\"inLanguage\":\"fr-FR\"}]}<\/script>\n<!-- \/ Yoast SEO plugin. -->","yoast_head_json":{"title":"Porte Sectionnelle de Garage - Porte rapide","description":"Le corps de la porte sectionnelle est constitu\u00e9 d'une double couche de t\u00f4le d'acier galvanis\u00e9, remplie de mat\u00e9riaux ignifuges et isolants thermiques.","robots":{"index":"index","follow":"follow","max-snippet":"max-snippet:-1","max-image-preview":"max-image-preview:large","max-video-preview":"max-video-preview:-1"},"canonical":"https:\/\/seppeschina.com\/fr\/product\/porte-sectionnelle-de-garage\/","og_locale":"fr_FR","og_type":"article","og_title":"Sectional Overhead Door - High speed door","og_description":"The Sectional Overhead Door body is made of double-layer galvanized steel plate, filled with fire-proof and heat-insulating materials.","og_url":"https:\/\/seppeschina.com\/fr\/product\/porte-sectionnelle-de-garage\/","og_site_name":"High speed door","article_publisher":"https:\/\/www.facebook.com\/Seppesdoor-101420388136000\/","article_modified_time":"2022-05-25T11:59:03+00:00","og_image":[{"width":750,"height":750,"url":"https:\/\/seppeschina.com\/wp-content\/uploads\/2022\/01\/24.jpg","type":"image\/jpeg"}],"twitter_card":"summary_large_image","twitter_site":"@Stella93161069","twitter_misc":{"Dur\u00e9e de lecture estim\u00e9e":"4 minutes"},"schema":{"@context":"https:\/\/schema.org","@graph":[{"@type":"WebPage","@id":"https:\/\/seppeschina.com\/product\/sectional-overhead-door\/","url":"https:\/\/seppeschina.com\/product\/sectional-overhead-door\/","name":"Porte Sectionnelle de Garage - Porte rapide","isPartOf":{"@id":"https:\/\/seppeschina.com\/#website"},"primaryImageOfPage":{"@id":"https:\/\/seppeschina.com\/product\/sectional-overhead-door\/#primaryimage"},"image":{"@id":"https:\/\/seppeschina.com\/product\/sectional-overhead-door\/#primaryimage"},"thumbnailUrl":"https:\/\/seppeschina.com\/wp-content\/uploads\/2022\/01\/24.jpg","datePublished":"2022-01-14T06:17:34+00:00","dateModified":"2022-05-25T11:59:03+00:00","description":"Le corps de la porte sectionnelle est constitu\u00e9 d'une double couche de t\u00f4le d'acier galvanis\u00e9, remplie de mat\u00e9riaux ignifuges et isolants thermiques.","breadcrumb":{"@id":"https:\/\/seppeschina.com\/product\/sectional-overhead-door\/#breadcrumb"},"inLanguage":"fr-FR","potentialAction":[{"@type":"ReadAction","target":["https:\/\/seppeschina.com\/product\/sectional-overhead-door\/"]}]},{"@type":"ImageObject","inLanguage":"fr-FR","@id":"https:\/\/seppeschina.com\/product\/sectional-overhead-door\/#primaryimage","url":"https:\/\/seppeschina.com\/wp-content\/uploads\/2022\/01\/24.jpg","contentUrl":"https:\/\/seppeschina.com\/wp-content\/uploads\/2022\/01\/24.jpg","width":750,"height":750,"caption":"sectional overhead door"},{"@type":"BreadcrumbList","@id":"https:\/\/seppeschina.com\/product\/sectional-overhead-door\/#breadcrumb","itemListElement":[{"@type":"ListItem","position":1,"name":"Home","item":"https:\/\/seppeschina.com\/"},{"@type":"ListItem","position":2,"name":"Shop","item":"https:\/\/seppeschina.com\/shop\/"},{"@type":"ListItem","position":3,"name":"Sectional Overhead Door"}]},{"@type":"WebSite","@id":"https:\/\/seppeschina.com\/#website","url":"https:\/\/seppeschina.com\/","name":"SEPPES Industrie des Portes","description":"Premier fabricant chinois de portes rapides","potentialAction":[{"@type":"SearchAction","target":{"@type":"EntryPoint","urlTemplate":"https:\/\/seppeschina.com\/?s={search_term_string}"},"query-input":{"@type":"PropertyValueSpecification","valueRequired":true,"valueName":"search_term_string"}}],"inLanguage":"fr-FR"}]}},"_links":{"self":[{"href":"https:\/\/seppeschina.com\/fr\/wp-json\/wp\/v2\/product\/13044","targetHints":{"allow":["GET"]}}],"collection":[{"href":"https:\/\/seppeschina.com\/fr\/wp-json\/wp\/v2\/product"}],"about":[{"href":"https:\/\/seppeschina.com\/fr\/wp-json\/wp\/v2\/types\/product"}],"replies":[{"embeddable":true,"href":"https:\/\/seppeschina.com\/fr\/wp-json\/wp\/v2\/comments?post=13044"}],"wp:featuredmedia":[{"embeddable":true,"href":"https:\/\/seppeschina.com\/fr\/wp-json\/wp\/v2\/media\/13047"}],"wp:attachment":[{"href":"https:\/\/seppeschina.com\/fr\/wp-json\/wp\/v2\/media?parent=13044"}],"wp:term":[{"taxonomy":"product_brand","embeddable":true,"href":"https:\/\/seppeschina.com\/fr\/wp-json\/wp\/v2\/product_brand?post=13044"},{"taxonomy":"product_cat","embeddable":true,"href":"https:\/\/seppeschina.com\/fr\/wp-json\/wp\/v2\/product_cat?post=13044"},{"taxonomy":"product_tag","embeddable":true,"href":"https:\/\/seppeschina.com\/fr\/wp-json\/wp\/v2\/product_tag?post=13044"}],"curies":[{"name":"wp","href":"https:\/\/api.w.org\/{rel}","templated":true}]}}