{"id":8068,"date":"2019-02-03T19:01:21","date_gmt":"2019-02-03T19:01:21","guid":{"rendered":"https:\/\/seppeschina.com\/?post_type=product&#038;p=8068"},"modified":"2025-05-19T16:16:57","modified_gmt":"2025-05-19T08:16:57","slug":"porte-a-enroulement-rapide-en-alliage-daluminium-seppes","status":"publish","type":"product","link":"https:\/\/seppeschina.com\/fr\/product\/seppes-aluminium-alloy-fast-rolling-door\/","title":{"rendered":"Porte \u00e0 enroulement rapide en alliage d'aluminium SEPPES"},"content":{"rendered":"<div class=\"J_module\">\n<div class=\"J_module\">\n<div class=\"detail-decorate-json-renderer-container\">\n<div class=\"magic-4\">\n<div class=\"magic-5\">\n<div class=\"magic-6\">\n<div class=\"magic-7\"><\/div>\n<\/div>\n<\/div>\n<\/div>\n<\/div>\n<\/div>\n<\/div>\n<div class=\"J_module\">\n<div class=\"detail-decorate-json-renderer-container\">\n<div class=\"magic-4\">\n<div class=\"magic-5\">\n<div class=\"magic-6\">\n<div style=\"width: 626px;\" class=\"wp-video\"><video class=\"wp-video-shortcode\" id=\"video-8068-1\" width=\"626\" height=\"360\" preload=\"metadata\" controls=\"controls\"><source type=\"video\/mp4\" src=\"https:\/\/seppeschina.com\/wp-content\/uploads\/2019\/02\/\u94dd\u5408\u91d1\u5feb\u901f\u95e82.mp4?_=1\" \/><a href=\"https:\/\/seppeschina.com\/wp-content\/uploads\/2019\/02\/\u94dd\u5408\u91d1\u5feb\u901f\u95e82.mp4\">https:\/\/seppeschina.com\/wp-content\/uploads\/2019\/02\/\u94dd\u5408\u91d1\u5feb\u901f\u95e82.mp4<\/a><\/video><\/div>\n<h3 id=\"ali-anchor-AliMagic-8jtvoa\" class=\"magic-3\" data-section=\"AliMagic-8jtvoa\" data-section-title=\"Product Description\" data-spm-anchor-id=\"a2700.details.pronpeci14.i4.5538182dAt3BAX\"><strong>Description du produit<\/strong><\/h3>\n<div class=\"J_module\">\n<div class=\"detail-decorate-json-renderer-container\">\n<div class=\"magic-4\">\n<div class=\"magic-5\">\n<div class=\"magic-6\">\n<div class=\"magic-7\"><span class=\"magic-8\" style=\"font-family: Arial;\"> <span data-spm-anchor-id=\"a2700.details.pronpeci14.i3.5538182dAt3BAX\">Notre porte rapide \u00e0 enroulement en alliage d'aluminium permet un passage rapide et s\u00e9curis\u00e9 lors des contr\u00f4les de s\u00e9curit\u00e9 dans les a\u00e9roports, gares ferroviaires et routi\u00e8res. Le rideau est en alliage d'aluminium, assurant s\u00e9curit\u00e9, durabilit\u00e9, une ouverture fr\u00e9quente et une automatisation possible.<\/span><\/span><\/div>\n<div><\/div>\n<div>\n<div class=\"J_module\">\n<h3 id=\"ali-anchor-AliMagic-tt4tva\" class=\"magic-3\" data-section=\"AliMagic-tt4tva\" data-section-title=\"Charactor\" data-spm-anchor-id=\"a2700.details.pronpeci14.i5.5538182dAt3BAX\"><span class=\"VIiyi\" lang=\"en\"><span class=\"JLqJ4b ChMk0b\" data-language-for-alternatives=\"en\" data-language-to-translate-into=\"zh-CN\" data-phrase-index=\"0\">Caract\u00e9ristiques<\/span><\/span><\/h3>\n<\/div>\n<div class=\"J_module\">\n<div class=\"detail-decorate-json-renderer-container\">\n<div class=\"magic-4\">\n<div class=\"magic-9\">\n<div class=\"magic-6\">\n<table class=\"has-title all magic-13\" data-id=\"table0\">\n<tbody>\n<tr>\n<td colspan=\"1\" rowspan=\"1\">\n<div class=\"magic-14\" data-spm-anchor-id=\"a2700.details.pronpeci14.i6.5538182dAt3BAX\">Vitesse d'ouverture<\/div>\n<\/td>\n<td colspan=\"1\" rowspan=\"1\">\n<div class=\"magic-15\">1,2\u20132,0 m\/s<\/div>\n<\/td>\n<\/tr>\n<tr>\n<td colspan=\"1\" rowspan=\"1\">\n<div class=\"magic-14\">Mode d'ouverture<\/div>\n<\/td>\n<td colspan=\"1\" rowspan=\"1\">\n<div class=\"magic-15\">Automatique et manuel<\/div>\n<\/td>\n<\/tr>\n<tr>\n<td colspan=\"1\" rowspan=\"1\">\n<div class=\"magic-14\">Mat\u00e9riau du rideau<\/div>\n<\/td>\n<td colspan=\"1\" rowspan=\"1\">\n<div class=\"magic-15\">Alliage d'aluminium<\/div>\n<\/td>\n<\/tr>\n<tr>\n<td colspan=\"1\" rowspan=\"1\">\n<div class=\"magic-14\">Cadre de porte<\/div>\n<\/td>\n<td colspan=\"1\" rowspan=\"1\">\n<div class=\"magic-15\">Alliage d'aluminium<\/div>\n<\/td>\n<\/tr>\n<tr>\n<td colspan=\"1\" rowspan=\"1\">\n<div class=\"magic-14\">Lieu d'application<\/div>\n<\/td>\n<td colspan=\"1\" rowspan=\"1\">\n<div class=\"magic-15\">Usines, a\u00e9roports, gares de fret, gares routi\u00e8res, etc.<\/div>\n<\/td>\n<\/tr>\n<tr>\n<td colspan=\"1\" rowspan=\"1\">\n<div class=\"magic-14\">Avantage<\/div>\n<\/td>\n<td colspan=\"1\" rowspan=\"1\">\n<div class=\"magic-15\">Utilisation fr\u00e9quente, d\u00e9marrage rapide<\/div>\n<\/td>\n<\/tr>\n<tr>\n<td colspan=\"1\" rowspan=\"1\">\n<div class=\"magic-16\">Tension<\/div>\n<\/td>\n<td colspan=\"1\" rowspan=\"1\">\n<div class=\"magic-17\">220 V \/ 380 V<\/div>\n<\/td>\n<\/tr>\n<tr>\n<td colspan=\"1\" rowspan=\"1\">\n<div class=\"magic-16\">Syst\u00e8me de contr\u00f4le<\/div>\n<\/td>\n<td colspan=\"1\" rowspan=\"1\">\n<div class=\"magic-17\">Moteur servo et interface en anglais<\/div>\n<\/td>\n<\/tr>\n<\/tbody>\n<\/table>\n<div><\/div>\n<div class=\"J_module\">\n<div class=\"detail-decorate-json-renderer-container\">\n<div class=\"magic-4\">\n<div class=\"magic-5\">\n<div class=\"magic-6\">\n<div class=\"magic-7\">\n<h3 class=\"magic-18\"><span class=\"magic-8\"><b data-spm-anchor-id=\"a2700.details.pronpeci14.i8.5538182dAt3BAX\">Structure de la porte<\/b><\/span><\/h3>\n<div><img loading=\"lazy\" decoding=\"async\" class=\"alignnone wp-image-10075\" src=\"https:\/\/seppeschina.com\/wp-content\/uploads\/2019\/02\/\u94dd\u5408\u91d1\u5feb\u901f\u95e81.jpg\" alt=\"\" width=\"600\" height=\"600\" srcset=\"https:\/\/seppeschina.com\/wp-content\/uploads\/2019\/02\/\u94dd\u5408\u91d1\u5feb\u901f\u95e81.jpg 750w, https:\/\/seppeschina.com\/wp-content\/uploads\/2019\/02\/\u94dd\u5408\u91d1\u5feb\u901f\u95e81-360x360.jpg 360w, https:\/\/seppeschina.com\/wp-content\/uploads\/2019\/02\/\u94dd\u5408\u91d1\u5feb\u901f\u95e81-100x100.jpg 100w, https:\/\/seppeschina.com\/wp-content\/uploads\/2019\/02\/\u94dd\u5408\u91d1\u5feb\u901f\u95e81-600x600.jpg 600w, https:\/\/seppeschina.com\/wp-content\/uploads\/2019\/02\/\u94dd\u5408\u91d1\u5feb\u901f\u95e81-300x300.jpg 300w, https:\/\/seppeschina.com\/wp-content\/uploads\/2019\/02\/\u94dd\u5408\u91d1\u5feb\u901f\u95e81-150x150.jpg 150w, https:\/\/seppeschina.com\/wp-content\/uploads\/2019\/02\/\u94dd\u5408\u91d1\u5feb\u901f\u95e81-24x24.jpg 24w, https:\/\/seppeschina.com\/wp-content\/uploads\/2019\/02\/\u94dd\u5408\u91d1\u5feb\u901f\u95e81-48x48.jpg 48w, https:\/\/seppeschina.com\/wp-content\/uploads\/2019\/02\/\u94dd\u5408\u91d1\u5feb\u901f\u95e81-96x96.jpg 96w, https:\/\/seppeschina.com\/wp-content\/uploads\/2019\/02\/\u94dd\u5408\u91d1\u5feb\u901f\u95e81-364x364.jpg 364w, https:\/\/seppeschina.com\/wp-content\/uploads\/2019\/02\/\u94dd\u5408\u91d1\u5feb\u901f\u95e81-50x50.jpg 50w, https:\/\/seppeschina.com\/wp-content\/uploads\/2019\/02\/\u94dd\u5408\u91d1\u5feb\u901f\u95e81-110x110.jpg 110w, https:\/\/seppeschina.com\/wp-content\/uploads\/2019\/02\/\u94dd\u5408\u91d1\u5feb\u901f\u95e81-275x275.jpg 275w, https:\/\/seppeschina.com\/wp-content\/uploads\/2019\/02\/\u94dd\u5408\u91d1\u5feb\u901f\u95e81-480x480.jpg 480w, https:\/\/seppeschina.com\/wp-content\/uploads\/2019\/02\/\u94dd\u5408\u91d1\u5feb\u901f\u95e81-550x550.jpg 550w\" sizes=\"auto, (max-width: 600px) 100vw, 600px\" \/><\/div>\n<div>\n<h3 class=\"magic-18\"><span class=\"magic-8\"><b data-spm-anchor-id=\"a2700.details.pronpeci14.i11.5538182dAt3BAX\">Choix de couleur<\/b><\/span><\/h3>\n<p class=\"magic-18\"><span class=\"magic-8\" style=\"color: #000000;\">La couleur du rideau de porte peut \u00eatre jaune, bleue, grise, ou sur mesure selon demande.<\/span><\/p>\n<div><img loading=\"lazy\" decoding=\"async\" class=\"aligncenter wp-image-10070\" src=\"https:\/\/seppeschina.com\/wp-content\/uploads\/2019\/02\/\u786c\u5feb\u989c\u8272.jpg\" alt=\"\" width=\"600\" height=\"600\" srcset=\"https:\/\/seppeschina.com\/wp-content\/uploads\/2019\/02\/\u786c\u5feb\u989c\u8272.jpg 750w, https:\/\/seppeschina.com\/wp-content\/uploads\/2019\/02\/\u786c\u5feb\u989c\u8272-360x360.jpg 360w, https:\/\/seppeschina.com\/wp-content\/uploads\/2019\/02\/\u786c\u5feb\u989c\u8272-100x100.jpg 100w, https:\/\/seppeschina.com\/wp-content\/uploads\/2019\/02\/\u786c\u5feb\u989c\u8272-600x600.jpg 600w, https:\/\/seppeschina.com\/wp-content\/uploads\/2019\/02\/\u786c\u5feb\u989c\u8272-300x300.jpg 300w, https:\/\/seppeschina.com\/wp-content\/uploads\/2019\/02\/\u786c\u5feb\u989c\u8272-150x150.jpg 150w, https:\/\/seppeschina.com\/wp-content\/uploads\/2019\/02\/\u786c\u5feb\u989c\u8272-24x24.jpg 24w, https:\/\/seppeschina.com\/wp-content\/uploads\/2019\/02\/\u786c\u5feb\u989c\u8272-48x48.jpg 48w, https:\/\/seppeschina.com\/wp-content\/uploads\/2019\/02\/\u786c\u5feb\u989c\u8272-96x96.jpg 96w, https:\/\/seppeschina.com\/wp-content\/uploads\/2019\/02\/\u786c\u5feb\u989c\u8272-364x364.jpg 364w, https:\/\/seppeschina.com\/wp-content\/uploads\/2019\/02\/\u786c\u5feb\u989c\u8272-50x50.jpg 50w, https:\/\/seppeschina.com\/wp-content\/uploads\/2019\/02\/\u786c\u5feb\u989c\u8272-110x110.jpg 110w, https:\/\/seppeschina.com\/wp-content\/uploads\/2019\/02\/\u786c\u5feb\u989c\u8272-275x275.jpg 275w, https:\/\/seppeschina.com\/wp-content\/uploads\/2019\/02\/\u786c\u5feb\u989c\u8272-480x480.jpg 480w, https:\/\/seppeschina.com\/wp-content\/uploads\/2019\/02\/\u786c\u5feb\u989c\u8272-550x550.jpg 550w\" sizes=\"auto, (max-width: 600px) 100vw, 600px\" \/><\/div>\n<div><\/div>\n<div><\/div>\n<\/div>\n<\/div>\n<\/div>\n<\/div>\n<\/div>\n<\/div>\n<\/div>\n<div class=\"J_module\">\n<div class=\"icbu-pc-images magic-0\">\n<div class=\"flex-layout-v\">\n<div class=\"flex-layout-h magic-0\">\n<h3 class=\"magic-18\"><span class=\"magic-8\"><b data-spm-anchor-id=\"a2700.details.pronpeci14.i8.5538182dAt3BAX\">M\u00e9thodes d'ouverture de la porte<\/b><\/span><\/h3>\n<div>Notre porte propose diff\u00e9rents modes d'ouverture : d\u00e9tecteur radar, boucle d'induction, cordon de tirage, rideau lumineux infrarouge, etc.<\/div>\n<div><img loading=\"lazy\" decoding=\"async\" class=\"aligncenter wp-image-12010\" src=\"https:\/\/seppeschina.com\/wp-content\/uploads\/2021\/04\/gray-opening-picture.jpg\" alt=\"\" width=\"600\" height=\"600\" srcset=\"https:\/\/seppeschina.com\/wp-content\/uploads\/2021\/04\/gray-opening-picture.jpg 750w, https:\/\/seppeschina.com\/wp-content\/uploads\/2021\/04\/gray-opening-picture-360x360.jpg 360w, https:\/\/seppeschina.com\/wp-content\/uploads\/2021\/04\/gray-opening-picture-100x100.jpg 100w, https:\/\/seppeschina.com\/wp-content\/uploads\/2021\/04\/gray-opening-picture-600x600.jpg 600w, https:\/\/seppeschina.com\/wp-content\/uploads\/2021\/04\/gray-opening-picture-300x300.jpg 300w, https:\/\/seppeschina.com\/wp-content\/uploads\/2021\/04\/gray-opening-picture-150x150.jpg 150w, https:\/\/seppeschina.com\/wp-content\/uploads\/2021\/04\/gray-opening-picture-24x24.jpg 24w, https:\/\/seppeschina.com\/wp-content\/uploads\/2021\/04\/gray-opening-picture-48x48.jpg 48w, https:\/\/seppeschina.com\/wp-content\/uploads\/2021\/04\/gray-opening-picture-96x96.jpg 96w, https:\/\/seppeschina.com\/wp-content\/uploads\/2021\/04\/gray-opening-picture-364x364.jpg 364w, https:\/\/seppeschina.com\/wp-content\/uploads\/2021\/04\/gray-opening-picture-50x50.jpg 50w, https:\/\/seppeschina.com\/wp-content\/uploads\/2021\/04\/gray-opening-picture-110x110.jpg 110w, https:\/\/seppeschina.com\/wp-content\/uploads\/2021\/04\/gray-opening-picture-275x275.jpg 275w, https:\/\/seppeschina.com\/wp-content\/uploads\/2021\/04\/gray-opening-picture-480x480.jpg 480w, https:\/\/seppeschina.com\/wp-content\/uploads\/2021\/04\/gray-opening-picture-550x550.jpg 550w\" sizes=\"auto, (max-width: 600px) 100vw, 600px\" \/><\/div>\n<div>\n<h3><strong><b>Profil de l'entreprise<\/b><\/strong><\/h3>\n<p><img loading=\"lazy\" decoding=\"async\" class=\"aligncenter wp-image-11606 size-full\" src=\"https:\/\/seppeschina.com\/wp-content\/uploads\/2021\/03\/seppes-door8.gif\" alt=\"\" width=\"600\" height=\"502\"><\/p>\n<h3><b data-spm-anchor-id=\"a2700.details.pronpeci14.i1.54614b77C31x07\">Pr\u00e9sentation de l'usine<\/b><\/h3>\n<p><img loading=\"lazy\" decoding=\"async\" class=\"aligncenter wp-image-11604 size-full\" src=\"https:\/\/seppeschina.com\/wp-content\/uploads\/2021\/03\/seppes-door6.gif\" alt=\"\" width=\"600\" height=\"358\"><\/p>\n<h3><b>Exposition<\/b><\/h3>\n<p>Voici une photo de groupe prise par nos clients \u00e9trangers lors de leur visite dans notre entreprise, incluant des pays tels que les \u00c9tats-Unis, l'Australie, l'Espagne, le Chili, Isra\u00ebl, etc.<\/p>\n<p><img loading=\"lazy\" decoding=\"async\" class=\"aligncenter wp-image-11605 size-full\" src=\"https:\/\/seppeschina.com\/wp-content\/uploads\/2021\/03\/seppes-door7.gif\" alt=\"\" width=\"600\" height=\"338\"><\/p>\n<h3>Nos partenaires<\/h3>\n<p>Devenu fournisseur coop\u00e9ratif de pr\u00e8s de 60 entreprises Fortune 500 telles qu'IKEA, Logitech, Fresenius, Akzo Nobel, etc.<\/p>\n<p><img loading=\"lazy\" decoding=\"async\" class=\"aligncenter wp-image-11608 size-full\" src=\"https:\/\/seppeschina.com\/wp-content\/uploads\/2021\/03\/seppes-door10.gif\" alt=\"\" width=\"600\" height=\"491\"><\/p>\n<h3>Certifications<\/h3>\n<p><img loading=\"lazy\" decoding=\"async\" class=\"wp-image-9887 aligncenter\" src=\"https:\/\/seppeschina.com\/wp-content\/uploads\/2019\/04\/certification.jpg\" sizes=\"auto, (max-width: 600px) 100vw, 600px\" srcset=\"https:\/\/seppeschina.com\/wp-content\/uploads\/2019\/04\/certification.jpg 750w, https:\/\/seppeschina.com\/wp-content\/uploads\/2019\/04\/certification-150x150.jpg 150w, https:\/\/seppeschina.com\/wp-content\/uploads\/2019\/04\/certification-300x300.jpg 300w, https:\/\/seppeschina.com\/wp-content\/uploads\/2019\/04\/certification-360x360.jpg 360w, https:\/\/seppeschina.com\/wp-content\/uploads\/2019\/04\/certification-600x600.jpg 600w, https:\/\/seppeschina.com\/wp-content\/uploads\/2019\/04\/certification-100x100.jpg 100w, https:\/\/seppeschina.com\/wp-content\/uploads\/2019\/04\/certification-24x24.jpg 24w, https:\/\/seppeschina.com\/wp-content\/uploads\/2019\/04\/certification-48x48.jpg 48w, https:\/\/seppeschina.com\/wp-content\/uploads\/2019\/04\/certification-96x96.jpg 96w, https:\/\/seppeschina.com\/wp-content\/uploads\/2019\/04\/certification-364x364.jpg 364w, https:\/\/seppeschina.com\/wp-content\/uploads\/2019\/04\/certification-50x50.jpg 50w, https:\/\/seppeschina.com\/wp-content\/uploads\/2019\/04\/certification-110x110.jpg 110w, https:\/\/seppeschina.com\/wp-content\/uploads\/2019\/04\/certification-275x275.jpg 275w, https:\/\/seppeschina.com\/wp-content\/uploads\/2019\/04\/certification-480x480.jpg 480w, https:\/\/seppeschina.com\/wp-content\/uploads\/2019\/04\/certification-550x550.jpg 550w\" alt=\"\" width=\"600\" height=\"600\"><\/p>\n<h3>Avantages<\/h3>\n<p><img loading=\"lazy\" decoding=\"async\" class=\"aligncenter size-full wp-image-11976\" src=\"https:\/\/seppeschina.com\/wp-content\/uploads\/2019\/04\/%E5%BF%AB%E9%80%9F%E9%97%A8_02.gif\" alt=\"\" width=\"600\" height=\"797\"><\/p>\n<p>1.\u00a0<strong>Pratique<\/strong>: Conception innovante de l'interface homme-machine ; interface facilitant l'utilisation et la maintenance.<\/p>\n<p>2.\u00a0<strong>Rapide<\/strong>: Des centaines d'ouvertures\/fermetures quotidiennes ; vitesse d'ouverture de 1,0 \u00e0 1,2 m\/s.<\/p>\n<p>3.\u00a0<strong>R\u00e9sistance<\/strong>: Utilisation d'un tissu de rideau PVC de base haute r\u00e9sistance de marque import\u00e9e avec fonction d'auto-nettoyage de surface.<\/p>\n<p>4.\u00a0<strong>\u00c9tanch\u00e9it\u00e9<\/strong>: \u00c9quip\u00e9 d'une brosse de scellement innovante \u00e0 double rang\u00e9e de type cassette.<\/p>\n<p>5.\u00a0<strong>Stabilit\u00e9<\/strong>: \u00c9quip\u00e9 d'un syst\u00e8me de contr\u00f4le de marque allemande ; unit\u00e9 d'entra\u00eenement servo \u00e0 haute pr\u00e9cision.<\/p>\n<p>6.\u00a0<strong>Intelligent<\/strong>: Puce intelligente IoT int\u00e9gr\u00e9e pour une puissance et une intelligence int\u00e9gr\u00e9es.<\/p>\n<p>7.\u00a0<strong>Esth\u00e9tique<\/strong>: Utilisation d'un cadre de porte \u00e0 d\u00e9coupe laser automatique et composants de pr\u00e9cision.<\/p>\n<p>8.\u00a0<b data-spm-anchor-id=\"a2700.details.pronpeci14.i8.12355170Y9xOFu\">S\u00e9curit\u00e9<\/b>: Dispositif de protection de s\u00e9curit\u00e9 standard anti-pincement infrarouge.<\/p>\n<h3>Cas d'applications<\/h3>\n<p><img loading=\"lazy\" decoding=\"async\" class=\"aligncenter wp-image-11612 size-full\" src=\"https:\/\/seppeschina.com\/wp-content\/uploads\/2021\/03\/seppes-door2.jpg\" sizes=\"auto, (max-width: 600px) 100vw, 600px\" srcset=\"https:\/\/seppeschina.com\/wp-content\/uploads\/2021\/03\/seppes-door2.jpg 600w, https:\/\/seppeschina.com\/wp-content\/uploads\/2021\/03\/seppes-door2-249x300.jpg 249w, https:\/\/seppeschina.com\/wp-content\/uploads\/2021\/03\/seppes-door2-360x434.jpg 360w, https:\/\/seppeschina.com\/wp-content\/uploads\/2021\/03\/seppes-door2-456x550.jpg 456w\" alt=\"\" width=\"600\" height=\"723\"><\/p>\n<h3>Livraison &amp; Emballage<\/h3>\n<p>Notre m\u00e9thode d'emballage est la caisse en bois, et les modes de transport incluent express, a\u00e9rien et maritime. G\u00e9n\u00e9ralement 3 \u00e0 7 jours apr\u00e8s la commande.<\/p>\n<p><img loading=\"lazy\" decoding=\"async\" class=\"wp-image-9880 aligncenter\" src=\"https:\/\/seppeschina.com\/wp-content\/uploads\/2019\/04\/shipping.jpg\" sizes=\"auto, (max-width: 600px) 100vw, 600px\" srcset=\"https:\/\/seppeschina.com\/wp-content\/uploads\/2019\/04\/shipping.jpg 750w, https:\/\/seppeschina.com\/wp-content\/uploads\/2019\/04\/shipping-150x150.jpg 150w, https:\/\/seppeschina.com\/wp-content\/uploads\/2019\/04\/shipping-300x300.jpg 300w, https:\/\/seppeschina.com\/wp-content\/uploads\/2019\/04\/shipping-360x360.jpg 360w, https:\/\/seppeschina.com\/wp-content\/uploads\/2019\/04\/shipping-600x600.jpg 600w, https:\/\/seppeschina.com\/wp-content\/uploads\/2019\/04\/shipping-100x100.jpg 100w, https:\/\/seppeschina.com\/wp-content\/uploads\/2019\/04\/shipping-24x24.jpg 24w, https:\/\/seppeschina.com\/wp-content\/uploads\/2019\/04\/shipping-48x48.jpg 48w, https:\/\/seppeschina.com\/wp-content\/uploads\/2019\/04\/shipping-96x96.jpg 96w, https:\/\/seppeschina.com\/wp-content\/uploads\/2019\/04\/shipping-364x364.jpg 364w, https:\/\/seppeschina.com\/wp-content\/uploads\/2019\/04\/shipping-50x50.jpg 50w, https:\/\/seppeschina.com\/wp-content\/uploads\/2019\/04\/shipping-110x110.jpg 110w, https:\/\/seppeschina.com\/wp-content\/uploads\/2019\/04\/shipping-275x275.jpg 275w, https:\/\/seppeschina.com\/wp-content\/uploads\/2019\/04\/shipping-480x480.jpg 480w, https:\/\/seppeschina.com\/wp-content\/uploads\/2019\/04\/shipping-550x550.jpg 550w\" alt=\"\" width=\"600\" height=\"600\"><\/p>\n<h3>FAQ<\/h3>\n<p><strong>Q : Quelle est la puissance et la tension ?<\/strong><\/p>\n<p><strong>R : Peut \u00eatre personnalis\u00e9. Normalement 220V, 0,75KW, 50HZ, monophas\u00e9.<\/strong><\/p>\n<p><strong>Q : Quels mat\u00e9riaux peut-on choisir pour le cadre de la porte rapide ?<\/strong><\/p>\n<p><strong>R : Cadre de porte en acier peint, cadre en SUS304 \/ 316, cadre en alliage d'aluminium.<\/strong><\/p>\n<p><strong>Q : Quel est le prix de la porte rapide ?<\/strong><\/p>\n<p><strong>R : Cela d\u00e9pend de vos dimensions et des autres \u00e9quipements.<\/strong><\/p>\n<p><strong>Q : Comment choisir l'usine de portes rapides ?<\/strong><\/p>\n<p><strong>R : Certifi\u00e9e, SGS, CE, plus de 10 ans d'exp\u00e9rience.<\/strong><\/p>\n<p><strong>Q : Pouvons-nous installer la porte rapide nous-m\u00eames ?<\/strong><\/p>\n<p><strong>A : Oui, tr\u00e8s simple. Nous pouvons fournir un guide d'installation en anglais ainsi que des vid\u00e9os.\u00a0<\/strong><\/p>\n<p><strong>Q : Quelle est sa dur\u00e9e d'utilisation ?<\/strong><\/p>\n<p><strong>A : Environ 10 \u00e0 15 ans.<\/strong><\/p>\n<p><strong>Q : Quelles sont les m\u00e9thodes d'ouverture automatique\/intelligente de la porte rapide ?<\/strong><\/p>\n<p><strong>A : Bouton-poussoir manuel, d\u00e9tecteur de mouvement automatique, boucle d'induction, interrupteur \u00e0 traction, badgeuse, liaison avec automate (PLC) ou AGV.<\/strong><\/p>\n<\/div>\n<\/div>\n<\/div>\n<\/div>\n<\/div>\n<\/div>\n<\/div>\n<\/div>\n<\/div>\n<\/div>\n<\/div>\n<\/div>\n<\/div>\n<\/div>\n<\/div>\n<\/div>\n<\/div>\n<\/div>\n<\/div>\n<\/div>\n<\/div>","protected":false},"excerpt":{"rendered":"<p><strong>Le rideau est fabriqu\u00e9 en alliage d'aluminium, offrant s\u00e9curit\u00e9 et durabilit\u00e9, une ouverture fr\u00e9quente et pouvant s'ouvrir automatiquement.<\/strong><\/p>","protected":false},"featured_media":10089,"comment_status":"open","ping_status":"closed","template":"","meta":[],"product_brand":[],"product_cat":[253],"product_tag":[318],"class_list":{"0":"post-8068","1":"product","2":"type-product","3":"status-publish","4":"has-post-thumbnail","6":"product_cat-high-speed-spiral-door","7":"product_tag-fast-door-manufacturers","10":"first","11":"instock","12":"shipping-taxable","13":"product-type-simple"},"_links":{"self":[{"href":"https:\/\/seppeschina.com\/fr\/wp-json\/wp\/v2\/product\/8068","targetHints":{"allow":["GET"]}}],"collection":[{"href":"https:\/\/seppeschina.com\/fr\/wp-json\/wp\/v2\/product"}],"about":[{"href":"https:\/\/seppeschina.com\/fr\/wp-json\/wp\/v2\/types\/product"}],"replies":[{"embeddable":true,"href":"https:\/\/seppeschina.com\/fr\/wp-json\/wp\/v2\/comments?post=8068"}],"wp:featuredmedia":[{"embeddable":true,"href":"https:\/\/seppeschina.com\/fr\/wp-json\/wp\/v2\/media\/10089"}],"wp:attachment":[{"href":"https:\/\/seppeschina.com\/fr\/wp-json\/wp\/v2\/media?parent=8068"}],"wp:term":[{"taxonomy":"product_brand","embeddable":true,"href":"https:\/\/seppeschina.com\/fr\/wp-json\/wp\/v2\/product_brand?post=8068"},{"taxonomy":"product_cat","embeddable":true,"href":"https:\/\/seppeschina.com\/fr\/wp-json\/wp\/v2\/product_cat?post=8068"},{"taxonomy":"product_tag","embeddable":true,"href":"https:\/\/seppeschina.com\/fr\/wp-json\/wp\/v2\/product_tag?post=8068"}],"curies":[{"name":"wp","href":"https:\/\/api.w.org\/{rel}","templated":true}]}}