{"id":8074,"date":"2019-02-03T19:01:21","date_gmt":"2019-02-03T19:01:21","guid":{"rendered":"https:\/\/seppeschina.com\/?post_type=product&#038;p=8074"},"modified":"2025-05-19T16:16:36","modified_gmt":"2025-05-19T08:16:36","slug":"porte-rapide-a-double-arbre-isolante-bleue-seppes-avec-geomagnetisme-hsd-200","status":"publish","type":"product","link":"https:\/\/seppeschina.com\/fr\/product\/seppes-blue-double-shaft-insulation-high-speed-door-with-geomagnetism-hsd-200\/","title":{"rendered":"SEPPES Porte rapide \u00e0 double arbre isolante bleue avec g\u00e9omagn\u00e9tisme HSD-200"},"content":{"rendered":"<h3><span style=\"color: #3366ff;\"><strong><b>Description du produit<\/b><\/strong><\/span><\/h3>\n<p><strong><b><span class=\"VIiyi\" lang=\"en\"><span class=\"JLqJ4b ChMk0b\" data-language-for-alternatives=\"en\" data-language-to-translate-into=\"zh-CN\" data-phrase-index=\"0\">Double shaft<\/span><\/span> Porte rapide isolante ? <\/b><\/strong> Combine la structure de fermeture \u00e0 glissi\u00e8re avec le rideau de porte multicouche \u00e9paissi \u00e0 isolation thermique la nuit, tout en garantissant l'\u00e9tanch\u00e9it\u00e9 \u00e0 l'air de l'environnement interne, il r\u00e9duit consid\u00e9rablement le transfert de chaleur, diminue les pertes d'\u00e9nergie et cr\u00e9e un environnement de condensation. La technologie innovante d'entra\u00eenement \u00e0 double axe permet au rideau de porte de fonctionner en commutation rapide sans n\u00e9cessiter le contrepoids traditionnel, ainsi qu'une protection de s\u00e9curit\u00e9 compl\u00e8te.<\/p>\n<p><img loading=\"lazy\" decoding=\"async\" class=\"aligncenter wp-image-11890\" src=\"https:\/\/seppeschina.com\/wp-content\/uploads\/2021\/04\/image-3.png\" alt=\"\" width=\"600\" height=\"400\" srcset=\"https:\/\/seppeschina.com\/wp-content\/uploads\/2021\/04\/image-3.png 582w, https:\/\/seppeschina.com\/wp-content\/uploads\/2021\/04\/image-3-360x240.png 360w, https:\/\/seppeschina.com\/wp-content\/uploads\/2021\/04\/image-3-300x200.png 300w, https:\/\/seppeschina.com\/wp-content\/uploads\/2021\/04\/image-3-128x84.png 128w, https:\/\/seppeschina.com\/wp-content\/uploads\/2021\/04\/image-3-550x367.png 550w\" sizes=\"auto, (max-width: 600px) 100vw, 600px\" \/><\/p>\n<h5><span style=\"color: #3366ff;\">Caract\u00e9ristiques<\/span><\/h5>\n<table style=\"height: 340px;\" width=\"713\">\n<tbody>\n<tr>\n<td width=\"137\">Nom<\/td>\n<td width=\"241\"><span class=\"VIiyi\" lang=\"en\"><span class=\"JLqJ4b ChMk0b\" data-language-for-alternatives=\"en\" data-language-to-translate-into=\"zh-CN\" data-phrase-index=\"0\">Double shaft<\/span><\/span> Porte rapide isolante<\/td>\n<\/tr>\n<tr>\n<td width=\"137\">Rideau<\/td>\n<td width=\"241\">0,9 mm\/1,2 mm, tissu PVC fran\u00e7ais<\/td>\n<\/tr>\n<tr>\n<td width=\"137\">Cadre de Porte<\/td>\n<td width=\"241\">Acier inoxydable SUS304 \/ Alliage d'aluminium<\/td>\n<\/tr>\n<tr>\n<td width=\"137\">Taille maximale<\/td>\n<td width=\"241\">L5000 mm x H5000 mm ; taille personnalisable<\/td>\n<\/tr>\n<tr>\n<td width=\"137\">Moteur<\/td>\n<td width=\"241\">Marque allemande<\/td>\n<\/tr>\n<tr>\n<td width=\"137\">Puissance<\/td>\n<td width=\"241\">0,75 kW - 1,5 kW, 220 V<\/td>\n<\/tr>\n<tr>\n<td width=\"137\">Tension<\/td>\n<td width=\"241\">220 - 380 V<\/td>\n<\/tr>\n<tr>\n<td width=\"137\">Vitesse<\/td>\n<td width=\"241\">1,2 - 1,5 m\/s, r\u00e9glable<\/td>\n<\/tr>\n<tr>\n<td width=\"137\">Nombre d'Utilisations<\/td>\n<td width=\"241\">Plus de 1,5 million de fois<\/td>\n<\/tr>\n<\/tbody>\n<\/table>\n<h5><span style=\"color: #3366ff;\"><strong><b>Sch\u00e9ma de structure<\/b><\/strong><\/span><\/h5>\n<p><img loading=\"lazy\" decoding=\"async\" class=\"aligncenter wp-image-11542 size-full\" src=\"https:\/\/seppeschina.com\/wp-content\/uploads\/2021\/03\/H26581db25bbd468cb689ff79d53d88461.png\" alt=\"\" width=\"750\" height=\"750\" srcset=\"https:\/\/seppeschina.com\/wp-content\/uploads\/2021\/03\/H26581db25bbd468cb689ff79d53d88461.png 750w, https:\/\/seppeschina.com\/wp-content\/uploads\/2021\/03\/H26581db25bbd468cb689ff79d53d88461-360x360.png 360w, https:\/\/seppeschina.com\/wp-content\/uploads\/2021\/03\/H26581db25bbd468cb689ff79d53d88461-100x100.png 100w, https:\/\/seppeschina.com\/wp-content\/uploads\/2021\/03\/H26581db25bbd468cb689ff79d53d88461-600x600.png 600w, https:\/\/seppeschina.com\/wp-content\/uploads\/2021\/03\/H26581db25bbd468cb689ff79d53d88461-300x300.png 300w, https:\/\/seppeschina.com\/wp-content\/uploads\/2021\/03\/H26581db25bbd468cb689ff79d53d88461-150x150.png 150w, https:\/\/seppeschina.com\/wp-content\/uploads\/2021\/03\/H26581db25bbd468cb689ff79d53d88461-24x24.png 24w, https:\/\/seppeschina.com\/wp-content\/uploads\/2021\/03\/H26581db25bbd468cb689ff79d53d88461-48x48.png 48w, https:\/\/seppeschina.com\/wp-content\/uploads\/2021\/03\/H26581db25bbd468cb689ff79d53d88461-96x96.png 96w, https:\/\/seppeschina.com\/wp-content\/uploads\/2021\/03\/H26581db25bbd468cb689ff79d53d88461-364x364.png 364w, https:\/\/seppeschina.com\/wp-content\/uploads\/2021\/03\/H26581db25bbd468cb689ff79d53d88461-50x50.png 50w, https:\/\/seppeschina.com\/wp-content\/uploads\/2021\/03\/H26581db25bbd468cb689ff79d53d88461-110x110.png 110w, https:\/\/seppeschina.com\/wp-content\/uploads\/2021\/03\/H26581db25bbd468cb689ff79d53d88461-275x275.png 275w, https:\/\/seppeschina.com\/wp-content\/uploads\/2021\/03\/H26581db25bbd468cb689ff79d53d88461-480x480.png 480w, https:\/\/seppeschina.com\/wp-content\/uploads\/2021\/03\/H26581db25bbd468cb689ff79d53d88461-550x550.png 550w\" sizes=\"auto, (max-width: 750px) 100vw, 750px\" \/><\/p>\n<h5><span style=\"color: #3366ff;\"><strong><b>M\u00e9thodes d'ouverture<\/b><\/strong><\/span><\/h5>\n<p>Notre m\u00e9thode d'ouverture standard est le bouton-poussoir manuel double face, avec options radar, g\u00e9omagn\u00e9tisme, tirette, t\u00e9l\u00e9commande, Bluetooth, interrupteur sans fil, etc.<\/p>\n<p><img loading=\"lazy\" decoding=\"async\" class=\"aligncenter wp-image-9999 size-full\" src=\"https:\/\/seppeschina.com\/wp-content\/uploads\/2019\/04\/\u672a\u6807\u9898-2.jpg\" alt=\"\" width=\"750\" height=\"750\" srcset=\"https:\/\/seppeschina.com\/wp-content\/uploads\/2019\/04\/\u672a\u6807\u9898-2.jpg 750w, https:\/\/seppeschina.com\/wp-content\/uploads\/2019\/04\/\u672a\u6807\u9898-2-360x360.jpg 360w, https:\/\/seppeschina.com\/wp-content\/uploads\/2019\/04\/\u672a\u6807\u9898-2-100x100.jpg 100w, https:\/\/seppeschina.com\/wp-content\/uploads\/2019\/04\/\u672a\u6807\u9898-2-600x600.jpg 600w, https:\/\/seppeschina.com\/wp-content\/uploads\/2019\/04\/\u672a\u6807\u9898-2-300x300.jpg 300w, https:\/\/seppeschina.com\/wp-content\/uploads\/2019\/04\/\u672a\u6807\u9898-2-150x150.jpg 150w, https:\/\/seppeschina.com\/wp-content\/uploads\/2019\/04\/\u672a\u6807\u9898-2-24x24.jpg 24w, https:\/\/seppeschina.com\/wp-content\/uploads\/2019\/04\/\u672a\u6807\u9898-2-48x48.jpg 48w, https:\/\/seppeschina.com\/wp-content\/uploads\/2019\/04\/\u672a\u6807\u9898-2-96x96.jpg 96w, https:\/\/seppeschina.com\/wp-content\/uploads\/2019\/04\/\u672a\u6807\u9898-2-364x364.jpg 364w, https:\/\/seppeschina.com\/wp-content\/uploads\/2019\/04\/\u672a\u6807\u9898-2-50x50.jpg 50w, https:\/\/seppeschina.com\/wp-content\/uploads\/2019\/04\/\u672a\u6807\u9898-2-110x110.jpg 110w, https:\/\/seppeschina.com\/wp-content\/uploads\/2019\/04\/\u672a\u6807\u9898-2-275x275.jpg 275w, https:\/\/seppeschina.com\/wp-content\/uploads\/2019\/04\/\u672a\u6807\u9898-2-480x480.jpg 480w, https:\/\/seppeschina.com\/wp-content\/uploads\/2019\/04\/\u672a\u6807\u9898-2-550x550.jpg 550w\" sizes=\"auto, (max-width: 750px) 100vw, 750px\" \/><\/p>\n<h5><span style=\"color: #3366ff;\"><strong><b>Choix de couleurs<\/b><\/strong><\/span><\/h5>\n<p><img loading=\"lazy\" decoding=\"async\" class=\"aligncenter size-full wp-image-9862\" src=\"https:\/\/seppeschina.com\/wp-content\/uploads\/2019\/04\/color750.png\" alt=\"\" width=\"750\" height=\"750\" srcset=\"https:\/\/seppeschina.com\/wp-content\/uploads\/2019\/04\/color750.png 750w, https:\/\/seppeschina.com\/wp-content\/uploads\/2019\/04\/color750-360x360.png 360w, https:\/\/seppeschina.com\/wp-content\/uploads\/2019\/04\/color750-100x100.png 100w, https:\/\/seppeschina.com\/wp-content\/uploads\/2019\/04\/color750-600x600.png 600w, https:\/\/seppeschina.com\/wp-content\/uploads\/2019\/04\/color750-150x150.png 150w, https:\/\/seppeschina.com\/wp-content\/uploads\/2019\/04\/color750-300x300.png 300w, https:\/\/seppeschina.com\/wp-content\/uploads\/2019\/04\/color750-24x24.png 24w, https:\/\/seppeschina.com\/wp-content\/uploads\/2019\/04\/color750-48x48.png 48w, https:\/\/seppeschina.com\/wp-content\/uploads\/2019\/04\/color750-96x96.png 96w, https:\/\/seppeschina.com\/wp-content\/uploads\/2019\/04\/color750-364x364.png 364w, https:\/\/seppeschina.com\/wp-content\/uploads\/2019\/04\/color750-50x50.png 50w, https:\/\/seppeschina.com\/wp-content\/uploads\/2019\/04\/color750-110x110.png 110w, https:\/\/seppeschina.com\/wp-content\/uploads\/2019\/04\/color750-275x275.png 275w, https:\/\/seppeschina.com\/wp-content\/uploads\/2019\/04\/color750-480x480.png 480w, https:\/\/seppeschina.com\/wp-content\/uploads\/2019\/04\/color750-550x550.png 550w\" sizes=\"auto, (max-width: 750px) 100vw, 750px\" \/><\/p>\n<h3><span style=\"color: #3366ff;\"><strong><b>Profil de l'entreprise<\/b><\/strong><\/span><\/h3>\n<h6><span style=\"color: #3366ff;\"><strong><b>\u00c0 propos de nous<\/b><\/strong><\/span><\/h6>\n<p>Fond\u00e9e en 2011,<strong><b>Seppes Door Industry (Suzhou) Co., Ltd<\/b><\/strong>\u00a0est une entreprise de fabrication et de commerce, situ\u00e9e \u00e0 Suzhou, dans la province du Jiangsu en Chine continentale. Nous sommes sp\u00e9cialis\u00e9s dans la fabrication de solutions compl\u00e8tes et personnalis\u00e9es de syst\u00e8mes de portes d'entr\u00e9e pour les clients industriels, permettant aux usines d'\u00e9voluer dans un environnement sans poussi\u00e8re, sans bruit, \u00e9conome en \u00e9nergie, isolant thermiquement ou r\u00e9pondant \u00e0 d'autres exigences des clients. Nos principaux produits sont les portes rapides, les portes \u00e0 enroulement rapide, les portes sectionnelles automatiques, les portes sectionnelles, etc.<\/p>\n<p><img loading=\"lazy\" decoding=\"async\" class=\"aligncenter size-full wp-image-11606\" src=\"https:\/\/seppeschina.com\/wp-content\/uploads\/2021\/03\/seppes-door8.gif\" alt=\"\" width=\"600\" height=\"502\"><\/p>\n<h6><span style=\"color: #3366ff;\"><strong><b>Pr\u00e9sentation de l'usine<\/b><\/strong><\/span><\/h6>\n<p>Voici la pr\u00e9sentation de notre usine. Elle est \u00e9quip\u00e9e d'une usine de production professionnelle de plus de 17 500 m\u00e8tres carr\u00e9s, et la ligne de production automatis\u00e9e redondante est pr\u00e9par\u00e9e avec des \u00e9quipements d'assemblage sur mesure pour r\u00e9pondre aux divers besoins de production rapide standardis\u00e9e et de fabrication personnalis\u00e9e.<\/p>\n<p><img loading=\"lazy\" decoding=\"async\" class=\"aligncenter size-full wp-image-11604\" src=\"https:\/\/seppeschina.com\/wp-content\/uploads\/2021\/03\/seppes-door6.gif\" alt=\"\" width=\"600\" height=\"358\"><\/p>\n<h6><span style=\"color: #3366ff;\"><strong><b>Exposition<\/b><\/strong><\/span><\/h6>\n<p>Voici une photo de groupe prise par nos clients \u00e9trangers lors de leur visite dans notre entreprise, incluant des pays tels que les \u00c9tats-Unis, l'Australie, l'Espagne, le Chili, Isra\u00ebl, etc.<\/p>\n<p><img loading=\"lazy\" decoding=\"async\" class=\"aligncenter wp-image-11605 size-full\" src=\"https:\/\/seppeschina.com\/wp-content\/uploads\/2021\/03\/seppes-door7.gif\" alt=\"\" width=\"600\" height=\"338\"><\/p>\n<h6><span style=\"color: #3366ff;\"><strong><b>Nos partenaires<\/b><\/strong><\/span><\/h6>\n<p>Devenu fournisseur coop\u00e9ratif de pr\u00e8s de 60 entreprises Fortune 500 telles qu'IKEA, Logitech, Fresenius, Akzo Nobel, etc.<\/p>\n<p><img loading=\"lazy\" decoding=\"async\" class=\"aligncenter wp-image-11608 size-full\" src=\"https:\/\/seppeschina.com\/wp-content\/uploads\/2021\/03\/seppes-door10.gif\" alt=\"\" width=\"600\" height=\"491\"><\/p>\n<h3><span style=\"color: #3366ff;\"><strong><b>Avantages<\/b><\/strong><\/span><\/h3>\n<p><img loading=\"lazy\" decoding=\"async\" class=\"aligncenter size-full wp-image-11967\" src=\"https:\/\/seppeschina.com\/wp-content\/uploads\/2019\/02\/\u4fdd\u6e29\u5feb\u901f\u95e8_02.jpg\" alt=\"\" width=\"600\" height=\"630\"><\/p>\n<h3><span style=\"color: #3366ff;\"><strong><b>Applications<\/b><\/strong><\/span><\/h3>\n<p>Voici une vari\u00e9t\u00e9 de portes rapides que nous appliquons r\u00e9ellement dans les entreprises, couvrant les secteurs pharmaceutique, \u00e9lectronique, alimentaire, chimique, automobile, textile, impression, logistique, etc.<\/p>\n<p><img loading=\"lazy\" decoding=\"async\" class=\"aligncenter wp-image-11612 size-full\" src=\"https:\/\/seppeschina.com\/wp-content\/uploads\/2021\/03\/seppes-door2.jpg\" alt=\"\" width=\"600\" height=\"723\" srcset=\"https:\/\/seppeschina.com\/wp-content\/uploads\/2021\/03\/seppes-door2.jpg 600w, https:\/\/seppeschina.com\/wp-content\/uploads\/2021\/03\/seppes-door2-360x434.jpg 360w, https:\/\/seppeschina.com\/wp-content\/uploads\/2021\/03\/seppes-door2-249x300.jpg 249w, https:\/\/seppeschina.com\/wp-content\/uploads\/2021\/03\/seppes-door2-456x550.jpg 456w\" sizes=\"auto, (max-width: 600px) 100vw, 600px\" \/><\/p>\n<h3><span style=\"color: #3366ff;\"><strong><b>Livraison &amp; Emballage<\/b><\/strong><\/span><\/h3>\n<p>Notre m\u00e9thode d'emballage est la caisse en bois, et les modes de transport incluent express, a\u00e9rien et maritime. G\u00e9n\u00e9ralement 3 \u00e0 7 jours apr\u00e8s la commande.<\/p>\n<p><img loading=\"lazy\" decoding=\"async\" class=\"aligncenter wp-image-11818 size-full\" src=\"https:\/\/seppeschina.com\/wp-content\/uploads\/2021\/04\/H847d78bca14e40ceb2854a49609655195.png\" alt=\"\" width=\"750\" height=\"310\" srcset=\"https:\/\/seppeschina.com\/wp-content\/uploads\/2021\/04\/H847d78bca14e40ceb2854a49609655195.png 750w, https:\/\/seppeschina.com\/wp-content\/uploads\/2021\/04\/H847d78bca14e40ceb2854a49609655195-360x149.png 360w, https:\/\/seppeschina.com\/wp-content\/uploads\/2021\/04\/H847d78bca14e40ceb2854a49609655195-600x248.png 600w, https:\/\/seppeschina.com\/wp-content\/uploads\/2021\/04\/H847d78bca14e40ceb2854a49609655195-300x124.png 300w, https:\/\/seppeschina.com\/wp-content\/uploads\/2021\/04\/H847d78bca14e40ceb2854a49609655195-550x227.png 550w\" sizes=\"auto, (max-width: 750px) 100vw, 750px\" \/><\/p>\n<h3><span style=\"color: #3366ff;\">FAQ<\/span><\/h3>\n<p><b><span data-spm-anchor-id=\"a2700.custom-template.0.i102.577f3333LwTOBI\">Q :<\/span><span data-spm-anchor-id=\"a2700.custom-template.0.i145.577f3333LwTOBI\">Qu'en est-il de la puissance et de la tension ?<\/span><\/b><\/p>\n<p>R : Peut \u00eatre personnalis\u00e9. Normalement 220V, 0.75KW, 50HZ, monophas\u00e9<\/p>\n<p><b data-spm-anchor-id=\"a2700.custom-template.0.i7.577f3333SViG38\">Q : Quels mat\u00e9riaux peut-on choisir pour le cadre de la porte rapide ?<\/b><\/p>\n<p>R : Cadre de porte en acier peint, cadre de porte SUS304 \/316, cadre de porte en alliage d'aluminium<\/p>\n<p><b data-spm-anchor-id=\"a2700.custom-template.0.i8.577f3333SViG38\">Q : Quel est le prix de la porte rapide ?<\/b><\/p>\n<p>R : Cela d\u00e9pend de vos dimensions et des autres \u00e9quipements.<\/p>\n<p><b data-spm-anchor-id=\"a2700.custom-template.0.i166.577f3333LwTOBI\">Q : Comment choisir l'usine de portes rapides ?<\/b><br \/>\nR : Certifi\u00e9, SGS, CE, plus de 10 ans<\/p>\n<p><b data-spm-anchor-id=\"a2700.custom-template.0.i9.577f3333SViG38\">Q : Pouvons-nous installer la porte rapide nous-m\u00eames ?<\/b><\/p>\n<p>R : Oui, tr\u00e8s simple. Nous pouvons fournir un manuel d'installation et des vid\u00e9os en anglais.<\/p>\n<p><b data-spm-anchor-id=\"a2700.custom-template.0.i10.577f3333SViG38\">Q : Quelle est sa dur\u00e9e d'utilisation ?<\/b><\/p>\n<p>R : environ 10-15 ans<\/p>\n<p><b data-spm-anchor-id=\"a2700.custom-template.0.i11.577f3333SViG38\">Q : Quelles sont les m\u00e9thodes d'ouverture automatique\/intelligente de la porte rapide ?<\/b><\/p>\n<p>A : Bouton-poussoir manuel, d\u00e9tecteur de mouvement automatique, boucle d'induction, interrupteur \u00e0 traction, badgeuse, liaison avec automate (PLC) ou AGV.<\/p>","protected":false},"excerpt":{"rendered":"<p>Product Description Double shaft Insulation High Speed Door? Combines the zipper locking structure with the thermal insulation multi-layer thickened door curtain at night, while ensuring the air tightness of the internal environment, it significantly reduces heat transfer, reduces energy loss and produces a condensing environment. The innovative dual-axis drive technology makes the door curtain not Need to increase the traditional counterweight can be high-speed switching operation, as well as comprehensive safety protection. Features Name Double shaft Insulation High Speed Door Curtain 0.9mm\/1.2mm, French PVC fabric Door Frame SUS304 stainless steel \/Aluminum alloy Max Size W5000mm*H5000mm; customized size Motor German Brand Power 0.75kw-1.5kw,220v Voltage 220-380v Speed 1..2-1.5m\/s,adjustable Use Times More than 1.5 million times Structure diagram Opening ways Our standard door [&hellip;]<\/p>\n","protected":false},"featured_media":10046,"comment_status":"open","ping_status":"closed","template":"","meta":[],"product_brand":[],"product_cat":[326],"product_tag":[321,318],"class_list":{"0":"post-8074","1":"product","2":"type-product","3":"status-publish","4":"has-post-thumbnail","6":"product_cat-high-speed-freezer-door","7":"product_tag-cold-storage-fast-door","8":"product_tag-fast-door-manufacturers","11":"first","12":"instock","13":"shipping-taxable","14":"product-type-simple"},"_links":{"self":[{"href":"https:\/\/seppeschina.com\/fr\/wp-json\/wp\/v2\/product\/8074","targetHints":{"allow":["GET"]}}],"collection":[{"href":"https:\/\/seppeschina.com\/fr\/wp-json\/wp\/v2\/product"}],"about":[{"href":"https:\/\/seppeschina.com\/fr\/wp-json\/wp\/v2\/types\/product"}],"replies":[{"embeddable":true,"href":"https:\/\/seppeschina.com\/fr\/wp-json\/wp\/v2\/comments?post=8074"}],"wp:featuredmedia":[{"embeddable":true,"href":"https:\/\/seppeschina.com\/fr\/wp-json\/wp\/v2\/media\/10046"}],"wp:attachment":[{"href":"https:\/\/seppeschina.com\/fr\/wp-json\/wp\/v2\/media?parent=8074"}],"wp:term":[{"taxonomy":"product_brand","embeddable":true,"href":"https:\/\/seppeschina.com\/fr\/wp-json\/wp\/v2\/product_brand?post=8074"},{"taxonomy":"product_cat","embeddable":true,"href":"https:\/\/seppeschina.com\/fr\/wp-json\/wp\/v2\/product_cat?post=8074"},{"taxonomy":"product_tag","embeddable":true,"href":"https:\/\/seppeschina.com\/fr\/wp-json\/wp\/v2\/product_tag?post=8074"}],"curies":[{"name":"wp","href":"https:\/\/api.w.org\/{rel}","templated":true}]}}