{"id":9247,"date":"2019-04-30T12:53:47","date_gmt":"2019-04-30T12:53:47","guid":{"rendered":"https:\/\/seppeschina.com\/?post_type=product&#038;p=9247"},"modified":"2025-05-19T16:16:21","modified_gmt":"2025-05-19T08:16:21","slug":"seppes-porte-a-enroulement-rapide-rouge-hsd-180","status":"publish","type":"product","link":"https:\/\/seppeschina.com\/fr\/product\/seppes-red-rapid-roller-door-hsd-180\/","title":{"rendered":"Porte \u00e0 Enroulement Rapide Rouge SEPPES HSD-180"},"content":{"rendered":"<h3>Description du produit<\/h3>\n<p>Les caract\u00e9ristiques conventionnelles de la porte rapide \u00e0 enroulement Red Rapid incluent :<\/p>\n<ol>\n<li>Performance d'\u00e9tanch\u00e9it\u00e9 et dispositif de s\u00e9curit\u00e9 : Le corps de la porte est scell\u00e9 avec une brosse, ce qui augmente l'\u00e9tanch\u00e9it\u00e9 et peut r\u00e9duire efficacement le bruit. La protection photod\u00e9lectrique infrarouge (OMRON) est fournie en s\u00e9rie, et le seuil de s\u00e9curit\u00e9 ainsi que le rideau lumineux sont en option.<\/li>\n<li>Performance \u00e9nerg\u00e9tique : Le moteur adopte un servomoteur, et l'alimentation \u00e9lectrique est au choix 220V ou 380V.<\/li>\n<li>R\u00e9sistance au vent : Ce type de produit convient aux zones de stockage interne et d'isolation des ateliers de pr\u00e9cision, et peut \u00e9galement \u00eatre utilis\u00e9 dans des situations avec une pression ou d\u00e9pression externe importante. Le niveau de r\u00e9sistance au vent est de niveau 6.<\/li>\n<li>M\u00e9thode d'ouverture : La configuration standard est un bouton-poussoir manuel double face, ou une m\u00e9thode de contr\u00f4le automatique peut \u00eatre s\u00e9lectionn\u00e9e selon les besoins du client (radar, cordon de tirage, g\u00e9omagn\u00e9tique, Bluetooth, etc.)<\/li>\n<li>Cadre : Le mat\u00e9riau standard est l'acier peint, le mat\u00e9riau en acier inoxydable est en option. .<\/li>\n<\/ol>\n<p><img loading=\"lazy\" decoding=\"async\" class=\"aligncenter wp-image-11899 size-full\" src=\"https:\/\/seppeschina.com\/wp-content\/uploads\/2021\/04\/\u56fe\u72472.jpg\" alt=\"\" width=\"600\" height=\"400\" srcset=\"https:\/\/seppeschina.com\/wp-content\/uploads\/2021\/04\/\u56fe\u72472.jpg 600w, https:\/\/seppeschina.com\/wp-content\/uploads\/2021\/04\/\u56fe\u72472-360x240.jpg 360w, https:\/\/seppeschina.com\/wp-content\/uploads\/2021\/04\/\u56fe\u72472-300x200.jpg 300w, https:\/\/seppeschina.com\/wp-content\/uploads\/2021\/04\/\u56fe\u72472-128x84.jpg 128w, https:\/\/seppeschina.com\/wp-content\/uploads\/2021\/04\/\u56fe\u72472-550x367.jpg 550w\" sizes=\"auto, (max-width: 600px) 100vw, 600px\" \/><\/p>\n<p>&nbsp;<\/p>\n<div class=\"J_module\">\n<h3>D\u00e9tails<\/h3>\n<p><img loading=\"lazy\" decoding=\"async\" class=\"aligncenter size-full wp-image-11591\" src=\"https:\/\/seppeschina.com\/wp-content\/uploads\/2021\/03\/fast3.gif\" alt=\"\" width=\"600\" height=\"83\"><\/p>\n<p><img loading=\"lazy\" decoding=\"async\" class=\"aligncenter size-full wp-image-11593\" src=\"https:\/\/seppeschina.com\/wp-content\/uploads\/2021\/03\/fast-door-4.gif\" alt=\"\" width=\"600\" height=\"392\"><\/p>\n<p><img loading=\"lazy\" decoding=\"async\" class=\"aligncenter size-full wp-image-11592\" src=\"https:\/\/seppeschina.com\/wp-content\/uploads\/2021\/03\/fast-2.gif\" alt=\"\" width=\"600\" height=\"639\"><\/p>\n<\/div>\n<div class=\"J_module\">\n<div class=\"ife-detail-decorate-table\">\n<div class=\"J_module\">\n<div class=\"detail-decorate-json-renderer-container\">\n<div class=\"magic-4\">\n<div class=\"magic-5\">\n<div class=\"magic-6\">\n<h3 class=\"magic-7\"><b><span class=\"magic-21\" data-spm-anchor-id=\"a2700.details.pronpeci14.i13.12355170Y9xOFu\">Sch\u00e9ma de structure<\/span><\/b><\/h3>\n<\/div>\n<\/div>\n<\/div>\n<\/div>\n<\/div>\n<div class=\"J_module\">\n<div class=\"icbu-pc-images magic-0\">\n<div>\n<div class=\"flex-layout-v\">\n<div class=\"flex-layout-h magic-0\"><img loading=\"lazy\" decoding=\"async\" class=\"aligncenter wp-image-11999\" src=\"https:\/\/seppeschina.com\/wp-content\/uploads\/2021\/03\/\u7ea2\u8272\u5feb\u901f\u95e8\u7ec6\u8282\u56fe.jpg\" alt=\"\" width=\"600\" height=\"600\" srcset=\"https:\/\/seppeschina.com\/wp-content\/uploads\/2021\/03\/\u7ea2\u8272\u5feb\u901f\u95e8\u7ec6\u8282\u56fe.jpg 750w, https:\/\/seppeschina.com\/wp-content\/uploads\/2021\/03\/\u7ea2\u8272\u5feb\u901f\u95e8\u7ec6\u8282\u56fe-360x360.jpg 360w, https:\/\/seppeschina.com\/wp-content\/uploads\/2021\/03\/\u7ea2\u8272\u5feb\u901f\u95e8\u7ec6\u8282\u56fe-100x100.jpg 100w, https:\/\/seppeschina.com\/wp-content\/uploads\/2021\/03\/\u7ea2\u8272\u5feb\u901f\u95e8\u7ec6\u8282\u56fe-600x600.jpg 600w, https:\/\/seppeschina.com\/wp-content\/uploads\/2021\/03\/\u7ea2\u8272\u5feb\u901f\u95e8\u7ec6\u8282\u56fe-300x300.jpg 300w, https:\/\/seppeschina.com\/wp-content\/uploads\/2021\/03\/\u7ea2\u8272\u5feb\u901f\u95e8\u7ec6\u8282\u56fe-150x150.jpg 150w, https:\/\/seppeschina.com\/wp-content\/uploads\/2021\/03\/\u7ea2\u8272\u5feb\u901f\u95e8\u7ec6\u8282\u56fe-24x24.jpg 24w, https:\/\/seppeschina.com\/wp-content\/uploads\/2021\/03\/\u7ea2\u8272\u5feb\u901f\u95e8\u7ec6\u8282\u56fe-48x48.jpg 48w, https:\/\/seppeschina.com\/wp-content\/uploads\/2021\/03\/\u7ea2\u8272\u5feb\u901f\u95e8\u7ec6\u8282\u56fe-96x96.jpg 96w, https:\/\/seppeschina.com\/wp-content\/uploads\/2021\/03\/\u7ea2\u8272\u5feb\u901f\u95e8\u7ec6\u8282\u56fe-364x364.jpg 364w, https:\/\/seppeschina.com\/wp-content\/uploads\/2021\/03\/\u7ea2\u8272\u5feb\u901f\u95e8\u7ec6\u8282\u56fe-50x50.jpg 50w, https:\/\/seppeschina.com\/wp-content\/uploads\/2021\/03\/\u7ea2\u8272\u5feb\u901f\u95e8\u7ec6\u8282\u56fe-110x110.jpg 110w, https:\/\/seppeschina.com\/wp-content\/uploads\/2021\/03\/\u7ea2\u8272\u5feb\u901f\u95e8\u7ec6\u8282\u56fe-275x275.jpg 275w, https:\/\/seppeschina.com\/wp-content\/uploads\/2021\/03\/\u7ea2\u8272\u5feb\u901f\u95e8\u7ec6\u8282\u56fe-480x480.jpg 480w, https:\/\/seppeschina.com\/wp-content\/uploads\/2021\/03\/\u7ea2\u8272\u5feb\u901f\u95e8\u7ec6\u8282\u56fe-550x550.jpg 550w\" sizes=\"auto, (max-width: 600px) 100vw, 600px\" \/><\/div>\n<\/div>\n<\/div>\n<\/div>\n<\/div>\n<p>&nbsp;<\/p>\n<h3>M\u00e9thodes d'ouverture<\/h3>\n<p>Notre m\u00e9thode d'ouverture standard est le bouton-poussoir manuel double face, avec options radar, g\u00e9omagn\u00e9tisme, tirette, t\u00e9l\u00e9commande, Bluetooth, interrupteur sans fil, etc.<\/p>\n<p><img loading=\"lazy\" decoding=\"async\" class=\"wp-image-9938 aligncenter\" src=\"https:\/\/seppeschina.com\/wp-content\/uploads\/2019\/04\/\u5fae\u4fe1\u56fe\u7247_20210105161816.jpg\" alt=\"\" width=\"600\" height=\"600\" srcset=\"https:\/\/seppeschina.com\/wp-content\/uploads\/2019\/04\/\u5fae\u4fe1\u56fe\u7247_20210105161816.jpg 750w, https:\/\/seppeschina.com\/wp-content\/uploads\/2019\/04\/\u5fae\u4fe1\u56fe\u7247_20210105161816-360x360.jpg 360w, https:\/\/seppeschina.com\/wp-content\/uploads\/2019\/04\/\u5fae\u4fe1\u56fe\u7247_20210105161816-100x100.jpg 100w, https:\/\/seppeschina.com\/wp-content\/uploads\/2019\/04\/\u5fae\u4fe1\u56fe\u7247_20210105161816-600x600.jpg 600w, https:\/\/seppeschina.com\/wp-content\/uploads\/2019\/04\/\u5fae\u4fe1\u56fe\u7247_20210105161816-150x150.jpg 150w, https:\/\/seppeschina.com\/wp-content\/uploads\/2019\/04\/\u5fae\u4fe1\u56fe\u7247_20210105161816-300x300.jpg 300w, https:\/\/seppeschina.com\/wp-content\/uploads\/2019\/04\/\u5fae\u4fe1\u56fe\u7247_20210105161816-24x24.jpg 24w, https:\/\/seppeschina.com\/wp-content\/uploads\/2019\/04\/\u5fae\u4fe1\u56fe\u7247_20210105161816-48x48.jpg 48w, https:\/\/seppeschina.com\/wp-content\/uploads\/2019\/04\/\u5fae\u4fe1\u56fe\u7247_20210105161816-96x96.jpg 96w, https:\/\/seppeschina.com\/wp-content\/uploads\/2019\/04\/\u5fae\u4fe1\u56fe\u7247_20210105161816-364x364.jpg 364w, https:\/\/seppeschina.com\/wp-content\/uploads\/2019\/04\/\u5fae\u4fe1\u56fe\u7247_20210105161816-50x50.jpg 50w, https:\/\/seppeschina.com\/wp-content\/uploads\/2019\/04\/\u5fae\u4fe1\u56fe\u7247_20210105161816-110x110.jpg 110w, https:\/\/seppeschina.com\/wp-content\/uploads\/2019\/04\/\u5fae\u4fe1\u56fe\u7247_20210105161816-275x275.jpg 275w, https:\/\/seppeschina.com\/wp-content\/uploads\/2019\/04\/\u5fae\u4fe1\u56fe\u7247_20210105161816-480x480.jpg 480w, https:\/\/seppeschina.com\/wp-content\/uploads\/2019\/04\/\u5fae\u4fe1\u56fe\u7247_20210105161816-550x550.jpg 550w\" sizes=\"auto, (max-width: 600px) 100vw, 600px\" \/><\/p>\n<\/div>\n<div class=\"J_module\">\n<div class=\"detail-decorate-json-renderer-container\">\n<div class=\"magic-4\">\n<div class=\"magic-33\">\n<div class=\"magic-6\">\n<div class=\"ife-detail-decorate-table\">\n<h3><b>Choix des couleurs<\/b><\/h3>\n<div class=\"J_module\">\n<div class=\"detail-decorate-json-renderer-container\">\n<div class=\"magic-4\">\n<div class=\"magic-26\">\n<div class=\"magic-6\">\n<div class=\"magic-7\" data-id=\"paragraph0\">\n<div class=\"magic-39\" data-spm-anchor-id=\"a2700.details.pronpeci14.i4.12355170Y9xOFu\"><b class=\"magic-40\"><span class=\"magic-25\">Bleu : RAL :5002, <\/span><\/b><b class=\"magic-40\"><span class=\"magic-25\">Jaune : RAL :1003, <\/span><\/b><b class=\"magic-40\"><span class=\"magic-25\"><span class=\"magic-24\">Gris : RAL :<\/span>9006<\/span><\/b><\/div>\n<\/div>\n<\/div>\n<\/div>\n<div class=\"magic-26\">\n<div class=\"magic-6\">\n<div class=\"magic-7\" data-id=\"paragraph2\">\n<div>\n<div class=\"magic-26\">\n<div class=\"magic-6\">\n<div class=\"magic-7\" data-id=\"paragraph0\">\n<div class=\"magic-39\" data-spm-anchor-id=\"a2700.details.pronpeci14.i5.12355170Y9xOFu\"><b class=\"magic-40\"><span class=\"magic-25\">Rouge : RAL :3002, <\/span><\/b><b><span class=\"magic-25\">Orange : RAL :2004, <\/span><\/b><b class=\"magic-40\"><span class=\"magic-25\">Blanc : RAL :9003<\/span><\/b><\/div>\n<\/div>\n<\/div>\n<\/div>\n<\/div>\n<\/div>\n<\/div>\n<\/div>\n<\/div>\n<\/div>\n<\/div>\n<div class=\"J_module\">\n<div class=\"detail-decorate-json-renderer-container\">\n<div class=\"magic-4\">\n<div class=\"magic-26\">\n<div class=\"magic-27\"><\/div>\n<\/div>\n<\/div>\n<\/div>\n<\/div>\n<p><img loading=\"lazy\" decoding=\"async\" class=\"aligncenter wp-image-9862\" src=\"https:\/\/seppeschina.com\/wp-content\/uploads\/2019\/04\/color750.png\" alt=\"\" width=\"600\" height=\"600\" srcset=\"https:\/\/seppeschina.com\/wp-content\/uploads\/2019\/04\/color750.png 750w, https:\/\/seppeschina.com\/wp-content\/uploads\/2019\/04\/color750-360x360.png 360w, https:\/\/seppeschina.com\/wp-content\/uploads\/2019\/04\/color750-100x100.png 100w, https:\/\/seppeschina.com\/wp-content\/uploads\/2019\/04\/color750-600x600.png 600w, https:\/\/seppeschina.com\/wp-content\/uploads\/2019\/04\/color750-150x150.png 150w, https:\/\/seppeschina.com\/wp-content\/uploads\/2019\/04\/color750-300x300.png 300w, https:\/\/seppeschina.com\/wp-content\/uploads\/2019\/04\/color750-24x24.png 24w, https:\/\/seppeschina.com\/wp-content\/uploads\/2019\/04\/color750-48x48.png 48w, https:\/\/seppeschina.com\/wp-content\/uploads\/2019\/04\/color750-96x96.png 96w, https:\/\/seppeschina.com\/wp-content\/uploads\/2019\/04\/color750-364x364.png 364w, https:\/\/seppeschina.com\/wp-content\/uploads\/2019\/04\/color750-50x50.png 50w, https:\/\/seppeschina.com\/wp-content\/uploads\/2019\/04\/color750-110x110.png 110w, https:\/\/seppeschina.com\/wp-content\/uploads\/2019\/04\/color750-275x275.png 275w, https:\/\/seppeschina.com\/wp-content\/uploads\/2019\/04\/color750-480x480.png 480w, https:\/\/seppeschina.com\/wp-content\/uploads\/2019\/04\/color750-550x550.png 550w\" sizes=\"auto, (max-width: 600px) 100vw, 600px\" \/><\/p>\n<h3><span style=\"color: #3366ff;\">Profil de l'entreprise<\/span><\/h3>\n<p>Fond\u00e9e en 2011,<b>Seppes Door Industry (Suzhou) Co., Ltd<\/b> est une entreprise de fabrication et de commerce, situ\u00e9e \u00e0 Suzhou, dans la province du Jiangsu en Chine continentale. Nous sommes sp\u00e9cialis\u00e9s dans la fabrication de solutions compl\u00e8tes et personnalis\u00e9es de syst\u00e8mes de portes d'entr\u00e9e pour les clients industriels, permettant aux usines d'\u00e9voluer dans un environnement sans poussi\u00e8re, sans bruit, \u00e9conome en \u00e9nergie, isolant thermiquement ou r\u00e9pondant \u00e0 d'autres exigences des clients. Nos principaux produits sont les portes rapides, les portes \u00e0 enroulement rapide, les portes sectionnelles automatiques, les portes sectionnelles, etc.<\/p>\n<h3><span style=\"color: #3366ff;\"><b data-spm-anchor-id=\"a2700.details.pronpeci14.i1.54614b77C31x07\">Pr\u00e9sentation de l'usine<\/b><\/span><\/h3>\n<p><img loading=\"lazy\" decoding=\"async\" class=\"aligncenter wp-image-11604 size-full\" src=\"https:\/\/seppeschina.com\/wp-content\/uploads\/2021\/03\/seppes-door6.gif\" alt=\"\" width=\"600\" height=\"358\"><\/p>\n<h3><span style=\"color: #3366ff;\"><b>Exposition<\/b><\/span><\/h3>\n<p>Voici une photo de groupe prise par nos clients \u00e9trangers lors de leur visite dans notre entreprise, incluant des pays tels que les \u00c9tats-Unis, l'Australie, l'Espagne, le Chili, Isra\u00ebl, etc.<\/p>\n<p><img loading=\"lazy\" decoding=\"async\" class=\"aligncenter wp-image-11605 size-full\" src=\"https:\/\/seppeschina.com\/wp-content\/uploads\/2021\/03\/seppes-door7.gif\" alt=\"\" width=\"600\" height=\"338\"><\/p>\n<h3><span style=\"color: #3366ff;\">Nos partenaires<\/span><\/h3>\n<p>Devenu fournisseur coop\u00e9ratif de pr\u00e8s de 60 entreprises Fortune 500 telles qu'IKEA, Logitech, Fresenius, Akzo Nobel, etc.<\/p>\n<p><img loading=\"lazy\" decoding=\"async\" class=\"aligncenter wp-image-11608 size-full\" src=\"https:\/\/seppeschina.com\/wp-content\/uploads\/2021\/03\/seppes-door10.gif\" alt=\"\" width=\"600\" height=\"491\"><\/p>\n<h3><span style=\"color: #3366ff;\">Certifications<\/span><\/h3>\n<p><img loading=\"lazy\" decoding=\"async\" class=\"wp-image-9887 aligncenter\" src=\"https:\/\/seppeschina.com\/wp-content\/uploads\/2019\/04\/certification.jpg\" alt=\"\" width=\"600\" height=\"600\" srcset=\"https:\/\/seppeschina.com\/wp-content\/uploads\/2019\/04\/certification.jpg 750w, https:\/\/seppeschina.com\/wp-content\/uploads\/2019\/04\/certification-360x360.jpg 360w, https:\/\/seppeschina.com\/wp-content\/uploads\/2019\/04\/certification-100x100.jpg 100w, https:\/\/seppeschina.com\/wp-content\/uploads\/2019\/04\/certification-600x600.jpg 600w, https:\/\/seppeschina.com\/wp-content\/uploads\/2019\/04\/certification-150x150.jpg 150w, https:\/\/seppeschina.com\/wp-content\/uploads\/2019\/04\/certification-300x300.jpg 300w, https:\/\/seppeschina.com\/wp-content\/uploads\/2019\/04\/certification-24x24.jpg 24w, https:\/\/seppeschina.com\/wp-content\/uploads\/2019\/04\/certification-48x48.jpg 48w, https:\/\/seppeschina.com\/wp-content\/uploads\/2019\/04\/certification-96x96.jpg 96w, https:\/\/seppeschina.com\/wp-content\/uploads\/2019\/04\/certification-364x364.jpg 364w, https:\/\/seppeschina.com\/wp-content\/uploads\/2019\/04\/certification-50x50.jpg 50w, https:\/\/seppeschina.com\/wp-content\/uploads\/2019\/04\/certification-110x110.jpg 110w, https:\/\/seppeschina.com\/wp-content\/uploads\/2019\/04\/certification-275x275.jpg 275w, https:\/\/seppeschina.com\/wp-content\/uploads\/2019\/04\/certification-480x480.jpg 480w, https:\/\/seppeschina.com\/wp-content\/uploads\/2019\/04\/certification-550x550.jpg 550w\" sizes=\"auto, (max-width: 600px) 100vw, 600px\" \/><\/p>\n<h3><span style=\"color: #3366ff;\">Avantages<\/span><\/h3>\n<p><img loading=\"lazy\" decoding=\"async\" class=\"aligncenter size-full wp-image-11976\" src=\"https:\/\/seppeschina.com\/wp-content\/uploads\/2019\/04\/\u5feb\u901f\u95e8_02.gif\" alt=\"\" width=\"600\" height=\"797\"><\/p>\n<p>1. <strong>Pratique<\/strong>: Conception innovante de l'interface homme-machine ; interface facilitant l'utilisation et la maintenance.<\/p>\n<p>2. <strong>Rapide<\/strong>: Des centaines d'ouvertures\/fermetures quotidiennes ; vitesse d'ouverture de 1,0 \u00e0 1,2 m\/s.<\/p>\n<p>3. <strong>R\u00e9sistance<\/strong>: Utilisation d'un tissu de rideau PVC de base haute r\u00e9sistance de marque import\u00e9e avec fonction d'auto-nettoyage de surface.<\/p>\n<p>4. <strong>\u00c9tanch\u00e9it\u00e9<\/strong>: \u00c9quip\u00e9 d'une brosse de scellement innovante \u00e0 double rang\u00e9e de type cassette.<\/p>\n<p>5. <strong>Stabilit\u00e9<\/strong>: \u00c9quip\u00e9 d'un syst\u00e8me de contr\u00f4le de marque allemande ; unit\u00e9 d'entra\u00eenement servo \u00e0 haute pr\u00e9cision.<\/p>\n<p>6. <strong>Intelligent<\/strong>: Puce intelligente IoT int\u00e9gr\u00e9e pour une puissance et une intelligence int\u00e9gr\u00e9es.<\/p>\n<p>7. <strong>Esth\u00e9tique<\/strong>: Utilisation d'un cadre de porte \u00e0 d\u00e9coupe laser automatique et composants de pr\u00e9cision.<\/p>\n<p>8. <b data-spm-anchor-id=\"a2700.details.pronpeci14.i8.12355170Y9xOFu\">S\u00e9curit\u00e9<\/b>: Dispositif de protection de s\u00e9curit\u00e9 standard anti-pincement infrarouge.<\/p>\n<h3><span style=\"color: #3366ff;\">Cas d'applications<\/span><\/h3>\n<p><img loading=\"lazy\" decoding=\"async\" class=\"aligncenter wp-image-11612 size-full\" src=\"https:\/\/seppeschina.com\/wp-content\/uploads\/2021\/03\/seppes-door2.jpg\" alt=\"\" width=\"600\" height=\"723\" srcset=\"https:\/\/seppeschina.com\/wp-content\/uploads\/2021\/03\/seppes-door2.jpg 600w, https:\/\/seppeschina.com\/wp-content\/uploads\/2021\/03\/seppes-door2-360x434.jpg 360w, https:\/\/seppeschina.com\/wp-content\/uploads\/2021\/03\/seppes-door2-249x300.jpg 249w, https:\/\/seppeschina.com\/wp-content\/uploads\/2021\/03\/seppes-door2-456x550.jpg 456w\" sizes=\"auto, (max-width: 600px) 100vw, 600px\" \/><\/p>\n<h3><span style=\"color: #3366ff;\">Livraison &amp; Emballage<\/span><\/h3>\n<p>Notre m\u00e9thode d'emballage est la caisse en bois, et les modes de transport incluent express, a\u00e9rien et maritime. G\u00e9n\u00e9ralement 3 \u00e0 7 jours apr\u00e8s la commande.<\/p>\n<p><img loading=\"lazy\" decoding=\"async\" class=\"wp-image-9880 aligncenter\" src=\"https:\/\/seppeschina.com\/wp-content\/uploads\/2019\/04\/shipping.jpg\" alt=\"\" width=\"600\" height=\"600\" srcset=\"https:\/\/seppeschina.com\/wp-content\/uploads\/2019\/04\/shipping.jpg 750w, https:\/\/seppeschina.com\/wp-content\/uploads\/2019\/04\/shipping-360x360.jpg 360w, https:\/\/seppeschina.com\/wp-content\/uploads\/2019\/04\/shipping-100x100.jpg 100w, https:\/\/seppeschina.com\/wp-content\/uploads\/2019\/04\/shipping-600x600.jpg 600w, https:\/\/seppeschina.com\/wp-content\/uploads\/2019\/04\/shipping-150x150.jpg 150w, https:\/\/seppeschina.com\/wp-content\/uploads\/2019\/04\/shipping-300x300.jpg 300w, https:\/\/seppeschina.com\/wp-content\/uploads\/2019\/04\/shipping-24x24.jpg 24w, https:\/\/seppeschina.com\/wp-content\/uploads\/2019\/04\/shipping-48x48.jpg 48w, https:\/\/seppeschina.com\/wp-content\/uploads\/2019\/04\/shipping-96x96.jpg 96w, https:\/\/seppeschina.com\/wp-content\/uploads\/2019\/04\/shipping-364x364.jpg 364w, https:\/\/seppeschina.com\/wp-content\/uploads\/2019\/04\/shipping-50x50.jpg 50w, https:\/\/seppeschina.com\/wp-content\/uploads\/2019\/04\/shipping-110x110.jpg 110w, https:\/\/seppeschina.com\/wp-content\/uploads\/2019\/04\/shipping-275x275.jpg 275w, https:\/\/seppeschina.com\/wp-content\/uploads\/2019\/04\/shipping-480x480.jpg 480w, https:\/\/seppeschina.com\/wp-content\/uploads\/2019\/04\/shipping-550x550.jpg 550w\" sizes=\"auto, (max-width: 600px) 100vw, 600px\" \/><\/p>\n<h3><span style=\"color: #3366ff;\">FAQ<\/span><\/h3>\n<p><strong><span style=\"color: #ff0000;\">Q : Quelle est la puissance et la tension ?<\/span><\/strong><\/p>\n<p><strong>R : Peut \u00eatre personnalis\u00e9. Normalement 220V, 0,75KW, 50HZ, monophas\u00e9.<\/strong><\/p>\n<p><strong><span style=\"color: #ff0000;\">Q : Quels mat\u00e9riaux peut-on choisir pour le cadre de la porte rapide ?<\/span><\/strong><\/p>\n<p><strong>R : Cadre de porte en acier peint, cadre en SUS304 \/ 316, cadre en alliage d'aluminium.<\/strong><\/p>\n<p><strong><span style=\"color: #ff0000;\">Q : Quel est le prix de la porte rapide ?<\/span><\/strong><\/p>\n<p><strong>R : Cela d\u00e9pend de vos dimensions et des autres \u00e9quipements.<\/strong><\/p>\n<p><span style=\"color: #ff0000;\"><strong>Q : Comment choisir l'usine de portes rapides ?<\/strong><\/span><\/p>\n<p><strong>R : Certifi\u00e9e, SGS, CE, plus de 10 ans d'exp\u00e9rience.<\/strong><\/p>\n<p><span style=\"color: #ff0000;\"><strong>Q : Pouvons-nous installer la porte rapide nous-m\u00eames ?<\/strong><\/span><\/p>\n<p><strong>A : Oui, tr\u00e8s simple. Nous pouvons fournir un guide d'installation en anglais ainsi que des vid\u00e9os.\u00a0<\/strong><\/p>\n<p><strong><span style=\"color: #ff0000;\">Q : Quelle est sa dur\u00e9e d'utilisation ?<\/span><\/strong><\/p>\n<p><strong>A : Environ 10 \u00e0 15 ans.<\/strong><\/p>\n<p><strong><span style=\"color: #ff0000;\">Q : Quelles sont les m\u00e9thodes d'ouverture automatique\/intelligente de la porte rapide ?<\/span><\/strong><\/p>\n<p><strong>A : Bouton-poussoir manuel, d\u00e9tecteur de mouvement automatique, boucle d'induction, interrupteur \u00e0 traction, badgeuse, liaison avec automate (PLC) ou AGV.<\/strong><\/p>\n<\/div>\n<\/div>\n<\/div>\n<\/div>\n<\/div>\n<\/div>\n<\/div>","protected":false},"excerpt":{"rendered":"<p><strong>Il poss\u00e8de de bonnes fonctions d'\u00e9tanch\u00e9it\u00e9 \u00e0 la poussi\u00e8re, de d\u00e9sodorisation, d'ouverture rapide, de conservation de la chaleur, de protection, etc.<\/strong><\/p>\n<p><strong>Les secteurs concern\u00e9s sont l'alimentation, l'\u00e9lectronique, l'automobile, la pharmacie, la chimie, le textile, la logistique et autres industries.<\/strong><\/p>","protected":false},"featured_media":11617,"comment_status":"open","ping_status":"closed","template":"","meta":[],"product_brand":[],"product_cat":[309],"product_tag":[318,317],"class_list":{"0":"post-9247","1":"product","2":"type-product","3":"status-publish","4":"has-post-thumbnail","6":"product_cat-high-speed-door","7":"product_tag-fast-door-manufacturers","8":"product_tag-industrial-doors","11":"first","12":"instock","13":"shipping-taxable","14":"product-type-simple"},"_links":{"self":[{"href":"https:\/\/seppeschina.com\/fr\/wp-json\/wp\/v2\/product\/9247","targetHints":{"allow":["GET"]}}],"collection":[{"href":"https:\/\/seppeschina.com\/fr\/wp-json\/wp\/v2\/product"}],"about":[{"href":"https:\/\/seppeschina.com\/fr\/wp-json\/wp\/v2\/types\/product"}],"replies":[{"embeddable":true,"href":"https:\/\/seppeschina.com\/fr\/wp-json\/wp\/v2\/comments?post=9247"}],"wp:featuredmedia":[{"embeddable":true,"href":"https:\/\/seppeschina.com\/fr\/wp-json\/wp\/v2\/media\/11617"}],"wp:attachment":[{"href":"https:\/\/seppeschina.com\/fr\/wp-json\/wp\/v2\/media?parent=9247"}],"wp:term":[{"taxonomy":"product_brand","embeddable":true,"href":"https:\/\/seppeschina.com\/fr\/wp-json\/wp\/v2\/product_brand?post=9247"},{"taxonomy":"product_cat","embeddable":true,"href":"https:\/\/seppeschina.com\/fr\/wp-json\/wp\/v2\/product_cat?post=9247"},{"taxonomy":"product_tag","embeddable":true,"href":"https:\/\/seppeschina.com\/fr\/wp-json\/wp\/v2\/product_tag?post=9247"}],"curies":[{"name":"wp","href":"https:\/\/api.w.org\/{rel}","templated":true}]}}