{"id":9249,"date":"2019-04-30T12:56:37","date_gmt":"2019-04-30T12:56:37","guid":{"rendered":"https:\/\/seppeschina.com\/?post_type=product&#038;p=9249"},"modified":"2025-05-19T16:16:12","modified_gmt":"2025-05-19T08:16:12","slug":"seppes-orange-porte-a-enroulement-rapide-hsd-120","status":"publish","type":"product","link":"https:\/\/seppeschina.com\/fr\/product\/seppes-orange-high-speed-stacking-door-hsd-120\/","title":{"rendered":"Porte superpos\u00e9e \u00e0 haute vitesse orange SEPPES HSD-120"},"content":{"rendered":"<h3><img loading=\"lazy\" decoding=\"async\" class=\"aligncenter wp-image-10645\" src=\"https:\/\/seppeschina.com\/wp-content\/uploads\/2021\/01\/\u5806\u79ef\u95e83.jpg\" alt=\"\" width=\"600\" height=\"404\" srcset=\"https:\/\/seppeschina.com\/wp-content\/uploads\/2021\/01\/\u5806\u79ef\u95e83.jpg 1600w, https:\/\/seppeschina.com\/wp-content\/uploads\/2021\/01\/\u5806\u79ef\u95e83-360x242.jpg 360w, https:\/\/seppeschina.com\/wp-content\/uploads\/2021\/01\/\u5806\u79ef\u95e83-600x404.jpg 600w, https:\/\/seppeschina.com\/wp-content\/uploads\/2021\/01\/\u5806\u79ef\u95e83-300x202.jpg 300w, https:\/\/seppeschina.com\/wp-content\/uploads\/2021\/01\/\u5806\u79ef\u95e83-1024x689.jpg 1024w, https:\/\/seppeschina.com\/wp-content\/uploads\/2021\/01\/\u5806\u79ef\u95e83-768x517.jpg 768w, https:\/\/seppeschina.com\/wp-content\/uploads\/2021\/01\/\u5806\u79ef\u95e83-1536x1034.jpg 1536w, https:\/\/seppeschina.com\/wp-content\/uploads\/2021\/01\/\u5806\u79ef\u95e83-550x370.jpg 550w\" sizes=\"auto, (max-width: 600px) 100vw, 600px\" \/><\/h3>\n<h3><span style=\"color: #3366ff;\"><strong>Description du produit<\/strong><\/span><\/h3>\n<h5><em>(<span style=\"color: #3366ff;\"><strong>R\u00e9sistance au vent ? La longueur et la largeur peuvent-elles \u00eatre r\u00e9alis\u00e9es en grandes dimensions ?<\/strong>)<\/span><\/em><\/h5>\n<p><strong>Porte \u00e0 Empilement Rapide<\/strong> Adopte une m\u00e9thode de levage pliante et de multiples leviers horizontaux anti-vent int\u00e9gr\u00e9s ou externes, permettant une r\u00e9partition uniforme de la pression \u00e9olienne sur l'ensemble du rideau. Il peut r\u00e9sister \u00e0 des vents d'environ force 10, et sa r\u00e9sistance au vent est bien sup\u00e9rieure \u00e0 celle des portes \u00e0 enroulement rapide conventionnelles \u00e0 tambour, les rendant particuli\u00e8rement adapt\u00e9es aux voies logistiques et aux environnements \u00e0 grandes ouvertures.<\/p>\n<h3><span style=\"color: #3366ff;\">Images d\u00e9taill\u00e9es<\/span><\/h3>\n<h3 class=\"magic-3\" data-section=\"AliMagic-859kg7\" data-section-title=\"Details of products\" data-spm-anchor-id=\"a2700.details.pronpeci14.i1.7e7c6220zGAGVA\"><img loading=\"lazy\" decoding=\"async\" class=\"aligncenter size-full wp-image-11832\" src=\"https:\/\/seppeschina.com\/wp-content\/uploads\/2021\/04\/\u5fae\u4fe1\u56fe\u7247_20210402164528.png\" alt=\"\" width=\"590\" height=\"255\" srcset=\"https:\/\/seppeschina.com\/wp-content\/uploads\/2021\/04\/\u5fae\u4fe1\u56fe\u7247_20210402164528.png 590w, https:\/\/seppeschina.com\/wp-content\/uploads\/2021\/04\/\u5fae\u4fe1\u56fe\u7247_20210402164528-360x156.png 360w, https:\/\/seppeschina.com\/wp-content\/uploads\/2021\/04\/\u5fae\u4fe1\u56fe\u7247_20210402164528-300x130.png 300w, https:\/\/seppeschina.com\/wp-content\/uploads\/2021\/04\/\u5fae\u4fe1\u56fe\u7247_20210402164528-550x238.png 550w\" sizes=\"auto, (max-width: 590px) 100vw, 590px\" \/><\/h3>\n<div class=\"J_module\">\n<div class=\"ife-detail-decorate-table\">\n<h3><span style=\"color: #3366ff;\"><strong><b>Sch\u00e9ma de structure<\/b><\/strong><\/span><\/h3>\n<p><img loading=\"lazy\" decoding=\"async\" class=\"aligncenter wp-image-11979\" src=\"https:\/\/seppeschina.com\/wp-content\/uploads\/2019\/04\/\u6a59\u8272\u5806\u79ef\u95e8\u7ec6\u8282\u56fe.jpg\" alt=\"\" width=\"600\" height=\"600\" srcset=\"https:\/\/seppeschina.com\/wp-content\/uploads\/2019\/04\/\u6a59\u8272\u5806\u79ef\u95e8\u7ec6\u8282\u56fe.jpg 750w, https:\/\/seppeschina.com\/wp-content\/uploads\/2019\/04\/\u6a59\u8272\u5806\u79ef\u95e8\u7ec6\u8282\u56fe-360x360.jpg 360w, https:\/\/seppeschina.com\/wp-content\/uploads\/2019\/04\/\u6a59\u8272\u5806\u79ef\u95e8\u7ec6\u8282\u56fe-100x100.jpg 100w, https:\/\/seppeschina.com\/wp-content\/uploads\/2019\/04\/\u6a59\u8272\u5806\u79ef\u95e8\u7ec6\u8282\u56fe-600x600.jpg 600w, https:\/\/seppeschina.com\/wp-content\/uploads\/2019\/04\/\u6a59\u8272\u5806\u79ef\u95e8\u7ec6\u8282\u56fe-300x300.jpg 300w, https:\/\/seppeschina.com\/wp-content\/uploads\/2019\/04\/\u6a59\u8272\u5806\u79ef\u95e8\u7ec6\u8282\u56fe-150x150.jpg 150w, https:\/\/seppeschina.com\/wp-content\/uploads\/2019\/04\/\u6a59\u8272\u5806\u79ef\u95e8\u7ec6\u8282\u56fe-24x24.jpg 24w, https:\/\/seppeschina.com\/wp-content\/uploads\/2019\/04\/\u6a59\u8272\u5806\u79ef\u95e8\u7ec6\u8282\u56fe-48x48.jpg 48w, https:\/\/seppeschina.com\/wp-content\/uploads\/2019\/04\/\u6a59\u8272\u5806\u79ef\u95e8\u7ec6\u8282\u56fe-96x96.jpg 96w, https:\/\/seppeschina.com\/wp-content\/uploads\/2019\/04\/\u6a59\u8272\u5806\u79ef\u95e8\u7ec6\u8282\u56fe-364x364.jpg 364w, https:\/\/seppeschina.com\/wp-content\/uploads\/2019\/04\/\u6a59\u8272\u5806\u79ef\u95e8\u7ec6\u8282\u56fe-50x50.jpg 50w, https:\/\/seppeschina.com\/wp-content\/uploads\/2019\/04\/\u6a59\u8272\u5806\u79ef\u95e8\u7ec6\u8282\u56fe-110x110.jpg 110w, https:\/\/seppeschina.com\/wp-content\/uploads\/2019\/04\/\u6a59\u8272\u5806\u79ef\u95e8\u7ec6\u8282\u56fe-275x275.jpg 275w, https:\/\/seppeschina.com\/wp-content\/uploads\/2019\/04\/\u6a59\u8272\u5806\u79ef\u95e8\u7ec6\u8282\u56fe-480x480.jpg 480w, https:\/\/seppeschina.com\/wp-content\/uploads\/2019\/04\/\u6a59\u8272\u5806\u79ef\u95e8\u7ec6\u8282\u56fe-550x550.jpg 550w\" sizes=\"auto, (max-width: 600px) 100vw, 600px\" \/><\/p>\n<h3><span style=\"color: #3366ff;\">Modes d'ouverture de la porte<\/span><\/h3>\n<p>Nous proposons des boutons-poussoirs manuels standard double face, avec options radar, g\u00e9omagn\u00e9tisme, tirette, t\u00e9l\u00e9commande, fermeture \u00e9clair Bluetooth, etc.<\/p>\n<p><img loading=\"lazy\" decoding=\"async\" class=\"aligncenter wp-image-11980\" src=\"https:\/\/seppeschina.com\/wp-content\/uploads\/2019\/04\/\u6a59\u8272\u5f00\u5173\u56fe.jpg\" alt=\"\" width=\"600\" height=\"600\" srcset=\"https:\/\/seppeschina.com\/wp-content\/uploads\/2019\/04\/\u6a59\u8272\u5f00\u5173\u56fe.jpg 750w, https:\/\/seppeschina.com\/wp-content\/uploads\/2019\/04\/\u6a59\u8272\u5f00\u5173\u56fe-360x360.jpg 360w, https:\/\/seppeschina.com\/wp-content\/uploads\/2019\/04\/\u6a59\u8272\u5f00\u5173\u56fe-100x100.jpg 100w, https:\/\/seppeschina.com\/wp-content\/uploads\/2019\/04\/\u6a59\u8272\u5f00\u5173\u56fe-600x600.jpg 600w, https:\/\/seppeschina.com\/wp-content\/uploads\/2019\/04\/\u6a59\u8272\u5f00\u5173\u56fe-300x300.jpg 300w, https:\/\/seppeschina.com\/wp-content\/uploads\/2019\/04\/\u6a59\u8272\u5f00\u5173\u56fe-150x150.jpg 150w, https:\/\/seppeschina.com\/wp-content\/uploads\/2019\/04\/\u6a59\u8272\u5f00\u5173\u56fe-24x24.jpg 24w, https:\/\/seppeschina.com\/wp-content\/uploads\/2019\/04\/\u6a59\u8272\u5f00\u5173\u56fe-48x48.jpg 48w, https:\/\/seppeschina.com\/wp-content\/uploads\/2019\/04\/\u6a59\u8272\u5f00\u5173\u56fe-96x96.jpg 96w, https:\/\/seppeschina.com\/wp-content\/uploads\/2019\/04\/\u6a59\u8272\u5f00\u5173\u56fe-364x364.jpg 364w, https:\/\/seppeschina.com\/wp-content\/uploads\/2019\/04\/\u6a59\u8272\u5f00\u5173\u56fe-50x50.jpg 50w, https:\/\/seppeschina.com\/wp-content\/uploads\/2019\/04\/\u6a59\u8272\u5f00\u5173\u56fe-110x110.jpg 110w, https:\/\/seppeschina.com\/wp-content\/uploads\/2019\/04\/\u6a59\u8272\u5f00\u5173\u56fe-275x275.jpg 275w, https:\/\/seppeschina.com\/wp-content\/uploads\/2019\/04\/\u6a59\u8272\u5f00\u5173\u56fe-480x480.jpg 480w, https:\/\/seppeschina.com\/wp-content\/uploads\/2019\/04\/\u6a59\u8272\u5f00\u5173\u56fe-550x550.jpg 550w\" sizes=\"auto, (max-width: 600px) 100vw, 600px\" \/><\/p>\n<h3><span style=\"color: #3366ff;\">Choix des couleurs<\/span><\/h3>\n<p><strong>Bleu<\/strong>: RAL :<span class=\"magic-25\" data-spm-anchor-id=\"a2700.details.pronpeci14.i0.3aea5170eoKBGW\">5002; <strong>Jaune<\/strong>: RAL : 1003 ; <strong>Rouge<\/strong>: RAL : 3002 ; <\/span><span class=\"magic-25\" data-spm-anchor-id=\"a2700.details.pronpeci14.i0.3aea5170eoKBGW\"><strong>Blanc<\/strong>: RAL : 9003 ; <strong>Gris : <\/strong><span class=\"magic-24\" data-spm-anchor-id=\"a2700.details.pronpeci14.i4.3aea5170eoKBGW\">RAL :<\/span>9006<\/span><\/p>\n<p><img loading=\"lazy\" decoding=\"async\" class=\"aligncenter wp-image-10104\" src=\"https:\/\/seppeschina.com\/wp-content\/uploads\/2019\/04\/COLOR-1.jpg\" alt=\"\" width=\"600\" height=\"600\" srcset=\"https:\/\/seppeschina.com\/wp-content\/uploads\/2019\/04\/COLOR-1.jpg 750w, https:\/\/seppeschina.com\/wp-content\/uploads\/2019\/04\/COLOR-1-360x360.jpg 360w, https:\/\/seppeschina.com\/wp-content\/uploads\/2019\/04\/COLOR-1-100x100.jpg 100w, https:\/\/seppeschina.com\/wp-content\/uploads\/2019\/04\/COLOR-1-600x600.jpg 600w, https:\/\/seppeschina.com\/wp-content\/uploads\/2019\/04\/COLOR-1-300x300.jpg 300w, https:\/\/seppeschina.com\/wp-content\/uploads\/2019\/04\/COLOR-1-150x150.jpg 150w, https:\/\/seppeschina.com\/wp-content\/uploads\/2019\/04\/COLOR-1-24x24.jpg 24w, https:\/\/seppeschina.com\/wp-content\/uploads\/2019\/04\/COLOR-1-48x48.jpg 48w, https:\/\/seppeschina.com\/wp-content\/uploads\/2019\/04\/COLOR-1-96x96.jpg 96w, https:\/\/seppeschina.com\/wp-content\/uploads\/2019\/04\/COLOR-1-364x364.jpg 364w, https:\/\/seppeschina.com\/wp-content\/uploads\/2019\/04\/COLOR-1-50x50.jpg 50w, https:\/\/seppeschina.com\/wp-content\/uploads\/2019\/04\/COLOR-1-110x110.jpg 110w, https:\/\/seppeschina.com\/wp-content\/uploads\/2019\/04\/COLOR-1-275x275.jpg 275w, https:\/\/seppeschina.com\/wp-content\/uploads\/2019\/04\/COLOR-1-480x480.jpg 480w, https:\/\/seppeschina.com\/wp-content\/uploads\/2019\/04\/COLOR-1-550x550.jpg 550w\" sizes=\"auto, (max-width: 600px) 100vw, 600px\" \/><\/p>\n<h3><span style=\"color: #3366ff;\">Pourquoi nous choisir<\/span><\/h3>\n<p><img loading=\"lazy\" decoding=\"async\" class=\"aligncenter wp-image-9998\" src=\"https:\/\/seppeschina.com\/wp-content\/uploads\/2019\/04\/why-choose-us.jpg\" alt=\"\" width=\"600\" height=\"600\" srcset=\"https:\/\/seppeschina.com\/wp-content\/uploads\/2019\/04\/why-choose-us.jpg 750w, https:\/\/seppeschina.com\/wp-content\/uploads\/2019\/04\/why-choose-us-360x360.jpg 360w, https:\/\/seppeschina.com\/wp-content\/uploads\/2019\/04\/why-choose-us-100x100.jpg 100w, https:\/\/seppeschina.com\/wp-content\/uploads\/2019\/04\/why-choose-us-600x600.jpg 600w, https:\/\/seppeschina.com\/wp-content\/uploads\/2019\/04\/why-choose-us-300x300.jpg 300w, https:\/\/seppeschina.com\/wp-content\/uploads\/2019\/04\/why-choose-us-150x150.jpg 150w, https:\/\/seppeschina.com\/wp-content\/uploads\/2019\/04\/why-choose-us-24x24.jpg 24w, https:\/\/seppeschina.com\/wp-content\/uploads\/2019\/04\/why-choose-us-48x48.jpg 48w, https:\/\/seppeschina.com\/wp-content\/uploads\/2019\/04\/why-choose-us-96x96.jpg 96w, https:\/\/seppeschina.com\/wp-content\/uploads\/2019\/04\/why-choose-us-364x364.jpg 364w, https:\/\/seppeschina.com\/wp-content\/uploads\/2019\/04\/why-choose-us-50x50.jpg 50w, https:\/\/seppeschina.com\/wp-content\/uploads\/2019\/04\/why-choose-us-110x110.jpg 110w, https:\/\/seppeschina.com\/wp-content\/uploads\/2019\/04\/why-choose-us-275x275.jpg 275w, https:\/\/seppeschina.com\/wp-content\/uploads\/2019\/04\/why-choose-us-480x480.jpg 480w, https:\/\/seppeschina.com\/wp-content\/uploads\/2019\/04\/why-choose-us-550x550.jpg 550w\" sizes=\"auto, (max-width: 600px) 100vw, 600px\" \/><\/p>\n<h3><span style=\"color: #3366ff;\"><strong><b>Profil de l'entreprise<\/b><\/strong><\/span><\/h3>\n<p><strong><b>Seppes Door Industry (Suzhou) Co., Ltd.<\/b><\/strong>\u00a0a \u00e9t\u00e9 cr\u00e9\u00e9e en 2011 et est une entreprise de fabrication et de commerce avec 9 ans d'exp\u00e9rience. Nos principaux produits sont les portes rapides, les portes \u00e0 enroulement rapide, les portes \u00e0 enroulement automatique, les portes combin\u00e9es, etc.<\/p>\n<p><img loading=\"lazy\" decoding=\"async\" class=\"aligncenter wp-image-9951\" src=\"https:\/\/seppeschina.com\/wp-content\/uploads\/2019\/04\/company.jpg\" alt=\"\" width=\"600\" height=\"600\" srcset=\"https:\/\/seppeschina.com\/wp-content\/uploads\/2019\/04\/company.jpg 750w, https:\/\/seppeschina.com\/wp-content\/uploads\/2019\/04\/company-360x360.jpg 360w, https:\/\/seppeschina.com\/wp-content\/uploads\/2019\/04\/company-100x100.jpg 100w, https:\/\/seppeschina.com\/wp-content\/uploads\/2019\/04\/company-600x600.jpg 600w, https:\/\/seppeschina.com\/wp-content\/uploads\/2019\/04\/company-150x150.jpg 150w, https:\/\/seppeschina.com\/wp-content\/uploads\/2019\/04\/company-300x300.jpg 300w, https:\/\/seppeschina.com\/wp-content\/uploads\/2019\/04\/company-24x24.jpg 24w, https:\/\/seppeschina.com\/wp-content\/uploads\/2019\/04\/company-48x48.jpg 48w, https:\/\/seppeschina.com\/wp-content\/uploads\/2019\/04\/company-96x96.jpg 96w, https:\/\/seppeschina.com\/wp-content\/uploads\/2019\/04\/company-364x364.jpg 364w, https:\/\/seppeschina.com\/wp-content\/uploads\/2019\/04\/company-50x50.jpg 50w, https:\/\/seppeschina.com\/wp-content\/uploads\/2019\/04\/company-110x110.jpg 110w, https:\/\/seppeschina.com\/wp-content\/uploads\/2019\/04\/company-275x275.jpg 275w, https:\/\/seppeschina.com\/wp-content\/uploads\/2019\/04\/company-480x480.jpg 480w, https:\/\/seppeschina.com\/wp-content\/uploads\/2019\/04\/company-550x550.jpg 550w\" sizes=\"auto, (max-width: 600px) 100vw, 600px\" \/><\/p>\n<h3><span style=\"color: #3366ff;\"><strong><b>Pr\u00e9sentation de l'usine\u00a0\u00a0<\/b><\/strong><\/span><\/h3>\n<p>Voici la pr\u00e9sentation de notre usine. Elle est \u00e9quip\u00e9e d'une usine de production professionnelle de plus de 17 500 m\u00e8tres carr\u00e9s, et la ligne de production automatis\u00e9e redondante est pr\u00e9par\u00e9e avec des \u00e9quipements d'assemblage sur mesure pour r\u00e9pondre aux divers besoins de production rapide standardis\u00e9e et de fabrication personnalis\u00e9e.<\/p>\n<p><img loading=\"lazy\" decoding=\"async\" class=\"aligncenter wp-image-11604 size-full\" src=\"https:\/\/seppeschina.com\/wp-content\/uploads\/2021\/03\/seppes-door6.gif\" alt=\"\" width=\"600\" height=\"358\"><\/p>\n<h3><span style=\"color: #3366ff;\">Photos clients<\/span><\/h3>\n<p><img loading=\"lazy\" decoding=\"async\" class=\"aligncenter wp-image-11605 size-full\" src=\"https:\/\/seppeschina.com\/wp-content\/uploads\/2021\/03\/seppes-door7.gif\" alt=\"\" width=\"600\" height=\"338\"><\/p>\n<h3><span style=\"color: #3366ff;\"><strong><b>Nos partenaires<\/b><\/strong><\/span><\/h3>\n<p>Devenu fournisseur coop\u00e9ratif de pr\u00e8s de 60 entreprises du Fortune 500 telles que Mercedes-Benz, NSK, Procter &amp; Gamble et ABB.<\/p>\n<p><img loading=\"lazy\" decoding=\"async\" class=\"aligncenter wp-image-11608 size-full\" src=\"https:\/\/seppeschina.com\/wp-content\/uploads\/2021\/03\/seppes-door10.gif\" alt=\"\" width=\"600\" height=\"491\"><\/p>\n<h3><span style=\"color: #3366ff;\"><strong><b>Avantages<\/b><\/strong><\/span><\/h3>\n<p><img loading=\"lazy\" decoding=\"async\" class=\"aligncenter size-full wp-image-11831\" src=\"https:\/\/seppeschina.com\/wp-content\/uploads\/2021\/04\/\u5806\u79ef\u5feb\u901f\u95e8_02.jpg\" alt=\"\" width=\"600\" height=\"628\" srcset=\"https:\/\/seppeschina.com\/wp-content\/uploads\/2021\/04\/\u5806\u79ef\u5feb\u901f\u95e8_02.jpg 600w, https:\/\/seppeschina.com\/wp-content\/uploads\/2021\/04\/\u5806\u79ef\u5feb\u901f\u95e8_02-360x377.jpg 360w, https:\/\/seppeschina.com\/wp-content\/uploads\/2021\/04\/\u5806\u79ef\u5feb\u901f\u95e8_02-287x300.jpg 287w, https:\/\/seppeschina.com\/wp-content\/uploads\/2021\/04\/\u5806\u79ef\u5feb\u901f\u95e8_02-24x24.jpg 24w, https:\/\/seppeschina.com\/wp-content\/uploads\/2021\/04\/\u5806\u79ef\u5feb\u901f\u95e8_02-525x550.jpg 525w\" sizes=\"auto, (max-width: 600px) 100vw, 600px\" \/><\/p>\n<h3><span style=\"color: #3366ff;\"><strong><b>Applications<\/b><\/strong><\/span><\/h3>\n<p>Voici une vari\u00e9t\u00e9 de portes rapides que nous appliquons r\u00e9ellement dans les entreprises, couvrant les secteurs pharmaceutique, \u00e9lectronique, alimentaire, chimique, automobile, textile, impression, logistique, etc.<\/p>\n<p><img loading=\"lazy\" decoding=\"async\" class=\"aligncenter wp-image-11612 size-full\" src=\"https:\/\/seppeschina.com\/wp-content\/uploads\/2021\/03\/seppes-door2.jpg\" alt=\"\" width=\"600\" height=\"723\" srcset=\"https:\/\/seppeschina.com\/wp-content\/uploads\/2021\/03\/seppes-door2.jpg 600w, https:\/\/seppeschina.com\/wp-content\/uploads\/2021\/03\/seppes-door2-360x434.jpg 360w, https:\/\/seppeschina.com\/wp-content\/uploads\/2021\/03\/seppes-door2-249x300.jpg 249w, https:\/\/seppeschina.com\/wp-content\/uploads\/2021\/03\/seppes-door2-456x550.jpg 456w\" sizes=\"auto, (max-width: 600px) 100vw, 600px\" \/><\/p>\n<h3><span style=\"color: #3366ff;\"><strong><b>Livraison &amp; Emballage<\/b><\/strong><\/span><\/h3>\n<div><b><span class=\"magic-28\" data-spm-anchor-id=\"a2700.wholesale.pronpeci14.i1.279a24cb2YGapr\">Plus rapide et plus s\u00fbr <\/span><\/b><\/div>\n<div>Trois modes de transport. Pour mieux garantir la s\u00e9curit\u00e9 de vos marchandises, des services d'emballage professionnels, \u00e9cologiques, pratiques et efficaces seront fournis.<\/div>\n<p><img loading=\"lazy\" decoding=\"async\" class=\"aligncenter wp-image-9880\" src=\"https:\/\/seppeschina.com\/wp-content\/uploads\/2019\/04\/shipping.jpg\" alt=\"\" width=\"600\" height=\"600\" srcset=\"https:\/\/seppeschina.com\/wp-content\/uploads\/2019\/04\/shipping.jpg 750w, https:\/\/seppeschina.com\/wp-content\/uploads\/2019\/04\/shipping-360x360.jpg 360w, https:\/\/seppeschina.com\/wp-content\/uploads\/2019\/04\/shipping-100x100.jpg 100w, https:\/\/seppeschina.com\/wp-content\/uploads\/2019\/04\/shipping-600x600.jpg 600w, https:\/\/seppeschina.com\/wp-content\/uploads\/2019\/04\/shipping-150x150.jpg 150w, https:\/\/seppeschina.com\/wp-content\/uploads\/2019\/04\/shipping-300x300.jpg 300w, https:\/\/seppeschina.com\/wp-content\/uploads\/2019\/04\/shipping-24x24.jpg 24w, https:\/\/seppeschina.com\/wp-content\/uploads\/2019\/04\/shipping-48x48.jpg 48w, https:\/\/seppeschina.com\/wp-content\/uploads\/2019\/04\/shipping-96x96.jpg 96w, https:\/\/seppeschina.com\/wp-content\/uploads\/2019\/04\/shipping-364x364.jpg 364w, https:\/\/seppeschina.com\/wp-content\/uploads\/2019\/04\/shipping-50x50.jpg 50w, https:\/\/seppeschina.com\/wp-content\/uploads\/2019\/04\/shipping-110x110.jpg 110w, https:\/\/seppeschina.com\/wp-content\/uploads\/2019\/04\/shipping-275x275.jpg 275w, https:\/\/seppeschina.com\/wp-content\/uploads\/2019\/04\/shipping-480x480.jpg 480w, https:\/\/seppeschina.com\/wp-content\/uploads\/2019\/04\/shipping-550x550.jpg 550w\" sizes=\"auto, (max-width: 600px) 100vw, 600px\" \/><\/p>\n<h3><span style=\"color: #3366ff;\">FAQ<\/span><\/h3>\n<p><strong><span style=\"color: #ff0000;\">Q : Quel est le type de moteur de la porte rapide ?<\/span><\/strong><\/p>\n<p>R : Moteur servo, 220V - 0,75 KW - 50HZ - 1 phase.<\/p>\n<p><span style=\"color: #ff0000;\"><b data-spm-anchor-id=\"a2700.custom-template.0.i72.27b43333dfASdI\">Q : Quel est le mat\u00e9riau du cadre de la porte rapide ?<\/b><\/span><\/p>\n<p>R : Cadre de porte en acier peint, cadre de porte en SUS304, cadre de porte en alliage d'aluminium.<\/p>\n<p><b><span style=\"color: #ff0000;\" data-spm-anchor-id=\"a2700.custom-template.0.i5.27b43333UNBSMa\">Q : Quel est le prix de la porte rapide ?<\/span><\/b><\/p>\n<p>R : Cela d\u00e9pend de la taille et des autres \u00e9quipements.<\/p>\n<p><b><span style=\"color: #ff0000;\" data-spm-anchor-id=\"a2700.custom-template.0.i4.27b43333UNBSMa\">Q : Dans quel type d'endroit la porte rapide peut-elle \u00eatre utilis\u00e9e ?<\/span><\/b><\/p>\n<p>R : Large utilisation dans les grands entrep\u00f4ts et ateliers avec de grandes ouvertures de portes<\/p>\n<p><b><span style=\"color: #ff0000;\" data-spm-anchor-id=\"a2700.custom-template.0.i7.27b43333UNBSMa\">Q : Combien de temps la porte rapide peut-elle \u00eatre utilis\u00e9e ?<\/span><\/b><\/p>\n<p>R : 8 \u00e0 10 ans.<\/p>\n<p><b><span style=\"color: #ff0000;\">Q : Pouvons-nous installer la porte rapide nous-m\u00eames ?<\/span><\/b><\/p>\n<p>R : Oui, c'est tr\u00e8s simple. Nous pouvons fournir un guide de montage en anglais et des vid\u00e9os.<\/p>\n<p><b><span style=\"color: #ff0000;\" data-spm-anchor-id=\"a2700.custom-template.0.i93.27b43333dfASdI\">Q : Quels sont les modes d'ouverture automatique\/intelligente de la porte rapide ?<\/span><\/b><\/p>\n<p>R : Bouton-poussoir manuel, d\u00e9tecteur de mouvement automatique, boucle d'induction, interrupteur \u00e0 tirette, badgeuse, liaison avec API ou AGV.<\/p>\n<\/div>\n<\/div>","protected":false},"excerpt":{"rendered":"<p><strong>Empil\u00e9s par la sangle, adapt\u00e9s aux grandes ouvertures et utilis\u00e9s sous haute pression \u00e9olienne pour r\u00e9pondre aux besoins d'ouverture fr\u00e9quente.<\/strong><\/p>","protected":false},"featured_media":9822,"comment_status":"open","ping_status":"closed","template":"","meta":[],"product_brand":[],"product_cat":[316],"product_tag":[318,320],"class_list":{"0":"post-9249","1":"product","2":"type-product","3":"status-publish","4":"has-post-thumbnail","6":"product_cat-high-speed-stacking-door","7":"product_tag-fast-door-manufacturers","8":"product_tag-high-speed-stacking-door","11":"first","12":"instock","13":"shipping-taxable","14":"product-type-simple"},"_links":{"self":[{"href":"https:\/\/seppeschina.com\/fr\/wp-json\/wp\/v2\/product\/9249","targetHints":{"allow":["GET"]}}],"collection":[{"href":"https:\/\/seppeschina.com\/fr\/wp-json\/wp\/v2\/product"}],"about":[{"href":"https:\/\/seppeschina.com\/fr\/wp-json\/wp\/v2\/types\/product"}],"replies":[{"embeddable":true,"href":"https:\/\/seppeschina.com\/fr\/wp-json\/wp\/v2\/comments?post=9249"}],"wp:featuredmedia":[{"embeddable":true,"href":"https:\/\/seppeschina.com\/fr\/wp-json\/wp\/v2\/media\/9822"}],"wp:attachment":[{"href":"https:\/\/seppeschina.com\/fr\/wp-json\/wp\/v2\/media?parent=9249"}],"wp:term":[{"taxonomy":"product_brand","embeddable":true,"href":"https:\/\/seppeschina.com\/fr\/wp-json\/wp\/v2\/product_brand?post=9249"},{"taxonomy":"product_cat","embeddable":true,"href":"https:\/\/seppeschina.com\/fr\/wp-json\/wp\/v2\/product_cat?post=9249"},{"taxonomy":"product_tag","embeddable":true,"href":"https:\/\/seppeschina.com\/fr\/wp-json\/wp\/v2\/product_tag?post=9249"}],"curies":[{"name":"wp","href":"https:\/\/api.w.org\/{rel}","templated":true}]}}