{"id":10078,"date":"2021-01-08T13:41:12","date_gmt":"2021-01-08T05:41:12","guid":{"rendered":"https:\/\/seppeschina.com\/?post_type=product&#038;p=10078"},"modified":"2025-05-19T16:15:22","modified_gmt":"2025-05-19T08:15:22","slug":"fornecedor-chines-de-motores-de-servo-para-portas-industriais-de-alta-velocidade","status":"publish","type":"product","link":"https:\/\/seppeschina.com\/pt\/product\/china-industrial-high-speed-door-servo-motor-supplier\/","title":{"rendered":"Motor de Servo e Caixa de Controle para Porta de Alta Velocidade SEPPES"},"content":{"rendered":"<p><img loading=\"lazy\" decoding=\"async\" class=\"aligncenter wp-image-11218\" src=\"https:\/\/seppeschina.com\/wp-content\/uploads\/2021\/03\/\u5fae\u4fe1\u56fe\u7247_20210303115532.png\" alt=\"\" width=\"600\" height=\"600\" srcset=\"https:\/\/seppeschina.com\/wp-content\/uploads\/2021\/03\/\u5fae\u4fe1\u56fe\u7247_20210303115532.png 750w, https:\/\/seppeschina.com\/wp-content\/uploads\/2021\/03\/\u5fae\u4fe1\u56fe\u7247_20210303115532-360x360.png 360w, https:\/\/seppeschina.com\/wp-content\/uploads\/2021\/03\/\u5fae\u4fe1\u56fe\u7247_20210303115532-100x100.png 100w, https:\/\/seppeschina.com\/wp-content\/uploads\/2021\/03\/\u5fae\u4fe1\u56fe\u7247_20210303115532-600x600.png 600w, https:\/\/seppeschina.com\/wp-content\/uploads\/2021\/03\/\u5fae\u4fe1\u56fe\u7247_20210303115532-300x300.png 300w, https:\/\/seppeschina.com\/wp-content\/uploads\/2021\/03\/\u5fae\u4fe1\u56fe\u7247_20210303115532-150x150.png 150w, https:\/\/seppeschina.com\/wp-content\/uploads\/2021\/03\/\u5fae\u4fe1\u56fe\u7247_20210303115532-24x24.png 24w, https:\/\/seppeschina.com\/wp-content\/uploads\/2021\/03\/\u5fae\u4fe1\u56fe\u7247_20210303115532-48x48.png 48w, https:\/\/seppeschina.com\/wp-content\/uploads\/2021\/03\/\u5fae\u4fe1\u56fe\u7247_20210303115532-96x96.png 96w, https:\/\/seppeschina.com\/wp-content\/uploads\/2021\/03\/\u5fae\u4fe1\u56fe\u7247_20210303115532-364x364.png 364w, https:\/\/seppeschina.com\/wp-content\/uploads\/2021\/03\/\u5fae\u4fe1\u56fe\u7247_20210303115532-50x50.png 50w, https:\/\/seppeschina.com\/wp-content\/uploads\/2021\/03\/\u5fae\u4fe1\u56fe\u7247_20210303115532-110x110.png 110w, https:\/\/seppeschina.com\/wp-content\/uploads\/2021\/03\/\u5fae\u4fe1\u56fe\u7247_20210303115532-275x275.png 275w, https:\/\/seppeschina.com\/wp-content\/uploads\/2021\/03\/\u5fae\u4fe1\u56fe\u7247_20210303115532-480x480.png 480w, https:\/\/seppeschina.com\/wp-content\/uploads\/2021\/03\/\u5fae\u4fe1\u56fe\u7247_20210303115532-550x550.png 550w\" sizes=\"auto, (max-width: 600px) 100vw, 600px\" \/> <img loading=\"lazy\" decoding=\"async\" class=\"aligncenter wp-image-9812\" src=\"https:\/\/seppeschina.com\/wp-content\/uploads\/2020\/12\/fast-door-motor-2.jpg\" alt=\"\" width=\"600\" height=\"600\" srcset=\"https:\/\/seppeschina.com\/wp-content\/uploads\/2020\/12\/fast-door-motor-2.jpg 750w, https:\/\/seppeschina.com\/wp-content\/uploads\/2020\/12\/fast-door-motor-2-360x360.jpg 360w, https:\/\/seppeschina.com\/wp-content\/uploads\/2020\/12\/fast-door-motor-2-100x100.jpg 100w, https:\/\/seppeschina.com\/wp-content\/uploads\/2020\/12\/fast-door-motor-2-600x600.jpg 600w, https:\/\/seppeschina.com\/wp-content\/uploads\/2020\/12\/fast-door-motor-2-150x150.jpg 150w, https:\/\/seppeschina.com\/wp-content\/uploads\/2020\/12\/fast-door-motor-2-300x300.jpg 300w, https:\/\/seppeschina.com\/wp-content\/uploads\/2020\/12\/fast-door-motor-2-24x24.jpg 24w, https:\/\/seppeschina.com\/wp-content\/uploads\/2020\/12\/fast-door-motor-2-48x48.jpg 48w, https:\/\/seppeschina.com\/wp-content\/uploads\/2020\/12\/fast-door-motor-2-96x96.jpg 96w, https:\/\/seppeschina.com\/wp-content\/uploads\/2020\/12\/fast-door-motor-2-364x364.jpg 364w, https:\/\/seppeschina.com\/wp-content\/uploads\/2020\/12\/fast-door-motor-2-50x50.jpg 50w, https:\/\/seppeschina.com\/wp-content\/uploads\/2020\/12\/fast-door-motor-2-110x110.jpg 110w, https:\/\/seppeschina.com\/wp-content\/uploads\/2020\/12\/fast-door-motor-2-275x275.jpg 275w, https:\/\/seppeschina.com\/wp-content\/uploads\/2020\/12\/fast-door-motor-2-480x480.jpg 480w, https:\/\/seppeschina.com\/wp-content\/uploads\/2020\/12\/fast-door-motor-2-550x550.jpg 550w\" sizes=\"auto, (max-width: 600px) 100vw, 600px\" \/><\/p>\n<h3><span style=\"color: #3366ff;\"><strong><b>Descri\u00e7\u00e3o\u00a0<\/b><\/strong><\/span><\/h3>\n<p>1. O sistema utiliza um Motor S\u00edncrono de \u00cdm\u00e3 Permanente de Terras Raras. Em determinadas pot\u00eancias, o sistema \u00e9 50% mais leve e oferece 50% mais pot\u00eancia que outros motores;<\/p>\n<p>2. Motor S\u00edncrono de \u00cdm\u00e3 Permanente de Terras Raras;<\/p>\n<p>3. Codificador absoluto integrado;<\/p>\n<p>4. Controle em malha fechada completa, fia\u00e7\u00e3o simples, preciso, est\u00e1vel, qualidade precisa e est\u00e1vel;<\/p>\n<p>5. Motor + Redutor + Pacote;<\/p>\n<p>6. Utiliza design integrado, f\u00e1cil conex\u00e3o com outros sistemas.<\/p>\n<p>7. Tela LCD, painel em chin\u00eas e ingl\u00eas, interface amig\u00e1vel, opera\u00e7\u00e3o simples.<\/p>\n<h3><span style=\"color: #3366ff;\"><strong><b>Carac<\/b><\/strong><strong><b>ter\u00edsti<\/b><\/strong><strong><b>cas<\/b><\/strong><\/span><\/h3>\n<p><img loading=\"lazy\" decoding=\"async\" class=\"aligncenter size-full wp-image-12070\" src=\"https:\/\/seppeschina.com\/wp-content\/uploads\/2021\/01\/1.png\" alt=\"\" width=\"610\" height=\"486\" srcset=\"https:\/\/seppeschina.com\/wp-content\/uploads\/2021\/01\/1.png 610w, https:\/\/seppeschina.com\/wp-content\/uploads\/2021\/01\/1-360x287.png 360w, https:\/\/seppeschina.com\/wp-content\/uploads\/2021\/01\/1-600x478.png 600w, https:\/\/seppeschina.com\/wp-content\/uploads\/2021\/01\/1-300x239.png 300w, https:\/\/seppeschina.com\/wp-content\/uploads\/2021\/01\/1-550x438.png 550w\" sizes=\"auto, (max-width: 610px) 100vw, 610px\" \/><\/p>\n<p><span style=\"color: #3366ff; font-size: 30px; font-weight: bold;\">Imagens Detalhadas<\/span><\/p>\n<p><img loading=\"lazy\" decoding=\"async\" class=\"aligncenter wp-image-10061\" src=\"https:\/\/seppeschina.com\/wp-content\/uploads\/2020\/12\/\u5fae\u4fe1\u56fe\u7247_202011201005411-\u526f\u672c.png\" alt=\"\" width=\"600\" height=\"600\" srcset=\"https:\/\/seppeschina.com\/wp-content\/uploads\/2020\/12\/\u5fae\u4fe1\u56fe\u7247_202011201005411-\u526f\u672c.png 750w, https:\/\/seppeschina.com\/wp-content\/uploads\/2020\/12\/\u5fae\u4fe1\u56fe\u7247_202011201005411-\u526f\u672c-360x360.png 360w, https:\/\/seppeschina.com\/wp-content\/uploads\/2020\/12\/\u5fae\u4fe1\u56fe\u7247_202011201005411-\u526f\u672c-100x100.png 100w, https:\/\/seppeschina.com\/wp-content\/uploads\/2020\/12\/\u5fae\u4fe1\u56fe\u7247_202011201005411-\u526f\u672c-600x600.png 600w, https:\/\/seppeschina.com\/wp-content\/uploads\/2020\/12\/\u5fae\u4fe1\u56fe\u7247_202011201005411-\u526f\u672c-300x300.png 300w, https:\/\/seppeschina.com\/wp-content\/uploads\/2020\/12\/\u5fae\u4fe1\u56fe\u7247_202011201005411-\u526f\u672c-150x150.png 150w, https:\/\/seppeschina.com\/wp-content\/uploads\/2020\/12\/\u5fae\u4fe1\u56fe\u7247_202011201005411-\u526f\u672c-24x24.png 24w, https:\/\/seppeschina.com\/wp-content\/uploads\/2020\/12\/\u5fae\u4fe1\u56fe\u7247_202011201005411-\u526f\u672c-48x48.png 48w, https:\/\/seppeschina.com\/wp-content\/uploads\/2020\/12\/\u5fae\u4fe1\u56fe\u7247_202011201005411-\u526f\u672c-96x96.png 96w, https:\/\/seppeschina.com\/wp-content\/uploads\/2020\/12\/\u5fae\u4fe1\u56fe\u7247_202011201005411-\u526f\u672c-364x364.png 364w, https:\/\/seppeschina.com\/wp-content\/uploads\/2020\/12\/\u5fae\u4fe1\u56fe\u7247_202011201005411-\u526f\u672c-50x50.png 50w, https:\/\/seppeschina.com\/wp-content\/uploads\/2020\/12\/\u5fae\u4fe1\u56fe\u7247_202011201005411-\u526f\u672c-110x110.png 110w, https:\/\/seppeschina.com\/wp-content\/uploads\/2020\/12\/\u5fae\u4fe1\u56fe\u7247_202011201005411-\u526f\u672c-275x275.png 275w, https:\/\/seppeschina.com\/wp-content\/uploads\/2020\/12\/\u5fae\u4fe1\u56fe\u7247_202011201005411-\u526f\u672c-480x480.png 480w, https:\/\/seppeschina.com\/wp-content\/uploads\/2020\/12\/\u5fae\u4fe1\u56fe\u7247_202011201005411-\u526f\u672c-550x550.png 550w\" sizes=\"auto, (max-width: 600px) 100vw, 600px\" \/><\/p>\n<p><img loading=\"lazy\" decoding=\"async\" class=\"aligncenter wp-image-10060\" src=\"https:\/\/seppeschina.com\/wp-content\/uploads\/2020\/12\/\u5fae\u4fe1\u56fe\u7247_20201120100541.png\" alt=\"\" width=\"600\" height=\"599\" srcset=\"https:\/\/seppeschina.com\/wp-content\/uploads\/2020\/12\/\u5fae\u4fe1\u56fe\u7247_20201120100541.png 750w, https:\/\/seppeschina.com\/wp-content\/uploads\/2020\/12\/\u5fae\u4fe1\u56fe\u7247_20201120100541-360x360.png 360w, https:\/\/seppeschina.com\/wp-content\/uploads\/2020\/12\/\u5fae\u4fe1\u56fe\u7247_20201120100541-100x100.png 100w, https:\/\/seppeschina.com\/wp-content\/uploads\/2020\/12\/\u5fae\u4fe1\u56fe\u7247_20201120100541-600x599.png 600w, https:\/\/seppeschina.com\/wp-content\/uploads\/2020\/12\/\u5fae\u4fe1\u56fe\u7247_20201120100541-300x300.png 300w, https:\/\/seppeschina.com\/wp-content\/uploads\/2020\/12\/\u5fae\u4fe1\u56fe\u7247_20201120100541-150x150.png 150w, https:\/\/seppeschina.com\/wp-content\/uploads\/2020\/12\/\u5fae\u4fe1\u56fe\u7247_20201120100541-24x24.png 24w, https:\/\/seppeschina.com\/wp-content\/uploads\/2020\/12\/\u5fae\u4fe1\u56fe\u7247_20201120100541-48x48.png 48w, https:\/\/seppeschina.com\/wp-content\/uploads\/2020\/12\/\u5fae\u4fe1\u56fe\u7247_20201120100541-96x96.png 96w, https:\/\/seppeschina.com\/wp-content\/uploads\/2020\/12\/\u5fae\u4fe1\u56fe\u7247_20201120100541-364x364.png 364w, https:\/\/seppeschina.com\/wp-content\/uploads\/2020\/12\/\u5fae\u4fe1\u56fe\u7247_20201120100541-50x50.png 50w, https:\/\/seppeschina.com\/wp-content\/uploads\/2020\/12\/\u5fae\u4fe1\u56fe\u7247_20201120100541-110x110.png 110w, https:\/\/seppeschina.com\/wp-content\/uploads\/2020\/12\/\u5fae\u4fe1\u56fe\u7247_20201120100541-275x275.png 275w, https:\/\/seppeschina.com\/wp-content\/uploads\/2020\/12\/\u5fae\u4fe1\u56fe\u7247_20201120100541-480x480.png 480w, https:\/\/seppeschina.com\/wp-content\/uploads\/2020\/12\/\u5fae\u4fe1\u56fe\u7247_20201120100541-550x550.png 550w\" sizes=\"auto, (max-width: 600px) 100vw, 600px\" \/><\/p>\n<h3><span style=\"color: #3366ff;\"><strong><b>Utilizado para Porta Industrial<\/b><\/strong><\/span><\/h3>\n<p><img loading=\"lazy\" decoding=\"async\" class=\"aligncenter wp-image-10069\" src=\"https:\/\/seppeschina.com\/wp-content\/uploads\/2020\/12\/\u5fae\u4fe1\u56fe\u7247_20210107171804-300x199.jpg\" alt=\"\" width=\"600\" height=\"397\" srcset=\"https:\/\/seppeschina.com\/wp-content\/uploads\/2020\/12\/\u5fae\u4fe1\u56fe\u7247_20210107171804-300x199.jpg 300w, https:\/\/seppeschina.com\/wp-content\/uploads\/2020\/12\/\u5fae\u4fe1\u56fe\u7247_20210107171804-360x238.jpg 360w, https:\/\/seppeschina.com\/wp-content\/uploads\/2020\/12\/\u5fae\u4fe1\u56fe\u7247_20210107171804-600x397.jpg 600w, https:\/\/seppeschina.com\/wp-content\/uploads\/2020\/12\/\u5fae\u4fe1\u56fe\u7247_20210107171804-1024x678.jpg 1024w, https:\/\/seppeschina.com\/wp-content\/uploads\/2020\/12\/\u5fae\u4fe1\u56fe\u7247_20210107171804-768x508.jpg 768w, https:\/\/seppeschina.com\/wp-content\/uploads\/2020\/12\/\u5fae\u4fe1\u56fe\u7247_20210107171804-1536x1017.jpg 1536w, https:\/\/seppeschina.com\/wp-content\/uploads\/2020\/12\/\u5fae\u4fe1\u56fe\u7247_20210107171804-2048x1356.jpg 2048w, https:\/\/seppeschina.com\/wp-content\/uploads\/2020\/12\/\u5fae\u4fe1\u56fe\u7247_20210107171804-128x84.jpg 128w, https:\/\/seppeschina.com\/wp-content\/uploads\/2020\/12\/\u5fae\u4fe1\u56fe\u7247_20210107171804-470x310.jpg 470w, https:\/\/seppeschina.com\/wp-content\/uploads\/2020\/12\/\u5fae\u4fe1\u56fe\u7247_20210107171804-755x500.jpg 755w, https:\/\/seppeschina.com\/wp-content\/uploads\/2020\/12\/\u5fae\u4fe1\u56fe\u7247_20210107171804-550x364.jpg 550w\" sizes=\"auto, (max-width: 600px) 100vw, 600px\" \/><\/p>\n<h3><span style=\"color: #3366ff;\"><strong><b>Perguntas Frequentes<\/b><\/strong><\/span><\/h3>\n<ol>\n<li>P: Qual \u00e9 o prazo de entrega?<\/li>\n<\/ol>\n<p>R: R\u00e1pido, em at\u00e9 7 dias.<\/p>\n<p>2. P: Qual \u00e9 o pre\u00e7o do frete?<\/p>\n<p>R: Depende da quantidade e endere\u00e7o.<\/p>\n<p>3. P: Quantidade m\u00ednima de pedido (MOQ)?<\/p>\n<p>R: 1 pedido experimental \u00e9 aceit\u00e1vel.<\/p>\n<p>4. P: A logomarca pode ser personalizada?<\/p>\n<p>R: A logomarca pode ser personalizada se a quantidade de compra for superior a 40 unidades.<\/p>\n<p>5. P: Como posso me tornar um representante?<\/p>\n<p>R: Entre em contato com nosso departamento de vendas.<\/p>","protected":false},"excerpt":{"rendered":"<p>O motor de servo possui diversas caracter\u00edsticas, como precis\u00e3o, estabilidade, alta velocidade, suavidade, personaliza\u00e7\u00e3o, seguran\u00e7a, alta durabilidade, entre outras.<\/p>","protected":false},"featured_media":9815,"comment_status":"open","ping_status":"closed","template":"","meta":[],"product_brand":[],"product_cat":[209],"product_tag":[],"class_list":{"0":"post-10078","1":"product","2":"type-product","3":"status-publish","4":"has-post-thumbnail","6":"product_cat-high-speed-door-motor","9":"first","10":"instock","11":"shipping-taxable","12":"product-type-simple"},"_links":{"self":[{"href":"https:\/\/seppeschina.com\/pt\/wp-json\/wp\/v2\/product\/10078","targetHints":{"allow":["GET"]}}],"collection":[{"href":"https:\/\/seppeschina.com\/pt\/wp-json\/wp\/v2\/product"}],"about":[{"href":"https:\/\/seppeschina.com\/pt\/wp-json\/wp\/v2\/types\/product"}],"replies":[{"embeddable":true,"href":"https:\/\/seppeschina.com\/pt\/wp-json\/wp\/v2\/comments?post=10078"}],"wp:featuredmedia":[{"embeddable":true,"href":"https:\/\/seppeschina.com\/pt\/wp-json\/wp\/v2\/media\/9815"}],"wp:attachment":[{"href":"https:\/\/seppeschina.com\/pt\/wp-json\/wp\/v2\/media?parent=10078"}],"wp:term":[{"taxonomy":"product_brand","embeddable":true,"href":"https:\/\/seppeschina.com\/pt\/wp-json\/wp\/v2\/product_brand?post=10078"},{"taxonomy":"product_cat","embeddable":true,"href":"https:\/\/seppeschina.com\/pt\/wp-json\/wp\/v2\/product_cat?post=10078"},{"taxonomy":"product_tag","embeddable":true,"href":"https:\/\/seppeschina.com\/pt\/wp-json\/wp\/v2\/product_tag?post=10078"}],"curies":[{"name":"wp","href":"https:\/\/api.w.org\/{rel}","templated":true}]}}