{"id":10079,"date":"2021-01-08T16:15:23","date_gmt":"2021-01-08T08:15:23","guid":{"rendered":"https:\/\/seppeschina.com\/?post_type=product&#038;p=10079"},"modified":"2025-05-19T16:15:10","modified_gmt":"2025-05-19T08:15:10","slug":"porta-de-alta-velocidade-china-seppes-com-ziper-azul-e-radar-hsd-140","status":"publish","type":"product","link":"https:\/\/seppeschina.com\/pt\/product\/china-seppes-blue-zipper-high-speed-door-with-radar-hsd-140\/","title":{"rendered":"Porta de Z\u00edper Azul SEPPES de Alta Velocidade com Radar HSD-140 da China"},"content":{"rendered":"<div style=\"width: 640px;\" class=\"wp-video\"><video class=\"wp-video-shortcode\" id=\"video-10079-1\" width=\"640\" height=\"368\" preload=\"metadata\" controls=\"controls\"><source type=\"video\/mp4\" src=\"https:\/\/seppeschina.com\/wp-content\/uploads\/2021\/01\/\u52a0\u97f3\u4e50.mp4?_=1\" \/><a href=\"https:\/\/seppeschina.com\/wp-content\/uploads\/2021\/01\/\u52a0\u97f3\u4e50.mp4\">https:\/\/seppeschina.com\/wp-content\/uploads\/2021\/01\/\u52a0\u97f3\u4e50.mp4<\/a><\/video><\/div>\n<h3><span style=\"color: #3366ff;\">Descri\u00e7\u00e3o<\/span><\/h3>\n<p>As caracter\u00edsticas convencionais da Porta de Alta Velocidade com Fechamento em Z\u00edper incluem:<\/p>\n<p><span class=\"VIiyi\" lang=\"en\"><span class=\"JLqJ4b ChMk0b\" data-language-for-alternatives=\"en\" data-language-to-translate-into=\"zh-CN\" data-phrase-index=\"0\">1. Reposi\u00e7\u00e3o: fun\u00e7\u00e3o de reposi\u00e7\u00e3o autom\u00e1tica para evitar colis\u00e3o e descarrilamento acidental (tecnologia patenteada)<\/span> <\/span><\/p>\n<p><span class=\"VIiyi\" lang=\"en\"><span class=\"JLqJ4b ChMk0b\" data-language-for-alternatives=\"en\" data-language-to-translate-into=\"zh-CN\" data-phrase-index=\"2\">2. Fecho de corrente: estrutura de bloqueio de z\u00edper, alta performance de estanquidade; corpo da porta totalmente flex\u00edvel, mais seguro<\/span> <\/span><\/p>\n<p><span class=\"VIiyi\" lang=\"en\"><span class=\"JLqJ4b ChMk0b\" data-language-for-alternatives=\"en\" data-language-to-translate-into=\"zh-CN\" data-phrase-index=\"4\">3. Alta velocidade: o motor servo \u00e9 especialmente personalizado e a velocidade de abertura pode chegar a 2,0 m\/s, sendo tamb\u00e9m aplic\u00e1vel \u00e0 linha de produ\u00e7\u00e3o de alta frequ\u00eancia<\/span> <\/span><\/p>\n<p><span class=\"VIiyi\" lang=\"en\"><span class=\"JLqJ4b ChMk0b\" data-language-for-alternatives=\"en\" data-language-to-translate-into=\"zh-CN\" data-phrase-index=\"6\">4. Resist\u00eancia ao vento: a trilha do quadro da porta est\u00e1 equipada com um sistema de tensionamento por mola de tens\u00e3o, convencionalmente resistente a 6-8 n\u00edveis de press\u00e3o do vento, podendo ser refor\u00e7ado por encomendas especiais<\/span> <\/span><\/p>\n<p><span class=\"VIiyi\" lang=\"en\"><span class=\"JLqJ4b ChMk0b\" data-language-for-alternatives=\"en\" data-language-to-translate-into=\"zh-CN\" data-phrase-index=\"8\">5. Alta frequ\u00eancia: o n\u00famero de ciclos de funcionamento chega a 1 milh\u00e3o ou mais<\/span> <\/span><\/p>\n<p><span class=\"VIiyi\" lang=\"en\"><span class=\"JLqJ4b ChMk0b\" data-language-for-alternatives=\"en\" data-language-to-translate-into=\"zh-CN\" data-phrase-index=\"10\">6. Seguran\u00e7a: fotoc\u00e9lula de seguran\u00e7a padr\u00e3o e almofada de ar inferior (tecnologia patenteada SEPPES), cortina de luz de seguran\u00e7a opcional<\/span><\/span><\/p>\n<h3><span style=\"color: #3366ff;\"><strong><b>Composi\u00e7\u00e3o<\/b><\/strong><\/span><\/h3>\n<p><img loading=\"lazy\" decoding=\"async\" class=\"aligncenter wp-image-10086\" src=\"https:\/\/seppeschina.com\/wp-content\/uploads\/2021\/01\/\u5fae\u4fe1\u56fe\u7247_20200608145916-1.jpg\" alt=\"\" width=\"600\" height=\"640\" srcset=\"https:\/\/seppeschina.com\/wp-content\/uploads\/2021\/01\/\u5fae\u4fe1\u56fe\u7247_20200608145916-1.jpg 750w, https:\/\/seppeschina.com\/wp-content\/uploads\/2021\/01\/\u5fae\u4fe1\u56fe\u7247_20200608145916-1-360x384.jpg 360w, https:\/\/seppeschina.com\/wp-content\/uploads\/2021\/01\/\u5fae\u4fe1\u56fe\u7247_20200608145916-1-600x640.jpg 600w, https:\/\/seppeschina.com\/wp-content\/uploads\/2021\/01\/\u5fae\u4fe1\u56fe\u7247_20200608145916-1-281x300.jpg 281w, https:\/\/seppeschina.com\/wp-content\/uploads\/2021\/01\/\u5fae\u4fe1\u56fe\u7247_20200608145916-1-516x550.jpg 516w\" sizes=\"auto, (max-width: 600px) 100vw, 600px\" \/><\/p>\n<h3><span style=\"color: #3366ff;\"><strong><b>Caracter\u00edstica<\/b><\/strong><\/span><\/h3>\n<table>\n<tbody>\n<tr>\n<td width=\"118\"><strong><b>Nome<\/b><\/strong><\/td>\n<td width=\"339\">Porta R\u00e1pida de Z\u00edper SEPPES<\/td>\n<\/tr>\n<tr>\n<td width=\"118\"><strong><b>Cortina<\/b><\/strong><\/td>\n<td width=\"339\">Cortina de porta em tecido com 1,2 mm de espessura<\/td>\n<\/tr>\n<tr>\n<td width=\"118\"><strong><b>Quadro da Porta<\/b><\/strong><\/td>\n<td width=\"339\">A\u00e7o Galvanizado\/<\/p>\n<p>A\u00e7o Inoxid\u00e1vel 304 \/ Liga de Alum\u00ednio<\/td>\n<\/tr>\n<tr>\n<td width=\"118\"><strong><b>Motor<\/b><\/strong><\/td>\n<td width=\"339\">Motor servo, utilizado mais de 1,5 milh\u00e3o de vezes<\/td>\n<\/tr>\n<tr>\n<td width=\"118\"><strong><b>Pot\u00eancia<\/b><\/strong><\/td>\n<td width=\"339\">220v, 0,75kw, 50HZ<\/td>\n<\/tr>\n<tr>\n<td width=\"118\"><strong><b>Velocidade<\/b><\/strong><\/td>\n<td width=\"339\">0,8-2,5 m\/s, ajust\u00e1vel<\/td>\n<\/tr>\n<tr>\n<td width=\"118\"><strong><b>Ciclos de Utiliza\u00e7\u00e3o<\/b><\/strong><\/td>\n<td width=\"339\">Mais de 1,5 milh\u00e3o de vezes<\/td>\n<\/tr>\n<tr>\n<td width=\"118\"><strong><b>Prote\u00e7\u00e3o<\/b><\/strong><\/td>\n<td width=\"339\">IP54<\/td>\n<\/tr>\n<tr>\n<td width=\"118\"><strong><b>Vantagem<\/b><\/strong><\/td>\n<td width=\"339\">Silencioso \/ Dur\u00e1vel \/ Evita colis\u00f5es \/ Reposi\u00e7\u00e3o autom\u00e1tica<\/td>\n<\/tr>\n<\/tbody>\n<\/table>\n<h3><span style=\"color: #3366ff;\"><strong><b>Imagens Detalhadas<\/b><\/strong><\/span><\/h3>\n<p><img loading=\"lazy\" decoding=\"async\" class=\"aligncenter wp-image-11816 size-full\" src=\"https:\/\/seppeschina.com\/wp-content\/uploads\/2021\/04\/\u62c9\u94fe\u5feb\u901f\u95e8_03.jpg\" alt=\"\" width=\"600\" height=\"633\" srcset=\"https:\/\/seppeschina.com\/wp-content\/uploads\/2021\/04\/\u62c9\u94fe\u5feb\u901f\u95e8_03.jpg 600w, https:\/\/seppeschina.com\/wp-content\/uploads\/2021\/04\/\u62c9\u94fe\u5feb\u901f\u95e8_03-360x380.jpg 360w, https:\/\/seppeschina.com\/wp-content\/uploads\/2021\/04\/\u62c9\u94fe\u5feb\u901f\u95e8_03-284x300.jpg 284w, https:\/\/seppeschina.com\/wp-content\/uploads\/2021\/04\/\u62c9\u94fe\u5feb\u901f\u95e8_03-24x24.jpg 24w, https:\/\/seppeschina.com\/wp-content\/uploads\/2021\/04\/\u62c9\u94fe\u5feb\u901f\u95e8_03-521x550.jpg 521w\" sizes=\"auto, (max-width: 600px) 100vw, 600px\" \/><\/p>\n<p>1. O cantoneiro \u00e9 refor\u00e7ado para tornar a estrutura da porta mais est\u00e1vel;<\/p>\n<p>2. Instala\u00e7\u00e3o mais conveniente, apar\u00eancia est\u00e9tica;<\/p>\n<p>3. Pode ser automaticamente reposta se for deslocada do trilho por impacto;<\/p>\n<p>4. Ao tocar levemente num objeto, recua rapidamente;<\/p>\n<p>5. Cada produto possui o seu pr\u00f3prio c\u00f3digo;<\/p>\n<p>6. A cor pode ser selecionada de acordo com a carta de cores Raul.<\/p>\n<h3><span style=\"color: #3366ff;\">M\u00e9todos de Abertura<\/span><\/h3>\n<p><img loading=\"lazy\" decoding=\"async\" class=\"aligncenter wp-image-9999\" src=\"https:\/\/seppeschina.com\/wp-content\/uploads\/2019\/04\/\u672a\u6807\u9898-2.jpg\" alt=\"\" width=\"600\" height=\"600\" srcset=\"https:\/\/seppeschina.com\/wp-content\/uploads\/2019\/04\/\u672a\u6807\u9898-2.jpg 750w, https:\/\/seppeschina.com\/wp-content\/uploads\/2019\/04\/\u672a\u6807\u9898-2-360x360.jpg 360w, https:\/\/seppeschina.com\/wp-content\/uploads\/2019\/04\/\u672a\u6807\u9898-2-100x100.jpg 100w, https:\/\/seppeschina.com\/wp-content\/uploads\/2019\/04\/\u672a\u6807\u9898-2-600x600.jpg 600w, https:\/\/seppeschina.com\/wp-content\/uploads\/2019\/04\/\u672a\u6807\u9898-2-300x300.jpg 300w, https:\/\/seppeschina.com\/wp-content\/uploads\/2019\/04\/\u672a\u6807\u9898-2-150x150.jpg 150w, https:\/\/seppeschina.com\/wp-content\/uploads\/2019\/04\/\u672a\u6807\u9898-2-24x24.jpg 24w, https:\/\/seppeschina.com\/wp-content\/uploads\/2019\/04\/\u672a\u6807\u9898-2-48x48.jpg 48w, https:\/\/seppeschina.com\/wp-content\/uploads\/2019\/04\/\u672a\u6807\u9898-2-96x96.jpg 96w, https:\/\/seppeschina.com\/wp-content\/uploads\/2019\/04\/\u672a\u6807\u9898-2-364x364.jpg 364w, https:\/\/seppeschina.com\/wp-content\/uploads\/2019\/04\/\u672a\u6807\u9898-2-50x50.jpg 50w, https:\/\/seppeschina.com\/wp-content\/uploads\/2019\/04\/\u672a\u6807\u9898-2-110x110.jpg 110w, https:\/\/seppeschina.com\/wp-content\/uploads\/2019\/04\/\u672a\u6807\u9898-2-275x275.jpg 275w, https:\/\/seppeschina.com\/wp-content\/uploads\/2019\/04\/\u672a\u6807\u9898-2-480x480.jpg 480w, https:\/\/seppeschina.com\/wp-content\/uploads\/2019\/04\/\u672a\u6807\u9898-2-550x550.jpg 550w\" sizes=\"auto, (max-width: 600px) 100vw, 600px\" \/><\/p>\n<h3><span style=\"color: #3366ff;\">Produto Relacionado<\/span><\/h3>\n<p><img loading=\"lazy\" decoding=\"async\" class=\"aligncenter size-full wp-image-11599\" src=\"https:\/\/seppeschina.com\/wp-content\/uploads\/2021\/03\/seppes-door-1.gif\" alt=\"\" width=\"600\" height=\"528\"><\/p>\n<h3><span style=\"color: #3366ff;\">Quem somos?<\/span><\/h3>\n<h5>Sobre n\u00f3s<\/h5>\n<p><strong>Seppes Door Industry (Suzhou) Co., Ltd.<\/strong>\u00a0foi estabelecida em 2011 e \u00e9 uma empresa de fabrica\u00e7\u00e3o e com\u00e9rcio com 9 anos de experi\u00eancia. Nossos principais produtos s\u00e3o portas de alta velocidade, portas de enrolar r\u00e1pidas, portas de enrolar autom\u00e1ticas, portas combinadas, etc.<\/p>\n<p><img loading=\"lazy\" decoding=\"async\" class=\"aligncenter size-full wp-image-11606\" src=\"https:\/\/seppeschina.com\/wp-content\/uploads\/2021\/03\/seppes-door8.gif\" alt=\"\" width=\"600\" height=\"502\"><\/p>\n<h3><span style=\"color: #3366ff;\">Mostra da F\u00e1brica\u00a0\u00a0<\/span><\/h3>\n<p><img loading=\"lazy\" decoding=\"async\" class=\"aligncenter size-full wp-image-11604\" src=\"https:\/\/seppeschina.com\/wp-content\/uploads\/2021\/03\/seppes-door6.gif\" alt=\"\" width=\"600\" height=\"358\"><\/p>\n<h3><span style=\"color: #3366ff;\">Feiras\/Exposi\u00e7\u00f5es<\/span><\/h3>\n<p>Esta \u00e9 uma foto de clientes espanh\u00f3is, australianos, brasileiros, chilenos, etc., que visitaram nossa empresa.<\/p>\n<p><img loading=\"lazy\" decoding=\"async\" class=\"aligncenter size-full wp-image-11605\" src=\"https:\/\/seppeschina.com\/wp-content\/uploads\/2021\/03\/seppes-door7.gif\" alt=\"\" width=\"600\" height=\"338\"><\/p>\n<h3><span style=\"color: #3366ff;\">Nossos Parceiros<\/span><br \/>\n<img loading=\"lazy\" decoding=\"async\" class=\"aligncenter size-full wp-image-11608\" src=\"https:\/\/seppeschina.com\/wp-content\/uploads\/2021\/03\/seppes-door10.gif\" alt=\"\" width=\"600\" height=\"491\"><span style=\"color: #3366ff;\">Vantagens<\/span><\/h3>\n<p><img loading=\"lazy\" decoding=\"async\" class=\"aligncenter size-full wp-image-11817\" src=\"https:\/\/seppeschina.com\/wp-content\/uploads\/2021\/04\/\u62c9\u94fe\u5feb\u901f\u95e8_02.jpg\" alt=\"\" width=\"600\" height=\"636\" srcset=\"https:\/\/seppeschina.com\/wp-content\/uploads\/2021\/04\/\u62c9\u94fe\u5feb\u901f\u95e8_02.jpg 600w, https:\/\/seppeschina.com\/wp-content\/uploads\/2021\/04\/\u62c9\u94fe\u5feb\u901f\u95e8_02-360x382.jpg 360w, https:\/\/seppeschina.com\/wp-content\/uploads\/2021\/04\/\u62c9\u94fe\u5feb\u901f\u95e8_02-283x300.jpg 283w, https:\/\/seppeschina.com\/wp-content\/uploads\/2021\/04\/\u62c9\u94fe\u5feb\u901f\u95e8_02-24x24.jpg 24w, https:\/\/seppeschina.com\/wp-content\/uploads\/2021\/04\/\u62c9\u94fe\u5feb\u901f\u95e8_02-519x550.jpg 519w\" sizes=\"auto, (max-width: 600px) 100vw, 600px\" \/><\/p>\n<h3><span style=\"color: #3366ff;\">Aplica\u00e7\u00f5es<\/span><\/h3>\n<p><img loading=\"lazy\" decoding=\"async\" class=\"aligncenter size-full wp-image-11612\" src=\"https:\/\/seppeschina.com\/wp-content\/uploads\/2021\/03\/seppes-door2.jpg\" alt=\"\" width=\"600\" height=\"723\" srcset=\"https:\/\/seppeschina.com\/wp-content\/uploads\/2021\/03\/seppes-door2.jpg 600w, https:\/\/seppeschina.com\/wp-content\/uploads\/2021\/03\/seppes-door2-360x434.jpg 360w, https:\/\/seppeschina.com\/wp-content\/uploads\/2021\/03\/seppes-door2-249x300.jpg 249w, https:\/\/seppeschina.com\/wp-content\/uploads\/2021\/03\/seppes-door2-456x550.jpg 456w\" sizes=\"auto, (max-width: 600px) 100vw, 600px\" \/><\/p>\n<h3><span style=\"color: #3366ff;\">Entrega &amp; Embalagem<\/span><\/h3>\n<p>Nosso m\u00e9todo de embalagem \u00e9 caixa de madeira, e os m\u00e9todos de transporte incluem expresso, a\u00e9reo e mar\u00edtimo. Normalmente 3-7 dias ap\u00f3s a realiza\u00e7\u00e3o do pedido.<\/p>\n<p><img loading=\"lazy\" decoding=\"async\" class=\"aligncenter size-full wp-image-11818\" src=\"https:\/\/seppeschina.com\/wp-content\/uploads\/2021\/04\/H847d78bca14e40ceb2854a49609655195.png\" alt=\"\" width=\"750\" height=\"310\" srcset=\"https:\/\/seppeschina.com\/wp-content\/uploads\/2021\/04\/H847d78bca14e40ceb2854a49609655195.png 750w, https:\/\/seppeschina.com\/wp-content\/uploads\/2021\/04\/H847d78bca14e40ceb2854a49609655195-360x149.png 360w, https:\/\/seppeschina.com\/wp-content\/uploads\/2021\/04\/H847d78bca14e40ceb2854a49609655195-600x248.png 600w, https:\/\/seppeschina.com\/wp-content\/uploads\/2021\/04\/H847d78bca14e40ceb2854a49609655195-300x124.png 300w, https:\/\/seppeschina.com\/wp-content\/uploads\/2021\/04\/H847d78bca14e40ceb2854a49609655195-550x227.png 550w\" sizes=\"auto, (max-width: 750px) 100vw, 750px\" \/><\/p>\n<h3><span style=\"color: #3366ff;\">Perguntas Frequentes<\/span><\/h3>\n<p><strong><span style=\"color: #ff0000;\">P: Como s\u00e3o a pot\u00eancia e a voltagem?<\/span><\/strong><\/p>\n<p><strong>R: Podem ser personalizadas. Normalmente 220V, 0.75KW, 50HZ, monof\u00e1sica.<\/strong><\/p>\n<p><strong><span style=\"color: #ff0000;\">P: Quais materiais de estrutura para porta de alta velocidade posso escolher?<\/span><\/strong><\/p>\n<p><strong>R: Batente de a\u00e7o pintado, batente em SUS304\/316, batente em liga de alum\u00ednio.<\/strong><\/p>\n<p><strong><span style=\"color: #ff0000;\">P: Qual \u00e9 o pre\u00e7o da porta de alta velocidade?<\/span><\/strong><\/p>\n<p><strong>R: Depende do seu tamanho e outros dispositivos.<\/strong><\/p>\n<p><span style=\"color: #ff0000;\"><strong>P: Como escolher a f\u00e1brica de portas de alta velocidade?<\/strong><\/span><\/p>\n<p><strong>R: Certificadas: SGS, CE, com mais de 10 anos de experi\u00eancia.<\/strong><\/p>\n<p><span style=\"color: #ff0000;\"><strong>P: Podemos instalar a porta de alta velocidade n\u00f3s mesmos?<\/strong><\/span><\/p>\n<p><strong>R: Sim, muito simples. Podemos fornecer manual de instala\u00e7\u00e3o em ingl\u00eas e v\u00eddeos de orienta\u00e7\u00e3o.\u00a0<\/strong><\/p>\n<p><strong><span style=\"color: #ff0000;\">P\uff1aQuanto tempo pode ser usado?<\/span><\/strong><\/p>\n<p><strong>R\uff1aAproximadamente 10 a 15 anos.<\/strong><\/p>\n<p><strong><span style=\"color: #ff0000;\">P\uff1aQuais s\u00e3o os m\u00e9todos de abertura autom\u00e1tica\/inteligente da porta de alta velocidade?<\/span><\/strong><\/p>\n<p><strong>R\uff1aBot\u00e3o de acionamento manual, dispositivo sensor de movimento autom\u00e1tico, indu\u00e7\u00e3o por loop, interruptor de tra\u00e7\u00e3o, cart\u00e3o de acesso, integra\u00e7\u00e3o com PLC ou AGV.<\/strong><\/p>","protected":false},"excerpt":{"rendered":"<p>A Porta R\u00e1pida de Z\u00edper \u00e9 adequada para departamentos internos\/externos de m\u00e9dio porte e canais log\u00edsticos de alta frequ\u00eancia. Adota cortinas totalmente flex\u00edveis sem qualquer objeto met\u00e1lico, podendo separar diferentes zonas de temperatura, prevenir a convec\u00e7\u00e3o de ar e garantir temperatura constante interna, al\u00e9m de prote\u00e7\u00e3o contra insetos e poeira.<\/p>","protected":false},"featured_media":11975,"comment_status":"open","ping_status":"closed","template":"","meta":[],"product_brand":[],"product_cat":[303],"product_tag":[],"class_list":{"0":"post-10079","1":"product","2":"type-product","3":"status-publish","4":"has-post-thumbnail","6":"product_cat-high-speed-zipper-door","9":"first","10":"instock","11":"shipping-taxable","12":"product-type-simple"},"_links":{"self":[{"href":"https:\/\/seppeschina.com\/pt\/wp-json\/wp\/v2\/product\/10079","targetHints":{"allow":["GET"]}}],"collection":[{"href":"https:\/\/seppeschina.com\/pt\/wp-json\/wp\/v2\/product"}],"about":[{"href":"https:\/\/seppeschina.com\/pt\/wp-json\/wp\/v2\/types\/product"}],"replies":[{"embeddable":true,"href":"https:\/\/seppeschina.com\/pt\/wp-json\/wp\/v2\/comments?post=10079"}],"wp:featuredmedia":[{"embeddable":true,"href":"https:\/\/seppeschina.com\/pt\/wp-json\/wp\/v2\/media\/11975"}],"wp:attachment":[{"href":"https:\/\/seppeschina.com\/pt\/wp-json\/wp\/v2\/media?parent=10079"}],"wp:term":[{"taxonomy":"product_brand","embeddable":true,"href":"https:\/\/seppeschina.com\/pt\/wp-json\/wp\/v2\/product_brand?post=10079"},{"taxonomy":"product_cat","embeddable":true,"href":"https:\/\/seppeschina.com\/pt\/wp-json\/wp\/v2\/product_cat?post=10079"},{"taxonomy":"product_tag","embeddable":true,"href":"https:\/\/seppeschina.com\/pt\/wp-json\/wp\/v2\/product_tag?post=10079"}],"curies":[{"name":"wp","href":"https:\/\/api.w.org\/{rel}","templated":true}]}}