{"id":10189,"date":"2021-01-09T13:48:20","date_gmt":"2021-01-09T05:48:20","guid":{"rendered":"https:\/\/seppeschina.com\/?post_type=product&#038;p=10189"},"modified":"2025-05-19T16:15:03","modified_gmt":"2025-05-19T08:15:03","slug":"porta-de-alta-velocidade-dobravel-azul-seppes","status":"publish","type":"product","link":"https:\/\/seppeschina.com\/pt\/product\/seppes-blue-high-speed-stacking-door\/","title":{"rendered":"Porta de Acumula\u00e7\u00e3o de Alta Velocidade SEPPES Azul"},"content":{"rendered":"<div style=\"width: 960px;\" class=\"wp-video\"><video class=\"wp-video-shortcode\" id=\"video-10189-1\" width=\"960\" height=\"544\" preload=\"metadata\" controls=\"controls\"><source type=\"video\/mp4\" src=\"https:\/\/seppeschina.com\/wp-content\/uploads\/2021\/01\/d5d9ded8b6bbc4317d173084318be8ca.mp4?_=1\" \/><a href=\"https:\/\/seppeschina.com\/wp-content\/uploads\/2021\/01\/d5d9ded8b6bbc4317d173084318be8ca.mp4\">https:\/\/seppeschina.com\/wp-content\/uploads\/2021\/01\/d5d9ded8b6bbc4317d173084318be8ca.mp4<\/a><\/video><\/div>\n<h3><span style=\"color: #0000ff;\"><strong><b>Descri\u00e7\u00e3o<\/b><\/strong><\/span><\/h3>\n<p>A Porta de Alta Velocidade de Empilhamento utiliza um m\u00e9todo de eleva\u00e7\u00e3o dobr\u00e1vel e m\u00faltiplas hastes horizontais resistentes ao vento embutidas ou externas, distribuindo uniformemente a press\u00e3o do vento por toda a cortina, e pode resistir a ventos fortes de aproximadamente 10 n\u00edveis. Sua resist\u00eancia ao vento \u00e9 muito superior \u00e0 do tipo tambor convencional. A porta de alta velocidade de empilhamento \u00e9 especialmente indicada para canais log\u00edsticos e ambientes com grandes \u00e1reas de abertura.<\/p>\n<h3><span style=\"color: #0000ff;\"><strong><b>Composi\u00e7\u00e3o<\/b><\/strong><\/span><\/h3>\n<p><img loading=\"lazy\" decoding=\"async\" class=\"wp-image-10205 aligncenter\" src=\"https:\/\/seppeschina.com\/wp-content\/uploads\/2021\/01\/\u5fae\u4fe1\u56fe\u7247_20200604095146.jpg\" alt=\"\" width=\"600\" height=\"640\" srcset=\"https:\/\/seppeschina.com\/wp-content\/uploads\/2021\/01\/\u5fae\u4fe1\u56fe\u7247_20200604095146.jpg 750w, https:\/\/seppeschina.com\/wp-content\/uploads\/2021\/01\/\u5fae\u4fe1\u56fe\u7247_20200604095146-360x384.jpg 360w, https:\/\/seppeschina.com\/wp-content\/uploads\/2021\/01\/\u5fae\u4fe1\u56fe\u7247_20200604095146-600x640.jpg 600w, https:\/\/seppeschina.com\/wp-content\/uploads\/2021\/01\/\u5fae\u4fe1\u56fe\u7247_20200604095146-281x300.jpg 281w, https:\/\/seppeschina.com\/wp-content\/uploads\/2021\/01\/\u5fae\u4fe1\u56fe\u7247_20200604095146-516x550.jpg 516w\" sizes=\"auto, (max-width: 600px) 100vw, 600px\" \/><\/p>\n<h3><span style=\"color: #3366ff;\"><strong><b>Caracter\u00edstica<\/b><\/strong><\/span><\/h3>\n<table style=\"height: 537px;\" width=\"486\">\n<tbody>\n<tr>\n<td width=\"90\">\n<p style=\"text-align: center;\"><strong><b>Nome<\/b><\/strong><\/p>\n<\/td>\n<td width=\"267\">\n<p style=\"text-align: center;\">Porta de Rolamento Tipo Correia SEPPES<\/p>\n<\/td>\n<\/tr>\n<tr>\n<td width=\"90\">\n<p style=\"text-align: center;\"><strong><b>Tamanho M\u00e1ximo<\/b><\/strong><\/p>\n<\/td>\n<td style=\"text-align: center;\" width=\"267\">W12000*10000mm<\/td>\n<\/tr>\n<tr>\n<td width=\"90\">\n<p style=\"text-align: center;\"><strong><b>Cortina<\/b><\/strong><\/p>\n<\/td>\n<td style=\"text-align: center;\" width=\"267\">Cortina da porta em tecido de PVC dur\u00e1vel<\/td>\n<\/tr>\n<tr>\n<td style=\"text-align: center;\" width=\"90\"><strong><b>Quadro da Porta<\/b><\/strong><\/td>\n<td width=\"267\">\n<p style=\"text-align: center;\">A\u00e7o SPCC \/ A\u00e7o Inoxid\u00e1vel 304 \/ Liga de Alum\u00ednio<\/p>\n<\/td>\n<\/tr>\n<tr>\n<td width=\"90\">\n<p style=\"text-align: center;\"><strong><b>Motor<\/b><\/strong><\/p>\n<\/td>\n<td style=\"text-align: center;\" width=\"267\">Motor SEW, com mais de 1,5 milh\u00e3o de ciclos de uso<\/td>\n<\/tr>\n<tr>\n<td style=\"text-align: center;\" width=\"90\"><strong><b>Pot\u00eancia<\/b><\/strong><\/td>\n<td width=\"267\">\n<p style=\"text-align: center;\">220V, 0,75KW, 50HZ<\/p>\n<\/td>\n<\/tr>\n<tr>\n<td width=\"90\">\n<p style=\"text-align: center;\"><strong><b>Velocidade<\/b><\/strong><\/p>\n<\/td>\n<td style=\"text-align: center;\" width=\"267\">0,5 a 0,8 m\/s, ajust\u00e1vel<\/td>\n<\/tr>\n<tr>\n<td style=\"text-align: center;\" width=\"90\"><strong><b>Ciclos de Utiliza\u00e7\u00e3o<\/b><\/strong><\/td>\n<td width=\"267\">\n<p style=\"text-align: center;\">Mais de 1,5 milh\u00e3o de ciclos<\/p>\n<\/td>\n<\/tr>\n<tr>\n<td width=\"90\">\n<p style=\"text-align: center;\"><strong><b>Prote\u00e7\u00e3o<\/b><\/strong><\/p>\n<\/td>\n<td width=\"267\">\n<p style=\"text-align: center;\">IP 54<\/p>\n<\/td>\n<\/tr>\n<tr>\n<td style=\"text-align: center;\" width=\"90\"><strong><b>Vantagens<\/b><\/strong><\/td>\n<td width=\"267\">\n<p style=\"text-align: center;\">Pode suportar ventos de for\u00e7a n\u00edvel 10<\/p>\n<\/td>\n<\/tr>\n<\/tbody>\n<\/table>\n<h3><strong><span style=\"color: #3366ff;\">M\u00e9todos de Abertura<\/span><\/strong><\/h3>\n<h3><img loading=\"lazy\" decoding=\"async\" class=\"wp-image-9999 aligncenter\" src=\"https:\/\/seppeschina.com\/wp-content\/uploads\/2019\/04\/\u672a\u6807\u9898-2.jpg\" alt=\"\" width=\"600\" height=\"600\" srcset=\"https:\/\/seppeschina.com\/wp-content\/uploads\/2019\/04\/\u672a\u6807\u9898-2.jpg 750w, https:\/\/seppeschina.com\/wp-content\/uploads\/2019\/04\/\u672a\u6807\u9898-2-360x360.jpg 360w, https:\/\/seppeschina.com\/wp-content\/uploads\/2019\/04\/\u672a\u6807\u9898-2-100x100.jpg 100w, https:\/\/seppeschina.com\/wp-content\/uploads\/2019\/04\/\u672a\u6807\u9898-2-600x600.jpg 600w, https:\/\/seppeschina.com\/wp-content\/uploads\/2019\/04\/\u672a\u6807\u9898-2-300x300.jpg 300w, https:\/\/seppeschina.com\/wp-content\/uploads\/2019\/04\/\u672a\u6807\u9898-2-150x150.jpg 150w, https:\/\/seppeschina.com\/wp-content\/uploads\/2019\/04\/\u672a\u6807\u9898-2-24x24.jpg 24w, https:\/\/seppeschina.com\/wp-content\/uploads\/2019\/04\/\u672a\u6807\u9898-2-48x48.jpg 48w, https:\/\/seppeschina.com\/wp-content\/uploads\/2019\/04\/\u672a\u6807\u9898-2-96x96.jpg 96w, https:\/\/seppeschina.com\/wp-content\/uploads\/2019\/04\/\u672a\u6807\u9898-2-364x364.jpg 364w, https:\/\/seppeschina.com\/wp-content\/uploads\/2019\/04\/\u672a\u6807\u9898-2-50x50.jpg 50w, https:\/\/seppeschina.com\/wp-content\/uploads\/2019\/04\/\u672a\u6807\u9898-2-110x110.jpg 110w, https:\/\/seppeschina.com\/wp-content\/uploads\/2019\/04\/\u672a\u6807\u9898-2-275x275.jpg 275w, https:\/\/seppeschina.com\/wp-content\/uploads\/2019\/04\/\u672a\u6807\u9898-2-480x480.jpg 480w, https:\/\/seppeschina.com\/wp-content\/uploads\/2019\/04\/\u672a\u6807\u9898-2-550x550.jpg 550w\" sizes=\"auto, (max-width: 600px) 100vw, 600px\" \/><\/h3>\n<h3><span style=\"color: #3366ff;\"><b>Sele\u00e7\u00e3o de cores<\/b><\/span><\/h3>\n<p><img loading=\"lazy\" decoding=\"async\" class=\"aligncenter wp-image-9862\" src=\"https:\/\/seppeschina.com\/wp-content\/uploads\/2019\/04\/color750.png\" alt=\"\" width=\"600\" height=\"600\" srcset=\"https:\/\/seppeschina.com\/wp-content\/uploads\/2019\/04\/color750.png 750w, https:\/\/seppeschina.com\/wp-content\/uploads\/2019\/04\/color750-360x360.png 360w, https:\/\/seppeschina.com\/wp-content\/uploads\/2019\/04\/color750-100x100.png 100w, https:\/\/seppeschina.com\/wp-content\/uploads\/2019\/04\/color750-600x600.png 600w, https:\/\/seppeschina.com\/wp-content\/uploads\/2019\/04\/color750-150x150.png 150w, https:\/\/seppeschina.com\/wp-content\/uploads\/2019\/04\/color750-300x300.png 300w, https:\/\/seppeschina.com\/wp-content\/uploads\/2019\/04\/color750-24x24.png 24w, https:\/\/seppeschina.com\/wp-content\/uploads\/2019\/04\/color750-48x48.png 48w, https:\/\/seppeschina.com\/wp-content\/uploads\/2019\/04\/color750-96x96.png 96w, https:\/\/seppeschina.com\/wp-content\/uploads\/2019\/04\/color750-364x364.png 364w, https:\/\/seppeschina.com\/wp-content\/uploads\/2019\/04\/color750-50x50.png 50w, https:\/\/seppeschina.com\/wp-content\/uploads\/2019\/04\/color750-110x110.png 110w, https:\/\/seppeschina.com\/wp-content\/uploads\/2019\/04\/color750-275x275.png 275w, https:\/\/seppeschina.com\/wp-content\/uploads\/2019\/04\/color750-480x480.png 480w, https:\/\/seppeschina.com\/wp-content\/uploads\/2019\/04\/color750-550x550.png 550w\" sizes=\"auto, (max-width: 600px) 100vw, 600px\" \/><\/p>\n<div class=\"J_module\">\n<div class=\"detail-decorate-json-renderer-container\">\n<div class=\"magic-4\">\n<div class=\"magic-26\">\n<div class=\"magic-6\">\n<div class=\"magic-7\" data-id=\"paragraph0\"><\/div>\n<\/div>\n<\/div>\n<\/div>\n<\/div>\n<\/div>\n<h3><span style=\"color: #3366ff;\"><strong><b>Casos de Projetos Cooperados<\/b><\/strong><\/span><\/h3>\n<p><img loading=\"lazy\" decoding=\"async\" class=\"aligncenter wp-image-11608 size-full\" src=\"https:\/\/seppeschina.com\/wp-content\/uploads\/2021\/03\/seppes-door10.gif\" alt=\"\" width=\"600\" height=\"491\"><\/p>\n<p>Para locais com grandes dimens\u00f5es e alta resist\u00eancia ao vento, nossas portas de empilhamento s\u00e3o muito adequadas para instala\u00e7\u00e3o nesse tipo de ambiente.<\/p>\n<h3><span style=\"color: #3366ff;\"><strong><b>Perfil da Empresa<\/b><\/strong><\/span><\/h3>\n<p><img loading=\"lazy\" decoding=\"async\" class=\"aligncenter wp-image-11606 size-full\" src=\"https:\/\/seppeschina.com\/wp-content\/uploads\/2021\/03\/seppes-door8.gif\" alt=\"\" width=\"600\" height=\"502\"><\/p>\n<h3><span style=\"color: #3366ff;\"><strong><b>F\u00e1brica&amp;Produ\u00e7\u00e3o<\/b><\/strong><\/span><\/h3>\n<p><img loading=\"lazy\" decoding=\"async\" class=\"aligncenter wp-image-11604 size-full\" src=\"https:\/\/seppeschina.com\/wp-content\/uploads\/2021\/03\/seppes-door6.gif\" alt=\"\" width=\"600\" height=\"358\"><\/p>\n<h3><span style=\"color: #3366ff;\"><b>Feiras\/Exposi\u00e7\u00f5es<\/b><\/span><\/h3>\n<p><img decoding=\"async\" class=\"aligncenter\" src=\"https:\/\/seppeschina.com\/wp-content\/uploads\/2021\/03\/seppes-door7.gif\" alt=\"\"><\/p>\n<h3><span style=\"color: #3366ff;\">Vantagens<\/span><\/h3>\n<p><img loading=\"lazy\" decoding=\"async\" class=\"aligncenter size-full wp-image-11719\" src=\"https:\/\/seppeschina.com\/wp-content\/uploads\/2021\/03\/stacking-door-3.jpg\" alt=\"\" width=\"600\" height=\"628\" srcset=\"https:\/\/seppeschina.com\/wp-content\/uploads\/2021\/03\/stacking-door-3.jpg 600w, https:\/\/seppeschina.com\/wp-content\/uploads\/2021\/03\/stacking-door-3-360x377.jpg 360w, https:\/\/seppeschina.com\/wp-content\/uploads\/2021\/03\/stacking-door-3-287x300.jpg 287w, https:\/\/seppeschina.com\/wp-content\/uploads\/2021\/03\/stacking-door-3-24x24.jpg 24w, https:\/\/seppeschina.com\/wp-content\/uploads\/2021\/03\/stacking-door-3-525x550.jpg 525w\" sizes=\"auto, (max-width: 600px) 100vw, 600px\" \/><\/p>\n<h3><span style=\"color: #3366ff;\">Casos de aplica\u00e7\u00e3o<\/span><\/h3>\n<p><img decoding=\"async\" class=\"aligncenter\" src=\"https:\/\/seppeschina.com\/wp-content\/uploads\/2021\/03\/seppes-door2.jpg\" alt=\"\"><\/p>\n<h3><span style=\"color: #3366ff;\"><strong><b>Embalagem&amp;Entrega<\/b><\/strong><\/span><\/h3>\n<p><img loading=\"lazy\" decoding=\"async\" class=\"aligncenter wp-image-11818 size-full\" src=\"https:\/\/seppeschina.com\/wp-content\/uploads\/2021\/04\/H847d78bca14e40ceb2854a49609655195.png\" alt=\"\" width=\"750\" height=\"310\" srcset=\"https:\/\/seppeschina.com\/wp-content\/uploads\/2021\/04\/H847d78bca14e40ceb2854a49609655195.png 750w, https:\/\/seppeschina.com\/wp-content\/uploads\/2021\/04\/H847d78bca14e40ceb2854a49609655195-360x149.png 360w, https:\/\/seppeschina.com\/wp-content\/uploads\/2021\/04\/H847d78bca14e40ceb2854a49609655195-600x248.png 600w, https:\/\/seppeschina.com\/wp-content\/uploads\/2021\/04\/H847d78bca14e40ceb2854a49609655195-300x124.png 300w, https:\/\/seppeschina.com\/wp-content\/uploads\/2021\/04\/H847d78bca14e40ceb2854a49609655195-550x227.png 550w\" sizes=\"auto, (max-width: 750px) 100vw, 750px\" \/><\/p>\n<h3>Perguntas Frequentes<\/h3>\n<p><span style=\"color: #ff0000;\"><strong>P: Como s\u00e3o a pot\u00eancia e a voltagem?<\/strong><\/span><\/p>\n<p><strong>R: Podem ser personalizadas. Normalmente 220V, 0.75KW, 50HZ, monof\u00e1sica.<\/strong><\/p>\n<p><span style=\"color: #ff0000;\"><strong>P: Quais materiais de estrutura para porta de alta velocidade posso escolher?<\/strong><\/span><\/p>\n<p><strong>R: Batente de a\u00e7o pintado, batente em SUS304\/316, batente em liga de alum\u00ednio.<\/strong><\/p>\n<p><span style=\"color: #ff0000;\"><strong>P: Qual \u00e9 o pre\u00e7o da porta de alta velocidade?<\/strong><\/span><\/p>\n<p><strong>R: Depende do seu tamanho e outros dispositivos.<\/strong><\/p>\n<p><span style=\"color: #ff0000;\"><strong>P: Como escolher a f\u00e1brica de portas de alta velocidade?<\/strong><\/span><\/p>\n<p><strong>R: Certificadas: SGS, CE, com mais de 10 anos de experi\u00eancia.<\/strong><\/p>\n<p><span style=\"color: #ff0000;\"><strong>P: Podemos instalar a porta de alta velocidade n\u00f3s mesmos?<\/strong><\/span><\/p>\n<p><strong>R: Sim, muito simples. Podemos fornecer manual de instala\u00e7\u00e3o em ingl\u00eas e v\u00eddeos de orienta\u00e7\u00e3o.\u00a0<\/strong><\/p>\n<p><span style=\"color: #ff0000;\"><strong>P\uff1aQuanto tempo pode ser usado?<\/strong><\/span><\/p>\n<p><strong>R\uff1aAproximadamente 10 a 15 anos.<\/strong><\/p>\n<p><span style=\"color: #ff0000;\"><strong>P\uff1aQuais s\u00e3o os m\u00e9todos de abertura autom\u00e1tica\/inteligente da porta de alta velocidade?<\/strong><\/span><\/p>\n<p><strong>R\uff1aBot\u00e3o de acionamento manual, dispositivo sensor de movimento autom\u00e1tico, indu\u00e7\u00e3o por loop, interruptor de tra\u00e7\u00e3o, cart\u00e3o de acesso, integra\u00e7\u00e3o com PLC ou AGV.<\/strong><\/p>","protected":false},"excerpt":{"rendered":"<p>A porta de alta velocidade de empilhamento adota o m\u00e9todo de eleva\u00e7\u00e3o dobr\u00e1vel e m\u00faltiplas nervuras horizontais resistentes ao vento embutidas ou externas, permitindo que a press\u00e3o do vento seja aplicada em toda a cortina da porta. O n\u00edvel de resist\u00eancia ao vento \u00e9 10, e seu desempenho de resist\u00eancia ao vento \u00e9 muito superior ao da porta de enrolar r\u00e1pida convencional, sendo especialmente adequada para passagens log\u00edsticas e grandes aberturas.<\/p>","protected":false},"featured_media":11978,"comment_status":"open","ping_status":"closed","template":"","meta":[],"product_brand":[],"product_cat":[316],"product_tag":[],"class_list":{"0":"post-10189","1":"product","2":"type-product","3":"status-publish","4":"has-post-thumbnail","6":"product_cat-high-speed-stacking-door","9":"first","10":"instock","11":"shipping-taxable","12":"product-type-simple"},"_links":{"self":[{"href":"https:\/\/seppeschina.com\/pt\/wp-json\/wp\/v2\/product\/10189","targetHints":{"allow":["GET"]}}],"collection":[{"href":"https:\/\/seppeschina.com\/pt\/wp-json\/wp\/v2\/product"}],"about":[{"href":"https:\/\/seppeschina.com\/pt\/wp-json\/wp\/v2\/types\/product"}],"replies":[{"embeddable":true,"href":"https:\/\/seppeschina.com\/pt\/wp-json\/wp\/v2\/comments?post=10189"}],"wp:featuredmedia":[{"embeddable":true,"href":"https:\/\/seppeschina.com\/pt\/wp-json\/wp\/v2\/media\/11978"}],"wp:attachment":[{"href":"https:\/\/seppeschina.com\/pt\/wp-json\/wp\/v2\/media?parent=10189"}],"wp:term":[{"taxonomy":"product_brand","embeddable":true,"href":"https:\/\/seppeschina.com\/pt\/wp-json\/wp\/v2\/product_brand?post=10189"},{"taxonomy":"product_cat","embeddable":true,"href":"https:\/\/seppeschina.com\/pt\/wp-json\/wp\/v2\/product_cat?post=10189"},{"taxonomy":"product_tag","embeddable":true,"href":"https:\/\/seppeschina.com\/pt\/wp-json\/wp\/v2\/product_tag?post=10189"}],"curies":[{"name":"wp","href":"https:\/\/api.w.org\/{rel}","templated":true}]}}