{"id":10237,"date":"2021-01-09T16:38:37","date_gmt":"2021-01-09T08:38:37","guid":{"rendered":"https:\/\/seppeschina.com\/?post_type=product&#038;p=10237"},"modified":"2023-03-14T09:51:02","modified_gmt":"2023-03-14T01:51:02","slug":"porta-de-congelador-de-alta-velocidade","status":"publish","type":"product","link":"https:\/\/seppeschina.com\/pt\/product\/high-speed-freezer-door\/","title":{"rendered":"Porta R\u00e1pida de Congelamento"},"content":{"rendered":"<div style=\"width: 640px;\" class=\"wp-video\"><video class=\"wp-video-shortcode\" id=\"video-10237-1\" width=\"640\" height=\"368\" preload=\"metadata\" controls=\"controls\"><source type=\"video\/mp4\" src=\"https:\/\/seppeschina.com\/wp-content\/uploads\/2021\/01\/5c84876beea7802387565341d4f7aa34.mp4?_=1\" \/><a href=\"https:\/\/seppeschina.com\/wp-content\/uploads\/2021\/01\/5c84876beea7802387565341d4f7aa34.mp4\">https:\/\/seppeschina.com\/wp-content\/uploads\/2021\/01\/5c84876beea7802387565341d4f7aa34.mp4<\/a><\/video><\/div>\n<h3><span style=\"color: #3366ff;\"><strong><b>Descri\u00e7\u00e3o<\/b><\/strong><\/span><\/h3>\n<p>As caracter\u00edsticas convencionais da Porta R\u00e1pida de Isolamento T\u00e9rmico para C\u00e2maras Frigor\u00edficas incluem:<\/p>\n<p><span class=\"VIiyi\" lang=\"en\"><span class=\"JLqJ4b ChMk0b\" data-language-for-alternatives=\"en\" data-language-to-translate-into=\"zh-CN\" data-phrase-index=\"0\">1. Isolamento: Cortina de porta multicamada composta e espessada, preenchida com materiais de isolamento t\u00e9rmico, que reduz significativamente a transfer\u00eancia de calor<\/span><\/span><\/p>\n<p><span class=\"VIiyi\" lang=\"en\"><span class=\"JLqJ4b ChMk0b\" data-language-for-alternatives=\"en\" data-language-to-translate-into=\"zh-CN\" data-phrase-index=\"2\">2. Estanqueidade: Escovas de dupla fileira ou bandas de borracha no trilho s\u00e3o seladas em cassete para bloquear a convec\u00e7\u00e3o do ar e promover a conserva\u00e7\u00e3o de calor<\/span><\/span><\/p>\n<p><span class=\"VIiyi\" lang=\"en\"><span class=\"JLqJ4b ChMk0b\" data-language-for-alternatives=\"en\" data-language-to-translate-into=\"zh-CN\" data-phrase-index=\"4\">3. Resist\u00eancia ao vento: O perfil de alum\u00ednio embutido na cortina resiste \u00e0 press\u00e3o do vento e a impactos, melhorando a est\u00e9tica integrada da cortina<\/span><\/span><\/p>\n<p><span class=\"VIiyi\" lang=\"en\"><span class=\"JLqJ4b ChMk0b\" data-language-for-alternatives=\"en\" data-language-to-translate-into=\"zh-CN\" data-phrase-index=\"6\">4. Acionamento: Motor servo tubular embutido montado, maior precis\u00e3o, rolo maior, velocidade de abertura da porta mais r\u00e1pida<br \/>\n<\/span><\/span><\/p>\n<p><span class=\"VIiyi\" lang=\"en\"><span class=\"JLqJ4b ChMk0b\" data-language-for-alternatives=\"en\" data-language-to-translate-into=\"zh-CN\" data-phrase-index=\"8\">5. Estrutura: Estrutura e componentes em a\u00e7o inoxid\u00e1vel SUS304, resistentes \u00e0 corros\u00e3o e f\u00e1ceis de limpar, mais adequados para ambientes de armazenamento refrigerado<\/span><\/span><\/p>\n<p><span class=\"VIiyi\" lang=\"en\"><span class=\"JLqJ4b ChMk0b\" data-language-for-alternatives=\"en\" data-language-to-translate-into=\"zh-CN\" data-phrase-index=\"10\">6. Seguran\u00e7a: Dispositivo padr\u00e3o de prote\u00e7\u00e3o anti-esmagamento por infravermelhos, borda inferior com bolsa de ar sem fio opcional (tecnologia patenteada SEPPES)<\/span><\/span><\/p>\n<p><span class=\"VIiyi\" lang=\"en\"><span class=\"JLqJ4b ChMk0b\" data-language-for-alternatives=\"en\" data-language-to-translate-into=\"zh-CN\" data-phrase-index=\"12\">7. Anti-congelamento: Dispositivo opcional de sistema de aquecimento do trilho para prevenir condensa\u00e7\u00e3o e forma\u00e7\u00e3o de gelo<\/span><\/span><\/p>\n<div class=\"J_module\">\n<h6 id=\"ali-anchor-AliMagic-x5rm3m\" class=\"magic-0\" data-section=\"AliMagic-x5rm3m\" data-section-title=\"Charactor\" data-spm-anchor-id=\"a2700.details.pronpeci14.i2.5aa0fa97NHfjD2\"><span style=\"color: #3366ff;\">1. Caracter\u00edsticas<\/span><\/h6>\n<\/div>\n<div class=\"J_module\">\n<div class=\"ife-detail-decorate-table\">\n<table class=\"hight-light-first-column all magic-8\" width=\"540\">\n<tbody>\n<tr>\n<td colspan=\"1\" rowspan=\"1\">\n<div class=\"magic-9\" data-spm-anchor-id=\"a2700.details.pronpeci14.i1.5aa0fa97NHfjD2\">Nome<\/div>\n<\/td>\n<td colspan=\"4\" rowspan=\"1\">\n<div class=\"magic-10\">Porta R\u00e1pida de Isolamento T\u00e9rmico para C\u00e2maras Frigor\u00edficas<\/div>\n<\/td>\n<\/tr>\n<tr>\n<td colspan=\"1\" rowspan=\"1\">\n<div class=\"magic-9\">Espessura da Cortina da Porta<\/div>\n<\/td>\n<td colspan=\"1\" rowspan=\"1\">\n<div class=\"magic-10\">Cortina de porta em espuma com 0.9mm+3.0mm de espessura<\/div>\n<\/td>\n<\/tr>\n<tr>\n<td colspan=\"1\" rowspan=\"1\">\n<div class=\"magic-9\">Estrutura da Porta<\/div>\n<\/td>\n<td colspan=\"1\" rowspan=\"1\">\n<div class=\"magic-13\">Opcional: A\u00e7o inoxid\u00e1vel 304, Liga de alum\u00ednio, A\u00e7o com pintura<\/div>\n<\/td>\n<\/tr>\n<tr>\n<td colspan=\"1\" rowspan=\"1\">\n<div class=\"magic-9\">Tamanho M\u00e1ximo<\/div>\n<\/td>\n<td colspan=\"1\" rowspan=\"1\">\n<div class=\"magic-10\">L5000mm*A5000mm<\/div>\n<\/td>\n<\/tr>\n<tr>\n<td colspan=\"1\" rowspan=\"1\">\n<div class=\"magic-9\">Motor<\/div>\n<\/td>\n<td colspan=\"4\" rowspan=\"1\">\n<div class=\"magic-10\">Marca alem\u00e3<\/div>\n<\/td>\n<\/tr>\n<tr>\n<td colspan=\"1\" rowspan=\"1\">\n<div class=\"magic-9\">Pot\u00eancia<\/div>\n<\/td>\n<td colspan=\"4\" rowspan=\"1\">\n<div class=\"magic-10\">0.75kw-1.5kw<\/div>\n<\/td>\n<\/tr>\n<tr>\n<td colspan=\"1\" rowspan=\"1\">\n<div class=\"magic-9\">Tens\u00e3o<\/div>\n<\/td>\n<td colspan=\"4\" rowspan=\"1\">\n<div class=\"magic-10\">220V ou 380V<\/div>\n<\/td>\n<\/tr>\n<tr>\n<td colspan=\"1\" rowspan=\"1\">\n<div class=\"magic-9\">Velocidade de Abertura<\/div>\n<\/td>\n<td colspan=\"4\" rowspan=\"1\">\n<div class=\"magic-10\">0.8-1.2m\/s, ajust\u00e1vel<\/div>\n<\/td>\n<\/tr>\n<\/tbody>\n<\/table>\n<h6><span style=\"color: #3366ff;\">\u00a0<strong><b>2. Diagrama de estrutura<\/b><\/strong><\/span><\/h6>\n<p><img loading=\"lazy\" decoding=\"async\" class=\"aligncenter wp-image-11997\" src=\"https:\/\/seppeschina.com\/wp-content\/uploads\/2021\/01\/\u9ec4\u8272\u4fdd\u6e29\u95e8\u7ec6\u8282\u56fe.jpg\" alt=\"\" width=\"600\" height=\"600\" srcset=\"https:\/\/seppeschina.com\/wp-content\/uploads\/2021\/01\/\u9ec4\u8272\u4fdd\u6e29\u95e8\u7ec6\u8282\u56fe.jpg 750w, https:\/\/seppeschina.com\/wp-content\/uploads\/2021\/01\/\u9ec4\u8272\u4fdd\u6e29\u95e8\u7ec6\u8282\u56fe-360x360.jpg 360w, https:\/\/seppeschina.com\/wp-content\/uploads\/2021\/01\/\u9ec4\u8272\u4fdd\u6e29\u95e8\u7ec6\u8282\u56fe-100x100.jpg 100w, https:\/\/seppeschina.com\/wp-content\/uploads\/2021\/01\/\u9ec4\u8272\u4fdd\u6e29\u95e8\u7ec6\u8282\u56fe-600x600.jpg 600w, https:\/\/seppeschina.com\/wp-content\/uploads\/2021\/01\/\u9ec4\u8272\u4fdd\u6e29\u95e8\u7ec6\u8282\u56fe-300x300.jpg 300w, https:\/\/seppeschina.com\/wp-content\/uploads\/2021\/01\/\u9ec4\u8272\u4fdd\u6e29\u95e8\u7ec6\u8282\u56fe-150x150.jpg 150w, https:\/\/seppeschina.com\/wp-content\/uploads\/2021\/01\/\u9ec4\u8272\u4fdd\u6e29\u95e8\u7ec6\u8282\u56fe-24x24.jpg 24w, https:\/\/seppeschina.com\/wp-content\/uploads\/2021\/01\/\u9ec4\u8272\u4fdd\u6e29\u95e8\u7ec6\u8282\u56fe-48x48.jpg 48w, https:\/\/seppeschina.com\/wp-content\/uploads\/2021\/01\/\u9ec4\u8272\u4fdd\u6e29\u95e8\u7ec6\u8282\u56fe-96x96.jpg 96w, https:\/\/seppeschina.com\/wp-content\/uploads\/2021\/01\/\u9ec4\u8272\u4fdd\u6e29\u95e8\u7ec6\u8282\u56fe-364x364.jpg 364w, https:\/\/seppeschina.com\/wp-content\/uploads\/2021\/01\/\u9ec4\u8272\u4fdd\u6e29\u95e8\u7ec6\u8282\u56fe-50x50.jpg 50w, https:\/\/seppeschina.com\/wp-content\/uploads\/2021\/01\/\u9ec4\u8272\u4fdd\u6e29\u95e8\u7ec6\u8282\u56fe-110x110.jpg 110w, https:\/\/seppeschina.com\/wp-content\/uploads\/2021\/01\/\u9ec4\u8272\u4fdd\u6e29\u95e8\u7ec6\u8282\u56fe-275x275.jpg 275w, https:\/\/seppeschina.com\/wp-content\/uploads\/2021\/01\/\u9ec4\u8272\u4fdd\u6e29\u95e8\u7ec6\u8282\u56fe-480x480.jpg 480w, https:\/\/seppeschina.com\/wp-content\/uploads\/2021\/01\/\u9ec4\u8272\u4fdd\u6e29\u95e8\u7ec6\u8282\u56fe-550x550.jpg 550w\" sizes=\"auto, (max-width: 600px) 100vw, 600px\" \/><\/p>\n<h6><span style=\"color: #3366ff;\"><strong>3. Op\u00e7\u00f5es de cores<\/strong><\/span><\/h6>\n<p><strong>Cores regulares<\/strong>: azul, amarelo, cinza e personalizado.<\/p>\n<p><img loading=\"lazy\" decoding=\"async\" class=\"aligncenter wp-image-10104\" src=\"https:\/\/seppeschina.com\/wp-content\/uploads\/2019\/04\/COLOR-1.jpg\" alt=\"\" width=\"600\" height=\"600\" srcset=\"https:\/\/seppeschina.com\/wp-content\/uploads\/2019\/04\/COLOR-1.jpg 750w, https:\/\/seppeschina.com\/wp-content\/uploads\/2019\/04\/COLOR-1-360x360.jpg 360w, https:\/\/seppeschina.com\/wp-content\/uploads\/2019\/04\/COLOR-1-100x100.jpg 100w, https:\/\/seppeschina.com\/wp-content\/uploads\/2019\/04\/COLOR-1-600x600.jpg 600w, https:\/\/seppeschina.com\/wp-content\/uploads\/2019\/04\/COLOR-1-300x300.jpg 300w, https:\/\/seppeschina.com\/wp-content\/uploads\/2019\/04\/COLOR-1-150x150.jpg 150w, https:\/\/seppeschina.com\/wp-content\/uploads\/2019\/04\/COLOR-1-24x24.jpg 24w, https:\/\/seppeschina.com\/wp-content\/uploads\/2019\/04\/COLOR-1-48x48.jpg 48w, https:\/\/seppeschina.com\/wp-content\/uploads\/2019\/04\/COLOR-1-96x96.jpg 96w, https:\/\/seppeschina.com\/wp-content\/uploads\/2019\/04\/COLOR-1-364x364.jpg 364w, https:\/\/seppeschina.com\/wp-content\/uploads\/2019\/04\/COLOR-1-50x50.jpg 50w, https:\/\/seppeschina.com\/wp-content\/uploads\/2019\/04\/COLOR-1-110x110.jpg 110w, https:\/\/seppeschina.com\/wp-content\/uploads\/2019\/04\/COLOR-1-275x275.jpg 275w, https:\/\/seppeschina.com\/wp-content\/uploads\/2019\/04\/COLOR-1-480x480.jpg 480w, https:\/\/seppeschina.com\/wp-content\/uploads\/2019\/04\/COLOR-1-550x550.jpg 550w\" sizes=\"auto, (max-width: 600px) 100vw, 600px\" \/><\/p>\n<h6><span style=\"color: #3366ff;\"><strong>4. Modos de abertura da porta<\/strong><\/span><\/h6>\n<p>Nosso m\u00e9todo padr\u00e3o de abertura de porta \u00e9\u00a0<strong>bot\u00e3o manual<\/strong>\u00a0<strong>bilateral<\/strong>,\u00a0<strong>radar opcional<\/strong>,\u00a0<strong>geomagnetismo<\/strong>,\u00a0<strong>cord\u00e3o de puxar<\/strong>,\u00a0<strong>controle remoto<\/strong>,\u00a0<strong>Bluetooth<\/strong>,\u00a0<strong>interruptor sem fio<\/strong>, etc.<\/p>\n<p><img loading=\"lazy\" decoding=\"async\" class=\"aligncenter wp-image-11984\" src=\"https:\/\/seppeschina.com\/wp-content\/uploads\/2019\/04\/Yellow-opening-picture.jpg\" alt=\"\" width=\"600\" height=\"600\" srcset=\"https:\/\/seppeschina.com\/wp-content\/uploads\/2019\/04\/Yellow-opening-picture.jpg 750w, https:\/\/seppeschina.com\/wp-content\/uploads\/2019\/04\/Yellow-opening-picture-360x360.jpg 360w, https:\/\/seppeschina.com\/wp-content\/uploads\/2019\/04\/Yellow-opening-picture-100x100.jpg 100w, https:\/\/seppeschina.com\/wp-content\/uploads\/2019\/04\/Yellow-opening-picture-600x600.jpg 600w, https:\/\/seppeschina.com\/wp-content\/uploads\/2019\/04\/Yellow-opening-picture-300x300.jpg 300w, https:\/\/seppeschina.com\/wp-content\/uploads\/2019\/04\/Yellow-opening-picture-150x150.jpg 150w, https:\/\/seppeschina.com\/wp-content\/uploads\/2019\/04\/Yellow-opening-picture-24x24.jpg 24w, https:\/\/seppeschina.com\/wp-content\/uploads\/2019\/04\/Yellow-opening-picture-48x48.jpg 48w, https:\/\/seppeschina.com\/wp-content\/uploads\/2019\/04\/Yellow-opening-picture-96x96.jpg 96w, https:\/\/seppeschina.com\/wp-content\/uploads\/2019\/04\/Yellow-opening-picture-364x364.jpg 364w, https:\/\/seppeschina.com\/wp-content\/uploads\/2019\/04\/Yellow-opening-picture-50x50.jpg 50w, https:\/\/seppeschina.com\/wp-content\/uploads\/2019\/04\/Yellow-opening-picture-110x110.jpg 110w, https:\/\/seppeschina.com\/wp-content\/uploads\/2019\/04\/Yellow-opening-picture-275x275.jpg 275w, https:\/\/seppeschina.com\/wp-content\/uploads\/2019\/04\/Yellow-opening-picture-480x480.jpg 480w, https:\/\/seppeschina.com\/wp-content\/uploads\/2019\/04\/Yellow-opening-picture-550x550.jpg 550w\" sizes=\"auto, (max-width: 600px) 100vw, 600px\" \/><\/p>\n<h3><span style=\"color: #3366ff;\">Por que escolher-nos?<\/span><\/h3>\n<p><img loading=\"lazy\" decoding=\"async\" class=\"wp-image-9998 aligncenter\" src=\"https:\/\/seppeschina.com\/wp-content\/uploads\/2019\/04\/why-choose-us.jpg\" sizes=\"auto, (max-width: 600px) 100vw, 600px\" srcset=\"https:\/\/seppeschina.com\/wp-content\/uploads\/2019\/04\/why-choose-us.jpg 750w, https:\/\/seppeschina.com\/wp-content\/uploads\/2019\/04\/why-choose-us-300x300.jpg 300w, https:\/\/seppeschina.com\/wp-content\/uploads\/2019\/04\/why-choose-us-150x150.jpg 150w, https:\/\/seppeschina.com\/wp-content\/uploads\/2019\/04\/why-choose-us-360x360.jpg 360w, https:\/\/seppeschina.com\/wp-content\/uploads\/2019\/04\/why-choose-us-600x600.jpg 600w, https:\/\/seppeschina.com\/wp-content\/uploads\/2019\/04\/why-choose-us-100x100.jpg 100w, https:\/\/seppeschina.com\/wp-content\/uploads\/2019\/04\/why-choose-us-24x24.jpg 24w, https:\/\/seppeschina.com\/wp-content\/uploads\/2019\/04\/why-choose-us-48x48.jpg 48w, https:\/\/seppeschina.com\/wp-content\/uploads\/2019\/04\/why-choose-us-96x96.jpg 96w, https:\/\/seppeschina.com\/wp-content\/uploads\/2019\/04\/why-choose-us-364x364.jpg 364w, https:\/\/seppeschina.com\/wp-content\/uploads\/2019\/04\/why-choose-us-50x50.jpg 50w, https:\/\/seppeschina.com\/wp-content\/uploads\/2019\/04\/why-choose-us-110x110.jpg 110w, https:\/\/seppeschina.com\/wp-content\/uploads\/2019\/04\/why-choose-us-275x275.jpg 275w, https:\/\/seppeschina.com\/wp-content\/uploads\/2019\/04\/why-choose-us-480x480.jpg 480w, https:\/\/seppeschina.com\/wp-content\/uploads\/2019\/04\/why-choose-us-550x550.jpg 550w\" alt=\"\" width=\"600\" height=\"600\"><\/p>\n<\/div>\n<\/div>\n<h3><span style=\"color: #3366ff;\"><strong><b>Perfil da Empresa<\/b><\/strong><\/span><\/h3>\n<p><img loading=\"lazy\" decoding=\"async\" class=\"aligncenter wp-image-11605 size-full\" src=\"https:\/\/seppeschina.com\/wp-content\/uploads\/2021\/03\/seppes-door7.gif\" alt=\"\" width=\"600\" height=\"338\"><\/p>\n<h3><span style=\"color: #3366ff;\"><strong><b>F\u00e1brica&amp;Produ\u00e7\u00e3o<\/b><\/strong><\/span><\/h3>\n<p><img loading=\"lazy\" decoding=\"async\" class=\"aligncenter wp-image-9894\" src=\"https:\/\/seppeschina.com\/wp-content\/uploads\/2021\/01\/\u5fae\u4fe1\u56fe\u7247_20210105142436.jpg\" alt=\"\" width=\"600\" height=\"280\" srcset=\"https:\/\/seppeschina.com\/wp-content\/uploads\/2021\/01\/\u5fae\u4fe1\u56fe\u7247_20210105142436.jpg 750w, https:\/\/seppeschina.com\/wp-content\/uploads\/2021\/01\/\u5fae\u4fe1\u56fe\u7247_20210105142436-360x168.jpg 360w, https:\/\/seppeschina.com\/wp-content\/uploads\/2021\/01\/\u5fae\u4fe1\u56fe\u7247_20210105142436-600x280.jpg 600w, https:\/\/seppeschina.com\/wp-content\/uploads\/2021\/01\/\u5fae\u4fe1\u56fe\u7247_20210105142436-300x140.jpg 300w, https:\/\/seppeschina.com\/wp-content\/uploads\/2021\/01\/\u5fae\u4fe1\u56fe\u7247_20210105142436-550x257.jpg 550w\" sizes=\"auto, (max-width: 600px) 100vw, 600px\" \/><\/p>\n<h3><span style=\"color: #3366ff;\"><strong><b>Casos de Projetos Cooperados<\/b><\/strong><\/span><\/h3>\n<p><img loading=\"lazy\" decoding=\"async\" class=\"aligncenter wp-image-10258\" src=\"https:\/\/seppeschina.com\/wp-content\/uploads\/2021\/01\/\u5fae\u4fe1\u56fe\u7247_20210109164404.jpg\" alt=\"\" width=\"600\" height=\"600\" srcset=\"https:\/\/seppeschina.com\/wp-content\/uploads\/2021\/01\/\u5fae\u4fe1\u56fe\u7247_20210109164404.jpg 750w, https:\/\/seppeschina.com\/wp-content\/uploads\/2021\/01\/\u5fae\u4fe1\u56fe\u7247_20210109164404-360x360.jpg 360w, https:\/\/seppeschina.com\/wp-content\/uploads\/2021\/01\/\u5fae\u4fe1\u56fe\u7247_20210109164404-100x100.jpg 100w, https:\/\/seppeschina.com\/wp-content\/uploads\/2021\/01\/\u5fae\u4fe1\u56fe\u7247_20210109164404-600x600.jpg 600w, https:\/\/seppeschina.com\/wp-content\/uploads\/2021\/01\/\u5fae\u4fe1\u56fe\u7247_20210109164404-300x300.jpg 300w, https:\/\/seppeschina.com\/wp-content\/uploads\/2021\/01\/\u5fae\u4fe1\u56fe\u7247_20210109164404-150x150.jpg 150w, https:\/\/seppeschina.com\/wp-content\/uploads\/2021\/01\/\u5fae\u4fe1\u56fe\u7247_20210109164404-24x24.jpg 24w, https:\/\/seppeschina.com\/wp-content\/uploads\/2021\/01\/\u5fae\u4fe1\u56fe\u7247_20210109164404-48x48.jpg 48w, https:\/\/seppeschina.com\/wp-content\/uploads\/2021\/01\/\u5fae\u4fe1\u56fe\u7247_20210109164404-96x96.jpg 96w, https:\/\/seppeschina.com\/wp-content\/uploads\/2021\/01\/\u5fae\u4fe1\u56fe\u7247_20210109164404-364x364.jpg 364w, https:\/\/seppeschina.com\/wp-content\/uploads\/2021\/01\/\u5fae\u4fe1\u56fe\u7247_20210109164404-50x50.jpg 50w, https:\/\/seppeschina.com\/wp-content\/uploads\/2021\/01\/\u5fae\u4fe1\u56fe\u7247_20210109164404-110x110.jpg 110w, https:\/\/seppeschina.com\/wp-content\/uploads\/2021\/01\/\u5fae\u4fe1\u56fe\u7247_20210109164404-275x275.jpg 275w, https:\/\/seppeschina.com\/wp-content\/uploads\/2021\/01\/\u5fae\u4fe1\u56fe\u7247_20210109164404-480x480.jpg 480w, https:\/\/seppeschina.com\/wp-content\/uploads\/2021\/01\/\u5fae\u4fe1\u56fe\u7247_20210109164404-550x550.jpg 550w\" sizes=\"auto, (max-width: 600px) 100vw, 600px\" \/><\/p>\n<p>A porta r\u00e1pida com conserva\u00e7\u00e3o de calor cooperada com a f\u00e1brica de produtos de sa\u00fade (Herbalite) utiliza estrutura de porta em a\u00e7o inoxid\u00e1vel 304, que \u00e9 livre de polui\u00e7\u00e3o, n\u00e3o enferruja facilmente e \u00e9 resistente \u00e0 corros\u00e3o.<\/p>\n<h3><span style=\"color: #3366ff;\"><strong><b>Vantagens do Produto<\/b><\/strong><\/span><\/h3>\n<p><img loading=\"lazy\" decoding=\"async\" class=\"aligncenter wp-image-11967 size-full\" src=\"https:\/\/seppeschina.com\/wp-content\/uploads\/2019\/02\/\u4fdd\u6e29\u5feb\u901f\u95e8_02.jpg\" alt=\"\" width=\"600\" height=\"630\"><\/p>\n<h3><span style=\"color: #3366ff;\"><strong><b>Embalagem&amp;Entrega<\/b><\/strong><\/span><\/h3>\n<p><img loading=\"lazy\" decoding=\"async\" class=\"aligncenter wp-image-10082\" src=\"https:\/\/seppeschina.com\/wp-content\/uploads\/2019\/02\/shipping-delivery.jpg\" alt=\"\" width=\"600\" height=\"600\" srcset=\"https:\/\/seppeschina.com\/wp-content\/uploads\/2019\/02\/shipping-delivery.jpg 750w, https:\/\/seppeschina.com\/wp-content\/uploads\/2019\/02\/shipping-delivery-360x360.jpg 360w, https:\/\/seppeschina.com\/wp-content\/uploads\/2019\/02\/shipping-delivery-100x100.jpg 100w, https:\/\/seppeschina.com\/wp-content\/uploads\/2019\/02\/shipping-delivery-600x600.jpg 600w, https:\/\/seppeschina.com\/wp-content\/uploads\/2019\/02\/shipping-delivery-300x300.jpg 300w, https:\/\/seppeschina.com\/wp-content\/uploads\/2019\/02\/shipping-delivery-150x150.jpg 150w, https:\/\/seppeschina.com\/wp-content\/uploads\/2019\/02\/shipping-delivery-24x24.jpg 24w, https:\/\/seppeschina.com\/wp-content\/uploads\/2019\/02\/shipping-delivery-48x48.jpg 48w, https:\/\/seppeschina.com\/wp-content\/uploads\/2019\/02\/shipping-delivery-96x96.jpg 96w, https:\/\/seppeschina.com\/wp-content\/uploads\/2019\/02\/shipping-delivery-364x364.jpg 364w, https:\/\/seppeschina.com\/wp-content\/uploads\/2019\/02\/shipping-delivery-50x50.jpg 50w, https:\/\/seppeschina.com\/wp-content\/uploads\/2019\/02\/shipping-delivery-110x110.jpg 110w, https:\/\/seppeschina.com\/wp-content\/uploads\/2019\/02\/shipping-delivery-275x275.jpg 275w, https:\/\/seppeschina.com\/wp-content\/uploads\/2019\/02\/shipping-delivery-480x480.jpg 480w, https:\/\/seppeschina.com\/wp-content\/uploads\/2019\/02\/shipping-delivery-550x550.jpg 550w\" sizes=\"auto, (max-width: 600px) 100vw, 600px\" \/><\/p>\n<h3><span style=\"color: #3366ff;\"><strong><b>Cliente&amp;Exibi\u00e7\u00e3o do Produto<\/b><\/strong><\/span><\/h3>\n<p><img loading=\"lazy\" decoding=\"async\" class=\"aligncenter wp-image-11608 size-full\" src=\"https:\/\/seppeschina.com\/wp-content\/uploads\/2021\/03\/seppes-door10.gif\" alt=\"\" width=\"600\" height=\"491\"><\/p>\n<h3><span style=\"color: #3366ff;\">Exibi\u00e7\u00e3o do produto<\/span><\/h3>\n<p><img loading=\"lazy\" decoding=\"async\" class=\"size-full wp-image-9979 aligncenter\" src=\"https:\/\/seppeschina.com\/wp-content\/uploads\/2021\/01\/\u5fae\u4fe1\u56fe\u7247_20210106145813.jpg\" alt=\"\" width=\"750\" height=\"293\" srcset=\"https:\/\/seppeschina.com\/wp-content\/uploads\/2021\/01\/\u5fae\u4fe1\u56fe\u7247_20210106145813.jpg 750w, https:\/\/seppeschina.com\/wp-content\/uploads\/2021\/01\/\u5fae\u4fe1\u56fe\u7247_20210106145813-360x141.jpg 360w, https:\/\/seppeschina.com\/wp-content\/uploads\/2021\/01\/\u5fae\u4fe1\u56fe\u7247_20210106145813-600x234.jpg 600w, https:\/\/seppeschina.com\/wp-content\/uploads\/2021\/01\/\u5fae\u4fe1\u56fe\u7247_20210106145813-300x117.jpg 300w, https:\/\/seppeschina.com\/wp-content\/uploads\/2021\/01\/\u5fae\u4fe1\u56fe\u7247_20210106145813-550x215.jpg 550w\" sizes=\"auto, (max-width: 750px) 100vw, 750px\" \/><\/p>\n<h3>Perguntas Frequentes<\/h3>\n<p><b><span data-spm-anchor-id=\"a2700.custom-template.0.i102.577f3333LwTOBI\">P:<\/span><span data-spm-anchor-id=\"a2700.custom-template.0.i145.577f3333LwTOBI\">Como s\u00e3o a pot\u00eancia e a voltagem?<\/span><\/b><\/p>\n<p>R: Podem ser personalizadas. Normalmente 220V, 0.75KW, 50HZ, monof\u00e1sica<\/p>\n<p><b data-spm-anchor-id=\"a2700.custom-template.0.i7.577f3333SViG38\">P: Quais materiais de estrutura para porta de alta velocidade posso escolher?<\/b><\/p>\n<p>R: Estrutura de porta em a\u00e7o pintado, estrutura de porta SUS304\/316, estrutura de porta em liga de alum\u00ednio<\/p>\n<p><b data-spm-anchor-id=\"a2700.custom-template.0.i8.577f3333SViG38\">P: Qual \u00e9 o pre\u00e7o da porta de alta velocidade?<\/b><\/p>\n<p>R: Depende do seu tamanho e outros dispositivos.<\/p>\n<p><b data-spm-anchor-id=\"a2700.custom-template.0.i166.577f3333LwTOBI\">P: Como escolher a f\u00e1brica de portas de alta velocidade?<\/b><br \/>\nR: Certificada, SGS, CE, mais de 10 anos de experi\u00eancia<\/p>\n<p><b data-spm-anchor-id=\"a2700.custom-template.0.i9.577f3333SViG38\">P: Podemos instalar a porta de alta velocidade n\u00f3s mesmos?<\/b><\/p>\n<p>R: Sim, \u00e9 muito simples. Podemos fornecer manual de instala\u00e7\u00e3o e v\u00eddeos guia em ingl\u00eas.<\/p>\n<p><b data-spm-anchor-id=\"a2700.custom-template.0.i10.577f3333SViG38\">P\uff1aQuanto tempo pode ser usado?<\/b><\/p>\n<p>R: cerca de 10-15 anos<\/p>\n<p><b data-spm-anchor-id=\"a2700.custom-template.0.i11.577f3333SViG38\">P\uff1aQuais s\u00e3o os m\u00e9todos de abertura autom\u00e1tica\/inteligente da porta de alta velocidade?<\/b><\/p>\n<p>R\uff1aBot\u00e3o de acionamento manual, dispositivo sensor de movimento autom\u00e1tico, indu\u00e7\u00e3o por loop, interruptor de tra\u00e7\u00e3o, cart\u00e3o de acesso, integra\u00e7\u00e3o com PLC ou AGV.<\/p>","protected":false},"excerpt":{"rendered":"<p>A porta de armazenamento refrigerado de alta velocidade combina perfeitamente a estrutura de z\u00edper com a cortina de porta multicamada espessada de isolamento t\u00e9rmico, garantindo a estanqueidade do ambiente interno, reduzindo significativamente a transfer\u00eancia de calor, a perda de energia e a gera\u00e7\u00e3o de condensado.<\/p>","protected":false},"featured_media":10217,"comment_status":"open","ping_status":"closed","template":"","meta":[],"product_brand":[],"product_cat":[326],"product_tag":[],"class_list":{"0":"post-10237","1":"product","2":"type-product","3":"status-publish","4":"has-post-thumbnail","6":"product_cat-high-speed-freezer-door","9":"first","10":"instock","11":"shipping-taxable","12":"product-type-simple"},"_links":{"self":[{"href":"https:\/\/seppeschina.com\/pt\/wp-json\/wp\/v2\/product\/10237","targetHints":{"allow":["GET"]}}],"collection":[{"href":"https:\/\/seppeschina.com\/pt\/wp-json\/wp\/v2\/product"}],"about":[{"href":"https:\/\/seppeschina.com\/pt\/wp-json\/wp\/v2\/types\/product"}],"replies":[{"embeddable":true,"href":"https:\/\/seppeschina.com\/pt\/wp-json\/wp\/v2\/comments?post=10237"}],"wp:featuredmedia":[{"embeddable":true,"href":"https:\/\/seppeschina.com\/pt\/wp-json\/wp\/v2\/media\/10217"}],"wp:attachment":[{"href":"https:\/\/seppeschina.com\/pt\/wp-json\/wp\/v2\/media?parent=10237"}],"wp:term":[{"taxonomy":"product_brand","embeddable":true,"href":"https:\/\/seppeschina.com\/pt\/wp-json\/wp\/v2\/product_brand?post=10237"},{"taxonomy":"product_cat","embeddable":true,"href":"https:\/\/seppeschina.com\/pt\/wp-json\/wp\/v2\/product_cat?post=10237"},{"taxonomy":"product_tag","embeddable":true,"href":"https:\/\/seppeschina.com\/pt\/wp-json\/wp\/v2\/product_tag?post=10237"}],"curies":[{"name":"wp","href":"https:\/\/api.w.org\/{rel}","templated":true}]}}