{"id":10274,"date":"2021-01-11T17:01:06","date_gmt":"2021-01-11T09:01:06","guid":{"rendered":"https:\/\/seppeschina.com\/?post_type=product&#038;p=10274"},"modified":"2024-11-19T15:11:12","modified_gmt":"2024-11-19T07:11:12","slug":"fornecedor-chines-de-abrigos-para-docas-de-carga-logistica","status":"publish","type":"product","link":"https:\/\/seppeschina.com\/pt\/product\/china-loading-logistic-dock-shelter-supplier\/","title":{"rendered":"SEPPES Abrigo Infl\u00e1vel Preto para Doca"},"content":{"rendered":"<div style=\"width: 640px;\" class=\"wp-video\"><video class=\"wp-video-shortcode\" id=\"video-10274-1\" width=\"640\" height=\"368\" preload=\"metadata\" controls=\"controls\"><source type=\"video\/mp4\" src=\"https:\/\/seppeschina.com\/wp-content\/uploads\/2021\/01\/f604c810506edf445f64905f8739143a.mp4?_=1\" \/><a href=\"https:\/\/seppeschina.com\/wp-content\/uploads\/2021\/01\/f604c810506edf445f64905f8739143a.mp4\">https:\/\/seppeschina.com\/wp-content\/uploads\/2021\/01\/f604c810506edf445f64905f8739143a.mp4<\/a><\/video><\/div>\n<h3>Descri\u00e7\u00e3o<\/h3>\n<p>A superf\u00edcie do abrigo de porta infl\u00e1vel \u00e9 feita de borracha neoprene de alta qualidade e material altamente resistente ao desgaste, podendo atender a uma vida \u00fatil de n\u00e3o menos que 30.000 vezes. Os airbags em ambos os lados e no topo envolvem firmemente a parte traseira da cabine ap\u00f3s a inflagem. Os airbags laterais adotam estrutura em forma de L para garantir uma veda\u00e7\u00e3o firme entre a parte inferior dos airbags laterais e a parede. A faixa de ajuste de largura \u00e9 de 1600 mm, e a faixa de ajuste de comprimento do airbag superior \u00e9 de 1200 a 1500 mm, adequada para v\u00e1rias alturas de chassi de caminh\u00e3o. Com ventiladores de grande volume de ar, instalados ao ar livre, pode funcionar de forma est\u00e1vel em condi\u00e7\u00f5es clim\u00e1ticas adversas.<\/p>\n<p><img loading=\"lazy\" decoding=\"async\" class=\"aligncenter wp-image-11968\" src=\"https:\/\/seppeschina.com\/wp-content\/uploads\/2019\/05\/Inflatable-dock-shelter-3.jpg\" sizes=\"auto, (max-width: 600px) 100vw, 600px\" srcset=\"https:\/\/seppeschina.com\/wp-content\/uploads\/2019\/05\/Inflatable-dock-shelter-3.jpg 750w, https:\/\/seppeschina.com\/wp-content\/uploads\/2019\/05\/Inflatable-dock-shelter-3-300x300.jpg 300w, https:\/\/seppeschina.com\/wp-content\/uploads\/2019\/05\/Inflatable-dock-shelter-3-150x150.jpg 150w, https:\/\/seppeschina.com\/wp-content\/uploads\/2019\/05\/Inflatable-dock-shelter-3-360x360.jpg 360w, https:\/\/seppeschina.com\/wp-content\/uploads\/2019\/05\/Inflatable-dock-shelter-3-600x600.jpg 600w, https:\/\/seppeschina.com\/wp-content\/uploads\/2019\/05\/Inflatable-dock-shelter-3-100x100.jpg 100w, https:\/\/seppeschina.com\/wp-content\/uploads\/2019\/05\/Inflatable-dock-shelter-3-24x24.jpg 24w, https:\/\/seppeschina.com\/wp-content\/uploads\/2019\/05\/Inflatable-dock-shelter-3-48x48.jpg 48w, https:\/\/seppeschina.com\/wp-content\/uploads\/2019\/05\/Inflatable-dock-shelter-3-96x96.jpg 96w, https:\/\/seppeschina.com\/wp-content\/uploads\/2019\/05\/Inflatable-dock-shelter-3-364x364.jpg 364w, https:\/\/seppeschina.com\/wp-content\/uploads\/2019\/05\/Inflatable-dock-shelter-3-50x50.jpg 50w, https:\/\/seppeschina.com\/wp-content\/uploads\/2019\/05\/Inflatable-dock-shelter-3-110x110.jpg 110w, https:\/\/seppeschina.com\/wp-content\/uploads\/2019\/05\/Inflatable-dock-shelter-3-275x275.jpg 275w, https:\/\/seppeschina.com\/wp-content\/uploads\/2019\/05\/Inflatable-dock-shelter-3-480x480.jpg 480w, https:\/\/seppeschina.com\/wp-content\/uploads\/2019\/05\/Inflatable-dock-shelter-3-550x550.jpg 550w\" alt=\"\" width=\"600\" height=\"600\"><\/p>\n<div class=\"J_module\">\n<h3>Detalhes<\/h3>\n<p><img loading=\"lazy\" decoding=\"async\" class=\"aligncenter wp-image-12040 size-full\" src=\"https:\/\/seppeschina.com\/wp-content\/uploads\/2021\/03\/%E6%9C%BA%E6%A2%B0%E9%97%A8%E5%B0%81_04.jpg\" sizes=\"auto, (max-width: 600px) 100vw, 600px\" srcset=\"https:\/\/seppeschina.com\/wp-content\/uploads\/2021\/03\/\u673a\u68b0\u95e8\u5c01_04.jpg 600w, https:\/\/seppeschina.com\/wp-content\/uploads\/2021\/03\/\u673a\u68b0\u95e8\u5c01_04-300x174.jpg 300w, https:\/\/seppeschina.com\/wp-content\/uploads\/2021\/03\/\u673a\u68b0\u95e8\u5c01_04-360x209.jpg 360w, https:\/\/seppeschina.com\/wp-content\/uploads\/2021\/03\/\u673a\u68b0\u95e8\u5c01_04-550x319.jpg 550w\" alt=\"\" width=\"600\" height=\"348\"><\/p>\n<p><img loading=\"lazy\" decoding=\"async\" class=\"aligncenter size-full wp-image-12041\" src=\"https:\/\/seppeschina.com\/wp-content\/uploads\/2021\/03\/%E6%9C%BA%E6%A2%B0%E9%97%A8%E5%B0%81_03.jpg\" sizes=\"auto, (max-width: 600px) 100vw, 600px\" srcset=\"https:\/\/seppeschina.com\/wp-content\/uploads\/2021\/03\/\u673a\u68b0\u95e8\u5c01_03.jpg 600w, https:\/\/seppeschina.com\/wp-content\/uploads\/2021\/03\/\u673a\u68b0\u95e8\u5c01_03-284x300.jpg 284w, https:\/\/seppeschina.com\/wp-content\/uploads\/2021\/03\/\u673a\u68b0\u95e8\u5c01_03-360x380.jpg 360w, https:\/\/seppeschina.com\/wp-content\/uploads\/2021\/03\/\u673a\u68b0\u95e8\u5c01_03-24x24.jpg 24w, https:\/\/seppeschina.com\/wp-content\/uploads\/2021\/03\/\u673a\u68b0\u95e8\u5c01_03-521x550.jpg 521w\" alt=\"\" width=\"600\" height=\"634\"><\/p>\n<p><img loading=\"lazy\" decoding=\"async\" class=\"aligncenter wp-image-10345\" src=\"https:\/\/seppeschina.com\/wp-content\/uploads\/2021\/01\/\u56fe\u72472.png\" alt=\"\" width=\"600\" height=\"536\" srcset=\"https:\/\/seppeschina.com\/wp-content\/uploads\/2021\/01\/\u56fe\u72472.png 750w, https:\/\/seppeschina.com\/wp-content\/uploads\/2021\/01\/\u56fe\u72472-360x322.png 360w, https:\/\/seppeschina.com\/wp-content\/uploads\/2021\/01\/\u56fe\u72472-600x536.png 600w, https:\/\/seppeschina.com\/wp-content\/uploads\/2021\/01\/\u56fe\u72472-300x268.png 300w, https:\/\/seppeschina.com\/wp-content\/uploads\/2021\/01\/\u56fe\u72472-550x491.png 550w\" sizes=\"auto, (max-width: 600px) 100vw, 600px\" \/><\/p>\n<div class=\"flex-layout-v magic-9\">\n<div class=\"magic-10\">\n<h3>Princ\u00edpio de funcionamento<\/h3>\n<p>Requer que portas industriais, plataformas de carga e descarga e veda\u00e7\u00f5es de porta cooperem para formar um ambiente fechado de carga e descarga entre a carroceria e a sala, impedindo a entrada de detritos externos, fluxo de ar, chuva, etc., garantindo que o trabalho de carga e descarga seja conveniente, limpo e seguro.<\/p>\n<\/div>\n<\/div>\n<div class=\"text-wrapper magic-12\">\n<div class=\"text-wrapper-right text-theme-light text-align-left\">\n<div class=\"text-title\" data-id=\"right-title\">\n<div class=\"magic-13\">\n<h3>Perfil da Empresa<\/h3>\n<h6>Sobre n\u00f3s<\/h6>\n<p><img loading=\"lazy\" decoding=\"async\" class=\"aligncenter size-full wp-image-11606\" src=\"https:\/\/seppeschina.com\/wp-content\/uploads\/2021\/03\/seppes-door8.gif\" alt=\"\" width=\"600\" height=\"502\"><\/p>\n<h3><b data-spm-anchor-id=\"a2700.details.pronpeci14.i1.54614b77C31x07\">Mostra da F\u00e1brica<\/b><\/h3>\n<p><img loading=\"lazy\" decoding=\"async\" class=\"aligncenter wp-image-11604 size-full\" src=\"https:\/\/seppeschina.com\/wp-content\/uploads\/2021\/03\/seppes-door6.gif\" alt=\"\" width=\"600\" height=\"358\"><\/p>\n<h3><b>Feiras\/Exposi\u00e7\u00f5es<\/b><\/h3>\n<p><img loading=\"lazy\" decoding=\"async\" class=\"aligncenter wp-image-11605 size-full\" src=\"https:\/\/seppeschina.com\/wp-content\/uploads\/2021\/03\/seppes-door7.gif\" alt=\"\" width=\"600\" height=\"338\"><\/p>\n<h3>Nossos Parceiros<\/h3>\n<p><img loading=\"lazy\" decoding=\"async\" class=\"aligncenter wp-image-11608 size-full\" src=\"https:\/\/seppeschina.com\/wp-content\/uploads\/2021\/03\/seppes-door10.gif\" alt=\"\" width=\"600\" height=\"491\"><\/p>\n<h3>Certifica\u00e7\u00f5es<\/h3>\n<p><img loading=\"lazy\" decoding=\"async\" class=\"wp-image-9887 aligncenter\" src=\"https:\/\/seppeschina.com\/wp-content\/uploads\/2019\/04\/certification.jpg\" sizes=\"auto, (max-width: 600px) 100vw, 600px\" srcset=\"https:\/\/seppeschina.com\/wp-content\/uploads\/2019\/04\/certification.jpg 750w, https:\/\/seppeschina.com\/wp-content\/uploads\/2019\/04\/certification-150x150.jpg 150w, https:\/\/seppeschina.com\/wp-content\/uploads\/2019\/04\/certification-300x300.jpg 300w, https:\/\/seppeschina.com\/wp-content\/uploads\/2019\/04\/certification-360x360.jpg 360w, https:\/\/seppeschina.com\/wp-content\/uploads\/2019\/04\/certification-600x600.jpg 600w, https:\/\/seppeschina.com\/wp-content\/uploads\/2019\/04\/certification-100x100.jpg 100w, https:\/\/seppeschina.com\/wp-content\/uploads\/2019\/04\/certification-24x24.jpg 24w, https:\/\/seppeschina.com\/wp-content\/uploads\/2019\/04\/certification-48x48.jpg 48w, https:\/\/seppeschina.com\/wp-content\/uploads\/2019\/04\/certification-96x96.jpg 96w, https:\/\/seppeschina.com\/wp-content\/uploads\/2019\/04\/certification-364x364.jpg 364w, https:\/\/seppeschina.com\/wp-content\/uploads\/2019\/04\/certification-50x50.jpg 50w, https:\/\/seppeschina.com\/wp-content\/uploads\/2019\/04\/certification-110x110.jpg 110w, https:\/\/seppeschina.com\/wp-content\/uploads\/2019\/04\/certification-275x275.jpg 275w, https:\/\/seppeschina.com\/wp-content\/uploads\/2019\/04\/certification-480x480.jpg 480w, https:\/\/seppeschina.com\/wp-content\/uploads\/2019\/04\/certification-550x550.jpg 550w\" alt=\"\" width=\"600\" height=\"600\"><\/p>\n<h3>Vantagens<\/h3>\n<p><img loading=\"lazy\" decoding=\"async\" class=\"aligncenter wp-image-12035 size-full\" src=\"https:\/\/seppeschina.com\/wp-content\/uploads\/2021\/03\/%E5%85%85%E6%B0%94%E9%97%A8%E5%B0%81_02.jpg\" sizes=\"auto, (max-width: 600px) 100vw, 600px\" srcset=\"https:\/\/seppeschina.com\/wp-content\/uploads\/2021\/03\/\u5145\u6c14\u95e8\u5c01_02.jpg 600w, https:\/\/seppeschina.com\/wp-content\/uploads\/2021\/03\/\u5145\u6c14\u95e8\u5c01_02-287x300.jpg 287w, https:\/\/seppeschina.com\/wp-content\/uploads\/2021\/03\/\u5145\u6c14\u95e8\u5c01_02-360x377.jpg 360w, https:\/\/seppeschina.com\/wp-content\/uploads\/2021\/03\/\u5145\u6c14\u95e8\u5c01_02-24x24.jpg 24w, https:\/\/seppeschina.com\/wp-content\/uploads\/2021\/03\/\u5145\u6c14\u95e8\u5c01_02-525x550.jpg 525w\" alt=\"\" width=\"600\" height=\"628\"><\/p>\n<h3>Aplica\u00e7\u00f5es<\/h3>\n<p><img loading=\"lazy\" decoding=\"async\" class=\"aligncenter wp-image-10307\" src=\"https:\/\/seppeschina.com\/wp-content\/uploads\/2019\/02\/%E6%9C%BA%E6%A2%B0%E9%97%A8%E5%B0%81%E5%BA%94%E7%94%A8%E5%9B%BE.jpg\" alt=\"\" width=\"600\" height=\"600\"><\/p>\n<h3>Entrega &amp; Embalagem<\/h3>\n<p>Nosso m\u00e9todo de embalagem \u00e9 caixa de madeira, e os m\u00e9todos de transporte incluem expresso, a\u00e9reo e mar\u00edtimo. Normalmente 3-7 dias ap\u00f3s a realiza\u00e7\u00e3o do pedido.<\/p>\n<p><img loading=\"lazy\" decoding=\"async\" class=\"aligncenter wp-image-11818 size-full\" src=\"https:\/\/seppeschina.com\/wp-content\/uploads\/2021\/04\/H847d78bca14e40ceb2854a49609655195.png\" sizes=\"auto, (max-width: 750px) 100vw, 750px\" srcset=\"https:\/\/seppeschina.com\/wp-content\/uploads\/2021\/04\/H847d78bca14e40ceb2854a49609655195.png 750w, https:\/\/seppeschina.com\/wp-content\/uploads\/2021\/04\/H847d78bca14e40ceb2854a49609655195-300x124.png 300w, https:\/\/seppeschina.com\/wp-content\/uploads\/2021\/04\/H847d78bca14e40ceb2854a49609655195-360x149.png 360w, https:\/\/seppeschina.com\/wp-content\/uploads\/2021\/04\/H847d78bca14e40ceb2854a49609655195-600x248.png 600w, https:\/\/seppeschina.com\/wp-content\/uploads\/2021\/04\/H847d78bca14e40ceb2854a49609655195-550x227.png 550w\" alt=\"\" width=\"750\" height=\"310\"><\/p>\n<h3>Perguntas Frequentes<\/h3>\n<p><b><span data-spm-anchor-id=\"a2700.custom-template.0.i4.45393333ve2JZu\">1. P: Qual \u00e9 o tipo do motor do abrigo de doca?<\/span><\/b><b><span data-spm-anchor-id=\"a2700.custom-template.0.i4.45393333ve2JZu\">2. P: Qual \u00e9 o material do abrigo de doca?<\/span><\/b><\/p>\n<p>R: Motor servo, 220V - 0,75 KW - 50HZ - 1 fase<\/p>\n<p><b><span data-spm-anchor-id=\"a2700.custom-template.0.i6.45393333ve2JZu\">3. P: Quanto espa\u00e7o \u00e9 necess\u00e1rio para a instala\u00e7\u00e3o?<\/span><\/b><\/p>\n<p>R: Tecido de PVC com esponja completa no interior<\/p>\n<p><b><span data-spm-anchor-id=\"a2700.custom-template.0.i69.45393333PN6HP1\">4. P: Quanto tempo pode ser utilizado?<\/span><\/b><\/p>\n<p>R: Colocado horizontalmente, alinhado com a plataforma do caminh\u00e3o e a esta\u00e7\u00e3o de atracagem<\/p>\n<p><b><span data-spm-anchor-id=\"a2700.custom-template.0.i9.45393333ve2JZu\">5. P: Em que tipo de local a porta de alta velocidade pode ser utilizada?<\/span><\/b><\/p>\n<p>R: Cerca de 8-10 anos<\/p>\n<p><b>6. P: Como funciona o abrigo de doca?<\/b><\/p>\n<p>R: Adequado para modelos de diferentes especifica\u00e7\u00f5es, bem como para log\u00edstica de armazenagem e c\u00e2maras frigor\u00edficas.<\/p>\n<p><b><span data-spm-anchor-id=\"a2700.custom-template.0.i88.45393333PN6HP1\">04<\/span><\/b><\/p>\n<p>R: Atrav\u00e9s da compress\u00e3o do ve\u00edculo e da tira de veda\u00e7\u00e3o da porta, impede o fluxo de ar para o exterior.<\/p>\n<\/div>\n<\/div>\n<\/div>\n<\/div>\n<\/div>\n<p><img loading=\"lazy\" decoding=\"async\" class=\"alignnone wp-image-9979 size-full\" src=\"https:\/\/seppeschina.com\/wp-content\/uploads\/2021\/01\/\u5fae\u4fe1\u56fe\u7247_20210106145813.jpg\" alt=\"\" width=\"750\" height=\"293\" srcset=\"https:\/\/seppeschina.com\/wp-content\/uploads\/2021\/01\/\u5fae\u4fe1\u56fe\u7247_20210106145813.jpg 750w, https:\/\/seppeschina.com\/wp-content\/uploads\/2021\/01\/\u5fae\u4fe1\u56fe\u7247_20210106145813-360x141.jpg 360w, https:\/\/seppeschina.com\/wp-content\/uploads\/2021\/01\/\u5fae\u4fe1\u56fe\u7247_20210106145813-600x234.jpg 600w, https:\/\/seppeschina.com\/wp-content\/uploads\/2021\/01\/\u5fae\u4fe1\u56fe\u7247_20210106145813-300x117.jpg 300w, https:\/\/seppeschina.com\/wp-content\/uploads\/2021\/01\/\u5fae\u4fe1\u56fe\u7247_20210106145813-550x215.jpg 550w\" sizes=\"auto, (max-width: 750px) 100vw, 750px\" \/><\/p>","protected":false},"excerpt":{"rendered":"<p>A porta industrial \u00e9 fechada quando n\u00e3o est\u00e1 em estado de funcionamento, mantendo o isolamento selado entre o interior e o exterior; ao entrar em estado de funcionamento, a porta industrial \u00e9 aberta, e o nivelador de doca coopera com o abrigo de porta para que o ve\u00edculo forme um ambiente de carga e descarga fechado com o interior, evitando a entrada de detritos externos, fluxo de ar, chuva, etc., e garantindo que o trabalho de carga e descarga seja realizado de forma conveniente, limpa e segura.<\/p>\n<p>&nbsp;<\/p>","protected":false},"featured_media":12044,"comment_status":"open","ping_status":"closed","template":"","meta":[],"product_brand":[],"product_cat":[328],"product_tag":[],"class_list":{"0":"post-10274","1":"product","2":"type-product","3":"status-publish","4":"has-post-thumbnail","6":"product_cat-dock-shelter","9":"first","10":"instock","11":"shipping-taxable","12":"product-type-simple"},"_links":{"self":[{"href":"https:\/\/seppeschina.com\/pt\/wp-json\/wp\/v2\/product\/10274","targetHints":{"allow":["GET"]}}],"collection":[{"href":"https:\/\/seppeschina.com\/pt\/wp-json\/wp\/v2\/product"}],"about":[{"href":"https:\/\/seppeschina.com\/pt\/wp-json\/wp\/v2\/types\/product"}],"replies":[{"embeddable":true,"href":"https:\/\/seppeschina.com\/pt\/wp-json\/wp\/v2\/comments?post=10274"}],"wp:featuredmedia":[{"embeddable":true,"href":"https:\/\/seppeschina.com\/pt\/wp-json\/wp\/v2\/media\/12044"}],"wp:attachment":[{"href":"https:\/\/seppeschina.com\/pt\/wp-json\/wp\/v2\/media?parent=10274"}],"wp:term":[{"taxonomy":"product_brand","embeddable":true,"href":"https:\/\/seppeschina.com\/pt\/wp-json\/wp\/v2\/product_brand?post=10274"},{"taxonomy":"product_cat","embeddable":true,"href":"https:\/\/seppeschina.com\/pt\/wp-json\/wp\/v2\/product_cat?post=10274"},{"taxonomy":"product_tag","embeddable":true,"href":"https:\/\/seppeschina.com\/pt\/wp-json\/wp\/v2\/product_tag?post=10274"}],"curies":[{"name":"wp","href":"https:\/\/api.w.org\/{rel}","templated":true}]}}