{"id":11262,"date":"2021-03-05T17:32:23","date_gmt":"2021-03-05T09:32:23","guid":{"rendered":"https:\/\/seppeschina.com\/?post_type=product&#038;p=11262"},"modified":"2025-05-19T15:51:45","modified_gmt":"2025-05-19T07:51:45","slug":"nivelador-de-doca-hidraulico-preto-seppes-dl-220","status":"publish","type":"product","link":"https:\/\/seppeschina.com\/pt\/product\/seppes-black-hydraulic-dock-leveler-dl-220\/","title":{"rendered":"Nivelador de Doca Hidr\u00e1ulico SEPPES Preto DL-220"},"content":{"rendered":"<div class=\"J_module\">\n<h3 data-section=\"AliMagic-umg0h2\" data-section-title=\"Products Description\" data-spm-anchor-id=\"a2700.details.0.i25.5a551fefHAERHr\">Nivelador de Doca Hidr\u00e1ulico<\/h3>\n<p><img loading=\"lazy\" decoding=\"async\" class=\"aligncenter size-full wp-image-11265\" src=\"https:\/\/seppeschina.com\/wp-content\/uploads\/2021\/03\/d2b440a2848695b888639ae08a09d3a-e1614932937894.png\" alt=\"\" width=\"750\" height=\"750\" srcset=\"https:\/\/seppeschina.com\/wp-content\/uploads\/2021\/03\/d2b440a2848695b888639ae08a09d3a-e1614932937894.png 750w, https:\/\/seppeschina.com\/wp-content\/uploads\/2021\/03\/d2b440a2848695b888639ae08a09d3a-e1614932937894-360x360.png 360w, https:\/\/seppeschina.com\/wp-content\/uploads\/2021\/03\/d2b440a2848695b888639ae08a09d3a-e1614932937894-100x100.png 100w, https:\/\/seppeschina.com\/wp-content\/uploads\/2021\/03\/d2b440a2848695b888639ae08a09d3a-e1614932937894-600x600.png 600w\" sizes=\"auto, (max-width: 750px) 100vw, 750px\" \/><\/p>\n<h3>Descri\u00e7\u00e3o<\/h3>\n<p>(1) Tratamento com b\u00f3rax na superf\u00edcie de a\u00e7o.<br \/>\n(2) Utiliza\u00e7\u00e3o de tecnologia de verniz por cura t\u00e9rmica, boa resist\u00eancia \u00e0 corros\u00e3o.<br \/>\n(3) A dist\u00e2ncia entre o canal da rampa e a viga frontal (25 mm) proporciona prote\u00e7\u00e3o de seguran\u00e7a eficaz.<br \/>\n(4) A dobradi\u00e7a de conex\u00e3o entre a plataforma e o canal de entrada possui capacidade de autolimpeza.<br \/>\n(5) O comprimento da rampa de entrada pode ser ajustado para proporcionar uma aplica\u00e7\u00e3o mais conveniente.<br \/>\n(6) O suporte do canal de entrada \u00e9 muito firme e pode proporcionar movimento lateral seguro na plataforma quando em estado fechado.<br \/>\n(7) A cortina lateral com bolsa de ar pode impedir que a manuten\u00e7\u00e3o pise na folga entre a plataforma e o rebaixo durante o trabalho, tendo um bom efeito protetor.<\/p>\n<p><img loading=\"lazy\" decoding=\"async\" class=\"aligncenter wp-image-11098\" src=\"https:\/\/seppeschina.com\/wp-content\/uploads\/2021\/02\/\u6d77\u7ef5\u95e8\u5c011.png\" alt=\"\" width=\"600\" height=\"600\" srcset=\"https:\/\/seppeschina.com\/wp-content\/uploads\/2021\/02\/\u6d77\u7ef5\u95e8\u5c011.png 750w, https:\/\/seppeschina.com\/wp-content\/uploads\/2021\/02\/\u6d77\u7ef5\u95e8\u5c011-360x360.png 360w, https:\/\/seppeschina.com\/wp-content\/uploads\/2021\/02\/\u6d77\u7ef5\u95e8\u5c011-100x100.png 100w, https:\/\/seppeschina.com\/wp-content\/uploads\/2021\/02\/\u6d77\u7ef5\u95e8\u5c011-600x600.png 600w, https:\/\/seppeschina.com\/wp-content\/uploads\/2021\/02\/\u6d77\u7ef5\u95e8\u5c011-300x300.png 300w, https:\/\/seppeschina.com\/wp-content\/uploads\/2021\/02\/\u6d77\u7ef5\u95e8\u5c011-150x150.png 150w, https:\/\/seppeschina.com\/wp-content\/uploads\/2021\/02\/\u6d77\u7ef5\u95e8\u5c011-24x24.png 24w, https:\/\/seppeschina.com\/wp-content\/uploads\/2021\/02\/\u6d77\u7ef5\u95e8\u5c011-48x48.png 48w, https:\/\/seppeschina.com\/wp-content\/uploads\/2021\/02\/\u6d77\u7ef5\u95e8\u5c011-96x96.png 96w, https:\/\/seppeschina.com\/wp-content\/uploads\/2021\/02\/\u6d77\u7ef5\u95e8\u5c011-364x364.png 364w, https:\/\/seppeschina.com\/wp-content\/uploads\/2021\/02\/\u6d77\u7ef5\u95e8\u5c011-50x50.png 50w, https:\/\/seppeschina.com\/wp-content\/uploads\/2021\/02\/\u6d77\u7ef5\u95e8\u5c011-110x110.png 110w, https:\/\/seppeschina.com\/wp-content\/uploads\/2021\/02\/\u6d77\u7ef5\u95e8\u5c011-275x275.png 275w, https:\/\/seppeschina.com\/wp-content\/uploads\/2021\/02\/\u6d77\u7ef5\u95e8\u5c011-480x480.png 480w, https:\/\/seppeschina.com\/wp-content\/uploads\/2021\/02\/\u6d77\u7ef5\u95e8\u5c011-550x550.png 550w\" sizes=\"auto, (max-width: 600px) 100vw, 600px\" \/><\/p>\n<h3>Detalhes<\/h3>\n<\/div>\n<div class=\"J_module\">\n<div class=\"ife-detail-decorate-table\"><img loading=\"lazy\" decoding=\"async\" class=\"aligncenter size-full wp-image-11839\" src=\"https:\/\/seppeschina.com\/wp-content\/uploads\/2021\/04\/\u88c5\u5378\u8d27\u5e73\u53f0_04.jpg\" alt=\"\" width=\"600\" height=\"82\" srcset=\"https:\/\/seppeschina.com\/wp-content\/uploads\/2021\/04\/\u88c5\u5378\u8d27\u5e73\u53f0_04.jpg 600w, https:\/\/seppeschina.com\/wp-content\/uploads\/2021\/04\/\u88c5\u5378\u8d27\u5e73\u53f0_04-360x49.jpg 360w, https:\/\/seppeschina.com\/wp-content\/uploads\/2021\/04\/\u88c5\u5378\u8d27\u5e73\u53f0_04-300x41.jpg 300w, https:\/\/seppeschina.com\/wp-content\/uploads\/2021\/04\/\u88c5\u5378\u8d27\u5e73\u53f0_04-550x75.jpg 550w\" sizes=\"auto, (max-width: 600px) 100vw, 600px\" \/><img loading=\"lazy\" decoding=\"async\" class=\"aligncenter size-full wp-image-11965\" src=\"https:\/\/seppeschina.com\/wp-content\/uploads\/2021\/04\/\u88c5\u5378\u8d27\u5e73\u53f0_05-1.jpg\" alt=\"\" width=\"600\" height=\"266\" srcset=\"https:\/\/seppeschina.com\/wp-content\/uploads\/2021\/04\/\u88c5\u5378\u8d27\u5e73\u53f0_05-1.jpg 600w, https:\/\/seppeschina.com\/wp-content\/uploads\/2021\/04\/\u88c5\u5378\u8d27\u5e73\u53f0_05-1-360x160.jpg 360w, https:\/\/seppeschina.com\/wp-content\/uploads\/2021\/04\/\u88c5\u5378\u8d27\u5e73\u53f0_05-1-300x133.jpg 300w, https:\/\/seppeschina.com\/wp-content\/uploads\/2021\/04\/\u88c5\u5378\u8d27\u5e73\u53f0_05-1-550x244.jpg 550w\" sizes=\"auto, (max-width: 600px) 100vw, 600px\" \/><\/div>\n<div><img decoding=\"async\" class=\"aligncenter\" src=\"https:\/\/seppeschina.com\/wp-content\/uploads\/2021\/04\/%E8%A3%85%E5%8D%B8%E8%B4%A7%E5%B9%B3%E5%8F%B0_03.jpg\" alt=\"\"><\/div>\n<div>Os itens acima s\u00e3o os 6 detalhes do Nivelador de Doca Hidr\u00e1ulico, mostrando que nossos produtos n\u00e3o s\u00e3o apenas dur\u00e1veis e seguros, mas tamb\u00e9m muito \u00fateis para proporcionar efici\u00eancia log\u00edstica. Se sua f\u00e1brica puder instalar o Nivelador de Doca Hidr\u00e1ulico, por favor, utilize-o com frequ\u00eancia.<\/div>\n<div class=\"ife-detail-decorate-table\">\n<h3><span class=\"magic-6\" data-spm-anchor-id=\"a2700.details.0.i27.5a551fefHAERHr\">S<\/span>Estrutura<\/h3>\n<div class=\"J_module\">\n<div class=\"detail-decorate-json-renderer-container\">\n<div class=\"magic-20\">\n<div class=\"magic-21\">\n<div class=\"magic-22\">\n<div><img loading=\"lazy\" decoding=\"async\" class=\"aligncenter wp-image-11964\" src=\"https:\/\/seppeschina.com\/wp-content\/uploads\/2021\/03\/\u5fae\u4fe1\u56fe\u7247_20210414115653.png\" alt=\"\" width=\"600\" height=\"600\" srcset=\"https:\/\/seppeschina.com\/wp-content\/uploads\/2021\/03\/\u5fae\u4fe1\u56fe\u7247_20210414115653.png 750w, https:\/\/seppeschina.com\/wp-content\/uploads\/2021\/03\/\u5fae\u4fe1\u56fe\u7247_20210414115653-360x360.png 360w, https:\/\/seppeschina.com\/wp-content\/uploads\/2021\/03\/\u5fae\u4fe1\u56fe\u7247_20210414115653-100x100.png 100w, https:\/\/seppeschina.com\/wp-content\/uploads\/2021\/03\/\u5fae\u4fe1\u56fe\u7247_20210414115653-600x600.png 600w, https:\/\/seppeschina.com\/wp-content\/uploads\/2021\/03\/\u5fae\u4fe1\u56fe\u7247_20210414115653-300x300.png 300w, https:\/\/seppeschina.com\/wp-content\/uploads\/2021\/03\/\u5fae\u4fe1\u56fe\u7247_20210414115653-150x150.png 150w, https:\/\/seppeschina.com\/wp-content\/uploads\/2021\/03\/\u5fae\u4fe1\u56fe\u7247_20210414115653-24x24.png 24w, https:\/\/seppeschina.com\/wp-content\/uploads\/2021\/03\/\u5fae\u4fe1\u56fe\u7247_20210414115653-48x48.png 48w, https:\/\/seppeschina.com\/wp-content\/uploads\/2021\/03\/\u5fae\u4fe1\u56fe\u7247_20210414115653-96x96.png 96w, https:\/\/seppeschina.com\/wp-content\/uploads\/2021\/03\/\u5fae\u4fe1\u56fe\u7247_20210414115653-364x364.png 364w, https:\/\/seppeschina.com\/wp-content\/uploads\/2021\/03\/\u5fae\u4fe1\u56fe\u7247_20210414115653-50x50.png 50w, https:\/\/seppeschina.com\/wp-content\/uploads\/2021\/03\/\u5fae\u4fe1\u56fe\u7247_20210414115653-110x110.png 110w, https:\/\/seppeschina.com\/wp-content\/uploads\/2021\/03\/\u5fae\u4fe1\u56fe\u7247_20210414115653-275x275.png 275w, https:\/\/seppeschina.com\/wp-content\/uploads\/2021\/03\/\u5fae\u4fe1\u56fe\u7247_20210414115653-480x480.png 480w, https:\/\/seppeschina.com\/wp-content\/uploads\/2021\/03\/\u5fae\u4fe1\u56fe\u7247_20210414115653-550x550.png 550w\" sizes=\"auto, (max-width: 600px) 100vw, 600px\" \/><\/div>\n<\/div>\n<\/div>\n<\/div>\n<\/div>\n<\/div>\n<p><img loading=\"lazy\" decoding=\"async\" class=\"aligncenter wp-image-11929\" src=\"https:\/\/seppeschina.com\/wp-content\/uploads\/2021\/03\/dock-leveler-details3-1.jpg\" alt=\"\" width=\"600\" height=\"600\" srcset=\"https:\/\/seppeschina.com\/wp-content\/uploads\/2021\/03\/dock-leveler-details3-1.jpg 750w, https:\/\/seppeschina.com\/wp-content\/uploads\/2021\/03\/dock-leveler-details3-1-360x360.jpg 360w, https:\/\/seppeschina.com\/wp-content\/uploads\/2021\/03\/dock-leveler-details3-1-100x100.jpg 100w, https:\/\/seppeschina.com\/wp-content\/uploads\/2021\/03\/dock-leveler-details3-1-600x600.jpg 600w, https:\/\/seppeschina.com\/wp-content\/uploads\/2021\/03\/dock-leveler-details3-1-300x300.jpg 300w, https:\/\/seppeschina.com\/wp-content\/uploads\/2021\/03\/dock-leveler-details3-1-150x150.jpg 150w, https:\/\/seppeschina.com\/wp-content\/uploads\/2021\/03\/dock-leveler-details3-1-24x24.jpg 24w, https:\/\/seppeschina.com\/wp-content\/uploads\/2021\/03\/dock-leveler-details3-1-48x48.jpg 48w, https:\/\/seppeschina.com\/wp-content\/uploads\/2021\/03\/dock-leveler-details3-1-96x96.jpg 96w, https:\/\/seppeschina.com\/wp-content\/uploads\/2021\/03\/dock-leveler-details3-1-364x364.jpg 364w, https:\/\/seppeschina.com\/wp-content\/uploads\/2021\/03\/dock-leveler-details3-1-50x50.jpg 50w, https:\/\/seppeschina.com\/wp-content\/uploads\/2021\/03\/dock-leveler-details3-1-110x110.jpg 110w, https:\/\/seppeschina.com\/wp-content\/uploads\/2021\/03\/dock-leveler-details3-1-275x275.jpg 275w, https:\/\/seppeschina.com\/wp-content\/uploads\/2021\/03\/dock-leveler-details3-1-480x480.jpg 480w, https:\/\/seppeschina.com\/wp-content\/uploads\/2021\/03\/dock-leveler-details3-1-550x550.jpg 550w\" sizes=\"auto, (max-width: 600px) 100vw, 600px\" \/><\/p>\n<p>P1:<\/p>\n<div class=\"text-title\" data-id=\"right-title\"><b><span class=\"magic-14\" data-spm-anchor-id=\"a2700.details.0.i34.5a551fefHAERHr\">Unidade de controle<\/span><\/b><\/div>\n<div class=\"text-content\" data-id=\"right-content\">\n<div><b><span class=\"magic-6\">F\u00e1cil e dur\u00e1vel<\/span><\/b><\/div>\n<p>Sistema de controle importado, a caixa de controle \u00e9 de f\u00e1cil opera\u00e7\u00e3o.<\/p>\n<\/div>\n<div data-id=\"right-content\">\n<p>P2:<\/p>\n<div class=\"text-title\" data-id=\"left-title\"><span class=\"magic-14\" data-spm-anchor-id=\"a2700.details.0.i35.5a551fefHAERHr\">Motor<\/span><\/div>\n<div class=\"text-content\" data-id=\"left-content\">\n<div><b><span class=\"magic-6\">R\u00e1pido e est\u00e1vel<\/span><\/b><\/div>\n<p><span class=\"magic-6\">Longa vida \u00fatil, opera\u00e7\u00e3o muito r\u00e1pida e est\u00e1vel.<\/span><\/p>\n<\/div>\n<\/div>\n<div data-id=\"left-content\">\n<p>P3:<\/p>\n<div class=\"text-title\" data-id=\"right-title\"><span class=\"magic-14\" data-spm-anchor-id=\"a2700.details.0.i36.5a551fefHAERHr\">Condi\u00e7\u00f5es de instala\u00e7\u00e3o<\/span><\/div>\n<div class=\"text-content\" data-id=\"right-content\">\n<p><span class=\"magic-6\"><b>F\u00e1cil, R\u00e1pido<\/b><\/span><\/p>\n<h3>Produto Relacionado<\/h3>\n<p><img loading=\"lazy\" decoding=\"async\" class=\"aligncenter size-full wp-image-11966\" src=\"https:\/\/seppeschina.com\/wp-content\/uploads\/2021\/04\/%E8%A3%85%E5%8D%B8%E8%B4%A7%E5%B9%B3%E5%8F%B0_08.jpg\" sizes=\"auto, (max-width: 600px) 100vw, 600px\" srcset=\"https:\/\/seppeschina.com\/wp-content\/uploads\/2021\/04\/\u88c5\u5378\u8d27\u5e73\u53f0_08.jpg 600w, https:\/\/seppeschina.com\/wp-content\/uploads\/2021\/04\/\u88c5\u5378\u8d27\u5e73\u53f0_08-300x264.jpg 300w, https:\/\/seppeschina.com\/wp-content\/uploads\/2021\/04\/\u88c5\u5378\u8d27\u5e73\u53f0_08-360x317.jpg 360w, https:\/\/seppeschina.com\/wp-content\/uploads\/2021\/04\/\u88c5\u5378\u8d27\u5e73\u53f0_08-550x484.jpg 550w\" alt=\"\" width=\"600\" height=\"528\"><\/p>\n<div class=\"J_module\">\n<div class=\"ife-detail-decorate-table\">\n<div data-id=\"left-content\">\n<div class=\"text-content\" data-id=\"right-content\">\n<h3>Perfil da Empresa<\/h3>\n<h6>Sobre n\u00f3s<\/h6>\n<p>Fundada em 2011,<b>Seppes Door Industry (Suzhou) Co., Ltd<\/b>\u00a0\u00e9 uma empresa de fabrica\u00e7\u00e3o e com\u00e9rcio, localizada em Suzhou, prov\u00edncia de Jiangsu, na China continental. Especializamo-nos na fabrica\u00e7\u00e3o de solu\u00e7\u00f5es completas e personalizadas de sistemas de portas de entrada para clientes industriais, que permitem que a f\u00e1brica esteja em um ambiente sem poeira, sem ru\u00eddo, com economia de energia, isolamento t\u00e9rmico ou atenda a outros requisitos dos clientes. Nossos principais produtos s\u00e3o porta de alta velocidade, porta enrol\u00e1vel r\u00e1pida, porta enrol\u00e1vel autom\u00e1tica, porta de se\u00e7\u00e3o e assim por diante.<\/p>\n<h3><b data-spm-anchor-id=\"a2700.details.pronpeci14.i1.54614b77C31x07\">Mostra da F\u00e1brica<\/b><\/h3>\n<p><img loading=\"lazy\" decoding=\"async\" class=\"aligncenter wp-image-11604 size-full\" src=\"https:\/\/seppeschina.com\/wp-content\/uploads\/2021\/03\/seppes-door6.gif\" alt=\"\" width=\"600\" height=\"358\"><\/p>\n<h3><b>Feiras\/Exposi\u00e7\u00f5es<\/b><\/h3>\n<p>Esta \u00e9 uma foto de grupo tirada pelos nossos clientes estrangeiros durante a visita \u00e0 nossa empresa, incluindo pa\u00edses como Estados Unidos, Austr\u00e1lia, Espanha, Chile, Israel e outros.<\/p>\n<p><img loading=\"lazy\" decoding=\"async\" class=\"aligncenter wp-image-11605 size-full\" src=\"https:\/\/seppeschina.com\/wp-content\/uploads\/2021\/03\/seppes-door7.gif\" alt=\"\" width=\"600\" height=\"338\"><\/p>\n<h3>Vantagens<\/h3>\n<p><img loading=\"lazy\" decoding=\"async\" class=\"aligncenter wp-image-12004 size-full\" src=\"https:\/\/seppeschina.com\/wp-content\/uploads\/2021\/02\/%E8%A3%85%E5%8D%B8%E8%B4%A7%E5%B9%B3%E5%8F%B0_02.jpg\" sizes=\"auto, (max-width: 600px) 100vw, 600px\" srcset=\"https:\/\/seppeschina.com\/wp-content\/uploads\/2021\/02\/\u88c5\u5378\u8d27\u5e73\u53f0_02.jpg 600w, https:\/\/seppeschina.com\/wp-content\/uploads\/2021\/02\/\u88c5\u5378\u8d27\u5e73\u53f0_02-287x300.jpg 287w, https:\/\/seppeschina.com\/wp-content\/uploads\/2021\/02\/\u88c5\u5378\u8d27\u5e73\u53f0_02-360x377.jpg 360w, https:\/\/seppeschina.com\/wp-content\/uploads\/2021\/02\/\u88c5\u5378\u8d27\u5e73\u53f0_02-24x24.jpg 24w, https:\/\/seppeschina.com\/wp-content\/uploads\/2021\/02\/\u88c5\u5378\u8d27\u5e73\u53f0_02-525x550.jpg 525w\" alt=\"\" width=\"600\" height=\"628\"><\/p>\n<h3>Projeto de coopera\u00e7\u00e3o<\/h3>\n<p><img loading=\"lazy\" decoding=\"async\" class=\"aligncenter wp-image-11268\" src=\"https:\/\/seppeschina.com\/wp-content\/uploads\/2021\/03\/cooperate-project.jpg\" sizes=\"auto, (max-width: 600px) 100vw, 600px\" srcset=\"https:\/\/seppeschina.com\/wp-content\/uploads\/2021\/03\/cooperate-project.jpg 750w, https:\/\/seppeschina.com\/wp-content\/uploads\/2021\/03\/cooperate-project-300x242.jpg 300w, https:\/\/seppeschina.com\/wp-content\/uploads\/2021\/03\/cooperate-project-360x290.jpg 360w, https:\/\/seppeschina.com\/wp-content\/uploads\/2021\/03\/cooperate-project-600x484.jpg 600w, https:\/\/seppeschina.com\/wp-content\/uploads\/2021\/03\/cooperate-project-550x444.jpg 550w\" alt=\"\" width=\"600\" height=\"484\"><\/p>\n<h3>Nossos Parceiros<\/h3>\n<p>Tornou-se um fornecedor cooperativo de quase 60 empresas da Fortune 500, como IKEA, Logitech, Fresenius, Akzo Nobel, etc.<\/p>\n<p><img loading=\"lazy\" decoding=\"async\" class=\"aligncenter wp-image-11608 size-full\" src=\"https:\/\/seppeschina.com\/wp-content\/uploads\/2021\/03\/seppes-door10.gif\" alt=\"\" width=\"600\" height=\"491\"><\/p>\n<\/div>\n<\/div>\n<\/div>\n<\/div>\n<h3>Certifica\u00e7\u00f5es<\/h3>\n<p><img loading=\"lazy\" decoding=\"async\" class=\"wp-image-9887 aligncenter\" src=\"https:\/\/seppeschina.com\/wp-content\/uploads\/2019\/04\/certification.jpg\" sizes=\"auto, (max-width: 600px) 100vw, 600px\" srcset=\"https:\/\/seppeschina.com\/wp-content\/uploads\/2019\/04\/certification.jpg 750w, https:\/\/seppeschina.com\/wp-content\/uploads\/2019\/04\/certification-150x150.jpg 150w, https:\/\/seppeschina.com\/wp-content\/uploads\/2019\/04\/certification-300x300.jpg 300w, https:\/\/seppeschina.com\/wp-content\/uploads\/2019\/04\/certification-360x360.jpg 360w, https:\/\/seppeschina.com\/wp-content\/uploads\/2019\/04\/certification-600x600.jpg 600w, https:\/\/seppeschina.com\/wp-content\/uploads\/2019\/04\/certification-100x100.jpg 100w, https:\/\/seppeschina.com\/wp-content\/uploads\/2019\/04\/certification-24x24.jpg 24w, https:\/\/seppeschina.com\/wp-content\/uploads\/2019\/04\/certification-48x48.jpg 48w, https:\/\/seppeschina.com\/wp-content\/uploads\/2019\/04\/certification-96x96.jpg 96w, https:\/\/seppeschina.com\/wp-content\/uploads\/2019\/04\/certification-364x364.jpg 364w, https:\/\/seppeschina.com\/wp-content\/uploads\/2019\/04\/certification-50x50.jpg 50w, https:\/\/seppeschina.com\/wp-content\/uploads\/2019\/04\/certification-110x110.jpg 110w, https:\/\/seppeschina.com\/wp-content\/uploads\/2019\/04\/certification-275x275.jpg 275w, https:\/\/seppeschina.com\/wp-content\/uploads\/2019\/04\/certification-480x480.jpg 480w, https:\/\/seppeschina.com\/wp-content\/uploads\/2019\/04\/certification-550x550.jpg 550w\" alt=\"\" width=\"600\" height=\"600\"><\/p>\n<h3>Entrega e Embalagem<\/h3>\n<p>O nivelador de doca \u00e9 fornecido sem embalagem ou embalado em caixas de madeira. Quanto maior a quantidade, maior a chance de embalagem em caixas de madeira.<\/p>\n<p><img loading=\"lazy\" decoding=\"async\" class=\"aligncenter size-full wp-image-11269\" src=\"https:\/\/seppeschina.com\/wp-content\/uploads\/2021\/03\/dock-leveler-packing-.jpg\" sizes=\"auto, (max-width: 750px) 100vw, 750px\" srcset=\"https:\/\/seppeschina.com\/wp-content\/uploads\/2021\/03\/dock-leveler-packing-.jpg 750w, https:\/\/seppeschina.com\/wp-content\/uploads\/2021\/03\/dock-leveler-packing--300x300.jpg 300w, https:\/\/seppeschina.com\/wp-content\/uploads\/2021\/03\/dock-leveler-packing--150x150.jpg 150w, https:\/\/seppeschina.com\/wp-content\/uploads\/2021\/03\/dock-leveler-packing--360x360.jpg 360w, https:\/\/seppeschina.com\/wp-content\/uploads\/2021\/03\/dock-leveler-packing--600x600.jpg 600w, https:\/\/seppeschina.com\/wp-content\/uploads\/2021\/03\/dock-leveler-packing--100x100.jpg 100w, https:\/\/seppeschina.com\/wp-content\/uploads\/2021\/03\/dock-leveler-packing--24x24.jpg 24w, https:\/\/seppeschina.com\/wp-content\/uploads\/2021\/03\/dock-leveler-packing--48x48.jpg 48w, https:\/\/seppeschina.com\/wp-content\/uploads\/2021\/03\/dock-leveler-packing--96x96.jpg 96w, https:\/\/seppeschina.com\/wp-content\/uploads\/2021\/03\/dock-leveler-packing--364x364.jpg 364w, https:\/\/seppeschina.com\/wp-content\/uploads\/2021\/03\/dock-leveler-packing--50x50.jpg 50w, https:\/\/seppeschina.com\/wp-content\/uploads\/2021\/03\/dock-leveler-packing--110x110.jpg 110w, https:\/\/seppeschina.com\/wp-content\/uploads\/2021\/03\/dock-leveler-packing--275x275.jpg 275w, https:\/\/seppeschina.com\/wp-content\/uploads\/2021\/03\/dock-leveler-packing--480x480.jpg 480w, https:\/\/seppeschina.com\/wp-content\/uploads\/2021\/03\/dock-leveler-packing--550x550.jpg 550w\" alt=\"\" width=\"750\" height=\"750\"><\/p>\n<h3>Perguntas Frequentes<\/h3>\n<p><b data-spm-anchor-id=\"a2700.custom-template.0.i2.744b3333rK4wob\">P: Qual \u00e9 o tipo de motor do nivelador de doca?<\/b><\/p>\n<p>R: Motor servo, 220V - 0,75 KW - 50HZ - 1 fase<\/p>\n<p><b data-spm-anchor-id=\"a2700.custom-template.0.i4.744b3333nwf5MP\">P: Quanto espa\u00e7o \u00e9 necess\u00e1rio para instala\u00e7\u00e3o?<\/b><\/p>\n<p>R: Posicionado horizontalmente, alinhado com a carroceria do caminh\u00e3o e o abrigo da doca.<\/p>\n<p><b data-spm-anchor-id=\"a2700.custom-template.0.i5.744b3333nwf5MP\">P: Quanto tempo pode ser utilizado?<\/b><\/p>\n<p>R: Aproximadamente 8-10 anos.<\/p>\n<p><b data-spm-anchor-id=\"a2700.custom-template.0.i119.744b3333qJk7Hp\">P: Em que tipo de local o nivelador de doca pode ser usado?<\/b><\/p>\n<p>R: Amplamente utilizado em log\u00edstica de alimentos, medicamentos e outros, e em c\u00e2maras frigor\u00edficas que exigem limpeza relativamente alta.<\/p>\n<p><b>P: Como funciona o nivelador de doca?<\/b><\/p>\n<p>R: Trabalhando em conjunto atrav\u00e9s do sistema de controle, unidade eletro-hidr\u00e1ulica, placa de ajuste e placa de l\u00edngua.<\/p>\n\n<div class=\"wpcf7 no-js\" id=\"wpcf7-f1555-o1\" lang=\"en-US\" dir=\"ltr\" data-wpcf7-id=\"1555\">\n<div class=\"screen-reader-response\"><p role=\"status\" aria-live=\"polite\" aria-atomic=\"true\"><\/p> <ul><\/ul><\/div>\n<form action=\"\/pt\/wp-json\/wp\/v2\/product\/11262#wpcf7-f1555-o1\" method=\"post\" class=\"wpcf7-form init\" aria-label=\"Contact form\" novalidate=\"novalidate\" data-status=\"init\" data-trp-original-action=\"\/pt\/wp-json\/wp\/v2\/product\/11262#wpcf7-f1555-o1\">\n<fieldset class=\"hidden-fields-container\"><input type=\"hidden\" name=\"_wpcf7\" value=\"1555\" \/><input type=\"hidden\" name=\"_wpcf7_version\" value=\"6.1.4\" \/><input type=\"hidden\" name=\"_wpcf7_locale\" value=\"en_US\" \/><input type=\"hidden\" name=\"_wpcf7_unit_tag\" value=\"wpcf7-f1555-o1\" \/><input type=\"hidden\" name=\"_wpcf7_container_post\" value=\"0\" \/><input type=\"hidden\" name=\"_wpcf7_posted_data_hash\" value=\"\" \/><input type=\"hidden\" name=\"_wpcf7_recaptcha_response\" value=\"\" \/>\n<\/fieldset>\n<div class=\"hunkcf71\">\n\t<p class=\"cf7-title\" style=\"font-size:25px;\"><i class=\"fa fa-envelope-o\"><\/i> Responderemos ao seu e-mail em breve!\n\t<\/p>\n\t<p><span class=\"wpcf7-form-control-wrap\" data-name=\"text-737\"><input size=\"40\" maxlength=\"400\" class=\"wpcf7-form-control wpcf7-text wpcf7-validates-as-required\" aria-required=\"true\" aria-invalid=\"false\" placeholder=\"Seu nome*\" value=\"\" type=\"text\" name=\"text-737\" \/><\/span>\n\t<\/p>\n\t<p><span class=\"wpcf7-form-control-wrap\" data-name=\"email-193\"><input size=\"40\" maxlength=\"400\" class=\"wpcf7-form-control wpcf7-email wpcf7-validates-as-required wpcf7-text wpcf7-validates-as-email\" aria-required=\"true\" aria-invalid=\"false\" placeholder=\"Endere\u00e7o de e-mail*\" value=\"\" type=\"email\" name=\"email-193\" \/><\/span>\n\t<\/p>\n\t<p><span class=\"wpcf7-form-control-wrap\" data-name=\"text-738\"><input size=\"40\" maxlength=\"400\" class=\"wpcf7-form-control wpcf7-text\" aria-invalid=\"false\" placeholder=\"N\u00famero de telefone\" value=\"\" type=\"text\" name=\"text-738\" \/><\/span>\n\t<\/p>\n\t<p><span class=\"wpcf7-form-control-wrap\" data-name=\"textarea-837\"><textarea cols=\"40\" rows=\"10\" maxlength=\"2000\" class=\"wpcf7-form-control wpcf7-textarea wpcf7-validates-as-required\" aria-required=\"true\" aria-invalid=\"false\" placeholder=\"Descreva sua necessidade da forma mais espec\u00edfica poss\u00edvel*\" name=\"textarea-837\"><\/textarea><\/span>\n\t<\/p>\n\t<p><input class=\"wpcf7-form-control wpcf7-submit has-spinner\" type=\"submit\" value=\"Enviar\" \/>\n\t<\/p>\n<\/div><div class=\"wpcf7-response-output\" aria-hidden=\"true\"><\/div>\n<input type=\"hidden\" name=\"trp-form-language\" value=\"pt\"\/><\/form>\n<\/div>\n\n<\/div>\n<\/div>\n<\/div>\n<\/div>","protected":false},"excerpt":{"rendered":"<p><span lang=\"en\">Os guarda-corpos em ambos os lados s\u00e3o retr\u00e1teis autom\u00e1ticos para garantir a seguran\u00e7a. Equipado com v\u00e1lvula de seguran\u00e7a de controle hidr\u00e1ulico confi\u00e1vel e dispositivo de prote\u00e7\u00e3o de seguran\u00e7a de v\u00e1lvula anti-queda.<\/span><\/p>\n<p>Capacidade de carga din\u00e2mica: 6,3T, capacidade de carga est\u00e1tica: 13,6T<\/p>","protected":false},"featured_media":11838,"comment_status":"open","ping_status":"closed","template":"","meta":[],"product_brand":[],"product_cat":[243],"product_tag":[351],"class_list":{"0":"post-11262","1":"product","2":"type-product","3":"status-publish","4":"has-post-thumbnail","6":"product_cat-dock-leveler","7":"product_tag-hydraulic-dock-leveler","10":"first","11":"instock","12":"shipping-taxable","13":"product-type-simple"},"_links":{"self":[{"href":"https:\/\/seppeschina.com\/pt\/wp-json\/wp\/v2\/product\/11262","targetHints":{"allow":["GET"]}}],"collection":[{"href":"https:\/\/seppeschina.com\/pt\/wp-json\/wp\/v2\/product"}],"about":[{"href":"https:\/\/seppeschina.com\/pt\/wp-json\/wp\/v2\/types\/product"}],"replies":[{"embeddable":true,"href":"https:\/\/seppeschina.com\/pt\/wp-json\/wp\/v2\/comments?post=11262"}],"wp:featuredmedia":[{"embeddable":true,"href":"https:\/\/seppeschina.com\/pt\/wp-json\/wp\/v2\/media\/11838"}],"wp:attachment":[{"href":"https:\/\/seppeschina.com\/pt\/wp-json\/wp\/v2\/media?parent=11262"}],"wp:term":[{"taxonomy":"product_brand","embeddable":true,"href":"https:\/\/seppeschina.com\/pt\/wp-json\/wp\/v2\/product_brand?post=11262"},{"taxonomy":"product_cat","embeddable":true,"href":"https:\/\/seppeschina.com\/pt\/wp-json\/wp\/v2\/product_cat?post=11262"},{"taxonomy":"product_tag","embeddable":true,"href":"https:\/\/seppeschina.com\/pt\/wp-json\/wp\/v2\/product_tag?post=11262"}],"curies":[{"name":"wp","href":"https:\/\/api.w.org\/{rel}","templated":true}]}}