{"id":13044,"date":"2022-01-14T14:17:34","date_gmt":"2022-01-14T06:17:34","guid":{"rendered":"https:\/\/seppeschina.com\/?post_type=product&#038;p=13044"},"modified":"2022-05-25T19:59:03","modified_gmt":"2022-05-25T11:59:03","slug":"porta-seccional-de-elevacao","status":"publish","type":"product","link":"https:\/\/seppeschina.com\/pt\/product\/sectional-overhead-door\/","title":{"rendered":"Porta de Se\u00e7\u00e3o Sobreposta"},"content":{"rendered":"<p>&nbsp;<\/p>\n<figure id=\"attachment_13046\" aria-describedby=\"caption-attachment-13046\" style=\"width: 750px\" class=\"wp-caption aligncenter\"><img loading=\"lazy\" decoding=\"async\" class=\"size-full wp-image-13046\" src=\"https:\/\/seppeschina.com\/wp-content\/uploads\/2022\/01\/2.jpg\" alt=\"\" width=\"750\" height=\"703\" srcset=\"https:\/\/seppeschina.com\/wp-content\/uploads\/2022\/01\/2.jpg 750w, https:\/\/seppeschina.com\/wp-content\/uploads\/2022\/01\/2-360x337.jpg 360w, https:\/\/seppeschina.com\/wp-content\/uploads\/2022\/01\/2-600x562.jpg 600w, https:\/\/seppeschina.com\/wp-content\/uploads\/2022\/01\/2-300x281.jpg 300w, https:\/\/seppeschina.com\/wp-content\/uploads\/2022\/01\/2-550x516.jpg 550w\" sizes=\"auto, (max-width: 750px) 100vw, 750px\" \/><figcaption id=\"caption-attachment-13046\" class=\"wp-caption-text\">Porta de Se\u00e7\u00e3o Sobreposta<\/figcaption><\/figure>\n<h3 style=\"text-align: left;\"><strong>Descri\u00e7\u00e3o<\/strong><\/h3>\n<p>A porta industrial <a href=\"https:\/\/seppeschina.com\/pt\/product-category\/porta-de-seccionais\/\"><strong>Porta de Se\u00e7\u00e3o Sobreposta<\/strong><\/a> adota materiais de alta qualidade e possui bom efeito de conserva\u00e7\u00e3o t\u00e9rmica. O corpo da porta \u00e9 fabricado com chapa de a\u00e7o galvanizada dupla, com relevo, preenchido no meio com materiais \u00e0 prova de fogo e isolantes t\u00e9rmicos. Possui caracter\u00edsticas de alta resist\u00eancia, robustez e bom isolamento t\u00e9rmico e ac\u00fastico. A superf\u00edcie \u00e9 revestida com pl\u00e1stico pulverizado para prevenir efetivamente a corros\u00e3o. Al\u00e9m disso, possui desempenho anti-furto confi\u00e1vel e \u00e9 equipada com um dispositivo anti- arrombamento, podendo proteger efetivamente sua propriedade.<\/p>\n<figure id=\"attachment_13048\" aria-describedby=\"caption-attachment-13048\" style=\"width: 750px\" class=\"wp-caption aligncenter\"><img loading=\"lazy\" decoding=\"async\" class=\"size-full wp-image-13048\" src=\"https:\/\/seppeschina.com\/wp-content\/uploads\/2022\/01\/2-1.jpg\" alt=\"\" width=\"750\" height=\"766\" srcset=\"https:\/\/seppeschina.com\/wp-content\/uploads\/2022\/01\/2-1.jpg 750w, https:\/\/seppeschina.com\/wp-content\/uploads\/2022\/01\/2-1-360x368.jpg 360w, https:\/\/seppeschina.com\/wp-content\/uploads\/2022\/01\/2-1-600x613.jpg 600w, https:\/\/seppeschina.com\/wp-content\/uploads\/2022\/01\/2-1-294x300.jpg 294w, https:\/\/seppeschina.com\/wp-content\/uploads\/2022\/01\/2-1-24x24.jpg 24w, https:\/\/seppeschina.com\/wp-content\/uploads\/2022\/01\/2-1-48x48.jpg 48w, https:\/\/seppeschina.com\/wp-content\/uploads\/2022\/01\/2-1-50x50.jpg 50w, https:\/\/seppeschina.com\/wp-content\/uploads\/2022\/01\/2-1-539x550.jpg 539w\" sizes=\"auto, (max-width: 750px) 100vw, 750px\" \/><figcaption id=\"caption-attachment-13048\" class=\"wp-caption-text\">Caracter\u00edsticas da Porta de Se\u00e7\u00e3o<\/figcaption><\/figure>\n<h3 style=\"text-align: left;\">Casos de projeto<\/h3>\n<figure id=\"attachment_13049\" aria-describedby=\"caption-attachment-13049\" style=\"width: 750px\" class=\"wp-caption aligncenter\"><img loading=\"lazy\" decoding=\"async\" class=\"size-full wp-image-13049\" src=\"https:\/\/seppeschina.com\/wp-content\/uploads\/2022\/01\/3.jpg\" alt=\"\" width=\"750\" height=\"772\" srcset=\"https:\/\/seppeschina.com\/wp-content\/uploads\/2022\/01\/3.jpg 750w, https:\/\/seppeschina.com\/wp-content\/uploads\/2022\/01\/3-360x371.jpg 360w, https:\/\/seppeschina.com\/wp-content\/uploads\/2022\/01\/3-600x618.jpg 600w, https:\/\/seppeschina.com\/wp-content\/uploads\/2022\/01\/3-291x300.jpg 291w, https:\/\/seppeschina.com\/wp-content\/uploads\/2022\/01\/3-24x24.jpg 24w, https:\/\/seppeschina.com\/wp-content\/uploads\/2022\/01\/3-48x48.jpg 48w, https:\/\/seppeschina.com\/wp-content\/uploads\/2022\/01\/3-50x50.jpg 50w, https:\/\/seppeschina.com\/wp-content\/uploads\/2022\/01\/3-534x550.jpg 534w\" sizes=\"auto, (max-width: 750px) 100vw, 750px\" \/><figcaption id=\"caption-attachment-13049\" class=\"wp-caption-text\">Porta de Se\u00e7\u00e3o Sobreposta<br \/>Casos de projeto<\/figcaption><\/figure>\n<h3 style=\"text-align: left;\"><strong>Caracter\u00edsticas<\/strong><\/h3>\n<p><img loading=\"lazy\" decoding=\"async\" class=\"aligncenter size-full wp-image-12080\" src=\"https:\/\/seppeschina.com\/wp-content\/uploads\/2021\/01\/\u900f\u660e\u63d0\u5347\u95e8_04.jpg\" alt=\"\" width=\"600\" height=\"348\" srcset=\"https:\/\/seppeschina.com\/wp-content\/uploads\/2021\/01\/\u900f\u660e\u63d0\u5347\u95e8_04.jpg 600w, https:\/\/seppeschina.com\/wp-content\/uploads\/2021\/01\/\u900f\u660e\u63d0\u5347\u95e8_04-360x209.jpg 360w, https:\/\/seppeschina.com\/wp-content\/uploads\/2021\/01\/\u900f\u660e\u63d0\u5347\u95e8_04-300x174.jpg 300w, https:\/\/seppeschina.com\/wp-content\/uploads\/2021\/01\/\u900f\u660e\u63d0\u5347\u95e8_04-550x319.jpg 550w\" sizes=\"auto, (max-width: 600px) 100vw, 600px\" \/><\/p>\n<h3 style=\"text-align: left;\"><strong><b>Detalhes<\/b><\/strong><\/h3>\n<p><img loading=\"lazy\" decoding=\"async\" class=\"aligncenter size-full wp-image-12081\" src=\"https:\/\/seppeschina.com\/wp-content\/uploads\/2021\/01\/\u900f\u660e\u63d0\u5347\u95e8_03.jpg\" alt=\"\" width=\"600\" height=\"634\" srcset=\"https:\/\/seppeschina.com\/wp-content\/uploads\/2021\/01\/\u900f\u660e\u63d0\u5347\u95e8_03.jpg 600w, https:\/\/seppeschina.com\/wp-content\/uploads\/2021\/01\/\u900f\u660e\u63d0\u5347\u95e8_03-360x380.jpg 360w, https:\/\/seppeschina.com\/wp-content\/uploads\/2021\/01\/\u900f\u660e\u63d0\u5347\u95e8_03-284x300.jpg 284w, https:\/\/seppeschina.com\/wp-content\/uploads\/2021\/01\/\u900f\u660e\u63d0\u5347\u95e8_03-24x24.jpg 24w, https:\/\/seppeschina.com\/wp-content\/uploads\/2021\/01\/\u900f\u660e\u63d0\u5347\u95e8_03-521x550.jpg 521w\" sizes=\"auto, (max-width: 600px) 100vw, 600px\" \/><\/p>\n<h3 style=\"text-align: left;\">Vantagens<\/h3>\n<h3><span style=\"color: #3366ff;\"><strong><img loading=\"lazy\" decoding=\"async\" class=\"aligncenter size-full wp-image-13051\" src=\"https:\/\/seppeschina.com\/wp-content\/uploads\/2022\/01\/5.jpg\" alt=\"\" width=\"750\" height=\"825\" srcset=\"https:\/\/seppeschina.com\/wp-content\/uploads\/2022\/01\/5.jpg 750w, https:\/\/seppeschina.com\/wp-content\/uploads\/2022\/01\/5-360x396.jpg 360w, https:\/\/seppeschina.com\/wp-content\/uploads\/2022\/01\/5-600x660.jpg 600w, https:\/\/seppeschina.com\/wp-content\/uploads\/2022\/01\/5-273x300.jpg 273w, https:\/\/seppeschina.com\/wp-content\/uploads\/2022\/01\/5-500x550.jpg 500w\" sizes=\"auto, (max-width: 750px) 100vw, 750px\" \/><\/strong><\/span><\/h3>\n<h3>Certificado<\/h3>\n<p><img loading=\"lazy\" decoding=\"async\" class=\"aligncenter size-full wp-image-13052\" src=\"https:\/\/seppeschina.com\/wp-content\/uploads\/2022\/01\/7.jpg\" alt=\"\" width=\"750\" height=\"1527\" srcset=\"https:\/\/seppeschina.com\/wp-content\/uploads\/2022\/01\/7.jpg 750w, https:\/\/seppeschina.com\/wp-content\/uploads\/2022\/01\/7-360x733.jpg 360w, https:\/\/seppeschina.com\/wp-content\/uploads\/2022\/01\/7-600x1222.jpg 600w, https:\/\/seppeschina.com\/wp-content\/uploads\/2022\/01\/7-147x300.jpg 147w, https:\/\/seppeschina.com\/wp-content\/uploads\/2022\/01\/7-503x1024.jpg 503w, https:\/\/seppeschina.com\/wp-content\/uploads\/2022\/01\/7-270x550.jpg 270w\" sizes=\"auto, (max-width: 750px) 100vw, 750px\" \/><\/p>\n<h3>Mostra da F\u00e1brica<\/h3>\n<p><img loading=\"lazy\" decoding=\"async\" class=\"aligncenter size-full wp-image-13054\" src=\"https:\/\/seppeschina.com\/wp-content\/uploads\/2022\/01\/\u5ba2\u6237\u597d\u8bc41.jpg\" alt=\"\" width=\"750\" height=\"728\" srcset=\"https:\/\/seppeschina.com\/wp-content\/uploads\/2022\/01\/\u5ba2\u6237\u597d\u8bc41.jpg 750w, https:\/\/seppeschina.com\/wp-content\/uploads\/2022\/01\/\u5ba2\u6237\u597d\u8bc41-360x349.jpg 360w, https:\/\/seppeschina.com\/wp-content\/uploads\/2022\/01\/\u5ba2\u6237\u597d\u8bc41-600x582.jpg 600w, https:\/\/seppeschina.com\/wp-content\/uploads\/2022\/01\/\u5ba2\u6237\u597d\u8bc41-300x291.jpg 300w, https:\/\/seppeschina.com\/wp-content\/uploads\/2022\/01\/\u5ba2\u6237\u597d\u8bc41-24x24.jpg 24w, https:\/\/seppeschina.com\/wp-content\/uploads\/2022\/01\/\u5ba2\u6237\u597d\u8bc41-48x48.jpg 48w, https:\/\/seppeschina.com\/wp-content\/uploads\/2022\/01\/\u5ba2\u6237\u597d\u8bc41-50x50.jpg 50w, https:\/\/seppeschina.com\/wp-content\/uploads\/2022\/01\/\u5ba2\u6237\u597d\u8bc41-550x534.jpg 550w\" sizes=\"auto, (max-width: 750px) 100vw, 750px\" \/><\/p>\n<h3>Clientes<\/h3>\n<p>Esta \u00e9 uma foto de clientes espanh\u00f3is, australianos, brasileiros, chilenos, etc., que visitaram nossa empresa.<\/p>\n<p><img loading=\"lazy\" decoding=\"async\" class=\"aligncenter size-full wp-image-11605\" src=\"https:\/\/seppeschina.com\/wp-content\/uploads\/2021\/03\/seppes-door7.gif\" alt=\"\" width=\"600\" height=\"338\"><\/p>\n<p><img loading=\"lazy\" decoding=\"async\" class=\"aligncenter size-full wp-image-13050\" src=\"https:\/\/seppeschina.com\/wp-content\/uploads\/2022\/01\/\u4eba\u7269\u597d\u8bc4.jpg\" alt=\"\" width=\"750\" height=\"575\" srcset=\"https:\/\/seppeschina.com\/wp-content\/uploads\/2022\/01\/\u4eba\u7269\u597d\u8bc4.jpg 750w, https:\/\/seppeschina.com\/wp-content\/uploads\/2022\/01\/\u4eba\u7269\u597d\u8bc4-360x276.jpg 360w, https:\/\/seppeschina.com\/wp-content\/uploads\/2022\/01\/\u4eba\u7269\u597d\u8bc4-600x460.jpg 600w, https:\/\/seppeschina.com\/wp-content\/uploads\/2022\/01\/\u4eba\u7269\u597d\u8bc4-300x230.jpg 300w, https:\/\/seppeschina.com\/wp-content\/uploads\/2022\/01\/\u4eba\u7269\u597d\u8bc4-550x422.jpg 550w\" sizes=\"auto, (max-width: 750px) 100vw, 750px\" \/><\/p>\n<h3>Nossos Parceiros<\/h3>\n<p>Mais de 60 empresas da Fortune 500, como\u00a0<a href=\"http:\/\/global.geely.com\/\" rel=\"nofollow noopener\" target=\"_blank\">Geely<\/a>, Procter &amp; Gamble, Huawei, Bosch e Pfizer, nos escolheram.<\/p>\n<h3><img loading=\"lazy\" decoding=\"async\" class=\"aligncenter size-full wp-image-13053\" src=\"https:\/\/seppeschina.com\/wp-content\/uploads\/2022\/01\/9.jpg\" alt=\"\" width=\"750\" height=\"754\" srcset=\"https:\/\/seppeschina.com\/wp-content\/uploads\/2022\/01\/9.jpg 750w, https:\/\/seppeschina.com\/wp-content\/uploads\/2022\/01\/9-360x362.jpg 360w, https:\/\/seppeschina.com\/wp-content\/uploads\/2022\/01\/9-100x100.jpg 100w, https:\/\/seppeschina.com\/wp-content\/uploads\/2022\/01\/9-600x603.jpg 600w, https:\/\/seppeschina.com\/wp-content\/uploads\/2022\/01\/9-298x300.jpg 298w, https:\/\/seppeschina.com\/wp-content\/uploads\/2022\/01\/9-150x150.jpg 150w, https:\/\/seppeschina.com\/wp-content\/uploads\/2022\/01\/9-24x24.jpg 24w, https:\/\/seppeschina.com\/wp-content\/uploads\/2022\/01\/9-48x48.jpg 48w, https:\/\/seppeschina.com\/wp-content\/uploads\/2022\/01\/9-96x96.jpg 96w, https:\/\/seppeschina.com\/wp-content\/uploads\/2022\/01\/9-50x50.jpg 50w, https:\/\/seppeschina.com\/wp-content\/uploads\/2022\/01\/9-110x110.jpg 110w, https:\/\/seppeschina.com\/wp-content\/uploads\/2022\/01\/9-275x275.jpg 275w, https:\/\/seppeschina.com\/wp-content\/uploads\/2022\/01\/9-547x550.jpg 547w\" sizes=\"auto, (max-width: 750px) 100vw, 750px\" \/><\/h3>\n<p>&nbsp;<\/p>\n<h3>Entrega &amp; Embalagem<\/h3>\n<p>Our packaging method is wooden box packaging, and the transportation methods include express, air and sea.<\/p>\n<p><img loading=\"lazy\" decoding=\"async\" class=\"aligncenter wp-image-9880\" src=\"https:\/\/seppeschina.com\/wp-content\/uploads\/2019\/04\/shipping.jpg\" sizes=\"auto, (max-width: 600px) 100vw, 600px\" srcset=\"https:\/\/seppeschina.com\/wp-content\/uploads\/2019\/04\/shipping.jpg 750w, https:\/\/seppeschina.com\/wp-content\/uploads\/2019\/04\/shipping-150x150.jpg 150w, https:\/\/seppeschina.com\/wp-content\/uploads\/2019\/04\/shipping-300x300.jpg 300w, https:\/\/seppeschina.com\/wp-content\/uploads\/2019\/04\/shipping-360x360.jpg 360w, https:\/\/seppeschina.com\/wp-content\/uploads\/2019\/04\/shipping-600x600.jpg 600w, https:\/\/seppeschina.com\/wp-content\/uploads\/2019\/04\/shipping-100x100.jpg 100w, https:\/\/seppeschina.com\/wp-content\/uploads\/2019\/04\/shipping-24x24.jpg 24w, https:\/\/seppeschina.com\/wp-content\/uploads\/2019\/04\/shipping-48x48.jpg 48w, https:\/\/seppeschina.com\/wp-content\/uploads\/2019\/04\/shipping-96x96.jpg 96w, https:\/\/seppeschina.com\/wp-content\/uploads\/2019\/04\/shipping-364x364.jpg 364w, https:\/\/seppeschina.com\/wp-content\/uploads\/2019\/04\/shipping-50x50.jpg 50w, https:\/\/seppeschina.com\/wp-content\/uploads\/2019\/04\/shipping-110x110.jpg 110w, https:\/\/seppeschina.com\/wp-content\/uploads\/2019\/04\/shipping-275x275.jpg 275w, https:\/\/seppeschina.com\/wp-content\/uploads\/2019\/04\/shipping-480x480.jpg 480w, https:\/\/seppeschina.com\/wp-content\/uploads\/2019\/04\/shipping-550x550.jpg 550w\" alt=\"\" width=\"600\" height=\"600\"><\/p>\n<h3>Perguntas Frequentes<\/h3>\n<p><b><span style=\"color: #ff0000;\" data-spm-anchor-id=\"a2700.custom-template.0.i21.648233334W1G2v\">1. Q: What\u2019s the motor of industrial sectional door ?<\/span><\/b><\/p>\n<p>A: MOTOR AC, 0.45-0.65 Kw, 220V, 50Hz.<\/p>\n<p><b><span style=\"color: #ff0000;\" data-spm-anchor-id=\"a2700.custom-template.0.i25.648233334W1G2v\">2. Q: What\u2019s the material of your industrial sectional panel?<\/span><\/b><\/p>\n<p>A: Aluminium alloy \/ painted steel with 40mm thermal insulation material.<\/p>\n<p><b><span style=\"color: #ff0000;\" data-spm-anchor-id=\"a2700.custom-template.0.i27.648233334W1G2v\">3. Q: What kind of place does the sectional garage door can be used?<\/span><\/b><\/p>\n<p>A:\u00a0Factory gates, garages, logistics and other industries.<\/p>\n<p><b data-spm-anchor-id=\"a2700.custom-template.0.i170.64823333f5s6Dh\"><span style=\"color: #fe0000;\" data-spm-anchor-id=\"a2700.custom-template.0.i1.648233334W1G2v\">4. Q: Does the industrial sectional door can be customized with the small door ?<\/span><\/b><\/p>\n<p>A: Yes, Small doors and windows can be customized.<\/p>\n<p><span style=\"color: #ff0000;\"><b data-spm-anchor-id=\"a2700.custom-template.0.i31.648233334W1G2v\">5. Q: How long the sectional garage door can be used?<\/b><\/span><\/p>\n<p>A: Service life is about 30,000 times.<\/p>\n<p><b><span style=\"color: #ff0000;\" data-spm-anchor-id=\"a2700.custom-template.0.i33.648233334W1G2v\">6. P: A porta industrial de se\u00e7\u00e3o \u00e9 \u00e0 prova de fogo?<\/span><\/b><\/p>\n<p>A:\u00a0B2 class ,Automatically extinguish within 10 seconds after leaving the fire source.<\/p>\n\n<div class=\"wpcf7 no-js\" id=\"wpcf7-f1555-o1\" lang=\"en-US\" dir=\"ltr\" data-wpcf7-id=\"1555\">\n<div class=\"screen-reader-response\"><p role=\"status\" aria-live=\"polite\" aria-atomic=\"true\"><\/p> <ul><\/ul><\/div>\n<form action=\"\/pt\/wp-json\/wp\/v2\/product\/13044#wpcf7-f1555-o1\" method=\"post\" class=\"wpcf7-form init\" aria-label=\"Contact form\" novalidate=\"novalidate\" data-status=\"init\" data-trp-original-action=\"\/pt\/wp-json\/wp\/v2\/product\/13044#wpcf7-f1555-o1\">\n<fieldset class=\"hidden-fields-container\"><input type=\"hidden\" name=\"_wpcf7\" value=\"1555\" \/><input type=\"hidden\" name=\"_wpcf7_version\" value=\"6.1.4\" \/><input type=\"hidden\" name=\"_wpcf7_locale\" value=\"en_US\" \/><input type=\"hidden\" name=\"_wpcf7_unit_tag\" value=\"wpcf7-f1555-o1\" \/><input type=\"hidden\" name=\"_wpcf7_container_post\" value=\"0\" \/><input type=\"hidden\" name=\"_wpcf7_posted_data_hash\" value=\"\" \/><input type=\"hidden\" name=\"_wpcf7_recaptcha_response\" value=\"\" \/>\n<\/fieldset>\n<div class=\"hunkcf71\">\n\t<p class=\"cf7-title\" style=\"font-size:25px;\"><i class=\"fa fa-envelope-o\"><\/i> Responderemos ao seu e-mail em breve!\n\t<\/p>\n\t<p><span class=\"wpcf7-form-control-wrap\" data-name=\"text-737\"><input size=\"40\" maxlength=\"400\" class=\"wpcf7-form-control wpcf7-text wpcf7-validates-as-required\" aria-required=\"true\" aria-invalid=\"false\" placeholder=\"Seu nome*\" value=\"\" type=\"text\" name=\"text-737\" \/><\/span>\n\t<\/p>\n\t<p><span class=\"wpcf7-form-control-wrap\" data-name=\"email-193\"><input size=\"40\" maxlength=\"400\" class=\"wpcf7-form-control wpcf7-email wpcf7-validates-as-required wpcf7-text wpcf7-validates-as-email\" aria-required=\"true\" aria-invalid=\"false\" placeholder=\"Endere\u00e7o de e-mail*\" value=\"\" type=\"email\" name=\"email-193\" \/><\/span>\n\t<\/p>\n\t<p><span class=\"wpcf7-form-control-wrap\" data-name=\"text-738\"><input size=\"40\" maxlength=\"400\" class=\"wpcf7-form-control wpcf7-text\" aria-invalid=\"false\" placeholder=\"N\u00famero de telefone\" value=\"\" type=\"text\" name=\"text-738\" \/><\/span>\n\t<\/p>\n\t<p><span class=\"wpcf7-form-control-wrap\" data-name=\"textarea-837\"><textarea cols=\"40\" rows=\"10\" maxlength=\"2000\" class=\"wpcf7-form-control wpcf7-textarea wpcf7-validates-as-required\" aria-required=\"true\" aria-invalid=\"false\" placeholder=\"Descreva sua necessidade da forma mais espec\u00edfica poss\u00edvel*\" name=\"textarea-837\"><\/textarea><\/span>\n\t<\/p>\n\t<p><input class=\"wpcf7-form-control wpcf7-submit has-spinner\" type=\"submit\" value=\"Enviar\" \/>\n\t<\/p>\n<\/div><div class=\"wpcf7-response-output\" aria-hidden=\"true\"><\/div>\n<input type=\"hidden\" name=\"trp-form-language\" value=\"pt\"\/><\/form>\n<\/div>","protected":false},"excerpt":{"rendered":"<p>SEPPES Sectional Overhead Door has heat preservation, anti-theft, and windproof performance. It is used for the factory gate and has a clean appearance and comfortable use. This product is popular with many customers.<\/p>\n[video width=\"1280\" height=\"720\" mp4=\"https:\/\/seppeschina.com\/wp-content\/uploads\/2021\/01\/\u63d0\u5347\u95e810\u79d2.mp4\"][\/video]\n","protected":false},"featured_media":13047,"comment_status":"open","ping_status":"closed","template":"","meta":[],"product_brand":[],"product_cat":[254],"product_tag":[],"class_list":{"0":"post-13044","1":"product","2":"type-product","3":"status-publish","4":"has-post-thumbnail","6":"product_cat-sectional-door","9":"first","10":"instock","11":"shipping-taxable","12":"product-type-simple"},"_links":{"self":[{"href":"https:\/\/seppeschina.com\/pt\/wp-json\/wp\/v2\/product\/13044","targetHints":{"allow":["GET"]}}],"collection":[{"href":"https:\/\/seppeschina.com\/pt\/wp-json\/wp\/v2\/product"}],"about":[{"href":"https:\/\/seppeschina.com\/pt\/wp-json\/wp\/v2\/types\/product"}],"replies":[{"embeddable":true,"href":"https:\/\/seppeschina.com\/pt\/wp-json\/wp\/v2\/comments?post=13044"}],"wp:featuredmedia":[{"embeddable":true,"href":"https:\/\/seppeschina.com\/pt\/wp-json\/wp\/v2\/media\/13047"}],"wp:attachment":[{"href":"https:\/\/seppeschina.com\/pt\/wp-json\/wp\/v2\/media?parent=13044"}],"wp:term":[{"taxonomy":"product_brand","embeddable":true,"href":"https:\/\/seppeschina.com\/pt\/wp-json\/wp\/v2\/product_brand?post=13044"},{"taxonomy":"product_cat","embeddable":true,"href":"https:\/\/seppeschina.com\/pt\/wp-json\/wp\/v2\/product_cat?post=13044"},{"taxonomy":"product_tag","embeddable":true,"href":"https:\/\/seppeschina.com\/pt\/wp-json\/wp\/v2\/product_tag?post=13044"}],"curies":[{"name":"wp","href":"https:\/\/api.w.org\/{rel}","templated":true}]}}