{"id":9247,"date":"2019-04-30T12:53:47","date_gmt":"2019-04-30T12:53:47","guid":{"rendered":"https:\/\/seppeschina.com\/?post_type=product&#038;p=9247"},"modified":"2025-05-19T16:16:21","modified_gmt":"2025-05-19T08:16:21","slug":"porta-de-enrolar-rapida-seppes-red-rapid-hsd-180","status":"publish","type":"product","link":"https:\/\/seppeschina.com\/pt\/product\/seppes-red-rapid-roller-door-hsd-180\/","title":{"rendered":"Porta de Enrolar R\u00e1pida SEPPES Vermelha HSD-180"},"content":{"rendered":"<h3>Descri\u00e7\u00e3o do Produto<\/h3>\n<p>As caracter\u00edsticas convencionais da Porta R\u00e1pida de Rolo Vermelha incluem:<\/p>\n<ol>\n<li>Desempenho de veda\u00e7\u00e3o e dispositivo de seguran\u00e7a: O corpo da porta \u00e9 vedado com escova, o que aumenta o desempenho de veda\u00e7\u00e3o e pode efetivamente reduzir o ru\u00eddo. A prote\u00e7\u00e3o fotoeletr\u00f4nica por infravermelho (OMRON) vem de s\u00e9rie, e o fundo de seguran\u00e7a e a cortina de luz s\u00e3o opcionais.<\/li>\n<li>Desempenho energ\u00e9tico: O motor adota um motor servo, e a fonte de alimenta\u00e7\u00e3o \u00e9 220V ou 380V opcional.<\/li>\n<li>Desempenho de resist\u00eancia ao vento: Este tipo de produto \u00e9 adequado para a \u00e1rea interna de armazenamento e isolamento de oficinas de precis\u00e3o, e tamb\u00e9m pode ser usado em ocasi\u00f5es com grande press\u00e3o de vento externa ou negativa. O n\u00edvel de resist\u00eancia ao vento \u00e9 n\u00edvel 6.<\/li>\n<li>M\u00e9todo de abertura: A configura\u00e7\u00e3o padr\u00e3o \u00e9 um bot\u00e3o manual bilateral, ou um m\u00e9todo de controle autom\u00e1tico pode ser selecionado de acordo com as necessidades do cliente (radar, cord\u00e3o, geomagn\u00e9tico, Bluetooth, etc.)<\/li>\n<li>Estrutura: O material padr\u00e3o \u00e9 a\u00e7o pintado, o material em a\u00e7o inoxid\u00e1vel \u00e9 opcional. .<\/li>\n<\/ol>\n<p><img loading=\"lazy\" decoding=\"async\" class=\"aligncenter wp-image-11899 size-full\" src=\"https:\/\/seppeschina.com\/wp-content\/uploads\/2021\/04\/\u56fe\u72472.jpg\" alt=\"\" width=\"600\" height=\"400\" srcset=\"https:\/\/seppeschina.com\/wp-content\/uploads\/2021\/04\/\u56fe\u72472.jpg 600w, https:\/\/seppeschina.com\/wp-content\/uploads\/2021\/04\/\u56fe\u72472-360x240.jpg 360w, https:\/\/seppeschina.com\/wp-content\/uploads\/2021\/04\/\u56fe\u72472-300x200.jpg 300w, https:\/\/seppeschina.com\/wp-content\/uploads\/2021\/04\/\u56fe\u72472-128x84.jpg 128w, https:\/\/seppeschina.com\/wp-content\/uploads\/2021\/04\/\u56fe\u72472-550x367.jpg 550w\" sizes=\"auto, (max-width: 600px) 100vw, 600px\" \/><\/p>\n<p>&nbsp;<\/p>\n<div class=\"J_module\">\n<h3>Detalhes<\/h3>\n<p><img loading=\"lazy\" decoding=\"async\" class=\"aligncenter size-full wp-image-11591\" src=\"https:\/\/seppeschina.com\/wp-content\/uploads\/2021\/03\/fast3.gif\" alt=\"\" width=\"600\" height=\"83\"><\/p>\n<p><img loading=\"lazy\" decoding=\"async\" class=\"aligncenter size-full wp-image-11593\" src=\"https:\/\/seppeschina.com\/wp-content\/uploads\/2021\/03\/fast-door-4.gif\" alt=\"\" width=\"600\" height=\"392\"><\/p>\n<p><img loading=\"lazy\" decoding=\"async\" class=\"aligncenter size-full wp-image-11592\" src=\"https:\/\/seppeschina.com\/wp-content\/uploads\/2021\/03\/fast-2.gif\" alt=\"\" width=\"600\" height=\"639\"><\/p>\n<\/div>\n<div class=\"J_module\">\n<div class=\"ife-detail-decorate-table\">\n<div class=\"J_module\">\n<div class=\"detail-decorate-json-renderer-container\">\n<div class=\"magic-4\">\n<div class=\"magic-5\">\n<div class=\"magic-6\">\n<h3 class=\"magic-7\"><b><span class=\"magic-21\" data-spm-anchor-id=\"a2700.details.pronpeci14.i13.12355170Y9xOFu\">Diagrama da Estrutura<\/span><\/b><\/h3>\n<\/div>\n<\/div>\n<\/div>\n<\/div>\n<\/div>\n<div class=\"J_module\">\n<div class=\"icbu-pc-images magic-0\">\n<div>\n<div class=\"flex-layout-v\">\n<div class=\"flex-layout-h magic-0\"><img loading=\"lazy\" decoding=\"async\" class=\"aligncenter wp-image-11999\" src=\"https:\/\/seppeschina.com\/wp-content\/uploads\/2021\/03\/\u7ea2\u8272\u5feb\u901f\u95e8\u7ec6\u8282\u56fe.jpg\" alt=\"\" width=\"600\" height=\"600\" srcset=\"https:\/\/seppeschina.com\/wp-content\/uploads\/2021\/03\/\u7ea2\u8272\u5feb\u901f\u95e8\u7ec6\u8282\u56fe.jpg 750w, https:\/\/seppeschina.com\/wp-content\/uploads\/2021\/03\/\u7ea2\u8272\u5feb\u901f\u95e8\u7ec6\u8282\u56fe-360x360.jpg 360w, https:\/\/seppeschina.com\/wp-content\/uploads\/2021\/03\/\u7ea2\u8272\u5feb\u901f\u95e8\u7ec6\u8282\u56fe-100x100.jpg 100w, https:\/\/seppeschina.com\/wp-content\/uploads\/2021\/03\/\u7ea2\u8272\u5feb\u901f\u95e8\u7ec6\u8282\u56fe-600x600.jpg 600w, https:\/\/seppeschina.com\/wp-content\/uploads\/2021\/03\/\u7ea2\u8272\u5feb\u901f\u95e8\u7ec6\u8282\u56fe-300x300.jpg 300w, https:\/\/seppeschina.com\/wp-content\/uploads\/2021\/03\/\u7ea2\u8272\u5feb\u901f\u95e8\u7ec6\u8282\u56fe-150x150.jpg 150w, https:\/\/seppeschina.com\/wp-content\/uploads\/2021\/03\/\u7ea2\u8272\u5feb\u901f\u95e8\u7ec6\u8282\u56fe-24x24.jpg 24w, https:\/\/seppeschina.com\/wp-content\/uploads\/2021\/03\/\u7ea2\u8272\u5feb\u901f\u95e8\u7ec6\u8282\u56fe-48x48.jpg 48w, https:\/\/seppeschina.com\/wp-content\/uploads\/2021\/03\/\u7ea2\u8272\u5feb\u901f\u95e8\u7ec6\u8282\u56fe-96x96.jpg 96w, https:\/\/seppeschina.com\/wp-content\/uploads\/2021\/03\/\u7ea2\u8272\u5feb\u901f\u95e8\u7ec6\u8282\u56fe-364x364.jpg 364w, https:\/\/seppeschina.com\/wp-content\/uploads\/2021\/03\/\u7ea2\u8272\u5feb\u901f\u95e8\u7ec6\u8282\u56fe-50x50.jpg 50w, https:\/\/seppeschina.com\/wp-content\/uploads\/2021\/03\/\u7ea2\u8272\u5feb\u901f\u95e8\u7ec6\u8282\u56fe-110x110.jpg 110w, https:\/\/seppeschina.com\/wp-content\/uploads\/2021\/03\/\u7ea2\u8272\u5feb\u901f\u95e8\u7ec6\u8282\u56fe-275x275.jpg 275w, https:\/\/seppeschina.com\/wp-content\/uploads\/2021\/03\/\u7ea2\u8272\u5feb\u901f\u95e8\u7ec6\u8282\u56fe-480x480.jpg 480w, https:\/\/seppeschina.com\/wp-content\/uploads\/2021\/03\/\u7ea2\u8272\u5feb\u901f\u95e8\u7ec6\u8282\u56fe-550x550.jpg 550w\" sizes=\"auto, (max-width: 600px) 100vw, 600px\" \/><\/div>\n<\/div>\n<\/div>\n<\/div>\n<\/div>\n<p>&nbsp;<\/p>\n<h3>Formas de abertura<\/h3>\n<p>Nosso m\u00e9todo padr\u00e3o de abertura da porta \u00e9 bot\u00e3o manual bilateral, com opcionais: radar, geomagnetismo, cord\u00e3o, controle remoto, Bluetooth, interruptor sem fio, etc.<\/p>\n<p><img loading=\"lazy\" decoding=\"async\" class=\"wp-image-9938 aligncenter\" src=\"https:\/\/seppeschina.com\/wp-content\/uploads\/2019\/04\/\u5fae\u4fe1\u56fe\u7247_20210105161816.jpg\" alt=\"\" width=\"600\" height=\"600\" srcset=\"https:\/\/seppeschina.com\/wp-content\/uploads\/2019\/04\/\u5fae\u4fe1\u56fe\u7247_20210105161816.jpg 750w, https:\/\/seppeschina.com\/wp-content\/uploads\/2019\/04\/\u5fae\u4fe1\u56fe\u7247_20210105161816-360x360.jpg 360w, https:\/\/seppeschina.com\/wp-content\/uploads\/2019\/04\/\u5fae\u4fe1\u56fe\u7247_20210105161816-100x100.jpg 100w, https:\/\/seppeschina.com\/wp-content\/uploads\/2019\/04\/\u5fae\u4fe1\u56fe\u7247_20210105161816-600x600.jpg 600w, https:\/\/seppeschina.com\/wp-content\/uploads\/2019\/04\/\u5fae\u4fe1\u56fe\u7247_20210105161816-150x150.jpg 150w, https:\/\/seppeschina.com\/wp-content\/uploads\/2019\/04\/\u5fae\u4fe1\u56fe\u7247_20210105161816-300x300.jpg 300w, https:\/\/seppeschina.com\/wp-content\/uploads\/2019\/04\/\u5fae\u4fe1\u56fe\u7247_20210105161816-24x24.jpg 24w, https:\/\/seppeschina.com\/wp-content\/uploads\/2019\/04\/\u5fae\u4fe1\u56fe\u7247_20210105161816-48x48.jpg 48w, https:\/\/seppeschina.com\/wp-content\/uploads\/2019\/04\/\u5fae\u4fe1\u56fe\u7247_20210105161816-96x96.jpg 96w, https:\/\/seppeschina.com\/wp-content\/uploads\/2019\/04\/\u5fae\u4fe1\u56fe\u7247_20210105161816-364x364.jpg 364w, https:\/\/seppeschina.com\/wp-content\/uploads\/2019\/04\/\u5fae\u4fe1\u56fe\u7247_20210105161816-50x50.jpg 50w, https:\/\/seppeschina.com\/wp-content\/uploads\/2019\/04\/\u5fae\u4fe1\u56fe\u7247_20210105161816-110x110.jpg 110w, https:\/\/seppeschina.com\/wp-content\/uploads\/2019\/04\/\u5fae\u4fe1\u56fe\u7247_20210105161816-275x275.jpg 275w, https:\/\/seppeschina.com\/wp-content\/uploads\/2019\/04\/\u5fae\u4fe1\u56fe\u7247_20210105161816-480x480.jpg 480w, https:\/\/seppeschina.com\/wp-content\/uploads\/2019\/04\/\u5fae\u4fe1\u56fe\u7247_20210105161816-550x550.jpg 550w\" sizes=\"auto, (max-width: 600px) 100vw, 600px\" \/><\/p>\n<\/div>\n<div class=\"J_module\">\n<div class=\"detail-decorate-json-renderer-container\">\n<div class=\"magic-4\">\n<div class=\"magic-33\">\n<div class=\"magic-6\">\n<div class=\"ife-detail-decorate-table\">\n<h3><b>Sele\u00e7\u00e3o de cores<\/b><\/h3>\n<div class=\"J_module\">\n<div class=\"detail-decorate-json-renderer-container\">\n<div class=\"magic-4\">\n<div class=\"magic-26\">\n<div class=\"magic-6\">\n<div class=\"magic-7\" data-id=\"paragraph0\">\n<div class=\"magic-39\" data-spm-anchor-id=\"a2700.details.pronpeci14.i4.12355170Y9xOFu\"><b class=\"magic-40\"><span class=\"magic-25\">Azul: RAL:5002, <\/span><\/b><b class=\"magic-40\"><span class=\"magic-25\">Amarelo: RAL:1003, <\/span><\/b><b class=\"magic-40\"><span class=\"magic-25\"><span class=\"magic-24\">Cinza: RAL:<\/span>9006<\/span><\/b><\/div>\n<\/div>\n<\/div>\n<\/div>\n<div class=\"magic-26\">\n<div class=\"magic-6\">\n<div class=\"magic-7\" data-id=\"paragraph2\">\n<div>\n<div class=\"magic-26\">\n<div class=\"magic-6\">\n<div class=\"magic-7\" data-id=\"paragraph0\">\n<div class=\"magic-39\" data-spm-anchor-id=\"a2700.details.pronpeci14.i5.12355170Y9xOFu\"><b class=\"magic-40\"><span class=\"magic-25\">Vermelho: RAL:3002, <\/span><\/b><b><span class=\"magic-25\">Laranja: RAL:2004, <\/span><\/b><b class=\"magic-40\"><span class=\"magic-25\">Branco: RAL:9003<\/span><\/b><\/div>\n<\/div>\n<\/div>\n<\/div>\n<\/div>\n<\/div>\n<\/div>\n<\/div>\n<\/div>\n<\/div>\n<\/div>\n<div class=\"J_module\">\n<div class=\"detail-decorate-json-renderer-container\">\n<div class=\"magic-4\">\n<div class=\"magic-26\">\n<div class=\"magic-27\"><\/div>\n<\/div>\n<\/div>\n<\/div>\n<\/div>\n<p><img loading=\"lazy\" decoding=\"async\" class=\"aligncenter wp-image-9862\" src=\"https:\/\/seppeschina.com\/wp-content\/uploads\/2019\/04\/color750.png\" alt=\"\" width=\"600\" height=\"600\" srcset=\"https:\/\/seppeschina.com\/wp-content\/uploads\/2019\/04\/color750.png 750w, https:\/\/seppeschina.com\/wp-content\/uploads\/2019\/04\/color750-360x360.png 360w, https:\/\/seppeschina.com\/wp-content\/uploads\/2019\/04\/color750-100x100.png 100w, https:\/\/seppeschina.com\/wp-content\/uploads\/2019\/04\/color750-600x600.png 600w, https:\/\/seppeschina.com\/wp-content\/uploads\/2019\/04\/color750-150x150.png 150w, https:\/\/seppeschina.com\/wp-content\/uploads\/2019\/04\/color750-300x300.png 300w, https:\/\/seppeschina.com\/wp-content\/uploads\/2019\/04\/color750-24x24.png 24w, https:\/\/seppeschina.com\/wp-content\/uploads\/2019\/04\/color750-48x48.png 48w, https:\/\/seppeschina.com\/wp-content\/uploads\/2019\/04\/color750-96x96.png 96w, https:\/\/seppeschina.com\/wp-content\/uploads\/2019\/04\/color750-364x364.png 364w, https:\/\/seppeschina.com\/wp-content\/uploads\/2019\/04\/color750-50x50.png 50w, https:\/\/seppeschina.com\/wp-content\/uploads\/2019\/04\/color750-110x110.png 110w, https:\/\/seppeschina.com\/wp-content\/uploads\/2019\/04\/color750-275x275.png 275w, https:\/\/seppeschina.com\/wp-content\/uploads\/2019\/04\/color750-480x480.png 480w, https:\/\/seppeschina.com\/wp-content\/uploads\/2019\/04\/color750-550x550.png 550w\" sizes=\"auto, (max-width: 600px) 100vw, 600px\" \/><\/p>\n<h3><span style=\"color: #3366ff;\">Perfil da Empresa<\/span><\/h3>\n<p>Fundada em 2011,<b>Seppes Door Industry (Suzhou) Co., Ltd<\/b> \u00e9 uma empresa de fabrica\u00e7\u00e3o e com\u00e9rcio, localizada em Suzhou, prov\u00edncia de Jiangsu, na China continental. Especializamo-nos na fabrica\u00e7\u00e3o de solu\u00e7\u00f5es completas e personalizadas de sistemas de portas de entrada para clientes industriais, que permitem que a f\u00e1brica esteja em um ambiente sem poeira, sem ru\u00eddo, com economia de energia, isolamento t\u00e9rmico ou atenda a outros requisitos dos clientes. Nossos principais produtos s\u00e3o porta de alta velocidade, porta enrol\u00e1vel r\u00e1pida, porta enrol\u00e1vel autom\u00e1tica, porta de se\u00e7\u00e3o e assim por diante.<\/p>\n<h3><span style=\"color: #3366ff;\"><b data-spm-anchor-id=\"a2700.details.pronpeci14.i1.54614b77C31x07\">Mostra da F\u00e1brica<\/b><\/span><\/h3>\n<p><img loading=\"lazy\" decoding=\"async\" class=\"aligncenter wp-image-11604 size-full\" src=\"https:\/\/seppeschina.com\/wp-content\/uploads\/2021\/03\/seppes-door6.gif\" alt=\"\" width=\"600\" height=\"358\"><\/p>\n<h3><span style=\"color: #3366ff;\"><b>Feiras\/Exposi\u00e7\u00f5es<\/b><\/span><\/h3>\n<p>Esta \u00e9 uma foto de grupo tirada pelos nossos clientes estrangeiros durante a visita \u00e0 nossa empresa, incluindo pa\u00edses como Estados Unidos, Austr\u00e1lia, Espanha, Chile, Israel e outros.<\/p>\n<p><img loading=\"lazy\" decoding=\"async\" class=\"aligncenter wp-image-11605 size-full\" src=\"https:\/\/seppeschina.com\/wp-content\/uploads\/2021\/03\/seppes-door7.gif\" alt=\"\" width=\"600\" height=\"338\"><\/p>\n<h3><span style=\"color: #3366ff;\">Nossos Parceiros<\/span><\/h3>\n<p>Tornou-se um fornecedor cooperativo de quase 60 empresas da Fortune 500, como IKEA, Logitech, Fresenius, Akzo Nobel, etc.<\/p>\n<p><img loading=\"lazy\" decoding=\"async\" class=\"aligncenter wp-image-11608 size-full\" src=\"https:\/\/seppeschina.com\/wp-content\/uploads\/2021\/03\/seppes-door10.gif\" alt=\"\" width=\"600\" height=\"491\"><\/p>\n<h3><span style=\"color: #3366ff;\">Certifica\u00e7\u00f5es<\/span><\/h3>\n<p><img loading=\"lazy\" decoding=\"async\" class=\"wp-image-9887 aligncenter\" src=\"https:\/\/seppeschina.com\/wp-content\/uploads\/2019\/04\/certification.jpg\" alt=\"\" width=\"600\" height=\"600\" srcset=\"https:\/\/seppeschina.com\/wp-content\/uploads\/2019\/04\/certification.jpg 750w, https:\/\/seppeschina.com\/wp-content\/uploads\/2019\/04\/certification-360x360.jpg 360w, https:\/\/seppeschina.com\/wp-content\/uploads\/2019\/04\/certification-100x100.jpg 100w, https:\/\/seppeschina.com\/wp-content\/uploads\/2019\/04\/certification-600x600.jpg 600w, https:\/\/seppeschina.com\/wp-content\/uploads\/2019\/04\/certification-150x150.jpg 150w, https:\/\/seppeschina.com\/wp-content\/uploads\/2019\/04\/certification-300x300.jpg 300w, https:\/\/seppeschina.com\/wp-content\/uploads\/2019\/04\/certification-24x24.jpg 24w, https:\/\/seppeschina.com\/wp-content\/uploads\/2019\/04\/certification-48x48.jpg 48w, https:\/\/seppeschina.com\/wp-content\/uploads\/2019\/04\/certification-96x96.jpg 96w, https:\/\/seppeschina.com\/wp-content\/uploads\/2019\/04\/certification-364x364.jpg 364w, https:\/\/seppeschina.com\/wp-content\/uploads\/2019\/04\/certification-50x50.jpg 50w, https:\/\/seppeschina.com\/wp-content\/uploads\/2019\/04\/certification-110x110.jpg 110w, https:\/\/seppeschina.com\/wp-content\/uploads\/2019\/04\/certification-275x275.jpg 275w, https:\/\/seppeschina.com\/wp-content\/uploads\/2019\/04\/certification-480x480.jpg 480w, https:\/\/seppeschina.com\/wp-content\/uploads\/2019\/04\/certification-550x550.jpg 550w\" sizes=\"auto, (max-width: 600px) 100vw, 600px\" \/><\/p>\n<h3><span style=\"color: #3366ff;\">Vantagens<\/span><\/h3>\n<p><img loading=\"lazy\" decoding=\"async\" class=\"aligncenter size-full wp-image-11976\" src=\"https:\/\/seppeschina.com\/wp-content\/uploads\/2019\/04\/\u5feb\u901f\u95e8_02.gif\" alt=\"\" width=\"600\" height=\"797\"><\/p>\n<p>1. <strong>Conveniente<\/strong>: Design inovador da interface homem-m\u00e1quina; e interface de uso e manuten\u00e7\u00e3o convenientes.<\/p>\n<p>2. <strong>R\u00e1pido<\/strong>: Centenas de vezes de ligar e desligar diariamente; velocidade de abertura de 1,0-1,2 m\/s.<\/p>\n<p>3. <strong>Resist\u00eancia<\/strong>: Utiliza cortina de tecido de PVC de base de alta resist\u00eancia de marca importada com fun\u00e7\u00e3o de autolimpeza superficial.<\/p>\n<p>4. <strong>Estanqueidade<\/strong>: Equipado com uma escova de veda\u00e7\u00e3o inovadora do tipo cassete de dupla fileira.<\/p>\n<p>5. <strong>Estabilidade<\/strong>: Equipado com sistema de controle de marca alem\u00e3; unidade de acionamento servo de alta precis\u00e3o.<\/p>\n<p>6. <strong>Inteligente<\/strong>: Chip inteligente de IoT integrado para alcan\u00e7ar funcionalidades inteligentes e potentes.<\/p>\n<p>7. <strong>Bonito<\/strong>: Utiliza corte a laser autom\u00e1tico e moldura de porta com componentes de precis\u00e3o.<\/p>\n<p>8. <b data-spm-anchor-id=\"a2700.details.pronpeci14.i8.12355170Y9xOFu\">Seguran\u00e7a<\/b>: Dispositivo de prote\u00e7\u00e3o de seguran\u00e7a padr\u00e3o com sensor infravermelho anti-esmagamento.<\/p>\n<h3><span style=\"color: #3366ff;\">Casos de aplica\u00e7\u00e3o<\/span><\/h3>\n<p><img loading=\"lazy\" decoding=\"async\" class=\"aligncenter wp-image-11612 size-full\" src=\"https:\/\/seppeschina.com\/wp-content\/uploads\/2021\/03\/seppes-door2.jpg\" alt=\"\" width=\"600\" height=\"723\" srcset=\"https:\/\/seppeschina.com\/wp-content\/uploads\/2021\/03\/seppes-door2.jpg 600w, https:\/\/seppeschina.com\/wp-content\/uploads\/2021\/03\/seppes-door2-360x434.jpg 360w, https:\/\/seppeschina.com\/wp-content\/uploads\/2021\/03\/seppes-door2-249x300.jpg 249w, https:\/\/seppeschina.com\/wp-content\/uploads\/2021\/03\/seppes-door2-456x550.jpg 456w\" sizes=\"auto, (max-width: 600px) 100vw, 600px\" \/><\/p>\n<h3><span style=\"color: #3366ff;\">Entrega &amp; Embalagem<\/span><\/h3>\n<p>Nosso m\u00e9todo de embalagem \u00e9 caixa de madeira, e os m\u00e9todos de transporte incluem expresso, a\u00e9reo e mar\u00edtimo. Normalmente 3-7 dias ap\u00f3s a realiza\u00e7\u00e3o do pedido.<\/p>\n<p><img loading=\"lazy\" decoding=\"async\" class=\"wp-image-9880 aligncenter\" src=\"https:\/\/seppeschina.com\/wp-content\/uploads\/2019\/04\/shipping.jpg\" alt=\"\" width=\"600\" height=\"600\" srcset=\"https:\/\/seppeschina.com\/wp-content\/uploads\/2019\/04\/shipping.jpg 750w, https:\/\/seppeschina.com\/wp-content\/uploads\/2019\/04\/shipping-360x360.jpg 360w, https:\/\/seppeschina.com\/wp-content\/uploads\/2019\/04\/shipping-100x100.jpg 100w, https:\/\/seppeschina.com\/wp-content\/uploads\/2019\/04\/shipping-600x600.jpg 600w, https:\/\/seppeschina.com\/wp-content\/uploads\/2019\/04\/shipping-150x150.jpg 150w, https:\/\/seppeschina.com\/wp-content\/uploads\/2019\/04\/shipping-300x300.jpg 300w, https:\/\/seppeschina.com\/wp-content\/uploads\/2019\/04\/shipping-24x24.jpg 24w, https:\/\/seppeschina.com\/wp-content\/uploads\/2019\/04\/shipping-48x48.jpg 48w, https:\/\/seppeschina.com\/wp-content\/uploads\/2019\/04\/shipping-96x96.jpg 96w, https:\/\/seppeschina.com\/wp-content\/uploads\/2019\/04\/shipping-364x364.jpg 364w, https:\/\/seppeschina.com\/wp-content\/uploads\/2019\/04\/shipping-50x50.jpg 50w, https:\/\/seppeschina.com\/wp-content\/uploads\/2019\/04\/shipping-110x110.jpg 110w, https:\/\/seppeschina.com\/wp-content\/uploads\/2019\/04\/shipping-275x275.jpg 275w, https:\/\/seppeschina.com\/wp-content\/uploads\/2019\/04\/shipping-480x480.jpg 480w, https:\/\/seppeschina.com\/wp-content\/uploads\/2019\/04\/shipping-550x550.jpg 550w\" sizes=\"auto, (max-width: 600px) 100vw, 600px\" \/><\/p>\n<h3><span style=\"color: #3366ff;\">Perguntas Frequentes<\/span><\/h3>\n<p><strong><span style=\"color: #ff0000;\">P: Como s\u00e3o a pot\u00eancia e a voltagem?<\/span><\/strong><\/p>\n<p><strong>R: Podem ser personalizadas. Normalmente 220V, 0.75KW, 50HZ, monof\u00e1sica.<\/strong><\/p>\n<p><strong><span style=\"color: #ff0000;\">P: Quais materiais de estrutura para porta de alta velocidade posso escolher?<\/span><\/strong><\/p>\n<p><strong>R: Batente de a\u00e7o pintado, batente em SUS304\/316, batente em liga de alum\u00ednio.<\/strong><\/p>\n<p><strong><span style=\"color: #ff0000;\">P: Qual \u00e9 o pre\u00e7o da porta de alta velocidade?<\/span><\/strong><\/p>\n<p><strong>R: Depende do seu tamanho e outros dispositivos.<\/strong><\/p>\n<p><span style=\"color: #ff0000;\"><strong>P: Como escolher a f\u00e1brica de portas de alta velocidade?<\/strong><\/span><\/p>\n<p><strong>R: Certificadas: SGS, CE, com mais de 10 anos de experi\u00eancia.<\/strong><\/p>\n<p><span style=\"color: #ff0000;\"><strong>P: Podemos instalar a porta de alta velocidade n\u00f3s mesmos?<\/strong><\/span><\/p>\n<p><strong>R: Sim, muito simples. Podemos fornecer manual de instala\u00e7\u00e3o em ingl\u00eas e v\u00eddeos de orienta\u00e7\u00e3o.\u00a0<\/strong><\/p>\n<p><strong><span style=\"color: #ff0000;\">P\uff1aQuanto tempo pode ser usado?<\/span><\/strong><\/p>\n<p><strong>R\uff1aAproximadamente 10 a 15 anos.<\/strong><\/p>\n<p><strong><span style=\"color: #ff0000;\">P\uff1aQuais s\u00e3o os m\u00e9todos de abertura autom\u00e1tica\/inteligente da porta de alta velocidade?<\/span><\/strong><\/p>\n<p><strong>R\uff1aBot\u00e3o de acionamento manual, dispositivo sensor de movimento autom\u00e1tico, indu\u00e7\u00e3o por loop, interruptor de tra\u00e7\u00e3o, cart\u00e3o de acesso, integra\u00e7\u00e3o com PLC ou AGV.<\/strong><\/p>\n<\/div>\n<\/div>\n<\/div>\n<\/div>\n<\/div>\n<\/div>\n<\/div>","protected":false},"excerpt":{"rendered":"<p><strong>Possui boas fun\u00e7\u00f5es de prote\u00e7\u00e3o contra poeira, desodoriza\u00e7\u00e3o, abertura r\u00e1pida, conserva\u00e7\u00e3o de calor e prote\u00e7\u00e3o.<\/strong><\/p>\n<p><strong>As ind\u00fastrias envolvidas s\u00e3o aliment\u00edcia, eletr\u00f4nica, automobil\u00edstica, farmac\u00eautica, qu\u00edmica, t\u00eaxtil, log\u00edstica e outras.<\/strong><\/p>","protected":false},"featured_media":11617,"comment_status":"open","ping_status":"closed","template":"","meta":[],"product_brand":[],"product_cat":[309],"product_tag":[318,317],"class_list":{"0":"post-9247","1":"product","2":"type-product","3":"status-publish","4":"has-post-thumbnail","6":"product_cat-high-speed-door","7":"product_tag-fast-door-manufacturers","8":"product_tag-industrial-doors","11":"first","12":"instock","13":"shipping-taxable","14":"product-type-simple"},"_links":{"self":[{"href":"https:\/\/seppeschina.com\/pt\/wp-json\/wp\/v2\/product\/9247","targetHints":{"allow":["GET"]}}],"collection":[{"href":"https:\/\/seppeschina.com\/pt\/wp-json\/wp\/v2\/product"}],"about":[{"href":"https:\/\/seppeschina.com\/pt\/wp-json\/wp\/v2\/types\/product"}],"replies":[{"embeddable":true,"href":"https:\/\/seppeschina.com\/pt\/wp-json\/wp\/v2\/comments?post=9247"}],"wp:featuredmedia":[{"embeddable":true,"href":"https:\/\/seppeschina.com\/pt\/wp-json\/wp\/v2\/media\/11617"}],"wp:attachment":[{"href":"https:\/\/seppeschina.com\/pt\/wp-json\/wp\/v2\/media?parent=9247"}],"wp:term":[{"taxonomy":"product_brand","embeddable":true,"href":"https:\/\/seppeschina.com\/pt\/wp-json\/wp\/v2\/product_brand?post=9247"},{"taxonomy":"product_cat","embeddable":true,"href":"https:\/\/seppeschina.com\/pt\/wp-json\/wp\/v2\/product_cat?post=9247"},{"taxonomy":"product_tag","embeddable":true,"href":"https:\/\/seppeschina.com\/pt\/wp-json\/wp\/v2\/product_tag?post=9247"}],"curies":[{"name":"wp","href":"https:\/\/api.w.org\/{rel}","templated":true}]}}