{"id":9248,"date":"2019-04-30T12:57:25","date_gmt":"2019-04-30T12:57:25","guid":{"rendered":"https:\/\/seppeschina.com\/?post_type=product&#038;p=9248"},"modified":"2025-05-19T16:15:58","modified_gmt":"2025-05-19T08:15:58","slug":"porta-de-ziper-amarela-de-alta-velocidade-seppes","status":"publish","type":"product","link":"https:\/\/seppeschina.com\/pt\/product\/seppes-yellow-high-speed-zipper-door\/","title":{"rendered":"Porta de Z\u00edper de Alta Velocidade Amarela SEPPES"},"content":{"rendered":"<p><img loading=\"lazy\" decoding=\"async\" class=\"aligncenter wp-image-12084\" src=\"https:\/\/seppeschina.com\/wp-content\/uploads\/2019\/04\/\u9ec4\u8272\u62c9\u94fe\u95e8\u4e3b\u56fe.jpg\" alt=\"\" width=\"600\" height=\"600\" srcset=\"https:\/\/seppeschina.com\/wp-content\/uploads\/2019\/04\/\u9ec4\u8272\u62c9\u94fe\u95e8\u4e3b\u56fe.jpg 750w, https:\/\/seppeschina.com\/wp-content\/uploads\/2019\/04\/\u9ec4\u8272\u62c9\u94fe\u95e8\u4e3b\u56fe-360x360.jpg 360w, https:\/\/seppeschina.com\/wp-content\/uploads\/2019\/04\/\u9ec4\u8272\u62c9\u94fe\u95e8\u4e3b\u56fe-100x100.jpg 100w, https:\/\/seppeschina.com\/wp-content\/uploads\/2019\/04\/\u9ec4\u8272\u62c9\u94fe\u95e8\u4e3b\u56fe-600x600.jpg 600w, https:\/\/seppeschina.com\/wp-content\/uploads\/2019\/04\/\u9ec4\u8272\u62c9\u94fe\u95e8\u4e3b\u56fe-300x300.jpg 300w, https:\/\/seppeschina.com\/wp-content\/uploads\/2019\/04\/\u9ec4\u8272\u62c9\u94fe\u95e8\u4e3b\u56fe-150x150.jpg 150w, https:\/\/seppeschina.com\/wp-content\/uploads\/2019\/04\/\u9ec4\u8272\u62c9\u94fe\u95e8\u4e3b\u56fe-24x24.jpg 24w, https:\/\/seppeschina.com\/wp-content\/uploads\/2019\/04\/\u9ec4\u8272\u62c9\u94fe\u95e8\u4e3b\u56fe-48x48.jpg 48w, https:\/\/seppeschina.com\/wp-content\/uploads\/2019\/04\/\u9ec4\u8272\u62c9\u94fe\u95e8\u4e3b\u56fe-96x96.jpg 96w, https:\/\/seppeschina.com\/wp-content\/uploads\/2019\/04\/\u9ec4\u8272\u62c9\u94fe\u95e8\u4e3b\u56fe-364x364.jpg 364w, https:\/\/seppeschina.com\/wp-content\/uploads\/2019\/04\/\u9ec4\u8272\u62c9\u94fe\u95e8\u4e3b\u56fe-50x50.jpg 50w, https:\/\/seppeschina.com\/wp-content\/uploads\/2019\/04\/\u9ec4\u8272\u62c9\u94fe\u95e8\u4e3b\u56fe-110x110.jpg 110w, https:\/\/seppeschina.com\/wp-content\/uploads\/2019\/04\/\u9ec4\u8272\u62c9\u94fe\u95e8\u4e3b\u56fe-275x275.jpg 275w, https:\/\/seppeschina.com\/wp-content\/uploads\/2019\/04\/\u9ec4\u8272\u62c9\u94fe\u95e8\u4e3b\u56fe-480x480.jpg 480w, https:\/\/seppeschina.com\/wp-content\/uploads\/2019\/04\/\u9ec4\u8272\u62c9\u94fe\u95e8\u4e3b\u56fe-550x550.jpg 550w\" sizes=\"auto, (max-width: 600px) 100vw, 600px\" \/><\/p>\n<h3><span style=\"color: #3366ff;\">Descri\u00e7\u00e3o<\/span><\/h3>\n<p>As caracter\u00edsticas convencionais da Porta de Z\u00edper de Alta Velocidade Amarela incluem:<\/p>\n<p><span class=\"VIiyi\" lang=\"en\"><span class=\"JLqJ4b ChMk0b\" data-language-for-alternatives=\"en\" data-language-to-translate-into=\"zh-CN\" data-phrase-index=\"0\">1. Reposi\u00e7\u00e3o: fun\u00e7\u00e3o de reposi\u00e7\u00e3o autom\u00e1tica para evitar colis\u00e3o e descarrilamento acidental (tecnologia patenteada)<\/span><\/span><\/p>\n<p><span class=\"VIiyi\" lang=\"en\"><span class=\"JLqJ4b ChMk0b\" data-language-for-alternatives=\"en\" data-language-to-translate-into=\"zh-CN\" data-phrase-index=\"2\">2. Fecho de corrente: estrutura de bloqueio de z\u00edper, alta performance de estanquidade; corpo da porta totalmente flex\u00edvel, mais seguro<\/span><\/span><\/p>\n<p><span class=\"VIiyi\" lang=\"en\"><span class=\"JLqJ4b ChMk0b\" data-language-for-alternatives=\"en\" data-language-to-translate-into=\"zh-CN\" data-phrase-index=\"4\">3. Alta velocidade: o motor servo \u00e9 especialmente personalizado e a velocidade de abertura pode chegar a 2,0 m\/s, sendo tamb\u00e9m aplic\u00e1vel \u00e0 linha de produ\u00e7\u00e3o de alta frequ\u00eancia<\/span><\/span><\/p>\n<p><span class=\"VIiyi\" lang=\"en\"><span class=\"JLqJ4b ChMk0b\" data-language-for-alternatives=\"en\" data-language-to-translate-into=\"zh-CN\" data-phrase-index=\"6\">4. Resist\u00eancia ao vento: a trilha do quadro da porta est\u00e1 equipada com um sistema de tensionamento por mola de tens\u00e3o, convencionalmente resistente a 6-8 n\u00edveis de press\u00e3o do vento, podendo ser refor\u00e7ado por encomendas especiais<\/span><\/span><\/p>\n<p><span class=\"VIiyi\" lang=\"en\"><span class=\"JLqJ4b ChMk0b\" data-language-for-alternatives=\"en\" data-language-to-translate-into=\"zh-CN\" data-phrase-index=\"8\">5. Alta frequ\u00eancia: o n\u00famero de ciclos de funcionamento chega a 1 milh\u00e3o ou mais<\/span><\/span><\/p>\n<p><span class=\"VIiyi\" lang=\"en\"><span class=\"JLqJ4b ChMk0b\" data-language-for-alternatives=\"en\" data-language-to-translate-into=\"zh-CN\" data-phrase-index=\"10\">6. Seguran\u00e7a: fotoc\u00e9lula de seguran\u00e7a padr\u00e3o e almofada de ar inferior (tecnologia patenteada SEPPES), cortina de luz de seguran\u00e7a opcional<\/span><\/span><\/p>\n<div class=\"J_module\">\n<h3 id=\"ali-anchor-AliMagic-ah376g\" class=\"magic-3\" data-section=\"AliMagic-ah376g\" data-section-title=\"Details Images\" data-spm-anchor-id=\"a2700.details.pronpeci14.i0.7231257c2FOoGS\"><span style=\"color: #3366ff;\">Caracter\u00edsticas<\/span><\/h3>\n<p><img loading=\"lazy\" decoding=\"async\" class=\"aligncenter wp-image-11815 size-full\" src=\"https:\/\/seppeschina.com\/wp-content\/uploads\/2021\/04\/\u62c9\u94fe\u5feb\u901f\u95e8_04.jpg\" alt=\"\" width=\"600\" height=\"348\" srcset=\"https:\/\/seppeschina.com\/wp-content\/uploads\/2021\/04\/\u62c9\u94fe\u5feb\u901f\u95e8_04.jpg 600w, https:\/\/seppeschina.com\/wp-content\/uploads\/2021\/04\/\u62c9\u94fe\u5feb\u901f\u95e8_04-360x209.jpg 360w, https:\/\/seppeschina.com\/wp-content\/uploads\/2021\/04\/\u62c9\u94fe\u5feb\u901f\u95e8_04-300x174.jpg 300w, https:\/\/seppeschina.com\/wp-content\/uploads\/2021\/04\/\u62c9\u94fe\u5feb\u901f\u95e8_04-550x319.jpg 550w\" sizes=\"auto, (max-width: 600px) 100vw, 600px\" \/><\/p>\n<p><img loading=\"lazy\" decoding=\"async\" class=\"aligncenter wp-image-12086 size-full\" src=\"https:\/\/seppeschina.com\/wp-content\/uploads\/2019\/04\/\u6a58\u9ec4\u8272\u62c9\u94fe\u5feb\u901f\u95e8\u7ec6\u8282\u56fe.jpg\" alt=\"\" width=\"600\" height=\"633\" srcset=\"https:\/\/seppeschina.com\/wp-content\/uploads\/2019\/04\/\u6a58\u9ec4\u8272\u62c9\u94fe\u5feb\u901f\u95e8\u7ec6\u8282\u56fe.jpg 600w, https:\/\/seppeschina.com\/wp-content\/uploads\/2019\/04\/\u6a58\u9ec4\u8272\u62c9\u94fe\u5feb\u901f\u95e8\u7ec6\u8282\u56fe-360x380.jpg 360w, https:\/\/seppeschina.com\/wp-content\/uploads\/2019\/04\/\u6a58\u9ec4\u8272\u62c9\u94fe\u5feb\u901f\u95e8\u7ec6\u8282\u56fe-284x300.jpg 284w, https:\/\/seppeschina.com\/wp-content\/uploads\/2019\/04\/\u6a58\u9ec4\u8272\u62c9\u94fe\u5feb\u901f\u95e8\u7ec6\u8282\u56fe-24x24.jpg 24w, https:\/\/seppeschina.com\/wp-content\/uploads\/2019\/04\/\u6a58\u9ec4\u8272\u62c9\u94fe\u5feb\u901f\u95e8\u7ec6\u8282\u56fe-521x550.jpg 521w\" sizes=\"auto, (max-width: 600px) 100vw, 600px\" \/><\/p>\n<\/div>\n<div class=\"J_module\">\n<div>\n<h3><span style=\"color: #3366ff;\"><b><span class=\"magic-21\" data-spm-anchor-id=\"a2700.details.pronpeci14.i0.a6417c84pVqOBT\">Diagrama da Estrutura<\/span><\/b><\/span><\/h3>\n<p><img loading=\"lazy\" decoding=\"async\" class=\"aligncenter wp-image-11983\" src=\"https:\/\/seppeschina.com\/wp-content\/uploads\/2019\/04\/\u9ec4\u8272\u62c9\u94fe\u5feb\u901f\u95e8\u7ed3\u6784\u56fe.jpg\" alt=\"\" width=\"600\" height=\"600\" srcset=\"https:\/\/seppeschina.com\/wp-content\/uploads\/2019\/04\/\u9ec4\u8272\u62c9\u94fe\u5feb\u901f\u95e8\u7ed3\u6784\u56fe.jpg 750w, https:\/\/seppeschina.com\/wp-content\/uploads\/2019\/04\/\u9ec4\u8272\u62c9\u94fe\u5feb\u901f\u95e8\u7ed3\u6784\u56fe-360x360.jpg 360w, https:\/\/seppeschina.com\/wp-content\/uploads\/2019\/04\/\u9ec4\u8272\u62c9\u94fe\u5feb\u901f\u95e8\u7ed3\u6784\u56fe-100x100.jpg 100w, https:\/\/seppeschina.com\/wp-content\/uploads\/2019\/04\/\u9ec4\u8272\u62c9\u94fe\u5feb\u901f\u95e8\u7ed3\u6784\u56fe-600x600.jpg 600w, https:\/\/seppeschina.com\/wp-content\/uploads\/2019\/04\/\u9ec4\u8272\u62c9\u94fe\u5feb\u901f\u95e8\u7ed3\u6784\u56fe-300x300.jpg 300w, https:\/\/seppeschina.com\/wp-content\/uploads\/2019\/04\/\u9ec4\u8272\u62c9\u94fe\u5feb\u901f\u95e8\u7ed3\u6784\u56fe-150x150.jpg 150w, https:\/\/seppeschina.com\/wp-content\/uploads\/2019\/04\/\u9ec4\u8272\u62c9\u94fe\u5feb\u901f\u95e8\u7ed3\u6784\u56fe-24x24.jpg 24w, https:\/\/seppeschina.com\/wp-content\/uploads\/2019\/04\/\u9ec4\u8272\u62c9\u94fe\u5feb\u901f\u95e8\u7ed3\u6784\u56fe-48x48.jpg 48w, https:\/\/seppeschina.com\/wp-content\/uploads\/2019\/04\/\u9ec4\u8272\u62c9\u94fe\u5feb\u901f\u95e8\u7ed3\u6784\u56fe-96x96.jpg 96w, https:\/\/seppeschina.com\/wp-content\/uploads\/2019\/04\/\u9ec4\u8272\u62c9\u94fe\u5feb\u901f\u95e8\u7ed3\u6784\u56fe-364x364.jpg 364w, https:\/\/seppeschina.com\/wp-content\/uploads\/2019\/04\/\u9ec4\u8272\u62c9\u94fe\u5feb\u901f\u95e8\u7ed3\u6784\u56fe-50x50.jpg 50w, https:\/\/seppeschina.com\/wp-content\/uploads\/2019\/04\/\u9ec4\u8272\u62c9\u94fe\u5feb\u901f\u95e8\u7ed3\u6784\u56fe-110x110.jpg 110w, https:\/\/seppeschina.com\/wp-content\/uploads\/2019\/04\/\u9ec4\u8272\u62c9\u94fe\u5feb\u901f\u95e8\u7ed3\u6784\u56fe-275x275.jpg 275w, https:\/\/seppeschina.com\/wp-content\/uploads\/2019\/04\/\u9ec4\u8272\u62c9\u94fe\u5feb\u901f\u95e8\u7ed3\u6784\u56fe-480x480.jpg 480w, https:\/\/seppeschina.com\/wp-content\/uploads\/2019\/04\/\u9ec4\u8272\u62c9\u94fe\u5feb\u901f\u95e8\u7ed3\u6784\u56fe-550x550.jpg 550w\" sizes=\"auto, (max-width: 600px) 100vw, 600px\" \/><\/p>\n<h3><span style=\"color: #3366ff;\">Formas de abertura<\/span><\/h3>\n<\/div>\n<\/div>\n<div data-id=\"paragraph0\"><\/div>\n<div data-id=\"paragraph0\"><img loading=\"lazy\" decoding=\"async\" class=\"aligncenter wp-image-12085\" src=\"https:\/\/seppeschina.com\/wp-content\/uploads\/2019\/04\/\u5357\u74dc\u9ec4.jpg\" alt=\"\" width=\"600\" height=\"600\" srcset=\"https:\/\/seppeschina.com\/wp-content\/uploads\/2019\/04\/\u5357\u74dc\u9ec4.jpg 750w, https:\/\/seppeschina.com\/wp-content\/uploads\/2019\/04\/\u5357\u74dc\u9ec4-360x360.jpg 360w, https:\/\/seppeschina.com\/wp-content\/uploads\/2019\/04\/\u5357\u74dc\u9ec4-100x100.jpg 100w, https:\/\/seppeschina.com\/wp-content\/uploads\/2019\/04\/\u5357\u74dc\u9ec4-600x600.jpg 600w, https:\/\/seppeschina.com\/wp-content\/uploads\/2019\/04\/\u5357\u74dc\u9ec4-300x300.jpg 300w, https:\/\/seppeschina.com\/wp-content\/uploads\/2019\/04\/\u5357\u74dc\u9ec4-150x150.jpg 150w, https:\/\/seppeschina.com\/wp-content\/uploads\/2019\/04\/\u5357\u74dc\u9ec4-24x24.jpg 24w, https:\/\/seppeschina.com\/wp-content\/uploads\/2019\/04\/\u5357\u74dc\u9ec4-48x48.jpg 48w, https:\/\/seppeschina.com\/wp-content\/uploads\/2019\/04\/\u5357\u74dc\u9ec4-96x96.jpg 96w, https:\/\/seppeschina.com\/wp-content\/uploads\/2019\/04\/\u5357\u74dc\u9ec4-364x364.jpg 364w, https:\/\/seppeschina.com\/wp-content\/uploads\/2019\/04\/\u5357\u74dc\u9ec4-50x50.jpg 50w, https:\/\/seppeschina.com\/wp-content\/uploads\/2019\/04\/\u5357\u74dc\u9ec4-110x110.jpg 110w, https:\/\/seppeschina.com\/wp-content\/uploads\/2019\/04\/\u5357\u74dc\u9ec4-275x275.jpg 275w, https:\/\/seppeschina.com\/wp-content\/uploads\/2019\/04\/\u5357\u74dc\u9ec4-480x480.jpg 480w, https:\/\/seppeschina.com\/wp-content\/uploads\/2019\/04\/\u5357\u74dc\u9ec4-550x550.jpg 550w\" sizes=\"auto, (max-width: 600px) 100vw, 600px\" \/><\/div>\n<div class=\"J_module\">\n<div class=\"ife-detail-decorate-table\">\n<div class=\"magic-2\">\n<div class=\"magic-3\">\n<h3 data-id=\"paragraph0\"><span style=\"color: #3366ff;\">Op\u00e7\u00f5es de cores<\/span><\/h3>\n<div class=\"J_module\">\n<div class=\"detail-decorate-json-renderer-container\">\n<div class=\"magic-4\">\n<div class=\"magic-26\">\n<div class=\"magic-6\">\n<div class=\"magic-7\" data-id=\"paragraph0\">\n<div class=\"magic-39\" data-spm-anchor-id=\"a2700.details.pronpeci14.i4.12355170Y9xOFu\"><span class=\"magic-25\">Azul: RAL:5002,\u00a0<\/span><span class=\"magic-25\">Amarelo: RAL:1003,\u00a0<\/span><span class=\"magic-25\"><span class=\"magic-24\">Cinza: RAL:<\/span>9006<\/span><\/div>\n<\/div>\n<\/div>\n<\/div>\n<div class=\"magic-26\">\n<div class=\"magic-6\">\n<div class=\"magic-7\" data-id=\"paragraph2\">\n<div>\n<div class=\"magic-26\">\n<div class=\"magic-6\">\n<div class=\"magic-7\" data-id=\"paragraph0\">\n<div class=\"magic-39\" data-spm-anchor-id=\"a2700.details.pronpeci14.i5.12355170Y9xOFu\"><span class=\"magic-25\">Vermelho: RAL:3002, <\/span><span class=\"magic-25\">Branco: RAL:9003<\/span><\/div>\n<\/div>\n<\/div>\n<\/div>\n<\/div>\n<\/div>\n<\/div>\n<\/div>\n<\/div>\n<\/div>\n<\/div>\n<div class=\"J_module\">\n<div class=\"detail-decorate-json-renderer-container\">\n<div class=\"magic-4\">\n<div class=\"magic-26\">\n<div class=\"magic-27\"><\/div>\n<\/div>\n<\/div>\n<\/div>\n<\/div>\n<p><img loading=\"lazy\" decoding=\"async\" class=\"aligncenter wp-image-9915\" src=\"https:\/\/seppeschina.com\/wp-content\/uploads\/2019\/04\/\u989c\u82721.jpg\" alt=\"\" width=\"600\" height=\"600\" srcset=\"https:\/\/seppeschina.com\/wp-content\/uploads\/2019\/04\/\u989c\u82721.jpg 750w, https:\/\/seppeschina.com\/wp-content\/uploads\/2019\/04\/\u989c\u82721-360x360.jpg 360w, https:\/\/seppeschina.com\/wp-content\/uploads\/2019\/04\/\u989c\u82721-100x100.jpg 100w, https:\/\/seppeschina.com\/wp-content\/uploads\/2019\/04\/\u989c\u82721-600x600.jpg 600w, https:\/\/seppeschina.com\/wp-content\/uploads\/2019\/04\/\u989c\u82721-150x150.jpg 150w, https:\/\/seppeschina.com\/wp-content\/uploads\/2019\/04\/\u989c\u82721-300x300.jpg 300w, https:\/\/seppeschina.com\/wp-content\/uploads\/2019\/04\/\u989c\u82721-24x24.jpg 24w, https:\/\/seppeschina.com\/wp-content\/uploads\/2019\/04\/\u989c\u82721-48x48.jpg 48w, https:\/\/seppeschina.com\/wp-content\/uploads\/2019\/04\/\u989c\u82721-96x96.jpg 96w, https:\/\/seppeschina.com\/wp-content\/uploads\/2019\/04\/\u989c\u82721-364x364.jpg 364w, https:\/\/seppeschina.com\/wp-content\/uploads\/2019\/04\/\u989c\u82721-50x50.jpg 50w, https:\/\/seppeschina.com\/wp-content\/uploads\/2019\/04\/\u989c\u82721-110x110.jpg 110w, https:\/\/seppeschina.com\/wp-content\/uploads\/2019\/04\/\u989c\u82721-275x275.jpg 275w, https:\/\/seppeschina.com\/wp-content\/uploads\/2019\/04\/\u989c\u82721-480x480.jpg 480w, https:\/\/seppeschina.com\/wp-content\/uploads\/2019\/04\/\u989c\u82721-550x550.jpg 550w\" sizes=\"auto, (max-width: 600px) 100vw, 600px\" \/><\/p>\n<h3><span style=\"color: #3366ff;\">Produto Relacionado<\/span><\/h3>\n<p><img loading=\"lazy\" decoding=\"async\" class=\"aligncenter size-full wp-image-11599\" src=\"https:\/\/seppeschina.com\/wp-content\/uploads\/2021\/03\/seppes-door-1.gif\" alt=\"\" width=\"600\" height=\"528\"><\/p>\n<h3><span style=\"color: #3366ff;\">Quem somos?<\/span><\/h3>\n<h5>Sobre n\u00f3s<\/h5>\n<p><strong>Seppes Door Industry (Suzhou) Co., Ltd.<\/strong>\u00a0foi estabelecida em 2011 e \u00e9 uma empresa de fabrica\u00e7\u00e3o e com\u00e9rcio com 9 anos de experi\u00eancia. Nossos principais produtos s\u00e3o portas de alta velocidade, portas de enrolar r\u00e1pidas, portas de enrolar autom\u00e1ticas, portas combinadas, etc.<\/p>\n<p><img loading=\"lazy\" decoding=\"async\" class=\"aligncenter size-full wp-image-11606\" src=\"https:\/\/seppeschina.com\/wp-content\/uploads\/2021\/03\/seppes-door8.gif\" alt=\"\" width=\"600\" height=\"502\"><\/p>\n<h3><span style=\"color: #3366ff;\">Mostra da F\u00e1brica\u00a0\u00a0<\/span><\/h3>\n<p><img loading=\"lazy\" decoding=\"async\" class=\"aligncenter size-full wp-image-11604\" src=\"https:\/\/seppeschina.com\/wp-content\/uploads\/2021\/03\/seppes-door6.gif\" alt=\"\" width=\"600\" height=\"358\"><\/p>\n<h3><span style=\"color: #3366ff;\">Feiras\/Exposi\u00e7\u00f5es<\/span><\/h3>\n<p>Esta \u00e9 uma foto de clientes espanh\u00f3is, australianos, brasileiros, chilenos, etc., que visitaram nossa empresa.<\/p>\n<p><img loading=\"lazy\" decoding=\"async\" class=\"aligncenter size-full wp-image-11605\" src=\"https:\/\/seppeschina.com\/wp-content\/uploads\/2021\/03\/seppes-door7.gif\" alt=\"\" width=\"600\" height=\"338\"><\/p>\n<h3><span style=\"color: #3366ff;\">Nossos Parceiros<\/span><br \/>\n<img loading=\"lazy\" decoding=\"async\" class=\"aligncenter size-full wp-image-11608\" src=\"https:\/\/seppeschina.com\/wp-content\/uploads\/2021\/03\/seppes-door10.gif\" alt=\"\" width=\"600\" height=\"491\"><\/h3>\n<h3><span style=\"color: #3366ff;\">Vantagens<\/span><\/h3>\n<p><img decoding=\"async\" class=\"aligncenter\" src=\"https:\/\/seppeschina.com\/wp-content\/uploads\/2021\/04\/%E6%8B%89%E9%93%BE%E5%BF%AB%E9%80%9F%E9%97%A8_02.jpg\" alt=\"\"><\/p>\n<p>1. <strong>Reajuste<\/strong>: fun\u00e7\u00e3o de reajuste autom\u00e1tico para evitar descarrilamento acidental (tecnologia patentead<\/p>\n<p>2. <strong>R\u00e1pido<\/strong>: servo motor is specially customized to open the speed up to 2m\/s<\/p>\n<p>3. <strong>Wind resistance<\/strong>: door frame track is equipped with a tension spring tension system, conventionally resistant to 6-8 wind pressure<\/p>\n<p>4. <strong>Estabilidade<\/strong>: Equipado com sistema de controle de marca alem\u00e3; unidade de acionamento servo de alta precis\u00e3o.<\/p>\n<p>5. <strong>Inteligente<\/strong>: Chip inteligente de IoT integrado para alcan\u00e7ar funcionalidades inteligentes e potentes.<\/p>\n<p>6. <strong>Seguran\u00e7a<\/strong>: Dispositivo de prote\u00e7\u00e3o de seguran\u00e7a padr\u00e3o com sensor infravermelho anti-esmagamento.<\/p>\n<h3><span style=\"color: #3366ff;\">Application cases<\/span><\/h3>\n<p>Estes s\u00e3o v\u00e1rios modelos de portas r\u00e1pidas que aplicamos efetivamente em empresas, incluindo ind\u00fastrias farmac\u00eautica, eletr\u00f4nica, aliment\u00edcia, qu\u00edmica, automotiva, t\u00eaxtil, gr\u00e1fica, log\u00edstica e outras.<\/p>\n<p><img loading=\"lazy\" decoding=\"async\" class=\"aligncenter wp-image-10092\" src=\"https:\/\/seppeschina.com\/wp-content\/uploads\/2019\/04\/\u62c9\u94fe\u95e8\u5e94\u7528\u573a\u666f.jpg\" alt=\"\" width=\"600\" height=\"600\" srcset=\"https:\/\/seppeschina.com\/wp-content\/uploads\/2019\/04\/\u62c9\u94fe\u95e8\u5e94\u7528\u573a\u666f.jpg 750w, https:\/\/seppeschina.com\/wp-content\/uploads\/2019\/04\/\u62c9\u94fe\u95e8\u5e94\u7528\u573a\u666f-360x360.jpg 360w, https:\/\/seppeschina.com\/wp-content\/uploads\/2019\/04\/\u62c9\u94fe\u95e8\u5e94\u7528\u573a\u666f-100x100.jpg 100w, https:\/\/seppeschina.com\/wp-content\/uploads\/2019\/04\/\u62c9\u94fe\u95e8\u5e94\u7528\u573a\u666f-600x600.jpg 600w, https:\/\/seppeschina.com\/wp-content\/uploads\/2019\/04\/\u62c9\u94fe\u95e8\u5e94\u7528\u573a\u666f-300x300.jpg 300w, https:\/\/seppeschina.com\/wp-content\/uploads\/2019\/04\/\u62c9\u94fe\u95e8\u5e94\u7528\u573a\u666f-150x150.jpg 150w, https:\/\/seppeschina.com\/wp-content\/uploads\/2019\/04\/\u62c9\u94fe\u95e8\u5e94\u7528\u573a\u666f-24x24.jpg 24w, https:\/\/seppeschina.com\/wp-content\/uploads\/2019\/04\/\u62c9\u94fe\u95e8\u5e94\u7528\u573a\u666f-48x48.jpg 48w, https:\/\/seppeschina.com\/wp-content\/uploads\/2019\/04\/\u62c9\u94fe\u95e8\u5e94\u7528\u573a\u666f-96x96.jpg 96w, https:\/\/seppeschina.com\/wp-content\/uploads\/2019\/04\/\u62c9\u94fe\u95e8\u5e94\u7528\u573a\u666f-364x364.jpg 364w, https:\/\/seppeschina.com\/wp-content\/uploads\/2019\/04\/\u62c9\u94fe\u95e8\u5e94\u7528\u573a\u666f-50x50.jpg 50w, https:\/\/seppeschina.com\/wp-content\/uploads\/2019\/04\/\u62c9\u94fe\u95e8\u5e94\u7528\u573a\u666f-110x110.jpg 110w, https:\/\/seppeschina.com\/wp-content\/uploads\/2019\/04\/\u62c9\u94fe\u95e8\u5e94\u7528\u573a\u666f-275x275.jpg 275w, https:\/\/seppeschina.com\/wp-content\/uploads\/2019\/04\/\u62c9\u94fe\u95e8\u5e94\u7528\u573a\u666f-480x480.jpg 480w, https:\/\/seppeschina.com\/wp-content\/uploads\/2019\/04\/\u62c9\u94fe\u95e8\u5e94\u7528\u573a\u666f-550x550.jpg 550w\" sizes=\"auto, (max-width: 600px) 100vw, 600px\" \/><\/p>\n<h3><span style=\"color: #3366ff;\">Entrega &amp; Embalagem<\/span><\/h3>\n<p>Our packaging method is wooden box packaging, and the transportation methods include express, air and sea.<\/p>\n<p><img loading=\"lazy\" decoding=\"async\" class=\"aligncenter wp-image-9880\" src=\"https:\/\/seppeschina.com\/wp-content\/uploads\/2019\/04\/shipping.jpg\" alt=\"\" width=\"600\" height=\"600\" srcset=\"https:\/\/seppeschina.com\/wp-content\/uploads\/2019\/04\/shipping.jpg 750w, https:\/\/seppeschina.com\/wp-content\/uploads\/2019\/04\/shipping-360x360.jpg 360w, https:\/\/seppeschina.com\/wp-content\/uploads\/2019\/04\/shipping-100x100.jpg 100w, https:\/\/seppeschina.com\/wp-content\/uploads\/2019\/04\/shipping-600x600.jpg 600w, https:\/\/seppeschina.com\/wp-content\/uploads\/2019\/04\/shipping-150x150.jpg 150w, https:\/\/seppeschina.com\/wp-content\/uploads\/2019\/04\/shipping-300x300.jpg 300w, https:\/\/seppeschina.com\/wp-content\/uploads\/2019\/04\/shipping-24x24.jpg 24w, https:\/\/seppeschina.com\/wp-content\/uploads\/2019\/04\/shipping-48x48.jpg 48w, https:\/\/seppeschina.com\/wp-content\/uploads\/2019\/04\/shipping-96x96.jpg 96w, https:\/\/seppeschina.com\/wp-content\/uploads\/2019\/04\/shipping-364x364.jpg 364w, https:\/\/seppeschina.com\/wp-content\/uploads\/2019\/04\/shipping-50x50.jpg 50w, https:\/\/seppeschina.com\/wp-content\/uploads\/2019\/04\/shipping-110x110.jpg 110w, https:\/\/seppeschina.com\/wp-content\/uploads\/2019\/04\/shipping-275x275.jpg 275w, https:\/\/seppeschina.com\/wp-content\/uploads\/2019\/04\/shipping-480x480.jpg 480w, https:\/\/seppeschina.com\/wp-content\/uploads\/2019\/04\/shipping-550x550.jpg 550w\" sizes=\"auto, (max-width: 600px) 100vw, 600px\" \/><\/p>\n<h3><span style=\"color: #3366ff;\">Perguntas Frequentes<\/span><\/h3>\n<p><span style=\"color: #ff0000;\"><strong>P: Como s\u00e3o a pot\u00eancia e a voltagem?<\/strong><\/span><\/p>\n<p><strong>R: Podem ser personalizadas. Normalmente 220V, 0.75KW, 50HZ, monof\u00e1sica.<\/strong><\/p>\n<p><span style=\"color: #ff0000;\"><strong>P: Quais materiais de estrutura para porta de alta velocidade posso escolher?<\/strong><\/span><\/p>\n<p><strong>R: Batente de a\u00e7o pintado, batente em SUS304\/316, batente em liga de alum\u00ednio.<\/strong><\/p>\n<p><span style=\"color: #ff0000;\"><strong>P: Qual \u00e9 o pre\u00e7o da porta de alta velocidade?<\/strong><\/span><\/p>\n<p><strong>R: Depende do seu tamanho e outros dispositivos.<\/strong><\/p>\n<p><span style=\"color: #ff0000;\"><strong>P: Como escolher a f\u00e1brica de portas de alta velocidade?<\/strong><\/span><\/p>\n<p><strong>R: Certificadas: SGS, CE, com mais de 10 anos de experi\u00eancia.<\/strong><\/p>\n<p><span style=\"color: #ff0000;\"><strong>P: Podemos instalar a porta de alta velocidade n\u00f3s mesmos?<\/strong><\/span><\/p>\n<p><strong>R: Sim, muito simples. Podemos fornecer manual de instala\u00e7\u00e3o em ingl\u00eas e v\u00eddeos de orienta\u00e7\u00e3o.\u00a0<\/strong><\/p>\n<p><span style=\"color: #ff0000;\"><strong>P\uff1aQuanto tempo pode ser usado?<\/strong><\/span><\/p>\n<p><strong>R\uff1aAproximadamente 10 a 15 anos.<\/strong><\/p>\n<p><span style=\"color: #ff0000;\"><strong>P\uff1aQuais s\u00e3o os m\u00e9todos de abertura autom\u00e1tica\/inteligente da porta de alta velocidade?<\/strong><\/span><\/p>\n<p><strong>R\uff1aBot\u00e3o de acionamento manual, dispositivo sensor de movimento autom\u00e1tico, indu\u00e7\u00e3o por loop, interruptor de tra\u00e7\u00e3o, cart\u00e3o de acesso, integra\u00e7\u00e3o com PLC ou AGV.<\/strong><\/p>\n<p>&nbsp;<\/p>\n<\/div>\n<\/div>\n<\/div>\n<\/div>","protected":false},"excerpt":{"rendered":"<p><strong>Auto-reparo\/veda\u00e7\u00e3o autom\u00e1tica e conserva\u00e7\u00e3o de calor\/abertura r\u00e1pida\/<\/strong><strong>Isolamento ac\u00fastico\/impermeabiliza\u00e7\u00e3o contra poeira<\/strong><\/p>\n<p><strong>Utilizado nas ind\u00fastrias aliment\u00edcia, eletr\u00f4nica, automotiva, farmac\u00eautica, qu\u00edmica, t\u00eaxtil, log\u00edstica e outras.<\/strong><\/p>","protected":false},"featured_media":9858,"comment_status":"open","ping_status":"closed","template":"","meta":[],"product_brand":[],"product_cat":[303],"product_tag":[318,319],"class_list":{"0":"post-9248","1":"product","2":"type-product","3":"status-publish","4":"has-post-thumbnail","6":"product_cat-high-speed-zipper-door","7":"product_tag-fast-door-manufacturers","8":"product_tag-high-speed-zipper-door","11":"first","12":"instock","13":"shipping-taxable","14":"product-type-simple"},"_links":{"self":[{"href":"https:\/\/seppeschina.com\/pt\/wp-json\/wp\/v2\/product\/9248","targetHints":{"allow":["GET"]}}],"collection":[{"href":"https:\/\/seppeschina.com\/pt\/wp-json\/wp\/v2\/product"}],"about":[{"href":"https:\/\/seppeschina.com\/pt\/wp-json\/wp\/v2\/types\/product"}],"replies":[{"embeddable":true,"href":"https:\/\/seppeschina.com\/pt\/wp-json\/wp\/v2\/comments?post=9248"}],"wp:featuredmedia":[{"embeddable":true,"href":"https:\/\/seppeschina.com\/pt\/wp-json\/wp\/v2\/media\/9858"}],"wp:attachment":[{"href":"https:\/\/seppeschina.com\/pt\/wp-json\/wp\/v2\/media?parent=9248"}],"wp:term":[{"taxonomy":"product_brand","embeddable":true,"href":"https:\/\/seppeschina.com\/pt\/wp-json\/wp\/v2\/product_brand?post=9248"},{"taxonomy":"product_cat","embeddable":true,"href":"https:\/\/seppeschina.com\/pt\/wp-json\/wp\/v2\/product_cat?post=9248"},{"taxonomy":"product_tag","embeddable":true,"href":"https:\/\/seppeschina.com\/pt\/wp-json\/wp\/v2\/product_tag?post=9248"}],"curies":[{"name":"wp","href":"https:\/\/api.w.org\/{rel}","templated":true}]}}