{"id":9249,"date":"2019-04-30T12:56:37","date_gmt":"2019-04-30T12:56:37","guid":{"rendered":"https:\/\/seppeschina.com\/?post_type=product&#038;p=9249"},"modified":"2025-05-19T16:16:12","modified_gmt":"2025-05-19T08:16:12","slug":"seppes-orange-porta-de-enrolar-rapida-hsd-120","status":"publish","type":"product","link":"https:\/\/seppeschina.com\/pt\/product\/seppes-orange-high-speed-stacking-door-hsd-120\/","title":{"rendered":"Porta de Empilhamento de Alta Velocidade Laranja SEPPES HSD-120"},"content":{"rendered":"<h3><img loading=\"lazy\" decoding=\"async\" class=\"aligncenter wp-image-10645\" src=\"https:\/\/seppeschina.com\/wp-content\/uploads\/2021\/01\/\u5806\u79ef\u95e83.jpg\" alt=\"\" width=\"600\" height=\"404\" srcset=\"https:\/\/seppeschina.com\/wp-content\/uploads\/2021\/01\/\u5806\u79ef\u95e83.jpg 1600w, https:\/\/seppeschina.com\/wp-content\/uploads\/2021\/01\/\u5806\u79ef\u95e83-360x242.jpg 360w, https:\/\/seppeschina.com\/wp-content\/uploads\/2021\/01\/\u5806\u79ef\u95e83-600x404.jpg 600w, https:\/\/seppeschina.com\/wp-content\/uploads\/2021\/01\/\u5806\u79ef\u95e83-300x202.jpg 300w, https:\/\/seppeschina.com\/wp-content\/uploads\/2021\/01\/\u5806\u79ef\u95e83-1024x689.jpg 1024w, https:\/\/seppeschina.com\/wp-content\/uploads\/2021\/01\/\u5806\u79ef\u95e83-768x517.jpg 768w, https:\/\/seppeschina.com\/wp-content\/uploads\/2021\/01\/\u5806\u79ef\u95e83-1536x1034.jpg 1536w, https:\/\/seppeschina.com\/wp-content\/uploads\/2021\/01\/\u5806\u79ef\u95e83-550x370.jpg 550w\" sizes=\"auto, (max-width: 600px) 100vw, 600px\" \/><\/h3>\n<h3><span style=\"color: #3366ff;\"><strong>Descri\u00e7\u00e3o do Produto<\/strong><\/span><\/h3>\n<h5><em>(<span style=\"color: #3366ff;\"><strong>Resist\u00eancia ao vento? O comprimento e a largura podem ser feitos grandes?<\/strong>)<\/span><\/em><\/h5>\n<p><strong>Porta R\u00e1pida de Empilhamento<\/strong> Adota um m\u00e9todo de eleva\u00e7\u00e3o dobr\u00e1vel e m\u00faltiplas hastes horizontais de resist\u00eancia ao vento internas ou externas, permitindo que a press\u00e3o do vento seja distribu\u00edda uniformemente por toda a cortina, resistindo a ventos de at\u00e9 cerca de 10 fortes. Sua resist\u00eancia ao vento \u00e9 muito superior \u00e0 das portas de enrolar r\u00e1pidas convencionais do tipo tambor, sendo especialmente adequada para canais log\u00edsticos e ambientes com grandes aberturas.<\/p>\n<h3><span style=\"color: #3366ff;\">Imagens Detalhadas<\/span><\/h3>\n<h3 class=\"magic-3\" data-section=\"AliMagic-859kg7\" data-section-title=\"Details of products\" data-spm-anchor-id=\"a2700.details.pronpeci14.i1.7e7c6220zGAGVA\"><img loading=\"lazy\" decoding=\"async\" class=\"aligncenter size-full wp-image-11832\" src=\"https:\/\/seppeschina.com\/wp-content\/uploads\/2021\/04\/\u5fae\u4fe1\u56fe\u7247_20210402164528.png\" alt=\"\" width=\"590\" height=\"255\" srcset=\"https:\/\/seppeschina.com\/wp-content\/uploads\/2021\/04\/\u5fae\u4fe1\u56fe\u7247_20210402164528.png 590w, https:\/\/seppeschina.com\/wp-content\/uploads\/2021\/04\/\u5fae\u4fe1\u56fe\u7247_20210402164528-360x156.png 360w, https:\/\/seppeschina.com\/wp-content\/uploads\/2021\/04\/\u5fae\u4fe1\u56fe\u7247_20210402164528-300x130.png 300w, https:\/\/seppeschina.com\/wp-content\/uploads\/2021\/04\/\u5fae\u4fe1\u56fe\u7247_20210402164528-550x238.png 550w\" sizes=\"auto, (max-width: 590px) 100vw, 590px\" \/><\/h3>\n<div class=\"J_module\">\n<div class=\"ife-detail-decorate-table\">\n<h3><span style=\"color: #3366ff;\"><strong><b>Diagrama da Estrutura<\/b><\/strong><\/span><\/h3>\n<p><img loading=\"lazy\" decoding=\"async\" class=\"aligncenter wp-image-11979\" src=\"https:\/\/seppeschina.com\/wp-content\/uploads\/2019\/04\/\u6a59\u8272\u5806\u79ef\u95e8\u7ec6\u8282\u56fe.jpg\" alt=\"\" width=\"600\" height=\"600\" srcset=\"https:\/\/seppeschina.com\/wp-content\/uploads\/2019\/04\/\u6a59\u8272\u5806\u79ef\u95e8\u7ec6\u8282\u56fe.jpg 750w, https:\/\/seppeschina.com\/wp-content\/uploads\/2019\/04\/\u6a59\u8272\u5806\u79ef\u95e8\u7ec6\u8282\u56fe-360x360.jpg 360w, https:\/\/seppeschina.com\/wp-content\/uploads\/2019\/04\/\u6a59\u8272\u5806\u79ef\u95e8\u7ec6\u8282\u56fe-100x100.jpg 100w, https:\/\/seppeschina.com\/wp-content\/uploads\/2019\/04\/\u6a59\u8272\u5806\u79ef\u95e8\u7ec6\u8282\u56fe-600x600.jpg 600w, https:\/\/seppeschina.com\/wp-content\/uploads\/2019\/04\/\u6a59\u8272\u5806\u79ef\u95e8\u7ec6\u8282\u56fe-300x300.jpg 300w, https:\/\/seppeschina.com\/wp-content\/uploads\/2019\/04\/\u6a59\u8272\u5806\u79ef\u95e8\u7ec6\u8282\u56fe-150x150.jpg 150w, https:\/\/seppeschina.com\/wp-content\/uploads\/2019\/04\/\u6a59\u8272\u5806\u79ef\u95e8\u7ec6\u8282\u56fe-24x24.jpg 24w, https:\/\/seppeschina.com\/wp-content\/uploads\/2019\/04\/\u6a59\u8272\u5806\u79ef\u95e8\u7ec6\u8282\u56fe-48x48.jpg 48w, https:\/\/seppeschina.com\/wp-content\/uploads\/2019\/04\/\u6a59\u8272\u5806\u79ef\u95e8\u7ec6\u8282\u56fe-96x96.jpg 96w, https:\/\/seppeschina.com\/wp-content\/uploads\/2019\/04\/\u6a59\u8272\u5806\u79ef\u95e8\u7ec6\u8282\u56fe-364x364.jpg 364w, https:\/\/seppeschina.com\/wp-content\/uploads\/2019\/04\/\u6a59\u8272\u5806\u79ef\u95e8\u7ec6\u8282\u56fe-50x50.jpg 50w, https:\/\/seppeschina.com\/wp-content\/uploads\/2019\/04\/\u6a59\u8272\u5806\u79ef\u95e8\u7ec6\u8282\u56fe-110x110.jpg 110w, https:\/\/seppeschina.com\/wp-content\/uploads\/2019\/04\/\u6a59\u8272\u5806\u79ef\u95e8\u7ec6\u8282\u56fe-275x275.jpg 275w, https:\/\/seppeschina.com\/wp-content\/uploads\/2019\/04\/\u6a59\u8272\u5806\u79ef\u95e8\u7ec6\u8282\u56fe-480x480.jpg 480w, https:\/\/seppeschina.com\/wp-content\/uploads\/2019\/04\/\u6a59\u8272\u5806\u79ef\u95e8\u7ec6\u8282\u56fe-550x550.jpg 550w\" sizes=\"auto, (max-width: 600px) 100vw, 600px\" \/><\/p>\n<h3><span style=\"color: #3366ff;\">Formas de Abertura da Porta<\/span><\/h3>\n<p>Temos bot\u00f5es manuais padr\u00e3o de dois lados, opcionais: radar, geomagnetismo, cord\u00e3o, controle remoto, Bluetooth com z\u00edper, etc.<\/p>\n<p><img loading=\"lazy\" decoding=\"async\" class=\"aligncenter wp-image-11980\" src=\"https:\/\/seppeschina.com\/wp-content\/uploads\/2019\/04\/\u6a59\u8272\u5f00\u5173\u56fe.jpg\" alt=\"\" width=\"600\" height=\"600\" srcset=\"https:\/\/seppeschina.com\/wp-content\/uploads\/2019\/04\/\u6a59\u8272\u5f00\u5173\u56fe.jpg 750w, https:\/\/seppeschina.com\/wp-content\/uploads\/2019\/04\/\u6a59\u8272\u5f00\u5173\u56fe-360x360.jpg 360w, https:\/\/seppeschina.com\/wp-content\/uploads\/2019\/04\/\u6a59\u8272\u5f00\u5173\u56fe-100x100.jpg 100w, https:\/\/seppeschina.com\/wp-content\/uploads\/2019\/04\/\u6a59\u8272\u5f00\u5173\u56fe-600x600.jpg 600w, https:\/\/seppeschina.com\/wp-content\/uploads\/2019\/04\/\u6a59\u8272\u5f00\u5173\u56fe-300x300.jpg 300w, https:\/\/seppeschina.com\/wp-content\/uploads\/2019\/04\/\u6a59\u8272\u5f00\u5173\u56fe-150x150.jpg 150w, https:\/\/seppeschina.com\/wp-content\/uploads\/2019\/04\/\u6a59\u8272\u5f00\u5173\u56fe-24x24.jpg 24w, https:\/\/seppeschina.com\/wp-content\/uploads\/2019\/04\/\u6a59\u8272\u5f00\u5173\u56fe-48x48.jpg 48w, https:\/\/seppeschina.com\/wp-content\/uploads\/2019\/04\/\u6a59\u8272\u5f00\u5173\u56fe-96x96.jpg 96w, https:\/\/seppeschina.com\/wp-content\/uploads\/2019\/04\/\u6a59\u8272\u5f00\u5173\u56fe-364x364.jpg 364w, https:\/\/seppeschina.com\/wp-content\/uploads\/2019\/04\/\u6a59\u8272\u5f00\u5173\u56fe-50x50.jpg 50w, https:\/\/seppeschina.com\/wp-content\/uploads\/2019\/04\/\u6a59\u8272\u5f00\u5173\u56fe-110x110.jpg 110w, https:\/\/seppeschina.com\/wp-content\/uploads\/2019\/04\/\u6a59\u8272\u5f00\u5173\u56fe-275x275.jpg 275w, https:\/\/seppeschina.com\/wp-content\/uploads\/2019\/04\/\u6a59\u8272\u5f00\u5173\u56fe-480x480.jpg 480w, https:\/\/seppeschina.com\/wp-content\/uploads\/2019\/04\/\u6a59\u8272\u5f00\u5173\u56fe-550x550.jpg 550w\" sizes=\"auto, (max-width: 600px) 100vw, 600px\" \/><\/p>\n<h3><span style=\"color: #3366ff;\">Escolha de Cores<\/span><\/h3>\n<p><strong>Azul<\/strong>: RAL:<span class=\"magic-25\" data-spm-anchor-id=\"a2700.details.pronpeci14.i0.3aea5170eoKBGW\">5002; <strong>Amarelo<\/strong>: RAL:1003; <strong>Vermelho<\/strong>: RAL:3002; <\/span><span class=\"magic-25\" data-spm-anchor-id=\"a2700.details.pronpeci14.i0.3aea5170eoKBGW\"><strong>Branco<\/strong>: RAL:9003; <strong>Cinza: <\/strong><span class=\"magic-24\" data-spm-anchor-id=\"a2700.details.pronpeci14.i4.3aea5170eoKBGW\">RAL:<\/span>9006<\/span><\/p>\n<p><img loading=\"lazy\" decoding=\"async\" class=\"aligncenter wp-image-10104\" src=\"https:\/\/seppeschina.com\/wp-content\/uploads\/2019\/04\/COLOR-1.jpg\" alt=\"\" width=\"600\" height=\"600\" srcset=\"https:\/\/seppeschina.com\/wp-content\/uploads\/2019\/04\/COLOR-1.jpg 750w, https:\/\/seppeschina.com\/wp-content\/uploads\/2019\/04\/COLOR-1-360x360.jpg 360w, https:\/\/seppeschina.com\/wp-content\/uploads\/2019\/04\/COLOR-1-100x100.jpg 100w, https:\/\/seppeschina.com\/wp-content\/uploads\/2019\/04\/COLOR-1-600x600.jpg 600w, https:\/\/seppeschina.com\/wp-content\/uploads\/2019\/04\/COLOR-1-300x300.jpg 300w, https:\/\/seppeschina.com\/wp-content\/uploads\/2019\/04\/COLOR-1-150x150.jpg 150w, https:\/\/seppeschina.com\/wp-content\/uploads\/2019\/04\/COLOR-1-24x24.jpg 24w, https:\/\/seppeschina.com\/wp-content\/uploads\/2019\/04\/COLOR-1-48x48.jpg 48w, https:\/\/seppeschina.com\/wp-content\/uploads\/2019\/04\/COLOR-1-96x96.jpg 96w, https:\/\/seppeschina.com\/wp-content\/uploads\/2019\/04\/COLOR-1-364x364.jpg 364w, https:\/\/seppeschina.com\/wp-content\/uploads\/2019\/04\/COLOR-1-50x50.jpg 50w, https:\/\/seppeschina.com\/wp-content\/uploads\/2019\/04\/COLOR-1-110x110.jpg 110w, https:\/\/seppeschina.com\/wp-content\/uploads\/2019\/04\/COLOR-1-275x275.jpg 275w, https:\/\/seppeschina.com\/wp-content\/uploads\/2019\/04\/COLOR-1-480x480.jpg 480w, https:\/\/seppeschina.com\/wp-content\/uploads\/2019\/04\/COLOR-1-550x550.jpg 550w\" sizes=\"auto, (max-width: 600px) 100vw, 600px\" \/><\/p>\n<h3><span style=\"color: #3366ff;\">Por Que Escolher-nos<\/span><\/h3>\n<p><img loading=\"lazy\" decoding=\"async\" class=\"aligncenter wp-image-9998\" src=\"https:\/\/seppeschina.com\/wp-content\/uploads\/2019\/04\/why-choose-us.jpg\" alt=\"\" width=\"600\" height=\"600\" srcset=\"https:\/\/seppeschina.com\/wp-content\/uploads\/2019\/04\/why-choose-us.jpg 750w, https:\/\/seppeschina.com\/wp-content\/uploads\/2019\/04\/why-choose-us-360x360.jpg 360w, https:\/\/seppeschina.com\/wp-content\/uploads\/2019\/04\/why-choose-us-100x100.jpg 100w, https:\/\/seppeschina.com\/wp-content\/uploads\/2019\/04\/why-choose-us-600x600.jpg 600w, https:\/\/seppeschina.com\/wp-content\/uploads\/2019\/04\/why-choose-us-300x300.jpg 300w, https:\/\/seppeschina.com\/wp-content\/uploads\/2019\/04\/why-choose-us-150x150.jpg 150w, https:\/\/seppeschina.com\/wp-content\/uploads\/2019\/04\/why-choose-us-24x24.jpg 24w, https:\/\/seppeschina.com\/wp-content\/uploads\/2019\/04\/why-choose-us-48x48.jpg 48w, https:\/\/seppeschina.com\/wp-content\/uploads\/2019\/04\/why-choose-us-96x96.jpg 96w, https:\/\/seppeschina.com\/wp-content\/uploads\/2019\/04\/why-choose-us-364x364.jpg 364w, https:\/\/seppeschina.com\/wp-content\/uploads\/2019\/04\/why-choose-us-50x50.jpg 50w, https:\/\/seppeschina.com\/wp-content\/uploads\/2019\/04\/why-choose-us-110x110.jpg 110w, https:\/\/seppeschina.com\/wp-content\/uploads\/2019\/04\/why-choose-us-275x275.jpg 275w, https:\/\/seppeschina.com\/wp-content\/uploads\/2019\/04\/why-choose-us-480x480.jpg 480w, https:\/\/seppeschina.com\/wp-content\/uploads\/2019\/04\/why-choose-us-550x550.jpg 550w\" sizes=\"auto, (max-width: 600px) 100vw, 600px\" \/><\/p>\n<h3><span style=\"color: #3366ff;\"><strong><b>Perfil da Empresa<\/b><\/strong><\/span><\/h3>\n<p><strong><b>Seppes Door Industry (Suzhou) Co., Ltd.<\/b><\/strong>\u00a0foi estabelecida em 2011 e \u00e9 uma empresa de fabrica\u00e7\u00e3o e com\u00e9rcio com 9 anos de experi\u00eancia. Nossos principais produtos s\u00e3o portas de alta velocidade, portas de enrolar r\u00e1pidas, portas de enrolar autom\u00e1ticas, portas combinadas, etc.<\/p>\n<p><img loading=\"lazy\" decoding=\"async\" class=\"aligncenter wp-image-9951\" src=\"https:\/\/seppeschina.com\/wp-content\/uploads\/2019\/04\/company.jpg\" alt=\"\" width=\"600\" height=\"600\" srcset=\"https:\/\/seppeschina.com\/wp-content\/uploads\/2019\/04\/company.jpg 750w, https:\/\/seppeschina.com\/wp-content\/uploads\/2019\/04\/company-360x360.jpg 360w, https:\/\/seppeschina.com\/wp-content\/uploads\/2019\/04\/company-100x100.jpg 100w, https:\/\/seppeschina.com\/wp-content\/uploads\/2019\/04\/company-600x600.jpg 600w, https:\/\/seppeschina.com\/wp-content\/uploads\/2019\/04\/company-150x150.jpg 150w, https:\/\/seppeschina.com\/wp-content\/uploads\/2019\/04\/company-300x300.jpg 300w, https:\/\/seppeschina.com\/wp-content\/uploads\/2019\/04\/company-24x24.jpg 24w, https:\/\/seppeschina.com\/wp-content\/uploads\/2019\/04\/company-48x48.jpg 48w, https:\/\/seppeschina.com\/wp-content\/uploads\/2019\/04\/company-96x96.jpg 96w, https:\/\/seppeschina.com\/wp-content\/uploads\/2019\/04\/company-364x364.jpg 364w, https:\/\/seppeschina.com\/wp-content\/uploads\/2019\/04\/company-50x50.jpg 50w, https:\/\/seppeschina.com\/wp-content\/uploads\/2019\/04\/company-110x110.jpg 110w, https:\/\/seppeschina.com\/wp-content\/uploads\/2019\/04\/company-275x275.jpg 275w, https:\/\/seppeschina.com\/wp-content\/uploads\/2019\/04\/company-480x480.jpg 480w, https:\/\/seppeschina.com\/wp-content\/uploads\/2019\/04\/company-550x550.jpg 550w\" sizes=\"auto, (max-width: 600px) 100vw, 600px\" \/><\/p>\n<h3><span style=\"color: #3366ff;\"><strong><b>Mostra da F\u00e1brica\u00a0\u00a0<\/b><\/strong><\/span><\/h3>\n<p>Esta \u00e9 a nossa exibi\u00e7\u00e3o da f\u00e1brica. Ela est\u00e1 equipada com uma f\u00e1brica de produ\u00e7\u00e3o profissional com mais de 17.500 metros quadrados, e a linha de produ\u00e7\u00e3o automatizada redundante est\u00e1 preparada com equipamentos de montagem personalizados para atender \u00e0s diversas necessidades de produ\u00e7\u00e3o padronizada r\u00e1pida e fabrica\u00e7\u00e3o personalizada sob medida.<\/p>\n<p><img loading=\"lazy\" decoding=\"async\" class=\"aligncenter wp-image-11604 size-full\" src=\"https:\/\/seppeschina.com\/wp-content\/uploads\/2021\/03\/seppes-door6.gif\" alt=\"\" width=\"600\" height=\"358\"><\/p>\n<h3><span style=\"color: #3366ff;\">Fotos de Clientes<\/span><\/h3>\n<p><img loading=\"lazy\" decoding=\"async\" class=\"aligncenter wp-image-11605 size-full\" src=\"https:\/\/seppeschina.com\/wp-content\/uploads\/2021\/03\/seppes-door7.gif\" alt=\"\" width=\"600\" height=\"338\"><\/p>\n<h3><span style=\"color: #3366ff;\"><strong><b>Nossos Parceiros<\/b><\/strong><\/span><\/h3>\n<p>Tornou-se fornecedor cooperativo de quase 60 empresas da Fortune 500, como Mercedes-Benz, NSK, Procter &amp; Gamble e ABB.<\/p>\n<p><img loading=\"lazy\" decoding=\"async\" class=\"aligncenter wp-image-11608 size-full\" src=\"https:\/\/seppeschina.com\/wp-content\/uploads\/2021\/03\/seppes-door10.gif\" alt=\"\" width=\"600\" height=\"491\"><\/p>\n<h3><span style=\"color: #3366ff;\"><strong><b>Vantagens<\/b><\/strong><\/span><\/h3>\n<p><img loading=\"lazy\" decoding=\"async\" class=\"aligncenter size-full wp-image-11831\" src=\"https:\/\/seppeschina.com\/wp-content\/uploads\/2021\/04\/\u5806\u79ef\u5feb\u901f\u95e8_02.jpg\" alt=\"\" width=\"600\" height=\"628\" srcset=\"https:\/\/seppeschina.com\/wp-content\/uploads\/2021\/04\/\u5806\u79ef\u5feb\u901f\u95e8_02.jpg 600w, https:\/\/seppeschina.com\/wp-content\/uploads\/2021\/04\/\u5806\u79ef\u5feb\u901f\u95e8_02-360x377.jpg 360w, https:\/\/seppeschina.com\/wp-content\/uploads\/2021\/04\/\u5806\u79ef\u5feb\u901f\u95e8_02-287x300.jpg 287w, https:\/\/seppeschina.com\/wp-content\/uploads\/2021\/04\/\u5806\u79ef\u5feb\u901f\u95e8_02-24x24.jpg 24w, https:\/\/seppeschina.com\/wp-content\/uploads\/2021\/04\/\u5806\u79ef\u5feb\u901f\u95e8_02-525x550.jpg 525w\" sizes=\"auto, (max-width: 600px) 100vw, 600px\" \/><\/p>\n<h3><span style=\"color: #3366ff;\"><strong><b>Aplica\u00e7\u00f5es<\/b><\/strong><\/span><\/h3>\n<p>Estes s\u00e3o v\u00e1rios modelos de portas r\u00e1pidas que aplicamos efetivamente em empresas, incluindo ind\u00fastrias farmac\u00eautica, eletr\u00f4nica, aliment\u00edcia, qu\u00edmica, automotiva, t\u00eaxtil, gr\u00e1fica, log\u00edstica e outras.<\/p>\n<p><img loading=\"lazy\" decoding=\"async\" class=\"aligncenter wp-image-11612 size-full\" src=\"https:\/\/seppeschina.com\/wp-content\/uploads\/2021\/03\/seppes-door2.jpg\" alt=\"\" width=\"600\" height=\"723\" srcset=\"https:\/\/seppeschina.com\/wp-content\/uploads\/2021\/03\/seppes-door2.jpg 600w, https:\/\/seppeschina.com\/wp-content\/uploads\/2021\/03\/seppes-door2-360x434.jpg 360w, https:\/\/seppeschina.com\/wp-content\/uploads\/2021\/03\/seppes-door2-249x300.jpg 249w, https:\/\/seppeschina.com\/wp-content\/uploads\/2021\/03\/seppes-door2-456x550.jpg 456w\" sizes=\"auto, (max-width: 600px) 100vw, 600px\" \/><\/p>\n<h3><span style=\"color: #3366ff;\"><strong><b>Entrega &amp; Embalagem<\/b><\/strong><\/span><\/h3>\n<div><b><span class=\"magic-28\" data-spm-anchor-id=\"a2700.wholesale.pronpeci14.i1.279a24cb2YGapr\">Mais R\u00e1pido e Seguro <\/span><\/b><\/div>\n<div>Tr\u00eas tipos de transporte. Para garantir melhor a seguran\u00e7a das suas mercadorias, ser\u00e3o fornecidos servi\u00e7os de embalagem profissionais, ecol\u00f3gicos, convenientes e eficientes.<\/div>\n<p><img loading=\"lazy\" decoding=\"async\" class=\"aligncenter wp-image-9880\" src=\"https:\/\/seppeschina.com\/wp-content\/uploads\/2019\/04\/shipping.jpg\" alt=\"\" width=\"600\" height=\"600\" srcset=\"https:\/\/seppeschina.com\/wp-content\/uploads\/2019\/04\/shipping.jpg 750w, https:\/\/seppeschina.com\/wp-content\/uploads\/2019\/04\/shipping-360x360.jpg 360w, https:\/\/seppeschina.com\/wp-content\/uploads\/2019\/04\/shipping-100x100.jpg 100w, https:\/\/seppeschina.com\/wp-content\/uploads\/2019\/04\/shipping-600x600.jpg 600w, https:\/\/seppeschina.com\/wp-content\/uploads\/2019\/04\/shipping-150x150.jpg 150w, https:\/\/seppeschina.com\/wp-content\/uploads\/2019\/04\/shipping-300x300.jpg 300w, https:\/\/seppeschina.com\/wp-content\/uploads\/2019\/04\/shipping-24x24.jpg 24w, https:\/\/seppeschina.com\/wp-content\/uploads\/2019\/04\/shipping-48x48.jpg 48w, https:\/\/seppeschina.com\/wp-content\/uploads\/2019\/04\/shipping-96x96.jpg 96w, https:\/\/seppeschina.com\/wp-content\/uploads\/2019\/04\/shipping-364x364.jpg 364w, https:\/\/seppeschina.com\/wp-content\/uploads\/2019\/04\/shipping-50x50.jpg 50w, https:\/\/seppeschina.com\/wp-content\/uploads\/2019\/04\/shipping-110x110.jpg 110w, https:\/\/seppeschina.com\/wp-content\/uploads\/2019\/04\/shipping-275x275.jpg 275w, https:\/\/seppeschina.com\/wp-content\/uploads\/2019\/04\/shipping-480x480.jpg 480w, https:\/\/seppeschina.com\/wp-content\/uploads\/2019\/04\/shipping-550x550.jpg 550w\" sizes=\"auto, (max-width: 600px) 100vw, 600px\" \/><\/p>\n<h3><span style=\"color: #3366ff;\">Perguntas Frequentes<\/span><\/h3>\n<p><strong><span style=\"color: #ff0000;\">P: Qual \u00e9 o tipo de motor da porta de alta velocidade?<\/span><\/strong><\/p>\n<p>R: Motor servo, 220V - 0,75 KW - 50HZ - 1 fase<\/p>\n<p><span style=\"color: #ff0000;\"><b data-spm-anchor-id=\"a2700.custom-template.0.i72.27b43333dfASdI\">P: Qual \u00e9 o material do quadro da porta de alta velocidade?<\/b><\/span><\/p>\n<p>R: Moldura de porta em a\u00e7o pintado, moldura de porta em SUS304, moldura de porta em liga de alum\u00ednio.<\/p>\n<p><b><span style=\"color: #ff0000;\" data-spm-anchor-id=\"a2700.custom-template.0.i5.27b43333UNBSMa\">P: Qual \u00e9 o pre\u00e7o da porta de alta velocidade?<\/span><\/b><\/p>\n<p>R: Depende do tamanho e de outros dispositivos.<\/p>\n<p><b><span style=\"color: #ff0000;\" data-spm-anchor-id=\"a2700.custom-template.0.i4.27b43333UNBSMa\">P: Em que tipo de local a porta de alta velocidade pode ser usada?<\/span><\/b><\/p>\n<p>R: Amplamente utilizada em grandes armaz\u00e9ns e oficinas com grandes v\u00e3os de porta<\/p>\n<p><b><span style=\"color: #ff0000;\" data-spm-anchor-id=\"a2700.custom-template.0.i7.27b43333UNBSMa\">P: Quanto tempo a porta de alta velocidade pode ser usada?<\/span><\/b><\/p>\n<p>R: 8-10 anos<\/p>\n<p><b><span style=\"color: #ff0000;\">P: Podemos instalar a porta de alta velocidade n\u00f3s mesmos?<\/span><\/b><\/p>\n<p>R: Sim, \u00e9 muito simples. Podemos fornecer manual de instala\u00e7\u00e3o e v\u00eddeos de orienta\u00e7\u00e3o em ingl\u00eas.<\/p>\n<p><b><span style=\"color: #ff0000;\" data-spm-anchor-id=\"a2700.custom-template.0.i93.27b43333dfASdI\">P: Quais s\u00e3o os m\u00e9todos de abertura autom\u00e1tica \/ inteligente da porta de alta velocidade?<\/span><\/b><\/p>\n<p>R: Bot\u00e3o de press\u00e3o manual, dispositivo sensor de movimento autom\u00e1tico, indu\u00e7\u00e3o por loop, interruptor de puxar, cart\u00e3o de acesso, vinculado a PLC ou AGV.<\/p>\n<\/div>\n<\/div>","protected":false},"excerpt":{"rendered":"<p><strong>Empilhada por tiras, adequada para grandes v\u00e3os e utilizada sob alta press\u00e3o de vento para atender \u00e0s necessidades de abertura frequente.<\/strong><\/p>","protected":false},"featured_media":9822,"comment_status":"open","ping_status":"closed","template":"","meta":[],"product_brand":[],"product_cat":[316],"product_tag":[318,320],"class_list":{"0":"post-9249","1":"product","2":"type-product","3":"status-publish","4":"has-post-thumbnail","6":"product_cat-high-speed-stacking-door","7":"product_tag-fast-door-manufacturers","8":"product_tag-high-speed-stacking-door","11":"first","12":"instock","13":"shipping-taxable","14":"product-type-simple"},"_links":{"self":[{"href":"https:\/\/seppeschina.com\/pt\/wp-json\/wp\/v2\/product\/9249","targetHints":{"allow":["GET"]}}],"collection":[{"href":"https:\/\/seppeschina.com\/pt\/wp-json\/wp\/v2\/product"}],"about":[{"href":"https:\/\/seppeschina.com\/pt\/wp-json\/wp\/v2\/types\/product"}],"replies":[{"embeddable":true,"href":"https:\/\/seppeschina.com\/pt\/wp-json\/wp\/v2\/comments?post=9249"}],"wp:featuredmedia":[{"embeddable":true,"href":"https:\/\/seppeschina.com\/pt\/wp-json\/wp\/v2\/media\/9822"}],"wp:attachment":[{"href":"https:\/\/seppeschina.com\/pt\/wp-json\/wp\/v2\/media?parent=9249"}],"wp:term":[{"taxonomy":"product_brand","embeddable":true,"href":"https:\/\/seppeschina.com\/pt\/wp-json\/wp\/v2\/product_brand?post=9249"},{"taxonomy":"product_cat","embeddable":true,"href":"https:\/\/seppeschina.com\/pt\/wp-json\/wp\/v2\/product_cat?post=9249"},{"taxonomy":"product_tag","embeddable":true,"href":"https:\/\/seppeschina.com\/pt\/wp-json\/wp\/v2\/product_tag?post=9249"}],"curies":[{"name":"wp","href":"https:\/\/api.w.org\/{rel}","templated":true}]}}